{"id":22373,"date":"2024-02-13T08:07:07","date_gmt":"2024-02-13T08:07:07","guid":{"rendered":"https:\/\/goodsensebaltic.ee\/useful-for\/"},"modified":"2025-09-18T12:35:56","modified_gmt":"2025-09-18T12:35:56","slug":"useful","status":"publish","type":"page","link":"https:\/\/goodsensebaltic.ee\/en\/useful\/","title":{"rendered":"Useful"},"content":{"rendered":"\t\t<div data-elementor-type=\"wp-page\" data-elementor-id=\"22373\" class=\"elementor elementor-22373 elementor-22371\" data-elementor-post-type=\"page\">\n\t\t\t\t\t\t<section class=\"wd-negative-gap elementor-section elementor-top-section elementor-element elementor-element-2234ecd elementor-section-boxed elementor-section-height-default elementor-section-height-default\" data-id=\"2234ecd\" data-element_type=\"section\">\n\t\t\t\t\t\t<div class=\"elementor-container elementor-column-gap-default\">\n\t\t\t\t\t<div class=\"elementor-column elementor-col-100 elementor-top-column elementor-element elementor-element-ea61ecc\" data-id=\"ea61ecc\" data-element_type=\"column\">\n\t\t\t<div class=\"elementor-widget-wrap elementor-element-populated\">\n\t\t\t\t\t\t<div class=\"elementor-element elementor-element-c91b0c6 elementor-widget elementor-widget-heading\" data-id=\"c91b0c6\" data-element_type=\"widget\" data-widget_type=\"heading.default\">\n\t\t\t\t<div class=\"elementor-widget-container\">\n\t\t\t\t\t<h1 class=\"elementor-heading-title elementor-size-default\">USEFUL<\/h1>\t\t\t\t<\/div>\n\t\t\t\t<\/div>\n\t\t\t\t<div class=\"elementor-element elementor-element-291ea76 color-scheme-inherit text-left elementor-widget elementor-widget-text-editor\" data-id=\"291ea76\" data-element_type=\"widget\" data-widget_type=\"text-editor.default\">\n\t\t\t\t<div class=\"elementor-widget-container\">\n\t\t\t\t\t\t\t\t\t<p>Information on the accessories and working principles of the different forklift trucks<\/p>\t\t\t\t\t\t\t\t<\/div>\n\t\t\t\t<\/div>\n\t\t\t\t<div class=\"elementor-element elementor-element-7e19b5a elementor-widget elementor-widget-wd_image_or_svg\" data-id=\"7e19b5a\" data-element_type=\"widget\" data-widget_type=\"wd_image_or_svg.default\">\n\t\t\t\t<div class=\"elementor-widget-container\">\n\t\t\t\t\t\n\t\t<div class=\"wd-image text-center\">\n\t\t\t\t\t\t\t\t<img fetchpriority=\"high\" decoding=\"async\" width=\"1800\" height=\"1012\" src=\"https:\/\/goodsensebaltic.ee\/wp-content\/uploads\/2024\/02\/Tostuki-anatoomia-3.png\" class=\"attachment-2048x2048 size-2048x2048\" alt=\"\" srcset=\"https:\/\/goodsensebaltic.ee\/wp-content\/uploads\/2024\/02\/Tostuki-anatoomia-3.png 1800w, https:\/\/goodsensebaltic.ee\/wp-content\/uploads\/2024\/02\/Tostuki-anatoomia-3-768x432.png 768w, https:\/\/goodsensebaltic.ee\/wp-content\/uploads\/2024\/02\/Tostuki-anatoomia-3-1536x864.png 1536w, https:\/\/goodsensebaltic.ee\/wp-content\/uploads\/2024\/02\/Tostuki-anatoomia-3-860x484.png 860w, https:\/\/goodsensebaltic.ee\/wp-content\/uploads\/2024\/02\/Tostuki-anatoomia-3-430x242.png 430w, https:\/\/goodsensebaltic.ee\/wp-content\/uploads\/2024\/02\/Tostuki-anatoomia-3-700x394.png 700w, https:\/\/goodsensebaltic.ee\/wp-content\/uploads\/2024\/02\/Tostuki-anatoomia-3-150x84.png 150w\" sizes=\"(max-width: 1800px) 100vw, 1800px\" \/>\t\t\t\t\t<\/div>\n\n\t\t\t\t\t\t<\/div>\n\t\t\t\t<\/div>\n\t\t\t\t<div class=\"elementor-element elementor-element-d963f24 elementor-widget-divider--view-line elementor-widget elementor-widget-divider\" data-id=\"d963f24\" data-element_type=\"widget\" data-widget_type=\"divider.default\">\n\t\t\t\t<div class=\"elementor-widget-container\">\n\t\t\t\t\t\t\t<div class=\"elementor-divider\">\n\t\t\t<span class=\"elementor-divider-separator\">\n\t\t\t\t\t\t<\/span>\n\t\t<\/div>\n\t\t\t\t\t\t<\/div>\n\t\t\t\t<\/div>\n\t\t\t\t<div class=\"elementor-element elementor-element-1cafc73 elementor-widget elementor-widget-wd_image_or_svg\" data-id=\"1cafc73\" data-element_type=\"widget\" data-widget_type=\"wd_image_or_svg.default\">\n\t\t\t\t<div class=\"elementor-widget-container\">\n\t\t\t\t\t\n\t\t<div class=\"wd-image text-center\">\n\t\t\t\t\t\t\t\t<img decoding=\"async\" width=\"1800\" height=\"1012\" src=\"https:\/\/goodsensebaltic.ee\/wp-content\/uploads\/2024\/02\/V7-KULUDE-BATTLE-ELEKTER-vs-DIISEL.png\" class=\"attachment-2048x2048 size-2048x2048\" alt=\"Elektrit\u00f5stuki ja diiselt\u00f5stuki kulu\" srcset=\"https:\/\/goodsensebaltic.ee\/wp-content\/uploads\/2024\/02\/V7-KULUDE-BATTLE-ELEKTER-vs-DIISEL.png 1800w, https:\/\/goodsensebaltic.ee\/wp-content\/uploads\/2024\/02\/V7-KULUDE-BATTLE-ELEKTER-vs-DIISEL-768x432.png 768w, https:\/\/goodsensebaltic.ee\/wp-content\/uploads\/2024\/02\/V7-KULUDE-BATTLE-ELEKTER-vs-DIISEL-1536x864.png 1536w, https:\/\/goodsensebaltic.ee\/wp-content\/uploads\/2024\/02\/V7-KULUDE-BATTLE-ELEKTER-vs-DIISEL-860x484.png 860w, https:\/\/goodsensebaltic.ee\/wp-content\/uploads\/2024\/02\/V7-KULUDE-BATTLE-ELEKTER-vs-DIISEL-430x242.png 430w, https:\/\/goodsensebaltic.ee\/wp-content\/uploads\/2024\/02\/V7-KULUDE-BATTLE-ELEKTER-vs-DIISEL-700x394.png 700w, https:\/\/goodsensebaltic.ee\/wp-content\/uploads\/2024\/02\/V7-KULUDE-BATTLE-ELEKTER-vs-DIISEL-150x84.png 150w\" sizes=\"(max-width: 1800px) 100vw, 1800px\" \/>\t\t\t\t\t<\/div>\n\n\t\t\t\t\t\t<\/div>\n\t\t\t\t<\/div>\n\t\t\t\t<div class=\"elementor-element elementor-element-a11ce55 elementor-widget-divider--view-line elementor-widget elementor-widget-divider\" data-id=\"a11ce55\" data-element_type=\"widget\" data-widget_type=\"divider.default\">\n\t\t\t\t<div class=\"elementor-widget-container\">\n\t\t\t\t\t\t\t<div class=\"elementor-divider\">\n\t\t\t<span class=\"elementor-divider-separator\">\n\t\t\t\t\t\t<\/span>\n\t\t<\/div>\n\t\t\t\t\t\t<\/div>\n\t\t\t\t<\/div>\n\t\t\t\t<div class=\"elementor-element elementor-element-3978cd1 elementor-widget elementor-widget-heading\" data-id=\"3978cd1\" data-element_type=\"widget\" data-widget_type=\"heading.default\">\n\t\t\t\t<div class=\"elementor-widget-container\">\n\t\t\t\t\t<h1 class=\"elementor-heading-title elementor-size-default\">Read more!<\/h1>\t\t\t\t<\/div>\n\t\t\t\t<\/div>\n\t\t\t\t\t<\/div>\n\t\t<\/div>\n\t\t\t\t\t<\/div>\n\t\t<\/section>\n\t\t\t\t<section class=\"wd-negative-gap elementor-section elementor-top-section elementor-element elementor-element-48baa37 elementor-section-boxed elementor-section-height-default elementor-section-height-default\" data-id=\"48baa37\" data-element_type=\"section\">\n\t\t\t\t\t\t<div class=\"elementor-container elementor-column-gap-default\">\n\t\t\t\t\t<div class=\"elementor-column elementor-col-100 elementor-top-column elementor-element elementor-element-1817039\" data-id=\"1817039\" data-element_type=\"column\">\n\t\t\t<div class=\"elementor-widget-wrap\">\n\t\t\t\t\t\t\t<\/div>\n\t\t<\/div>\n\t\t\t\t\t<\/div>\n\t\t<\/section>\n\t\t\t\t<\/div>\n\t\t","protected":false},"excerpt":{"rendered":"<p>USEFUL Information on the accessories and working principles of the different forklift trucks Read more!<\/p>\n","protected":false},"author":10,"featured_media":0,"parent":0,"menu_order":0,"comment_status":"closed","ping_status":"closed","template":"","meta":{"footnotes":""},"class_list":["post-22373","page","type-page","status-publish","hentry"],"yoast_head":"<!-- This site is optimized with the Yoast SEO plugin v27.0 - https:\/\/yoast.com\/product\/yoast-seo-wordpress\/ -->\n<title>Useful - Goodsense Baltic<\/title>\n<meta name=\"robots\" content=\"index, follow, max-snippet:-1, max-image-preview:large, max-video-preview:-1\" \/>\n<link rel=\"canonical\" href=\"https:\/\/goodsensebaltic.ee\/en\/useful\/\" \/>\n<meta property=\"og:locale\" content=\"en_US\" \/>\n<meta property=\"og:type\" content=\"article\" \/>\n<meta property=\"og:title\" content=\"Useful - Goodsense Baltic\" \/>\n<meta property=\"og:description\" content=\"USEFUL Information on the accessories and working principles of the different forklift trucks Read more!\" \/>\n<meta property=\"og:url\" content=\"https:\/\/goodsensebaltic.ee\/en\/useful\/\" \/>\n<meta property=\"og:site_name\" content=\"Goodsense Baltic\" \/>\n<meta property=\"article:publisher\" content=\"https:\/\/www.facebook.com\/GoodsenseBaltic\" \/>\n<meta property=\"article:modified_time\" content=\"2025-09-18T12:35:56+00:00\" \/>\n<meta property=\"og:image\" content=\"https:\/\/goodsensebaltic.ee\/wp-content\/uploads\/2024\/02\/Tostuki-anatoomia-3.png\" \/>\n<meta name=\"twitter:card\" content=\"summary_large_image\" \/>\n<meta name=\"twitter:label1\" content=\"Est. reading time\" \/>\n\t<meta name=\"twitter:data1\" content=\"1 minute\" \/>\n<script type=\"application\/ld+json\" class=\"yoast-schema-graph\">{\"@context\":\"https:\/\/schema.org\",\"@graph\":[{\"@type\":\"WebPage\",\"@id\":\"https:\/\/goodsensebaltic.ee\/en\/useful\/\",\"url\":\"https:\/\/goodsensebaltic.ee\/en\/useful\/\",\"name\":\"Useful - Goodsense Baltic\",\"isPartOf\":{\"@id\":\"https:\/\/goodsensebaltic.ee\/#website\"},\"primaryImageOfPage\":{\"@id\":\"https:\/\/goodsensebaltic.ee\/en\/useful\/#primaryimage\"},\"image\":{\"@id\":\"https:\/\/goodsensebaltic.ee\/en\/useful\/#primaryimage\"},\"thumbnailUrl\":\"https:\/\/goodsensebaltic.ee\/wp-content\/uploads\/2024\/02\/Tostuki-anatoomia-3.png\",\"datePublished\":\"2024-02-13T08:07:07+00:00\",\"dateModified\":\"2025-09-18T12:35:56+00:00\",\"breadcrumb\":{\"@id\":\"https:\/\/goodsensebaltic.ee\/en\/useful\/#breadcrumb\"},\"inLanguage\":\"en-US\",\"potentialAction\":[{\"@type\":\"ReadAction\",\"target\":[\"https:\/\/goodsensebaltic.ee\/en\/useful\/\"]}]},{\"@type\":\"ImageObject\",\"inLanguage\":\"en-US\",\"@id\":\"https:\/\/goodsensebaltic.ee\/en\/useful\/#primaryimage\",\"url\":\"https:\/\/goodsensebaltic.ee\/wp-content\/uploads\/2024\/02\/Tostuki-anatoomia-3.png\",\"contentUrl\":\"https:\/\/goodsensebaltic.ee\/wp-content\/uploads\/2024\/02\/Tostuki-anatoomia-3.png\"},{\"@type\":\"BreadcrumbList\",\"@id\":\"https:\/\/goodsensebaltic.ee\/en\/useful\/#breadcrumb\",\"itemListElement\":[{\"@type\":\"ListItem\",\"position\":1,\"name\":\"Home\",\"item\":\"https:\/\/goodsensebaltic.ee\/\"},{\"@type\":\"ListItem\",\"position\":2,\"name\":\"Useful\"}]},{\"@type\":\"WebSite\",\"@id\":\"https:\/\/goodsensebaltic.ee\/#website\",\"url\":\"https:\/\/goodsensebaltic.ee\/\",\"name\":\"Goodsense Baltic\",\"description\":\"Kahvelt\u00f5stukite ost ja m\u00fc\u00fck\",\"publisher\":{\"@id\":\"https:\/\/goodsensebaltic.ee\/#organization\"},\"potentialAction\":[{\"@type\":\"SearchAction\",\"target\":{\"@type\":\"EntryPoint\",\"urlTemplate\":\"https:\/\/goodsensebaltic.ee\/?s={search_term_string}\"},\"query-input\":{\"@type\":\"PropertyValueSpecification\",\"valueRequired\":true,\"valueName\":\"search_term_string\"}}],\"inLanguage\":\"en-US\"},{\"@type\":\"Organization\",\"@id\":\"https:\/\/goodsensebaltic.ee\/#organization\",\"name\":\"Goodsense Baltic\",\"url\":\"https:\/\/goodsensebaltic.ee\/\",\"logo\":{\"@type\":\"ImageObject\",\"inLanguage\":\"en-US\",\"@id\":\"https:\/\/goodsensebaltic.ee\/#\/schema\/logo\/image\/\",\"url\":\"https:\/\/goodsensebaltic.ee\/wp-content\/uploads\/2022\/02\/Goodsense_Baltic_logo-01-1.svg\",\"contentUrl\":\"https:\/\/goodsensebaltic.ee\/wp-content\/uploads\/2022\/02\/Goodsense_Baltic_logo-01-1.svg\",\"width\":988,\"height\":198,\"caption\":\"Goodsense Baltic\"},\"image\":{\"@id\":\"https:\/\/goodsensebaltic.ee\/#\/schema\/logo\/image\/\"},\"sameAs\":[\"https:\/\/www.facebook.com\/GoodsenseBaltic\",\"https:\/\/www.linkedin.com\/company\/goodsense-baltic-o\/\"]}]}<\/script>\n<!-- \/ Yoast SEO plugin. -->","yoast_head_json":{"title":"Useful - Goodsense Baltic","robots":{"index":"index","follow":"follow","max-snippet":"max-snippet:-1","max-image-preview":"max-image-preview:large","max-video-preview":"max-video-preview:-1"},"canonical":"https:\/\/goodsensebaltic.ee\/en\/useful\/","og_locale":"en_US","og_type":"article","og_title":"Useful - Goodsense Baltic","og_description":"USEFUL Information on the accessories and working principles of the different forklift trucks Read more!","og_url":"https:\/\/goodsensebaltic.ee\/en\/useful\/","og_site_name":"Goodsense Baltic","article_publisher":"https:\/\/www.facebook.com\/GoodsenseBaltic","article_modified_time":"2025-09-18T12:35:56+00:00","og_image":[{"url":"https:\/\/goodsensebaltic.ee\/wp-content\/uploads\/2024\/02\/Tostuki-anatoomia-3.png","type":"","width":"","height":""}],"twitter_card":"summary_large_image","twitter_misc":{"Est. reading time":"1 minute"},"schema":{"@context":"https:\/\/schema.org","@graph":[{"@type":"WebPage","@id":"https:\/\/goodsensebaltic.ee\/en\/useful\/","url":"https:\/\/goodsensebaltic.ee\/en\/useful\/","name":"Useful - Goodsense Baltic","isPartOf":{"@id":"https:\/\/goodsensebaltic.ee\/#website"},"primaryImageOfPage":{"@id":"https:\/\/goodsensebaltic.ee\/en\/useful\/#primaryimage"},"image":{"@id":"https:\/\/goodsensebaltic.ee\/en\/useful\/#primaryimage"},"thumbnailUrl":"https:\/\/goodsensebaltic.ee\/wp-content\/uploads\/2024\/02\/Tostuki-anatoomia-3.png","datePublished":"2024-02-13T08:07:07+00:00","dateModified":"2025-09-18T12:35:56+00:00","breadcrumb":{"@id":"https:\/\/goodsensebaltic.ee\/en\/useful\/#breadcrumb"},"inLanguage":"en-US","potentialAction":[{"@type":"ReadAction","target":["https:\/\/goodsensebaltic.ee\/en\/useful\/"]}]},{"@type":"ImageObject","inLanguage":"en-US","@id":"https:\/\/goodsensebaltic.ee\/en\/useful\/#primaryimage","url":"https:\/\/goodsensebaltic.ee\/wp-content\/uploads\/2024\/02\/Tostuki-anatoomia-3.png","contentUrl":"https:\/\/goodsensebaltic.ee\/wp-content\/uploads\/2024\/02\/Tostuki-anatoomia-3.png"},{"@type":"BreadcrumbList","@id":"https:\/\/goodsensebaltic.ee\/en\/useful\/#breadcrumb","itemListElement":[{"@type":"ListItem","position":1,"name":"Home","item":"https:\/\/goodsensebaltic.ee\/"},{"@type":"ListItem","position":2,"name":"Useful"}]},{"@type":"WebSite","@id":"https:\/\/goodsensebaltic.ee\/#website","url":"https:\/\/goodsensebaltic.ee\/","name":"Goodsense Baltic","description":"Kahvelt\u00f5stukite ost ja m\u00fc\u00fck","publisher":{"@id":"https:\/\/goodsensebaltic.ee\/#organization"},"potentialAction":[{"@type":"SearchAction","target":{"@type":"EntryPoint","urlTemplate":"https:\/\/goodsensebaltic.ee\/?s={search_term_string}"},"query-input":{"@type":"PropertyValueSpecification","valueRequired":true,"valueName":"search_term_string"}}],"inLanguage":"en-US"},{"@type":"Organization","@id":"https:\/\/goodsensebaltic.ee\/#organization","name":"Goodsense Baltic","url":"https:\/\/goodsensebaltic.ee\/","logo":{"@type":"ImageObject","inLanguage":"en-US","@id":"https:\/\/goodsensebaltic.ee\/#\/schema\/logo\/image\/","url":"https:\/\/goodsensebaltic.ee\/wp-content\/uploads\/2022\/02\/Goodsense_Baltic_logo-01-1.svg","contentUrl":"https:\/\/goodsensebaltic.ee\/wp-content\/uploads\/2022\/02\/Goodsense_Baltic_logo-01-1.svg","width":988,"height":198,"caption":"Goodsense Baltic"},"image":{"@id":"https:\/\/goodsensebaltic.ee\/#\/schema\/logo\/image\/"},"sameAs":["https:\/\/www.facebook.com\/GoodsenseBaltic","https:\/\/www.linkedin.com\/company\/goodsense-baltic-o\/"]}]}},"_links":{"self":[{"href":"https:\/\/goodsensebaltic.ee\/en\/wp-json\/wp\/v2\/pages\/22373","targetHints":{"allow":["GET"]}}],"collection":[{"href":"https:\/\/goodsensebaltic.ee\/en\/wp-json\/wp\/v2\/pages"}],"about":[{"href":"https:\/\/goodsensebaltic.ee\/en\/wp-json\/wp\/v2\/types\/page"}],"author":[{"embeddable":true,"href":"https:\/\/goodsensebaltic.ee\/en\/wp-json\/wp\/v2\/users\/10"}],"replies":[{"embeddable":true,"href":"https:\/\/goodsensebaltic.ee\/en\/wp-json\/wp\/v2\/comments?post=22373"}],"version-history":[{"count":14,"href":"https:\/\/goodsensebaltic.ee\/en\/wp-json\/wp\/v2\/pages\/22373\/revisions"}],"predecessor-version":[{"id":24240,"href":"https:\/\/goodsensebaltic.ee\/en\/wp-json\/wp\/v2\/pages\/22373\/revisions\/24240"}],"wp:attachment":[{"href":"https:\/\/goodsensebaltic.ee\/en\/wp-json\/wp\/v2\/media?parent=22373"}],"curies":[{"name":"wp","href":"https:\/\/api.w.org\/{rel}","templated":true}]}}