{"id":6756,"date":"2022-02-23T10:15:48","date_gmt":"2022-02-23T10:15:48","guid":{"rendered":"https:\/\/goodsensebaltic.ee\/news\/"},"modified":"2023-07-04T13:16:50","modified_gmt":"2023-07-04T13:16:50","slug":"news","status":"publish","type":"page","link":"https:\/\/goodsensebaltic.ee\/en\/news\/","title":{"rendered":"News"},"content":{"rendered":"\t\t<div data-elementor-type=\"wp-page\" data-elementor-id=\"6756\" class=\"elementor elementor-6756 elementor-25\" data-elementor-post-type=\"page\">\n\t\t\t\t\t\t<section class=\"wd-negative-gap elementor-section elementor-top-section elementor-element elementor-element-3e04360 elementor-section-boxed elementor-section-height-default elementor-section-height-default\" data-id=\"3e04360\" data-element_type=\"section\">\n\t\t\t\t\t\t<div class=\"elementor-container elementor-column-gap-default\">\n\t\t\t\t\t<div class=\"elementor-column elementor-col-100 elementor-top-column elementor-element elementor-element-d94c2e0\" data-id=\"d94c2e0\" data-element_type=\"column\">\n\t\t\t<div class=\"elementor-widget-wrap elementor-element-populated\">\n\t\t\t\t\t\t<div class=\"elementor-element elementor-element-328a31f elementor-widget elementor-widget-heading\" data-id=\"328a31f\" data-element_type=\"widget\" data-widget_type=\"heading.default\">\n\t\t\t\t<div class=\"elementor-widget-container\">\n\t\t\t\t\t<h1 class=\"elementor-heading-title elementor-size-default\">NEWS<\/h1>\t\t\t\t<\/div>\n\t\t\t\t<\/div>\n\t\t\t\t<div class=\"elementor-element elementor-element-eebf1ae color-scheme-inherit text-left elementor-widget elementor-widget-text-editor\" data-id=\"eebf1ae\" data-element_type=\"widget\" data-widget_type=\"text-editor.default\">\n\t\t\t\t<div class=\"elementor-widget-container\">\n\t\t\t\t\t\t\t\t\t<p>Read more about our machines here  <\/p>\n\t\t\t\t\t\t\t\t<\/div>\n\t\t\t\t<\/div>\n\t\t\t\t\t<\/div>\n\t\t<\/div>\n\t\t\t\t\t<\/div>\n\t\t<\/section>\n\t\t\t\t<\/div>\n\t\t","protected":false},"excerpt":{"rendered":"<p>NEWS Read more about our machines here<\/p>\n","protected":false},"author":10,"featured_media":0,"parent":0,"menu_order":0,"comment_status":"closed","ping_status":"closed","template":"elementor_header_footer","meta":{"footnotes":""},"class_list":["post-6756","page","type-page","status-publish","hentry"],"yoast_head":"<!-- This site is optimized with the Yoast SEO plugin v27.0 - https:\/\/yoast.com\/product\/yoast-seo-wordpress\/ -->\n<title>News - Goodsense Baltic<\/title>\n<meta name=\"robots\" content=\"index, follow, max-snippet:-1, max-image-preview:large, max-video-preview:-1\" \/>\n<link rel=\"canonical\" href=\"https:\/\/goodsensebaltic.ee\/uudised\/\" \/>\n<meta property=\"og:locale\" content=\"en_US\" \/>\n<meta property=\"og:type\" content=\"article\" \/>\n<meta property=\"og:title\" content=\"News - Goodsense Baltic\" \/>\n<meta property=\"og:description\" content=\"NEWS Read more about our machines here\" \/>\n<meta property=\"og:url\" content=\"https:\/\/goodsensebaltic.ee\/uudised\/\" \/>\n<meta property=\"og:site_name\" content=\"Goodsense Baltic\" \/>\n<meta property=\"article:publisher\" content=\"https:\/\/www.facebook.com\/GoodsenseBaltic\" \/>\n<meta property=\"article:modified_time\" content=\"2023-07-04T13:16:50+00:00\" \/>\n<meta name=\"twitter:card\" content=\"summary_large_image\" \/>\n<script type=\"application\/ld+json\" class=\"yoast-schema-graph\">{\"@context\":\"https:\/\/schema.org\",\"@graph\":[{\"@type\":\"WebPage\",\"@id\":\"https:\/\/goodsensebaltic.ee\/uudised\/\",\"url\":\"https:\/\/goodsensebaltic.ee\/uudised\/\",\"name\":\"News - Goodsense Baltic\",\"isPartOf\":{\"@id\":\"https:\/\/goodsensebaltic.ee\/#website\"},\"datePublished\":\"2022-02-23T10:15:48+00:00\",\"dateModified\":\"2023-07-04T13:16:50+00:00\",\"breadcrumb\":{\"@id\":\"https:\/\/goodsensebaltic.ee\/uudised\/#breadcrumb\"},\"inLanguage\":\"en-US\",\"potentialAction\":[{\"@type\":\"ReadAction\",\"target\":[\"https:\/\/goodsensebaltic.ee\/uudised\/\"]}]},{\"@type\":\"BreadcrumbList\",\"@id\":\"https:\/\/goodsensebaltic.ee\/uudised\/#breadcrumb\",\"itemListElement\":[{\"@type\":\"ListItem\",\"position\":1,\"name\":\"Home\",\"item\":\"https:\/\/goodsensebaltic.ee\/\"},{\"@type\":\"ListItem\",\"position\":2,\"name\":\"News\"}]},{\"@type\":\"WebSite\",\"@id\":\"https:\/\/goodsensebaltic.ee\/#website\",\"url\":\"https:\/\/goodsensebaltic.ee\/\",\"name\":\"Goodsense Baltic\",\"description\":\"Kahvelt\u00f5stukite ost ja m\u00fc\u00fck\",\"publisher\":{\"@id\":\"https:\/\/goodsensebaltic.ee\/#organization\"},\"potentialAction\":[{\"@type\":\"SearchAction\",\"target\":{\"@type\":\"EntryPoint\",\"urlTemplate\":\"https:\/\/goodsensebaltic.ee\/?s={search_term_string}\"},\"query-input\":{\"@type\":\"PropertyValueSpecification\",\"valueRequired\":true,\"valueName\":\"search_term_string\"}}],\"inLanguage\":\"en-US\"},{\"@type\":\"Organization\",\"@id\":\"https:\/\/goodsensebaltic.ee\/#organization\",\"name\":\"Goodsense Baltic\",\"url\":\"https:\/\/goodsensebaltic.ee\/\",\"logo\":{\"@type\":\"ImageObject\",\"inLanguage\":\"en-US\",\"@id\":\"https:\/\/goodsensebaltic.ee\/#\/schema\/logo\/image\/\",\"url\":\"https:\/\/goodsensebaltic.ee\/wp-content\/uploads\/2022\/02\/Goodsense_Baltic_logo-01-1.svg\",\"contentUrl\":\"https:\/\/goodsensebaltic.ee\/wp-content\/uploads\/2022\/02\/Goodsense_Baltic_logo-01-1.svg\",\"width\":988,\"height\":198,\"caption\":\"Goodsense Baltic\"},\"image\":{\"@id\":\"https:\/\/goodsensebaltic.ee\/#\/schema\/logo\/image\/\"},\"sameAs\":[\"https:\/\/www.facebook.com\/GoodsenseBaltic\",\"https:\/\/www.linkedin.com\/company\/goodsense-baltic-o\/\"]}]}<\/script>\n<!-- \/ Yoast SEO plugin. -->","yoast_head_json":{"title":"News - Goodsense Baltic","robots":{"index":"index","follow":"follow","max-snippet":"max-snippet:-1","max-image-preview":"max-image-preview:large","max-video-preview":"max-video-preview:-1"},"canonical":"https:\/\/goodsensebaltic.ee\/uudised\/","og_locale":"en_US","og_type":"article","og_title":"News - Goodsense Baltic","og_description":"NEWS Read more about our machines here","og_url":"https:\/\/goodsensebaltic.ee\/uudised\/","og_site_name":"Goodsense Baltic","article_publisher":"https:\/\/www.facebook.com\/GoodsenseBaltic","article_modified_time":"2023-07-04T13:16:50+00:00","twitter_card":"summary_large_image","schema":{"@context":"https:\/\/schema.org","@graph":[{"@type":"WebPage","@id":"https:\/\/goodsensebaltic.ee\/uudised\/","url":"https:\/\/goodsensebaltic.ee\/uudised\/","name":"News - Goodsense Baltic","isPartOf":{"@id":"https:\/\/goodsensebaltic.ee\/#website"},"datePublished":"2022-02-23T10:15:48+00:00","dateModified":"2023-07-04T13:16:50+00:00","breadcrumb":{"@id":"https:\/\/goodsensebaltic.ee\/uudised\/#breadcrumb"},"inLanguage":"en-US","potentialAction":[{"@type":"ReadAction","target":["https:\/\/goodsensebaltic.ee\/uudised\/"]}]},{"@type":"BreadcrumbList","@id":"https:\/\/goodsensebaltic.ee\/uudised\/#breadcrumb","itemListElement":[{"@type":"ListItem","position":1,"name":"Home","item":"https:\/\/goodsensebaltic.ee\/"},{"@type":"ListItem","position":2,"name":"News"}]},{"@type":"WebSite","@id":"https:\/\/goodsensebaltic.ee\/#website","url":"https:\/\/goodsensebaltic.ee\/","name":"Goodsense Baltic","description":"Kahvelt\u00f5stukite ost ja m\u00fc\u00fck","publisher":{"@id":"https:\/\/goodsensebaltic.ee\/#organization"},"potentialAction":[{"@type":"SearchAction","target":{"@type":"EntryPoint","urlTemplate":"https:\/\/goodsensebaltic.ee\/?s={search_term_string}"},"query-input":{"@type":"PropertyValueSpecification","valueRequired":true,"valueName":"search_term_string"}}],"inLanguage":"en-US"},{"@type":"Organization","@id":"https:\/\/goodsensebaltic.ee\/#organization","name":"Goodsense Baltic","url":"https:\/\/goodsensebaltic.ee\/","logo":{"@type":"ImageObject","inLanguage":"en-US","@id":"https:\/\/goodsensebaltic.ee\/#\/schema\/logo\/image\/","url":"https:\/\/goodsensebaltic.ee\/wp-content\/uploads\/2022\/02\/Goodsense_Baltic_logo-01-1.svg","contentUrl":"https:\/\/goodsensebaltic.ee\/wp-content\/uploads\/2022\/02\/Goodsense_Baltic_logo-01-1.svg","width":988,"height":198,"caption":"Goodsense Baltic"},"image":{"@id":"https:\/\/goodsensebaltic.ee\/#\/schema\/logo\/image\/"},"sameAs":["https:\/\/www.facebook.com\/GoodsenseBaltic","https:\/\/www.linkedin.com\/company\/goodsense-baltic-o\/"]}]}},"_links":{"self":[{"href":"https:\/\/goodsensebaltic.ee\/en\/wp-json\/wp\/v2\/pages\/6756","targetHints":{"allow":["GET"]}}],"collection":[{"href":"https:\/\/goodsensebaltic.ee\/en\/wp-json\/wp\/v2\/pages"}],"about":[{"href":"https:\/\/goodsensebaltic.ee\/en\/wp-json\/wp\/v2\/types\/page"}],"author":[{"embeddable":true,"href":"https:\/\/goodsensebaltic.ee\/en\/wp-json\/wp\/v2\/users\/10"}],"replies":[{"embeddable":true,"href":"https:\/\/goodsensebaltic.ee\/en\/wp-json\/wp\/v2\/comments?post=6756"}],"version-history":[{"count":14,"href":"https:\/\/goodsensebaltic.ee\/en\/wp-json\/wp\/v2\/pages\/6756\/revisions"}],"predecessor-version":[{"id":20958,"href":"https:\/\/goodsensebaltic.ee\/en\/wp-json\/wp\/v2\/pages\/6756\/revisions\/20958"}],"wp:attachment":[{"href":"https:\/\/goodsensebaltic.ee\/en\/wp-json\/wp\/v2\/media?parent=6756"}],"curies":[{"name":"wp","href":"https:\/\/api.w.org\/{rel}","templated":true}]}}