{"id":6767,"date":"2022-02-23T10:16:22","date_gmt":"2022-02-23T10:16:22","guid":{"rendered":"https:\/\/goodsensebaltic.ee\/contact\/"},"modified":"2024-09-30T08:09:43","modified_gmt":"2024-09-30T08:09:43","slug":"contact","status":"publish","type":"page","link":"https:\/\/goodsensebaltic.ee\/en\/contact\/","title":{"rendered":"Contact"},"content":{"rendered":"\t\t<div data-elementor-type=\"wp-page\" data-elementor-id=\"6767\" class=\"elementor elementor-6767 elementor-29\" data-elementor-post-type=\"page\">\n\t\t\t\t\t\t<section class=\"wd-negative-gap elementor-section elementor-top-section elementor-element elementor-element-a50d8e0 elementor-section-full_width elementor-section-height-default elementor-section-height-default\" data-id=\"a50d8e0\" data-element_type=\"section\">\n\t\t\t\t\t\t<div class=\"elementor-container elementor-column-gap-default\">\n\t\t\t\t\t<div class=\"elementor-column elementor-col-33 elementor-top-column elementor-element elementor-element-c49035e\" data-id=\"c49035e\" data-element_type=\"column\">\n\t\t\t<div class=\"elementor-widget-wrap elementor-element-populated\">\n\t\t\t\t\t\t<div class=\"elementor-element elementor-element-5a16acd elementor-widget elementor-widget-heading\" data-id=\"5a16acd\" data-element_type=\"widget\" data-widget_type=\"heading.default\">\n\t\t\t\t<div class=\"elementor-widget-container\">\n\t\t\t\t\t<h2 class=\"elementor-heading-title elementor-size-default\">Tallinn<br><span style=\"font-weight: normal\">Goodsense Baltic O\u00dc<\/span><\/h2>\t\t\t\t<\/div>\n\t\t\t\t<\/div>\n\t\t\t\t<div class=\"elementor-element elementor-element-7c639e8 elementor-widget-divider--view-line elementor-widget elementor-widget-divider\" data-id=\"7c639e8\" data-element_type=\"widget\" data-widget_type=\"divider.default\">\n\t\t\t\t<div class=\"elementor-widget-container\">\n\t\t\t\t\t\t\t<div class=\"elementor-divider\">\n\t\t\t<span class=\"elementor-divider-separator\">\n\t\t\t\t\t\t<\/span>\n\t\t<\/div>\n\t\t\t\t\t\t<\/div>\n\t\t\t\t<\/div>\n\t\t\t\t<div class=\"elementor-element elementor-element-0481ad3 color-scheme-inherit text-left elementor-widget elementor-widget-text-editor\" data-id=\"0481ad3\" data-element_type=\"widget\" data-widget_type=\"text-editor.default\">\n\t\t\t\t<div class=\"elementor-widget-container\">\n\t\t\t\t\t\t\t\t\t<p>Reti tee 6, Peetri, 75312 Harju county<\/p>\n\t\t\t\t\t\t\t\t<\/div>\n\t\t\t\t<\/div>\n\t\t\t\t<div class=\"elementor-element elementor-element-e45a510 color-scheme-inherit text-left elementor-widget elementor-widget-text-editor\" data-id=\"e45a510\" data-element_type=\"widget\" data-widget_type=\"text-editor.default\">\n\t\t\t\t<div class=\"elementor-widget-container\">\n\t\t\t\t\t\t\t\t\tMon-Fri: 9:00-17:00 <br><strong>Please call before coming!<\/strong>\t\t\t\t\t\t\t\t<\/div>\n\t\t\t\t<\/div>\n\t\t\t\t<div class=\"elementor-element elementor-element-f42ba75 elementor-widget elementor-widget-heading\" data-id=\"f42ba75\" data-element_type=\"widget\" data-widget_type=\"heading.default\">\n\t\t\t\t<div class=\"elementor-widget-container\">\n\t\t\t\t\t<h2 class=\"elementor-heading-title elementor-size-default\"><a href=\"tel:%20+37256983983\">Tel. +372 56 983 983<\/a><\/h2>\t\t\t\t<\/div>\n\t\t\t\t<\/div>\n\t\t\t\t<div class=\"elementor-element elementor-element-fdc4b61 elementor-widget elementor-widget-heading\" data-id=\"fdc4b61\" data-element_type=\"widget\" data-widget_type=\"heading.default\">\n\t\t\t\t<div class=\"elementor-widget-container\">\n\t\t\t\t\t<h2 class=\"elementor-heading-title elementor-size-default\"><a href=\"mailto:%20info@goodsensebaltic.ee\">E-mail: info@goodsensebaltic.ee<\/a><\/h2>\t\t\t\t<\/div>\n\t\t\t\t<\/div>\n\t\t\t\t<div class=\"elementor-element elementor-element-b489ef7 color-scheme-inherit text-left elementor-widget elementor-widget-text-editor\" data-id=\"b489ef7\" data-element_type=\"widget\" data-widget_type=\"text-editor.default\">\n\t\t\t\t<div class=\"elementor-widget-container\">\n\t\t\t\t\t\t\t\t\t<p>Reg. No: 14388692<br>KMK No: EE102033027<\/p>\n\t\t\t\t\t\t\t\t<\/div>\n\t\t\t\t<\/div>\n\t\t\t\t\t<\/div>\n\t\t<\/div>\n\t\t\t\t<div class=\"elementor-column elementor-col-33 elementor-top-column elementor-element elementor-element-d1de921\" data-id=\"d1de921\" data-element_type=\"column\">\n\t\t\t<div class=\"elementor-widget-wrap elementor-element-populated\">\n\t\t\t\t\t\t<div class=\"elementor-element elementor-element-5d7d7f0 elementor-widget__width-inherit elementor-invisible elementor-widget elementor-widget-wd_image_or_svg\" data-id=\"5d7d7f0\" data-element_type=\"widget\" data-settings=\"{&quot;_animation&quot;:&quot;fadeIn&quot;}\" data-widget_type=\"wd_image_or_svg.default\">\n\t\t\t\t<div class=\"elementor-widget-container\">\n\t\t\t\t\t\n\t\t<div class=\"wd-image text-left\">\n\t\t\t\t\t\t\t\t<img fetchpriority=\"high\" decoding=\"async\" width=\"1900\" height=\"1200\" src=\"https:\/\/goodsensebaltic.ee\/wp-content\/uploads\/2023\/06\/Goodsense-tostukite-muuk-2.png\" class=\"attachment-full size-full\" alt=\"Goodsense t\u00f5stukite m\u00fc\u00fck (2)\" srcset=\"https:\/\/goodsensebaltic.ee\/wp-content\/uploads\/2023\/06\/Goodsense-tostukite-muuk-2.png 1900w, https:\/\/goodsensebaltic.ee\/wp-content\/uploads\/2023\/06\/Goodsense-tostukite-muuk-2-768x485.png 768w, https:\/\/goodsensebaltic.ee\/wp-content\/uploads\/2023\/06\/Goodsense-tostukite-muuk-2-1536x970.png 1536w, https:\/\/goodsensebaltic.ee\/wp-content\/uploads\/2023\/06\/Goodsense-tostukite-muuk-2-860x543.png 860w, https:\/\/goodsensebaltic.ee\/wp-content\/uploads\/2023\/06\/Goodsense-tostukite-muuk-2-430x272.png 430w, https:\/\/goodsensebaltic.ee\/wp-content\/uploads\/2023\/06\/Goodsense-tostukite-muuk-2-700x442.png 700w, https:\/\/goodsensebaltic.ee\/wp-content\/uploads\/2023\/06\/Goodsense-tostukite-muuk-2-150x95.png 150w\" sizes=\"(max-width: 1900px) 100vw, 1900px\" \/>\t\t\t\t\t<\/div>\n\n\t\t\t\t\t\t<\/div>\n\t\t\t\t<\/div>\n\t\t\t\t\t<\/div>\n\t\t<\/div>\n\t\t\t\t<div class=\"elementor-column elementor-col-33 elementor-top-column elementor-element elementor-element-f00962c\" data-id=\"f00962c\" data-element_type=\"column\">\n\t\t\t<div class=\"elementor-widget-wrap elementor-element-populated\">\n\t\t\t\t\t\t<div class=\"elementor-element elementor-element-f5ff876 elementor-widget elementor-widget-google_maps\" data-id=\"f5ff876\" data-element_type=\"widget\" data-settings=\"{&quot;_animation&quot;:&quot;none&quot;}\" data-widget_type=\"google_maps.default\">\n\t\t\t\t<div class=\"elementor-widget-container\">\n\t\t\t\t\t\t\t<div class=\"elementor-custom-embed\">\n\t\t\t<iframe loading=\"lazy\"\n\t\t\t\t\tsrc=\"https:\/\/maps.google.com\/maps?q=Reti%20tee%206%2C%20Peetri%2C%2075312%20Harju%20maakond&#038;t=m&#038;z=10&#038;output=embed&#038;iwloc=near\"\n\t\t\t\t\ttitle=\"Reti tee 6, Peetri, 75312 Harju maakond\"\n\t\t\t\t\taria-label=\"Reti tee 6, Peetri, 75312 Harju maakond\"\n\t\t\t><\/iframe>\n\t\t<\/div>\n\t\t\t\t\t\t<\/div>\n\t\t\t\t<\/div>\n\t\t\t\t\t<\/div>\n\t\t<\/div>\n\t\t\t\t\t<\/div>\n\t\t<\/section>\n\t\t\t\t<section class=\"wd-negative-gap elementor-section elementor-top-section elementor-element elementor-element-c532edf elementor-section-full_width elementor-section-height-default elementor-section-height-default\" data-id=\"c532edf\" data-element_type=\"section\">\n\t\t\t\t\t\t<div class=\"elementor-container elementor-column-gap-default\">\n\t\t\t\t\t<div class=\"elementor-column elementor-col-33 elementor-top-column elementor-element elementor-element-eaae608\" data-id=\"eaae608\" data-element_type=\"column\">\n\t\t\t<div class=\"elementor-widget-wrap elementor-element-populated\">\n\t\t\t\t\t\t<div class=\"elementor-element elementor-element-74873fb elementor-widget elementor-widget-heading\" data-id=\"74873fb\" data-element_type=\"widget\" data-widget_type=\"heading.default\">\n\t\t\t\t<div class=\"elementor-widget-container\">\n\t\t\t\t\t<h2 class=\"elementor-heading-title elementor-size-default\">Tartu<br><span style=\"font-weight: normal\">Savo-Auto AS<\/span><\/h2>\t\t\t\t<\/div>\n\t\t\t\t<\/div>\n\t\t\t\t<div class=\"elementor-element elementor-element-367a474 elementor-widget-divider--view-line elementor-widget elementor-widget-divider\" data-id=\"367a474\" data-element_type=\"widget\" data-widget_type=\"divider.default\">\n\t\t\t\t<div class=\"elementor-widget-container\">\n\t\t\t\t\t\t\t<div class=\"elementor-divider\">\n\t\t\t<span class=\"elementor-divider-separator\">\n\t\t\t\t\t\t<\/span>\n\t\t<\/div>\n\t\t\t\t\t\t<\/div>\n\t\t\t\t<\/div>\n\t\t\t\t<div class=\"elementor-element elementor-element-0d9e672 color-scheme-inherit text-left elementor-widget elementor-widget-text-editor\" data-id=\"0d9e672\" data-element_type=\"widget\" data-widget_type=\"text-editor.default\">\n\t\t\t\t<div class=\"elementor-widget-container\">\n\t\t\t\t\t\t\t\t\t<p>Tamme 19, T\u00f5rvandi, Kambja<br \/> municipality 61715, Tartu county<\/p>\n\t\t\t\t\t\t\t\t<\/div>\n\t\t\t\t<\/div>\n\t\t\t\t<div class=\"elementor-element elementor-element-8da2e5e elementor-widget elementor-widget-heading\" data-id=\"8da2e5e\" data-element_type=\"widget\" data-widget_type=\"heading.default\">\n\t\t\t\t<div class=\"elementor-widget-container\">\n\t\t\t\t\t<h2 class=\"elementor-heading-title elementor-size-default\"><a href=\"tel:%20+3727415383\">Tel. +372 741 5383<\/a><\/h2>\t\t\t\t<\/div>\n\t\t\t\t<\/div>\n\t\t\t\t<div class=\"elementor-element elementor-element-b41bd46 elementor-widget elementor-widget-heading\" data-id=\"b41bd46\" data-element_type=\"widget\" data-widget_type=\"heading.default\">\n\t\t\t\t<div class=\"elementor-widget-container\">\n\t\t\t\t\t<h2 class=\"elementor-heading-title elementor-size-default\"><a href=\"tel:%20+3725220619\">Gsm: +372 522 0619<\/a><\/h2>\t\t\t\t<\/div>\n\t\t\t\t<\/div>\n\t\t\t\t<div class=\"elementor-element elementor-element-616c1cb elementor-widget elementor-widget-heading\" data-id=\"616c1cb\" data-element_type=\"widget\" data-widget_type=\"heading.default\">\n\t\t\t\t<div class=\"elementor-widget-container\">\n\t\t\t\t\t<h2 class=\"elementor-heading-title elementor-size-default\"><a href=\"mailto:%20savo@savoauto.ee\"><span style=\"letter-spacing: -0.27px\">E-mail:&nbsp;<\/span><span style=\"letter-spacing: -0.27px\">savo@savoauto.ee<\/span><\/a><\/h2>\t\t\t\t<\/div>\n\t\t\t\t<\/div>\n\t\t\t\t<div class=\"elementor-element elementor-element-c3ba182 color-scheme-inherit text-left elementor-widget elementor-widget-text-editor\" data-id=\"c3ba182\" data-element_type=\"widget\" data-widget_type=\"text-editor.default\">\n\t\t\t\t<div class=\"elementor-widget-container\">\n\t\t\t\t\t\t\t\t\t<p><a href=\"http:\/\/www.savoauto.ee\">www.savoauto.ee<\/a><\/p>\n\t\t\t\t\t\t\t\t<\/div>\n\t\t\t\t<\/div>\n\t\t\t\t\t<\/div>\n\t\t<\/div>\n\t\t\t\t<div class=\"elementor-column elementor-col-33 elementor-top-column elementor-element elementor-element-adb82bb\" data-id=\"adb82bb\" data-element_type=\"column\">\n\t\t\t<div class=\"elementor-widget-wrap elementor-element-populated\">\n\t\t\t\t\t\t<div class=\"elementor-element elementor-element-d268726 elementor-widget__width-inherit elementor-invisible elementor-widget elementor-widget-wd_image_or_svg\" data-id=\"d268726\" data-element_type=\"widget\" data-settings=\"{&quot;_animation&quot;:&quot;fadeIn&quot;}\" data-widget_type=\"wd_image_or_svg.default\">\n\t\t\t\t<div class=\"elementor-widget-container\">\n\t\t\t\t\t\n\t\t<div class=\"wd-image text-left\">\n\t\t\t\t\t\t\t\t<img decoding=\"async\" width=\"1900\" height=\"1200\" src=\"https:\/\/goodsensebaltic.ee\/wp-content\/uploads\/2023\/06\/Savoauto-tostukite-muuk.png\" class=\"attachment-full size-full\" alt=\"Savoauto t\u00f5stukite m\u00fc\u00fck\" srcset=\"https:\/\/goodsensebaltic.ee\/wp-content\/uploads\/2023\/06\/Savoauto-tostukite-muuk.png 1900w, https:\/\/goodsensebaltic.ee\/wp-content\/uploads\/2023\/06\/Savoauto-tostukite-muuk-768x485.png 768w, https:\/\/goodsensebaltic.ee\/wp-content\/uploads\/2023\/06\/Savoauto-tostukite-muuk-1536x970.png 1536w, https:\/\/goodsensebaltic.ee\/wp-content\/uploads\/2023\/06\/Savoauto-tostukite-muuk-860x543.png 860w, https:\/\/goodsensebaltic.ee\/wp-content\/uploads\/2023\/06\/Savoauto-tostukite-muuk-430x272.png 430w, https:\/\/goodsensebaltic.ee\/wp-content\/uploads\/2023\/06\/Savoauto-tostukite-muuk-700x442.png 700w, https:\/\/goodsensebaltic.ee\/wp-content\/uploads\/2023\/06\/Savoauto-tostukite-muuk-150x95.png 150w\" sizes=\"(max-width: 1900px) 100vw, 1900px\" \/>\t\t\t\t\t<\/div>\n\n\t\t\t\t\t\t<\/div>\n\t\t\t\t<\/div>\n\t\t\t\t\t<\/div>\n\t\t<\/div>\n\t\t\t\t<div class=\"elementor-column elementor-col-33 elementor-top-column elementor-element elementor-element-1a0dfe8\" data-id=\"1a0dfe8\" data-element_type=\"column\">\n\t\t\t<div class=\"elementor-widget-wrap elementor-element-populated\">\n\t\t\t\t\t\t<div class=\"elementor-element elementor-element-7b7a841 elementor-widget elementor-widget-google_maps\" data-id=\"7b7a841\" data-element_type=\"widget\" data-widget_type=\"google_maps.default\">\n\t\t\t\t<div class=\"elementor-widget-container\">\n\t\t\t\t\t\t\t<div class=\"elementor-custom-embed\">\n\t\t\t<iframe loading=\"lazy\"\n\t\t\t\t\tsrc=\"https:\/\/maps.google.com\/maps?q=Tamme%2019%2C%20T%C3%B5rvandi%2C%20%C3%9Clenurme%20vald%2061715%2C%20Tartu%20maakond&#038;t=m&#038;z=10&#038;output=embed&#038;iwloc=near\"\n\t\t\t\t\ttitle=\"Tamme 19, T\u00f5rvandi, \u00dclenurme vald 61715, Tartu maakond\"\n\t\t\t\t\taria-label=\"Tamme 19, T\u00f5rvandi, \u00dclenurme vald 61715, Tartu maakond\"\n\t\t\t><\/iframe>\n\t\t<\/div>\n\t\t\t\t\t\t<\/div>\n\t\t\t\t<\/div>\n\t\t\t\t\t<\/div>\n\t\t<\/div>\n\t\t\t\t\t<\/div>\n\t\t<\/section>\n\t\t\t\t<\/div>\n\t\t","protected":false},"excerpt":{"rendered":"<p>TallinnGoodsense Baltic O\u00dc Reti tee 6, Peetri, 75312 Harju county Mon-Fri: 9:00-17:00 Please call before coming! Tel. +372 56 983<\/p>\n","protected":false},"author":10,"featured_media":0,"parent":0,"menu_order":0,"comment_status":"closed","ping_status":"closed","template":"elementor_header_footer","meta":{"footnotes":""},"class_list":["post-6767","page","type-page","status-publish","hentry"],"yoast_head":"<!-- This site is optimized with the Yoast SEO plugin v27.0 - https:\/\/yoast.com\/product\/yoast-seo-wordpress\/ -->\n<title>Contact - Goodsense Baltic<\/title>\n<meta name=\"description\" content=\"Goodsense forklifts for sale. New and used diesel and electric forklifts at good prices. Contact us or send an enquiry!\" \/>\n<meta name=\"robots\" content=\"index, follow, max-snippet:-1, max-image-preview:large, max-video-preview:-1\" \/>\n<link rel=\"canonical\" href=\"https:\/\/goodsensebaltic.ee\/en\/contact\/\" \/>\n<meta property=\"og:locale\" content=\"en_US\" \/>\n<meta property=\"og:type\" content=\"article\" \/>\n<meta property=\"og:title\" content=\"Contact - Goodsense Baltic\" \/>\n<meta property=\"og:description\" content=\"Goodsense forklifts for sale. New and used diesel and electric forklifts at good prices. Contact us or send an enquiry!\" \/>\n<meta property=\"og:url\" content=\"https:\/\/goodsensebaltic.ee\/en\/contact\/\" \/>\n<meta property=\"og:site_name\" content=\"Goodsense Baltic\" \/>\n<meta property=\"article:publisher\" content=\"https:\/\/www.facebook.com\/GoodsenseBaltic\" \/>\n<meta property=\"article:modified_time\" content=\"2024-09-30T08:09:43+00:00\" \/>\n<meta property=\"og:image\" content=\"https:\/\/goodsensebaltic.ee\/wp-content\/uploads\/2023\/06\/Goodsense-tostukite-muuk-2.png\" \/>\n<meta name=\"twitter:card\" content=\"summary_large_image\" \/>\n<meta name=\"twitter:label1\" content=\"Est. reading time\" \/>\n\t<meta name=\"twitter:data1\" content=\"1 minute\" \/>\n<script type=\"application\/ld+json\" class=\"yoast-schema-graph\">{\"@context\":\"https:\/\/schema.org\",\"@graph\":[{\"@type\":\"WebPage\",\"@id\":\"https:\/\/goodsensebaltic.ee\/en\/contact\/\",\"url\":\"https:\/\/goodsensebaltic.ee\/en\/contact\/\",\"name\":\"Contact - Goodsense Baltic\",\"isPartOf\":{\"@id\":\"https:\/\/goodsensebaltic.ee\/#website\"},\"primaryImageOfPage\":{\"@id\":\"https:\/\/goodsensebaltic.ee\/en\/contact\/#primaryimage\"},\"image\":{\"@id\":\"https:\/\/goodsensebaltic.ee\/en\/contact\/#primaryimage\"},\"thumbnailUrl\":\"https:\/\/goodsensebaltic.ee\/wp-content\/uploads\/2023\/06\/Goodsense-tostukite-muuk-2.png\",\"datePublished\":\"2022-02-23T10:16:22+00:00\",\"dateModified\":\"2024-09-30T08:09:43+00:00\",\"description\":\"Goodsense forklifts for sale. New and used diesel and electric forklifts at good prices. Contact us or send an enquiry!\",\"breadcrumb\":{\"@id\":\"https:\/\/goodsensebaltic.ee\/en\/contact\/#breadcrumb\"},\"inLanguage\":\"en-US\",\"potentialAction\":[{\"@type\":\"ReadAction\",\"target\":[\"https:\/\/goodsensebaltic.ee\/en\/contact\/\"]}]},{\"@type\":\"ImageObject\",\"inLanguage\":\"en-US\",\"@id\":\"https:\/\/goodsensebaltic.ee\/en\/contact\/#primaryimage\",\"url\":\"https:\/\/goodsensebaltic.ee\/wp-content\/uploads\/2023\/06\/Goodsense-tostukite-muuk-2.png\",\"contentUrl\":\"https:\/\/goodsensebaltic.ee\/wp-content\/uploads\/2023\/06\/Goodsense-tostukite-muuk-2.png\"},{\"@type\":\"BreadcrumbList\",\"@id\":\"https:\/\/goodsensebaltic.ee\/en\/contact\/#breadcrumb\",\"itemListElement\":[{\"@type\":\"ListItem\",\"position\":1,\"name\":\"Home\",\"item\":\"https:\/\/goodsensebaltic.ee\/\"},{\"@type\":\"ListItem\",\"position\":2,\"name\":\"Contact\"}]},{\"@type\":\"WebSite\",\"@id\":\"https:\/\/goodsensebaltic.ee\/#website\",\"url\":\"https:\/\/goodsensebaltic.ee\/\",\"name\":\"Goodsense Baltic\",\"description\":\"Kahvelt\u00f5stukite ost ja m\u00fc\u00fck\",\"publisher\":{\"@id\":\"https:\/\/goodsensebaltic.ee\/#organization\"},\"potentialAction\":[{\"@type\":\"SearchAction\",\"target\":{\"@type\":\"EntryPoint\",\"urlTemplate\":\"https:\/\/goodsensebaltic.ee\/?s={search_term_string}\"},\"query-input\":{\"@type\":\"PropertyValueSpecification\",\"valueRequired\":true,\"valueName\":\"search_term_string\"}}],\"inLanguage\":\"en-US\"},{\"@type\":\"Organization\",\"@id\":\"https:\/\/goodsensebaltic.ee\/#organization\",\"name\":\"Goodsense Baltic\",\"url\":\"https:\/\/goodsensebaltic.ee\/\",\"logo\":{\"@type\":\"ImageObject\",\"inLanguage\":\"en-US\",\"@id\":\"https:\/\/goodsensebaltic.ee\/#\/schema\/logo\/image\/\",\"url\":\"https:\/\/goodsensebaltic.ee\/wp-content\/uploads\/2022\/02\/Goodsense_Baltic_logo-01-1.svg\",\"contentUrl\":\"https:\/\/goodsensebaltic.ee\/wp-content\/uploads\/2022\/02\/Goodsense_Baltic_logo-01-1.svg\",\"width\":988,\"height\":198,\"caption\":\"Goodsense Baltic\"},\"image\":{\"@id\":\"https:\/\/goodsensebaltic.ee\/#\/schema\/logo\/image\/\"},\"sameAs\":[\"https:\/\/www.facebook.com\/GoodsenseBaltic\",\"https:\/\/www.linkedin.com\/company\/goodsense-baltic-o\/\"]}]}<\/script>\n<!-- \/ Yoast SEO plugin. -->","yoast_head_json":{"title":"Contact - Goodsense Baltic","description":"Goodsense forklifts for sale. New and used diesel and electric forklifts at good prices. Contact us or send an enquiry!","robots":{"index":"index","follow":"follow","max-snippet":"max-snippet:-1","max-image-preview":"max-image-preview:large","max-video-preview":"max-video-preview:-1"},"canonical":"https:\/\/goodsensebaltic.ee\/en\/contact\/","og_locale":"en_US","og_type":"article","og_title":"Contact - Goodsense Baltic","og_description":"Goodsense forklifts for sale. New and used diesel and electric forklifts at good prices. Contact us or send an enquiry!","og_url":"https:\/\/goodsensebaltic.ee\/en\/contact\/","og_site_name":"Goodsense Baltic","article_publisher":"https:\/\/www.facebook.com\/GoodsenseBaltic","article_modified_time":"2024-09-30T08:09:43+00:00","og_image":[{"url":"https:\/\/goodsensebaltic.ee\/wp-content\/uploads\/2023\/06\/Goodsense-tostukite-muuk-2.png","type":"","width":"","height":""}],"twitter_card":"summary_large_image","twitter_misc":{"Est. reading time":"1 minute"},"schema":{"@context":"https:\/\/schema.org","@graph":[{"@type":"WebPage","@id":"https:\/\/goodsensebaltic.ee\/en\/contact\/","url":"https:\/\/goodsensebaltic.ee\/en\/contact\/","name":"Contact - Goodsense Baltic","isPartOf":{"@id":"https:\/\/goodsensebaltic.ee\/#website"},"primaryImageOfPage":{"@id":"https:\/\/goodsensebaltic.ee\/en\/contact\/#primaryimage"},"image":{"@id":"https:\/\/goodsensebaltic.ee\/en\/contact\/#primaryimage"},"thumbnailUrl":"https:\/\/goodsensebaltic.ee\/wp-content\/uploads\/2023\/06\/Goodsense-tostukite-muuk-2.png","datePublished":"2022-02-23T10:16:22+00:00","dateModified":"2024-09-30T08:09:43+00:00","description":"Goodsense forklifts for sale. New and used diesel and electric forklifts at good prices. Contact us or send an enquiry!","breadcrumb":{"@id":"https:\/\/goodsensebaltic.ee\/en\/contact\/#breadcrumb"},"inLanguage":"en-US","potentialAction":[{"@type":"ReadAction","target":["https:\/\/goodsensebaltic.ee\/en\/contact\/"]}]},{"@type":"ImageObject","inLanguage":"en-US","@id":"https:\/\/goodsensebaltic.ee\/en\/contact\/#primaryimage","url":"https:\/\/goodsensebaltic.ee\/wp-content\/uploads\/2023\/06\/Goodsense-tostukite-muuk-2.png","contentUrl":"https:\/\/goodsensebaltic.ee\/wp-content\/uploads\/2023\/06\/Goodsense-tostukite-muuk-2.png"},{"@type":"BreadcrumbList","@id":"https:\/\/goodsensebaltic.ee\/en\/contact\/#breadcrumb","itemListElement":[{"@type":"ListItem","position":1,"name":"Home","item":"https:\/\/goodsensebaltic.ee\/"},{"@type":"ListItem","position":2,"name":"Contact"}]},{"@type":"WebSite","@id":"https:\/\/goodsensebaltic.ee\/#website","url":"https:\/\/goodsensebaltic.ee\/","name":"Goodsense Baltic","description":"Kahvelt\u00f5stukite ost ja m\u00fc\u00fck","publisher":{"@id":"https:\/\/goodsensebaltic.ee\/#organization"},"potentialAction":[{"@type":"SearchAction","target":{"@type":"EntryPoint","urlTemplate":"https:\/\/goodsensebaltic.ee\/?s={search_term_string}"},"query-input":{"@type":"PropertyValueSpecification","valueRequired":true,"valueName":"search_term_string"}}],"inLanguage":"en-US"},{"@type":"Organization","@id":"https:\/\/goodsensebaltic.ee\/#organization","name":"Goodsense Baltic","url":"https:\/\/goodsensebaltic.ee\/","logo":{"@type":"ImageObject","inLanguage":"en-US","@id":"https:\/\/goodsensebaltic.ee\/#\/schema\/logo\/image\/","url":"https:\/\/goodsensebaltic.ee\/wp-content\/uploads\/2022\/02\/Goodsense_Baltic_logo-01-1.svg","contentUrl":"https:\/\/goodsensebaltic.ee\/wp-content\/uploads\/2022\/02\/Goodsense_Baltic_logo-01-1.svg","width":988,"height":198,"caption":"Goodsense Baltic"},"image":{"@id":"https:\/\/goodsensebaltic.ee\/#\/schema\/logo\/image\/"},"sameAs":["https:\/\/www.facebook.com\/GoodsenseBaltic","https:\/\/www.linkedin.com\/company\/goodsense-baltic-o\/"]}]}},"_links":{"self":[{"href":"https:\/\/goodsensebaltic.ee\/en\/wp-json\/wp\/v2\/pages\/6767","targetHints":{"allow":["GET"]}}],"collection":[{"href":"https:\/\/goodsensebaltic.ee\/en\/wp-json\/wp\/v2\/pages"}],"about":[{"href":"https:\/\/goodsensebaltic.ee\/en\/wp-json\/wp\/v2\/types\/page"}],"author":[{"embeddable":true,"href":"https:\/\/goodsensebaltic.ee\/en\/wp-json\/wp\/v2\/users\/10"}],"replies":[{"embeddable":true,"href":"https:\/\/goodsensebaltic.ee\/en\/wp-json\/wp\/v2\/comments?post=6767"}],"version-history":[{"count":61,"href":"https:\/\/goodsensebaltic.ee\/en\/wp-json\/wp\/v2\/pages\/6767\/revisions"}],"predecessor-version":[{"id":23547,"href":"https:\/\/goodsensebaltic.ee\/en\/wp-json\/wp\/v2\/pages\/6767\/revisions\/23547"}],"wp:attachment":[{"href":"https:\/\/goodsensebaltic.ee\/en\/wp-json\/wp\/v2\/media?parent=6767"}],"curies":[{"name":"wp","href":"https:\/\/api.w.org\/{rel}","templated":true}]}}