{"id":12217,"date":"2022-12-08T14:31:11","date_gmt":"2022-12-08T14:31:11","guid":{"rendered":"https:\/\/goodsensebaltic.ee\/?post_type=product&#038;p=12217"},"modified":"2024-02-15T09:20:29","modified_gmt":"2024-02-15T09:20:29","slug":"balkancar-diesel-forklift-3","status":"publish","type":"product","link":"https:\/\/goodsensebaltic.ee\/en\/product\/balkancar-diesel-forklift-3\/","title":{"rendered":"Balkancar Diisel trucks"},"content":{"rendered":"<p>Used Balkancar forklifts for sale.<\/p>\n<p>Stocks are constantly changing. Prices between 4500-6000\u20ac +km<\/p>\n<p>Request an offer!<\/p>\n<p>Possibility to add longer forks<\/p>\n<ul>\n<li>1600mm, 1800mm or 2000mm<\/li>\n<\/ul>\n<p>Picture is illustrative<\/p>\n","protected":false},"excerpt":{"rendered":"<p>Balkancar 1.6T Diesel forklift &#8211; Forklifts &#8211; Used forklifts &#8211; Forklift spare parts<\/p>\n","protected":false},"featured_media":12233,"template":"","meta":[],"product_brand":[],"product_cat":[146,145],"product_tag":[],"class_list":{"0":"post-12217","1":"product","2":"type-product","3":"status-publish","4":"has-post-thumbnail","6":"product_cat-diesel-forklifts","7":"product_cat-used-forklifts","8":"pa_tostejoud-1-2t-en","10":"first","11":"outofstock","12":"taxable","13":"shipping-taxable","14":"product-type-simple"},"yoast_head":"<!-- This site is optimized with the Yoast SEO plugin v27.0 - https:\/\/yoast.com\/product\/yoast-seo-wordpress\/ -->\n<title>Balkancar Diisel trucks - Goodsense Baltic<\/title>\n<meta name=\"description\" content=\"Balkancar diesel truck for sale. Wide range of used forklifts in Tallinn and Tartu. Well maintained and repaired diesel truck for sale. Sale of spare parts for lifting equipment\" \/>\n<meta name=\"robots\" content=\"index, follow, max-snippet:-1, max-image-preview:large, max-video-preview:-1\" \/>\n<link rel=\"canonical\" href=\"https:\/\/goodsensebaltic.ee\/en\/product\/balkancar-diesel-forklift-3\/\" \/>\n<meta property=\"og:locale\" content=\"en_US\" \/>\n<meta property=\"og:type\" content=\"article\" \/>\n<meta property=\"og:title\" content=\"Balkancar Diisel trucks - Goodsense Baltic\" \/>\n<meta property=\"og:description\" content=\"Balkancar diesel truck for sale. Wide range of used forklifts in Tallinn and Tartu. Well maintained and repaired diesel truck for sale. Sale of spare parts for lifting equipment\" \/>\n<meta property=\"og:url\" content=\"https:\/\/goodsensebaltic.ee\/en\/product\/balkancar-diesel-forklift-3\/\" \/>\n<meta property=\"og:site_name\" content=\"Goodsense Baltic\" \/>\n<meta property=\"article:publisher\" content=\"https:\/\/www.facebook.com\/GoodsenseBaltic\" \/>\n<meta property=\"article:modified_time\" content=\"2024-02-15T09:20:29+00:00\" \/>\n<meta property=\"og:image\" content=\"https:\/\/goodsensebaltic.ee\/wp-content\/uploads\/2022\/12\/IMG_9485.jpg\" \/>\n\t<meta property=\"og:image:width\" content=\"1512\" \/>\n\t<meta property=\"og:image:height\" content=\"1512\" \/>\n\t<meta property=\"og:image:type\" content=\"image\/jpeg\" \/>\n<meta name=\"twitter:card\" content=\"summary_large_image\" \/>\n<script type=\"application\/ld+json\" class=\"yoast-schema-graph\">{\"@context\":\"https:\/\/schema.org\",\"@graph\":[{\"@type\":\"WebPage\",\"@id\":\"https:\/\/goodsensebaltic.ee\/en\/product\/balkancar-diesel-forklift-3\/\",\"url\":\"https:\/\/goodsensebaltic.ee\/en\/product\/balkancar-diesel-forklift-3\/\",\"name\":\"Balkancar Diisel trucks - Goodsense Baltic\",\"isPartOf\":{\"@id\":\"https:\/\/goodsensebaltic.ee\/#website\"},\"primaryImageOfPage\":{\"@id\":\"https:\/\/goodsensebaltic.ee\/en\/product\/balkancar-diesel-forklift-3\/#primaryimage\"},\"image\":{\"@id\":\"https:\/\/goodsensebaltic.ee\/en\/product\/balkancar-diesel-forklift-3\/#primaryimage\"},\"thumbnailUrl\":\"https:\/\/goodsensebaltic.ee\/wp-content\/uploads\/2022\/12\/IMG_9485.jpg\",\"datePublished\":\"2022-12-08T14:31:11+00:00\",\"dateModified\":\"2024-02-15T09:20:29+00:00\",\"description\":\"Balkancar diesel truck for sale. Wide range of used forklifts in Tallinn and Tartu. Well maintained and repaired diesel truck for sale. Sale of spare parts for lifting equipment\",\"breadcrumb\":{\"@id\":\"https:\/\/goodsensebaltic.ee\/en\/product\/balkancar-diesel-forklift-3\/#breadcrumb\"},\"inLanguage\":\"en-US\",\"potentialAction\":[{\"@type\":\"ReadAction\",\"target\":[\"https:\/\/goodsensebaltic.ee\/en\/product\/balkancar-diesel-forklift-3\/\"]}]},{\"@type\":\"ImageObject\",\"inLanguage\":\"en-US\",\"@id\":\"https:\/\/goodsensebaltic.ee\/en\/product\/balkancar-diesel-forklift-3\/#primaryimage\",\"url\":\"https:\/\/goodsensebaltic.ee\/wp-content\/uploads\/2022\/12\/IMG_9485.jpg\",\"contentUrl\":\"https:\/\/goodsensebaltic.ee\/wp-content\/uploads\/2022\/12\/IMG_9485.jpg\",\"width\":1512,\"height\":1512,\"caption\":\"Balkancar\"},{\"@type\":\"BreadcrumbList\",\"@id\":\"https:\/\/goodsensebaltic.ee\/en\/product\/balkancar-diesel-forklift-3\/#breadcrumb\",\"itemListElement\":[{\"@type\":\"ListItem\",\"position\":1,\"name\":\"Home\",\"item\":\"https:\/\/goodsensebaltic.ee\/\"},{\"@type\":\"ListItem\",\"position\":2,\"name\":\"Shop\",\"item\":\"https:\/\/goodsensebaltic.ee\/en\/shop\/\"},{\"@type\":\"ListItem\",\"position\":3,\"name\":\"Balkancar Diisel trucks\"}]},{\"@type\":\"WebSite\",\"@id\":\"https:\/\/goodsensebaltic.ee\/#website\",\"url\":\"https:\/\/goodsensebaltic.ee\/\",\"name\":\"Goodsense Baltic\",\"description\":\"Kahvelt\u00f5stukite ost ja m\u00fc\u00fck\",\"publisher\":{\"@id\":\"https:\/\/goodsensebaltic.ee\/#organization\"},\"potentialAction\":[{\"@type\":\"SearchAction\",\"target\":{\"@type\":\"EntryPoint\",\"urlTemplate\":\"https:\/\/goodsensebaltic.ee\/?s={search_term_string}\"},\"query-input\":{\"@type\":\"PropertyValueSpecification\",\"valueRequired\":true,\"valueName\":\"search_term_string\"}}],\"inLanguage\":\"en-US\"},{\"@type\":\"Organization\",\"@id\":\"https:\/\/goodsensebaltic.ee\/#organization\",\"name\":\"Goodsense Baltic\",\"url\":\"https:\/\/goodsensebaltic.ee\/\",\"logo\":{\"@type\":\"ImageObject\",\"inLanguage\":\"en-US\",\"@id\":\"https:\/\/goodsensebaltic.ee\/#\/schema\/logo\/image\/\",\"url\":\"https:\/\/goodsensebaltic.ee\/wp-content\/uploads\/2022\/02\/Goodsense_Baltic_logo-01-1.svg\",\"contentUrl\":\"https:\/\/goodsensebaltic.ee\/wp-content\/uploads\/2022\/02\/Goodsense_Baltic_logo-01-1.svg\",\"width\":988,\"height\":198,\"caption\":\"Goodsense Baltic\"},\"image\":{\"@id\":\"https:\/\/goodsensebaltic.ee\/#\/schema\/logo\/image\/\"},\"sameAs\":[\"https:\/\/www.facebook.com\/GoodsenseBaltic\",\"https:\/\/www.linkedin.com\/company\/goodsense-baltic-o\/\"]}]}<\/script>\n<!-- \/ Yoast SEO plugin. -->","yoast_head_json":{"title":"Balkancar Diisel trucks - Goodsense Baltic","description":"Balkancar diesel truck for sale. Wide range of used forklifts in Tallinn and Tartu. Well maintained and repaired diesel truck for sale. Sale of spare parts for lifting equipment","robots":{"index":"index","follow":"follow","max-snippet":"max-snippet:-1","max-image-preview":"max-image-preview:large","max-video-preview":"max-video-preview:-1"},"canonical":"https:\/\/goodsensebaltic.ee\/en\/product\/balkancar-diesel-forklift-3\/","og_locale":"en_US","og_type":"article","og_title":"Balkancar Diisel trucks - Goodsense Baltic","og_description":"Balkancar diesel truck for sale. Wide range of used forklifts in Tallinn and Tartu. Well maintained and repaired diesel truck for sale. Sale of spare parts for lifting equipment","og_url":"https:\/\/goodsensebaltic.ee\/en\/product\/balkancar-diesel-forklift-3\/","og_site_name":"Goodsense Baltic","article_publisher":"https:\/\/www.facebook.com\/GoodsenseBaltic","article_modified_time":"2024-02-15T09:20:29+00:00","og_image":[{"width":1512,"height":1512,"url":"https:\/\/goodsensebaltic.ee\/wp-content\/uploads\/2022\/12\/IMG_9485.jpg","type":"image\/jpeg"}],"twitter_card":"summary_large_image","schema":{"@context":"https:\/\/schema.org","@graph":[{"@type":"WebPage","@id":"https:\/\/goodsensebaltic.ee\/en\/product\/balkancar-diesel-forklift-3\/","url":"https:\/\/goodsensebaltic.ee\/en\/product\/balkancar-diesel-forklift-3\/","name":"Balkancar Diisel trucks - Goodsense Baltic","isPartOf":{"@id":"https:\/\/goodsensebaltic.ee\/#website"},"primaryImageOfPage":{"@id":"https:\/\/goodsensebaltic.ee\/en\/product\/balkancar-diesel-forklift-3\/#primaryimage"},"image":{"@id":"https:\/\/goodsensebaltic.ee\/en\/product\/balkancar-diesel-forklift-3\/#primaryimage"},"thumbnailUrl":"https:\/\/goodsensebaltic.ee\/wp-content\/uploads\/2022\/12\/IMG_9485.jpg","datePublished":"2022-12-08T14:31:11+00:00","dateModified":"2024-02-15T09:20:29+00:00","description":"Balkancar diesel truck for sale. Wide range of used forklifts in Tallinn and Tartu. Well maintained and repaired diesel truck for sale. Sale of spare parts for lifting equipment","breadcrumb":{"@id":"https:\/\/goodsensebaltic.ee\/en\/product\/balkancar-diesel-forklift-3\/#breadcrumb"},"inLanguage":"en-US","potentialAction":[{"@type":"ReadAction","target":["https:\/\/goodsensebaltic.ee\/en\/product\/balkancar-diesel-forklift-3\/"]}]},{"@type":"ImageObject","inLanguage":"en-US","@id":"https:\/\/goodsensebaltic.ee\/en\/product\/balkancar-diesel-forklift-3\/#primaryimage","url":"https:\/\/goodsensebaltic.ee\/wp-content\/uploads\/2022\/12\/IMG_9485.jpg","contentUrl":"https:\/\/goodsensebaltic.ee\/wp-content\/uploads\/2022\/12\/IMG_9485.jpg","width":1512,"height":1512,"caption":"Balkancar"},{"@type":"BreadcrumbList","@id":"https:\/\/goodsensebaltic.ee\/en\/product\/balkancar-diesel-forklift-3\/#breadcrumb","itemListElement":[{"@type":"ListItem","position":1,"name":"Home","item":"https:\/\/goodsensebaltic.ee\/"},{"@type":"ListItem","position":2,"name":"Shop","item":"https:\/\/goodsensebaltic.ee\/en\/shop\/"},{"@type":"ListItem","position":3,"name":"Balkancar Diisel trucks"}]},{"@type":"WebSite","@id":"https:\/\/goodsensebaltic.ee\/#website","url":"https:\/\/goodsensebaltic.ee\/","name":"Goodsense Baltic","description":"Kahvelt\u00f5stukite ost ja m\u00fc\u00fck","publisher":{"@id":"https:\/\/goodsensebaltic.ee\/#organization"},"potentialAction":[{"@type":"SearchAction","target":{"@type":"EntryPoint","urlTemplate":"https:\/\/goodsensebaltic.ee\/?s={search_term_string}"},"query-input":{"@type":"PropertyValueSpecification","valueRequired":true,"valueName":"search_term_string"}}],"inLanguage":"en-US"},{"@type":"Organization","@id":"https:\/\/goodsensebaltic.ee\/#organization","name":"Goodsense Baltic","url":"https:\/\/goodsensebaltic.ee\/","logo":{"@type":"ImageObject","inLanguage":"en-US","@id":"https:\/\/goodsensebaltic.ee\/#\/schema\/logo\/image\/","url":"https:\/\/goodsensebaltic.ee\/wp-content\/uploads\/2022\/02\/Goodsense_Baltic_logo-01-1.svg","contentUrl":"https:\/\/goodsensebaltic.ee\/wp-content\/uploads\/2022\/02\/Goodsense_Baltic_logo-01-1.svg","width":988,"height":198,"caption":"Goodsense Baltic"},"image":{"@id":"https:\/\/goodsensebaltic.ee\/#\/schema\/logo\/image\/"},"sameAs":["https:\/\/www.facebook.com\/GoodsenseBaltic","https:\/\/www.linkedin.com\/company\/goodsense-baltic-o\/"]}]}},"_links":{"self":[{"href":"https:\/\/goodsensebaltic.ee\/en\/wp-json\/wp\/v2\/product\/12217","targetHints":{"allow":["GET"]}}],"collection":[{"href":"https:\/\/goodsensebaltic.ee\/en\/wp-json\/wp\/v2\/product"}],"about":[{"href":"https:\/\/goodsensebaltic.ee\/en\/wp-json\/wp\/v2\/types\/product"}],"version-history":[{"count":19,"href":"https:\/\/goodsensebaltic.ee\/en\/wp-json\/wp\/v2\/product\/12217\/revisions"}],"predecessor-version":[{"id":22416,"href":"https:\/\/goodsensebaltic.ee\/en\/wp-json\/wp\/v2\/product\/12217\/revisions\/22416"}],"wp:featuredmedia":[{"embeddable":true,"href":"https:\/\/goodsensebaltic.ee\/en\/wp-json\/wp\/v2\/media\/12233"}],"wp:attachment":[{"href":"https:\/\/goodsensebaltic.ee\/en\/wp-json\/wp\/v2\/media?parent=12217"}],"wp:term":[{"taxonomy":"product_brand","embeddable":true,"href":"https:\/\/goodsensebaltic.ee\/en\/wp-json\/wp\/v2\/product_brand?post=12217"},{"taxonomy":"product_cat","embeddable":true,"href":"https:\/\/goodsensebaltic.ee\/en\/wp-json\/wp\/v2\/product_cat?post=12217"},{"taxonomy":"product_tag","embeddable":true,"href":"https:\/\/goodsensebaltic.ee\/en\/wp-json\/wp\/v2\/product_tag?post=12217"}],"curies":[{"name":"wp","href":"https:\/\/api.w.org\/{rel}","templated":true}]}}