{"id":13424,"date":"2023-01-10T10:52:15","date_gmt":"2023-01-10T10:52:15","guid":{"rendered":"https:\/\/goodsensebaltic.ee\/?post_type=product&#038;p=13424"},"modified":"2024-12-02T12:23:41","modified_gmt":"2024-12-02T12:23:41","slug":"7-00-12-solid-tire","status":"publish","type":"product","link":"https:\/\/goodsensebaltic.ee\/en\/product\/7-00-12-solid-tire\/","title":{"rendered":"7.00-12 Solid Tire"},"content":{"rendered":"<p><strong>AVAILABLE!<\/strong><\/p>\n<p>Upgrade the performance of your forklift with 7.00-12 full tyres. This heavy-duty tyre is designed to offer stability, traction and durability in all environments. Thanks to the robust design, you no longer have to worry about maintaining air pressure or downtime. You&#8217;ll be able to tackle any job with confidence and enjoy a smooth, stable ride on your 7.00-12 forklift truck with full tyres.<\/p>\n","protected":false},"excerpt":{"rendered":"<p>7.00-12 Solid Tire &#8211; Forklift Tire &#8211; Forklift Tire &#8211; 7.00-12 Solid Tire for Forklifts<\/p>\n","protected":false},"featured_media":13394,"template":"","meta":[],"product_brand":[],"product_cat":[1176],"product_tag":[],"class_list":{"0":"post-13424","1":"product","2":"type-product","3":"status-publish","4":"has-post-thumbnail","6":"product_cat-tires","8":"first","9":"instock","10":"taxable","11":"shipping-taxable","12":"purchasable","13":"product-type-simple"},"yoast_head":"<!-- This site is optimized with the Yoast SEO plugin v27.0 - https:\/\/yoast.com\/product\/yoast-seo-wordpress\/ -->\n<title>7.00-12 Solid Tire - Goodsense Baltic<\/title>\n<meta name=\"description\" content=\"7.00-12 Full tyres for forklifts. Forklift tires for sale. New and used pneumatic tires for lifting equipment. Full and pneumatic tyres for trucks for sale in Tallinn and Tartu.18x7-8\" \/>\n<meta name=\"robots\" content=\"index, follow, max-snippet:-1, max-image-preview:large, max-video-preview:-1\" \/>\n<link rel=\"canonical\" href=\"https:\/\/goodsensebaltic.ee\/en\/product\/7-00-12-solid-tire\/\" \/>\n<meta property=\"og:locale\" content=\"en_US\" \/>\n<meta property=\"og:type\" content=\"article\" \/>\n<meta property=\"og:title\" content=\"7.00-12 Solid Tire - Goodsense Baltic\" \/>\n<meta property=\"og:description\" content=\"7.00-12 Full tyres for forklifts. Forklift tires for sale. New and used pneumatic tires for lifting equipment. Full and pneumatic tyres for trucks for sale in Tallinn and Tartu.18x7-8\" \/>\n<meta property=\"og:url\" content=\"https:\/\/goodsensebaltic.ee\/en\/product\/7-00-12-solid-tire\/\" \/>\n<meta property=\"og:site_name\" content=\"Goodsense Baltic\" \/>\n<meta property=\"article:publisher\" content=\"https:\/\/www.facebook.com\/GoodsenseBaltic\" \/>\n<meta property=\"article:modified_time\" content=\"2024-12-02T12:23:41+00:00\" \/>\n<meta property=\"og:image\" content=\"https:\/\/goodsensebaltic.ee\/wp-content\/uploads\/2023\/01\/7-00-12-solid-tire.webp\" \/>\n\t<meta property=\"og:image:width\" content=\"800\" \/>\n\t<meta property=\"og:image:height\" content=\"800\" \/>\n\t<meta property=\"og:image:type\" content=\"image\/webp\" \/>\n<meta name=\"twitter:card\" content=\"summary_large_image\" \/>\n<script type=\"application\/ld+json\" class=\"yoast-schema-graph\">{\"@context\":\"https:\/\/schema.org\",\"@graph\":[{\"@type\":\"WebPage\",\"@id\":\"https:\/\/goodsensebaltic.ee\/en\/product\/7-00-12-solid-tire\/\",\"url\":\"https:\/\/goodsensebaltic.ee\/en\/product\/7-00-12-solid-tire\/\",\"name\":\"7.00-12 Solid Tire - Goodsense Baltic\",\"isPartOf\":{\"@id\":\"https:\/\/goodsensebaltic.ee\/#website\"},\"primaryImageOfPage\":{\"@id\":\"https:\/\/goodsensebaltic.ee\/en\/product\/7-00-12-solid-tire\/#primaryimage\"},\"image\":{\"@id\":\"https:\/\/goodsensebaltic.ee\/en\/product\/7-00-12-solid-tire\/#primaryimage\"},\"thumbnailUrl\":\"https:\/\/goodsensebaltic.ee\/wp-content\/uploads\/2023\/01\/7-00-12-solid-tire.webp\",\"datePublished\":\"2023-01-10T10:52:15+00:00\",\"dateModified\":\"2024-12-02T12:23:41+00:00\",\"description\":\"7.00-12 Full tyres for forklifts. Forklift tires for sale. New and used pneumatic tires for lifting equipment. Full and pneumatic tyres for trucks for sale in Tallinn and Tartu.18x7-8\",\"breadcrumb\":{\"@id\":\"https:\/\/goodsensebaltic.ee\/en\/product\/7-00-12-solid-tire\/#breadcrumb\"},\"inLanguage\":\"en-US\",\"potentialAction\":[{\"@type\":\"ReadAction\",\"target\":[\"https:\/\/goodsensebaltic.ee\/en\/product\/7-00-12-solid-tire\/\"]}]},{\"@type\":\"ImageObject\",\"inLanguage\":\"en-US\",\"@id\":\"https:\/\/goodsensebaltic.ee\/en\/product\/7-00-12-solid-tire\/#primaryimage\",\"url\":\"https:\/\/goodsensebaltic.ee\/wp-content\/uploads\/2023\/01\/7-00-12-solid-tire.webp\",\"contentUrl\":\"https:\/\/goodsensebaltic.ee\/wp-content\/uploads\/2023\/01\/7-00-12-solid-tire.webp\",\"width\":800,\"height\":800,\"caption\":\"7.00-12 t\u00f5stuki t\u00e4isrehv\"},{\"@type\":\"BreadcrumbList\",\"@id\":\"https:\/\/goodsensebaltic.ee\/en\/product\/7-00-12-solid-tire\/#breadcrumb\",\"itemListElement\":[{\"@type\":\"ListItem\",\"position\":1,\"name\":\"Home\",\"item\":\"https:\/\/goodsensebaltic.ee\/\"},{\"@type\":\"ListItem\",\"position\":2,\"name\":\"Shop\",\"item\":\"https:\/\/goodsensebaltic.ee\/en\/shop\/\"},{\"@type\":\"ListItem\",\"position\":3,\"name\":\"7.00-12 Solid Tire\"}]},{\"@type\":\"WebSite\",\"@id\":\"https:\/\/goodsensebaltic.ee\/#website\",\"url\":\"https:\/\/goodsensebaltic.ee\/\",\"name\":\"Goodsense Baltic\",\"description\":\"Kahvelt\u00f5stukite ost ja m\u00fc\u00fck\",\"publisher\":{\"@id\":\"https:\/\/goodsensebaltic.ee\/#organization\"},\"potentialAction\":[{\"@type\":\"SearchAction\",\"target\":{\"@type\":\"EntryPoint\",\"urlTemplate\":\"https:\/\/goodsensebaltic.ee\/?s={search_term_string}\"},\"query-input\":{\"@type\":\"PropertyValueSpecification\",\"valueRequired\":true,\"valueName\":\"search_term_string\"}}],\"inLanguage\":\"en-US\"},{\"@type\":\"Organization\",\"@id\":\"https:\/\/goodsensebaltic.ee\/#organization\",\"name\":\"Goodsense Baltic\",\"url\":\"https:\/\/goodsensebaltic.ee\/\",\"logo\":{\"@type\":\"ImageObject\",\"inLanguage\":\"en-US\",\"@id\":\"https:\/\/goodsensebaltic.ee\/#\/schema\/logo\/image\/\",\"url\":\"https:\/\/goodsensebaltic.ee\/wp-content\/uploads\/2022\/02\/Goodsense_Baltic_logo-01-1.svg\",\"contentUrl\":\"https:\/\/goodsensebaltic.ee\/wp-content\/uploads\/2022\/02\/Goodsense_Baltic_logo-01-1.svg\",\"width\":988,\"height\":198,\"caption\":\"Goodsense Baltic\"},\"image\":{\"@id\":\"https:\/\/goodsensebaltic.ee\/#\/schema\/logo\/image\/\"},\"sameAs\":[\"https:\/\/www.facebook.com\/GoodsenseBaltic\",\"https:\/\/www.linkedin.com\/company\/goodsense-baltic-o\/\"]}]}<\/script>\n<!-- \/ Yoast SEO plugin. -->","yoast_head_json":{"title":"7.00-12 Solid Tire - Goodsense Baltic","description":"7.00-12 Full tyres for forklifts. Forklift tires for sale. New and used pneumatic tires for lifting equipment. Full and pneumatic tyres for trucks for sale in Tallinn and Tartu.18x7-8","robots":{"index":"index","follow":"follow","max-snippet":"max-snippet:-1","max-image-preview":"max-image-preview:large","max-video-preview":"max-video-preview:-1"},"canonical":"https:\/\/goodsensebaltic.ee\/en\/product\/7-00-12-solid-tire\/","og_locale":"en_US","og_type":"article","og_title":"7.00-12 Solid Tire - Goodsense Baltic","og_description":"7.00-12 Full tyres for forklifts. Forklift tires for sale. New and used pneumatic tires for lifting equipment. Full and pneumatic tyres for trucks for sale in Tallinn and Tartu.18x7-8","og_url":"https:\/\/goodsensebaltic.ee\/en\/product\/7-00-12-solid-tire\/","og_site_name":"Goodsense Baltic","article_publisher":"https:\/\/www.facebook.com\/GoodsenseBaltic","article_modified_time":"2024-12-02T12:23:41+00:00","og_image":[{"width":800,"height":800,"url":"https:\/\/goodsensebaltic.ee\/wp-content\/uploads\/2023\/01\/7-00-12-solid-tire.webp","type":"image\/webp"}],"twitter_card":"summary_large_image","schema":{"@context":"https:\/\/schema.org","@graph":[{"@type":"WebPage","@id":"https:\/\/goodsensebaltic.ee\/en\/product\/7-00-12-solid-tire\/","url":"https:\/\/goodsensebaltic.ee\/en\/product\/7-00-12-solid-tire\/","name":"7.00-12 Solid Tire - Goodsense Baltic","isPartOf":{"@id":"https:\/\/goodsensebaltic.ee\/#website"},"primaryImageOfPage":{"@id":"https:\/\/goodsensebaltic.ee\/en\/product\/7-00-12-solid-tire\/#primaryimage"},"image":{"@id":"https:\/\/goodsensebaltic.ee\/en\/product\/7-00-12-solid-tire\/#primaryimage"},"thumbnailUrl":"https:\/\/goodsensebaltic.ee\/wp-content\/uploads\/2023\/01\/7-00-12-solid-tire.webp","datePublished":"2023-01-10T10:52:15+00:00","dateModified":"2024-12-02T12:23:41+00:00","description":"7.00-12 Full tyres for forklifts. Forklift tires for sale. New and used pneumatic tires for lifting equipment. Full and pneumatic tyres for trucks for sale in Tallinn and Tartu.18x7-8","breadcrumb":{"@id":"https:\/\/goodsensebaltic.ee\/en\/product\/7-00-12-solid-tire\/#breadcrumb"},"inLanguage":"en-US","potentialAction":[{"@type":"ReadAction","target":["https:\/\/goodsensebaltic.ee\/en\/product\/7-00-12-solid-tire\/"]}]},{"@type":"ImageObject","inLanguage":"en-US","@id":"https:\/\/goodsensebaltic.ee\/en\/product\/7-00-12-solid-tire\/#primaryimage","url":"https:\/\/goodsensebaltic.ee\/wp-content\/uploads\/2023\/01\/7-00-12-solid-tire.webp","contentUrl":"https:\/\/goodsensebaltic.ee\/wp-content\/uploads\/2023\/01\/7-00-12-solid-tire.webp","width":800,"height":800,"caption":"7.00-12 t\u00f5stuki t\u00e4isrehv"},{"@type":"BreadcrumbList","@id":"https:\/\/goodsensebaltic.ee\/en\/product\/7-00-12-solid-tire\/#breadcrumb","itemListElement":[{"@type":"ListItem","position":1,"name":"Home","item":"https:\/\/goodsensebaltic.ee\/"},{"@type":"ListItem","position":2,"name":"Shop","item":"https:\/\/goodsensebaltic.ee\/en\/shop\/"},{"@type":"ListItem","position":3,"name":"7.00-12 Solid Tire"}]},{"@type":"WebSite","@id":"https:\/\/goodsensebaltic.ee\/#website","url":"https:\/\/goodsensebaltic.ee\/","name":"Goodsense Baltic","description":"Kahvelt\u00f5stukite ost ja m\u00fc\u00fck","publisher":{"@id":"https:\/\/goodsensebaltic.ee\/#organization"},"potentialAction":[{"@type":"SearchAction","target":{"@type":"EntryPoint","urlTemplate":"https:\/\/goodsensebaltic.ee\/?s={search_term_string}"},"query-input":{"@type":"PropertyValueSpecification","valueRequired":true,"valueName":"search_term_string"}}],"inLanguage":"en-US"},{"@type":"Organization","@id":"https:\/\/goodsensebaltic.ee\/#organization","name":"Goodsense Baltic","url":"https:\/\/goodsensebaltic.ee\/","logo":{"@type":"ImageObject","inLanguage":"en-US","@id":"https:\/\/goodsensebaltic.ee\/#\/schema\/logo\/image\/","url":"https:\/\/goodsensebaltic.ee\/wp-content\/uploads\/2022\/02\/Goodsense_Baltic_logo-01-1.svg","contentUrl":"https:\/\/goodsensebaltic.ee\/wp-content\/uploads\/2022\/02\/Goodsense_Baltic_logo-01-1.svg","width":988,"height":198,"caption":"Goodsense Baltic"},"image":{"@id":"https:\/\/goodsensebaltic.ee\/#\/schema\/logo\/image\/"},"sameAs":["https:\/\/www.facebook.com\/GoodsenseBaltic","https:\/\/www.linkedin.com\/company\/goodsense-baltic-o\/"]}]}},"_links":{"self":[{"href":"https:\/\/goodsensebaltic.ee\/en\/wp-json\/wp\/v2\/product\/13424","targetHints":{"allow":["GET"]}}],"collection":[{"href":"https:\/\/goodsensebaltic.ee\/en\/wp-json\/wp\/v2\/product"}],"about":[{"href":"https:\/\/goodsensebaltic.ee\/en\/wp-json\/wp\/v2\/types\/product"}],"version-history":[{"count":34,"href":"https:\/\/goodsensebaltic.ee\/en\/wp-json\/wp\/v2\/product\/13424\/revisions"}],"predecessor-version":[{"id":21603,"href":"https:\/\/goodsensebaltic.ee\/en\/wp-json\/wp\/v2\/product\/13424\/revisions\/21603"}],"wp:featuredmedia":[{"embeddable":true,"href":"https:\/\/goodsensebaltic.ee\/en\/wp-json\/wp\/v2\/media\/13394"}],"wp:attachment":[{"href":"https:\/\/goodsensebaltic.ee\/en\/wp-json\/wp\/v2\/media?parent=13424"}],"wp:term":[{"taxonomy":"product_brand","embeddable":true,"href":"https:\/\/goodsensebaltic.ee\/en\/wp-json\/wp\/v2\/product_brand?post=13424"},{"taxonomy":"product_cat","embeddable":true,"href":"https:\/\/goodsensebaltic.ee\/en\/wp-json\/wp\/v2\/product_cat?post=13424"},{"taxonomy":"product_tag","embeddable":true,"href":"https:\/\/goodsensebaltic.ee\/en\/wp-json\/wp\/v2\/product_tag?post=13424"}],"curies":[{"name":"wp","href":"https:\/\/api.w.org\/{rel}","templated":true}]}}