{"id":13886,"date":"2023-01-11T13:44:53","date_gmt":"2023-01-11T13:44:53","guid":{"rendered":"https:\/\/goodsensebaltic.ee\/?post_type=product&#038;p=13886"},"modified":"2023-10-27T06:27:35","modified_gmt":"2023-10-27T06:27:35","slug":"goodsense-td45-luggage-tractor","status":"publish","type":"product","link":"https:\/\/goodsensebaltic.ee\/en\/product\/goodsense-td45-luggage-tractor\/","title":{"rendered":"Goodsense TD45 Luggage Tractor"},"content":{"rendered":"<p><strong>ORDER NOW!<\/strong><\/p>\n<p>Introducing the TD45 diesel luggage tractor, a powerful and efficient solution for towing luggage trolleys at airports and other transport facilities. With its 48,000 kg capacity and 5,800 kg weight, the tractor is designed to handle heavy loads with ease. <\/p>\n<p>Measuring 3,840 mm x 1,670 mm x 2,415 mm, this luggage van has a 4,300 mm wheelbase, allowing easy maneuverability in tight spaces. This luggage trailer has a maximum pulling force of 45 kN and a motor of 55.4 kW, ensuring powerful and smooth towing. The TD45 is the ideal solution for airports, transport facilities, and other areas where trolleys need to be towed.  <\/p>\n","protected":false},"excerpt":{"rendered":"<p>Goodsense 48T Capacity Luggage Tractor &#8211; Forklifts &#8211; Used forklifts &#8211; Forklift spare parts<\/p>\n","protected":false},"featured_media":13889,"template":"","meta":[],"product_brand":[],"product_cat":[230],"product_tag":[200],"class_list":{"0":"post-13886","1":"product","2":"type-product","3":"status-publish","4":"has-post-thumbnail","6":"product_cat-airport-equipment","7":"product_tag-1-en-3","8":"pa_garantii-12-months-en","9":"pa_korgus-2415-mm-en","11":"first","12":"onbackorder","13":"taxable","14":"shipping-taxable","15":"product-type-simple"},"yoast_head":"<!-- This site is optimized with the Yoast SEO plugin v27.0 - https:\/\/yoast.com\/product\/yoast-seo-wordpress\/ -->\n<title>Goodsense TD45 Luggage Tractor - Goodsense Baltic<\/title>\n<meta name=\"description\" content=\"Goodsense Pagasive for sale. New goodsense airport equipment machines for sale in Tallinn and Tartu. Buying and selling a lift truck. Purchase of new and used forklifts.\" \/>\n<meta name=\"robots\" content=\"index, follow, max-snippet:-1, max-image-preview:large, max-video-preview:-1\" \/>\n<link rel=\"canonical\" href=\"https:\/\/goodsensebaltic.ee\/en\/product\/goodsense-td45-luggage-tractor\/\" \/>\n<meta property=\"og:locale\" content=\"en_US\" \/>\n<meta property=\"og:type\" content=\"article\" \/>\n<meta property=\"og:title\" content=\"Goodsense TD45 Luggage Tractor - Goodsense Baltic\" \/>\n<meta property=\"og:description\" content=\"Goodsense Pagasive for sale. New goodsense airport equipment machines for sale in Tallinn and Tartu. Buying and selling a lift truck. Purchase of new and used forklifts.\" \/>\n<meta property=\"og:url\" content=\"https:\/\/goodsensebaltic.ee\/en\/product\/goodsense-td45-luggage-tractor\/\" \/>\n<meta property=\"og:site_name\" content=\"Goodsense Baltic\" \/>\n<meta property=\"article:publisher\" content=\"https:\/\/www.facebook.com\/GoodsenseBaltic\" \/>\n<meta property=\"article:modified_time\" content=\"2023-10-27T06:27:35+00:00\" \/>\n<meta property=\"og:image\" content=\"https:\/\/goodsensebaltic.ee\/wp-content\/uploads\/2023\/01\/20200909182142_686.jpg\" \/>\n\t<meta property=\"og:image:width\" content=\"2244\" \/>\n\t<meta property=\"og:image:height\" content=\"2244\" \/>\n\t<meta property=\"og:image:type\" content=\"image\/jpeg\" \/>\n<meta name=\"twitter:card\" content=\"summary_large_image\" \/>\n<script type=\"application\/ld+json\" class=\"yoast-schema-graph\">{\"@context\":\"https:\/\/schema.org\",\"@graph\":[{\"@type\":\"WebPage\",\"@id\":\"https:\/\/goodsensebaltic.ee\/en\/product\/goodsense-td45-luggage-tractor\/\",\"url\":\"https:\/\/goodsensebaltic.ee\/en\/product\/goodsense-td45-luggage-tractor\/\",\"name\":\"Goodsense TD45 Luggage Tractor - Goodsense Baltic\",\"isPartOf\":{\"@id\":\"https:\/\/goodsensebaltic.ee\/#website\"},\"primaryImageOfPage\":{\"@id\":\"https:\/\/goodsensebaltic.ee\/en\/product\/goodsense-td45-luggage-tractor\/#primaryimage\"},\"image\":{\"@id\":\"https:\/\/goodsensebaltic.ee\/en\/product\/goodsense-td45-luggage-tractor\/#primaryimage\"},\"thumbnailUrl\":\"https:\/\/goodsensebaltic.ee\/wp-content\/uploads\/2023\/01\/20200909182142_686.jpg\",\"datePublished\":\"2023-01-11T13:44:53+00:00\",\"dateModified\":\"2023-10-27T06:27:35+00:00\",\"description\":\"Goodsense Pagasive for sale. New goodsense airport equipment machines for sale in Tallinn and Tartu. Buying and selling a lift truck. Purchase of new and used forklifts.\",\"breadcrumb\":{\"@id\":\"https:\/\/goodsensebaltic.ee\/en\/product\/goodsense-td45-luggage-tractor\/#breadcrumb\"},\"inLanguage\":\"en-US\",\"potentialAction\":[{\"@type\":\"ReadAction\",\"target\":[\"https:\/\/goodsensebaltic.ee\/en\/product\/goodsense-td45-luggage-tractor\/\"]}]},{\"@type\":\"ImageObject\",\"inLanguage\":\"en-US\",\"@id\":\"https:\/\/goodsensebaltic.ee\/en\/product\/goodsense-td45-luggage-tractor\/#primaryimage\",\"url\":\"https:\/\/goodsensebaltic.ee\/wp-content\/uploads\/2023\/01\/20200909182142_686.jpg\",\"contentUrl\":\"https:\/\/goodsensebaltic.ee\/wp-content\/uploads\/2023\/01\/20200909182142_686.jpg\",\"width\":2244,\"height\":2244,\"caption\":\"Pagasiveokite m\u00fc\u00fck\"},{\"@type\":\"BreadcrumbList\",\"@id\":\"https:\/\/goodsensebaltic.ee\/en\/product\/goodsense-td45-luggage-tractor\/#breadcrumb\",\"itemListElement\":[{\"@type\":\"ListItem\",\"position\":1,\"name\":\"Home\",\"item\":\"https:\/\/goodsensebaltic.ee\/\"},{\"@type\":\"ListItem\",\"position\":2,\"name\":\"Shop\",\"item\":\"https:\/\/goodsensebaltic.ee\/en\/shop\/\"},{\"@type\":\"ListItem\",\"position\":3,\"name\":\"Goodsense TD45 Luggage Tractor\"}]},{\"@type\":\"WebSite\",\"@id\":\"https:\/\/goodsensebaltic.ee\/#website\",\"url\":\"https:\/\/goodsensebaltic.ee\/\",\"name\":\"Goodsense Baltic\",\"description\":\"Kahvelt\u00f5stukite ost ja m\u00fc\u00fck\",\"publisher\":{\"@id\":\"https:\/\/goodsensebaltic.ee\/#organization\"},\"potentialAction\":[{\"@type\":\"SearchAction\",\"target\":{\"@type\":\"EntryPoint\",\"urlTemplate\":\"https:\/\/goodsensebaltic.ee\/?s={search_term_string}\"},\"query-input\":{\"@type\":\"PropertyValueSpecification\",\"valueRequired\":true,\"valueName\":\"search_term_string\"}}],\"inLanguage\":\"en-US\"},{\"@type\":\"Organization\",\"@id\":\"https:\/\/goodsensebaltic.ee\/#organization\",\"name\":\"Goodsense Baltic\",\"url\":\"https:\/\/goodsensebaltic.ee\/\",\"logo\":{\"@type\":\"ImageObject\",\"inLanguage\":\"en-US\",\"@id\":\"https:\/\/goodsensebaltic.ee\/#\/schema\/logo\/image\/\",\"url\":\"https:\/\/goodsensebaltic.ee\/wp-content\/uploads\/2022\/02\/Goodsense_Baltic_logo-01-1.svg\",\"contentUrl\":\"https:\/\/goodsensebaltic.ee\/wp-content\/uploads\/2022\/02\/Goodsense_Baltic_logo-01-1.svg\",\"width\":988,\"height\":198,\"caption\":\"Goodsense Baltic\"},\"image\":{\"@id\":\"https:\/\/goodsensebaltic.ee\/#\/schema\/logo\/image\/\"},\"sameAs\":[\"https:\/\/www.facebook.com\/GoodsenseBaltic\",\"https:\/\/www.linkedin.com\/company\/goodsense-baltic-o\/\"]}]}<\/script>\n<!-- \/ Yoast SEO plugin. -->","yoast_head_json":{"title":"Goodsense TD45 Luggage Tractor - Goodsense Baltic","description":"Goodsense Pagasive for sale. New goodsense airport equipment machines for sale in Tallinn and Tartu. Buying and selling a lift truck. Purchase of new and used forklifts.","robots":{"index":"index","follow":"follow","max-snippet":"max-snippet:-1","max-image-preview":"max-image-preview:large","max-video-preview":"max-video-preview:-1"},"canonical":"https:\/\/goodsensebaltic.ee\/en\/product\/goodsense-td45-luggage-tractor\/","og_locale":"en_US","og_type":"article","og_title":"Goodsense TD45 Luggage Tractor - Goodsense Baltic","og_description":"Goodsense Pagasive for sale. New goodsense airport equipment machines for sale in Tallinn and Tartu. Buying and selling a lift truck. Purchase of new and used forklifts.","og_url":"https:\/\/goodsensebaltic.ee\/en\/product\/goodsense-td45-luggage-tractor\/","og_site_name":"Goodsense Baltic","article_publisher":"https:\/\/www.facebook.com\/GoodsenseBaltic","article_modified_time":"2023-10-27T06:27:35+00:00","og_image":[{"width":2244,"height":2244,"url":"https:\/\/goodsensebaltic.ee\/wp-content\/uploads\/2023\/01\/20200909182142_686.jpg","type":"image\/jpeg"}],"twitter_card":"summary_large_image","schema":{"@context":"https:\/\/schema.org","@graph":[{"@type":"WebPage","@id":"https:\/\/goodsensebaltic.ee\/en\/product\/goodsense-td45-luggage-tractor\/","url":"https:\/\/goodsensebaltic.ee\/en\/product\/goodsense-td45-luggage-tractor\/","name":"Goodsense TD45 Luggage Tractor - Goodsense Baltic","isPartOf":{"@id":"https:\/\/goodsensebaltic.ee\/#website"},"primaryImageOfPage":{"@id":"https:\/\/goodsensebaltic.ee\/en\/product\/goodsense-td45-luggage-tractor\/#primaryimage"},"image":{"@id":"https:\/\/goodsensebaltic.ee\/en\/product\/goodsense-td45-luggage-tractor\/#primaryimage"},"thumbnailUrl":"https:\/\/goodsensebaltic.ee\/wp-content\/uploads\/2023\/01\/20200909182142_686.jpg","datePublished":"2023-01-11T13:44:53+00:00","dateModified":"2023-10-27T06:27:35+00:00","description":"Goodsense Pagasive for sale. New goodsense airport equipment machines for sale in Tallinn and Tartu. Buying and selling a lift truck. Purchase of new and used forklifts.","breadcrumb":{"@id":"https:\/\/goodsensebaltic.ee\/en\/product\/goodsense-td45-luggage-tractor\/#breadcrumb"},"inLanguage":"en-US","potentialAction":[{"@type":"ReadAction","target":["https:\/\/goodsensebaltic.ee\/en\/product\/goodsense-td45-luggage-tractor\/"]}]},{"@type":"ImageObject","inLanguage":"en-US","@id":"https:\/\/goodsensebaltic.ee\/en\/product\/goodsense-td45-luggage-tractor\/#primaryimage","url":"https:\/\/goodsensebaltic.ee\/wp-content\/uploads\/2023\/01\/20200909182142_686.jpg","contentUrl":"https:\/\/goodsensebaltic.ee\/wp-content\/uploads\/2023\/01\/20200909182142_686.jpg","width":2244,"height":2244,"caption":"Pagasiveokite m\u00fc\u00fck"},{"@type":"BreadcrumbList","@id":"https:\/\/goodsensebaltic.ee\/en\/product\/goodsense-td45-luggage-tractor\/#breadcrumb","itemListElement":[{"@type":"ListItem","position":1,"name":"Home","item":"https:\/\/goodsensebaltic.ee\/"},{"@type":"ListItem","position":2,"name":"Shop","item":"https:\/\/goodsensebaltic.ee\/en\/shop\/"},{"@type":"ListItem","position":3,"name":"Goodsense TD45 Luggage Tractor"}]},{"@type":"WebSite","@id":"https:\/\/goodsensebaltic.ee\/#website","url":"https:\/\/goodsensebaltic.ee\/","name":"Goodsense Baltic","description":"Kahvelt\u00f5stukite ost ja m\u00fc\u00fck","publisher":{"@id":"https:\/\/goodsensebaltic.ee\/#organization"},"potentialAction":[{"@type":"SearchAction","target":{"@type":"EntryPoint","urlTemplate":"https:\/\/goodsensebaltic.ee\/?s={search_term_string}"},"query-input":{"@type":"PropertyValueSpecification","valueRequired":true,"valueName":"search_term_string"}}],"inLanguage":"en-US"},{"@type":"Organization","@id":"https:\/\/goodsensebaltic.ee\/#organization","name":"Goodsense Baltic","url":"https:\/\/goodsensebaltic.ee\/","logo":{"@type":"ImageObject","inLanguage":"en-US","@id":"https:\/\/goodsensebaltic.ee\/#\/schema\/logo\/image\/","url":"https:\/\/goodsensebaltic.ee\/wp-content\/uploads\/2022\/02\/Goodsense_Baltic_logo-01-1.svg","contentUrl":"https:\/\/goodsensebaltic.ee\/wp-content\/uploads\/2022\/02\/Goodsense_Baltic_logo-01-1.svg","width":988,"height":198,"caption":"Goodsense Baltic"},"image":{"@id":"https:\/\/goodsensebaltic.ee\/#\/schema\/logo\/image\/"},"sameAs":["https:\/\/www.facebook.com\/GoodsenseBaltic","https:\/\/www.linkedin.com\/company\/goodsense-baltic-o\/"]}]}},"_links":{"self":[{"href":"https:\/\/goodsensebaltic.ee\/en\/wp-json\/wp\/v2\/product\/13886","targetHints":{"allow":["GET"]}}],"collection":[{"href":"https:\/\/goodsensebaltic.ee\/en\/wp-json\/wp\/v2\/product"}],"about":[{"href":"https:\/\/goodsensebaltic.ee\/en\/wp-json\/wp\/v2\/types\/product"}],"version-history":[{"count":24,"href":"https:\/\/goodsensebaltic.ee\/en\/wp-json\/wp\/v2\/product\/13886\/revisions"}],"predecessor-version":[{"id":21594,"href":"https:\/\/goodsensebaltic.ee\/en\/wp-json\/wp\/v2\/product\/13886\/revisions\/21594"}],"wp:featuredmedia":[{"embeddable":true,"href":"https:\/\/goodsensebaltic.ee\/en\/wp-json\/wp\/v2\/media\/13889"}],"wp:attachment":[{"href":"https:\/\/goodsensebaltic.ee\/en\/wp-json\/wp\/v2\/media?parent=13886"}],"wp:term":[{"taxonomy":"product_brand","embeddable":true,"href":"https:\/\/goodsensebaltic.ee\/en\/wp-json\/wp\/v2\/product_brand?post=13886"},{"taxonomy":"product_cat","embeddable":true,"href":"https:\/\/goodsensebaltic.ee\/en\/wp-json\/wp\/v2\/product_cat?post=13886"},{"taxonomy":"product_tag","embeddable":true,"href":"https:\/\/goodsensebaltic.ee\/en\/wp-json\/wp\/v2\/product_tag?post=13886"}],"curies":[{"name":"wp","href":"https:\/\/api.w.org\/{rel}","templated":true}]}}