{"id":13990,"date":"2023-01-11T14:35:16","date_gmt":"2023-01-11T14:35:16","guid":{"rendered":"https:\/\/goodsensebaltic.ee\/?post_type=product&#038;p=13990"},"modified":"2023-10-27T06:27:40","modified_gmt":"2023-10-27T06:27:40","slug":"goodsense-tb06-electric-tow-tractor","status":"publish","type":"product","link":"https:\/\/goodsensebaltic.ee\/en\/product\/goodsense-tb06-electric-tow-tractor\/","title":{"rendered":"Goodsense TB06 Electric Tow Tractor"},"content":{"rendered":"<p><strong>ORDER NOW!<\/strong><\/p>\n<p>The TB06 electric aircraft tow tractor is a powerful and efficient solution for towing aircraft on runways. This state-of-the-art vehicle is powered by a lithium-ion battery that is reliable and sustainable. With a towing capacity of 6000 kg and a weight of 1150 kg, including a battery, this tow tractor is designed to easily tow heavy loads.  <\/p>\n<p>Measuring 1963 mm x 990 mm x 1376 mm, this tow tractor has a compact design and a 1770 mm towing radius, allowing easy maneuverability in tight spaces. This tow tractor has a maximum pulling force of 6,500 N and a battery power of 6 kW, ensuring powerful and smooth towing performance. The TB06 electric aircraft tug is the ideal solution for airports, airfields, and military bases. This emission-free vehicle is not only environmentally friendly but also quiet, making it ideal for use in noise-sensitive environments.   <\/p>\n","protected":false},"excerpt":{"rendered":"<p>Goodsense 6T Towing Capacity Electric Tow Tractor &#8211; Forklifts &#8211; Used forklifts &#8211; Forklift spare parts<\/p>\n","protected":false},"featured_media":18749,"template":"","meta":[],"product_brand":[],"product_cat":[230],"product_tag":[200],"class_list":{"0":"post-13990","1":"product","2":"type-product","3":"status-publish","4":"has-post-thumbnail","6":"product_cat-airport-equipment","7":"product_tag-1-en-3","8":"pa_garantii-12-months-en","9":"pa_korgus-1376-mm-en","11":"first","12":"outofstock","13":"taxable","14":"shipping-taxable","15":"product-type-simple"},"yoast_head":"<!-- This site is optimized with the Yoast SEO plugin v27.0 - https:\/\/yoast.com\/product\/yoast-seo-wordpress\/ -->\n<title>Goodsense TB06 Electric Tow Tractor - Goodsense Baltic<\/title>\n<meta name=\"description\" content=\"Goodsense tow truck for sale. New goodsense airport equipment machines for sale in Tallinn and Tartu. Buying and selling a lift truck. Sale of new and used forklifts.\" \/>\n<meta name=\"robots\" content=\"index, follow, max-snippet:-1, max-image-preview:large, max-video-preview:-1\" \/>\n<link rel=\"canonical\" href=\"https:\/\/goodsensebaltic.ee\/en\/product\/goodsense-tb06-electric-tow-tractor\/\" \/>\n<meta property=\"og:locale\" content=\"en_US\" \/>\n<meta property=\"og:type\" content=\"article\" \/>\n<meta property=\"og:title\" content=\"Goodsense TB06 Electric Tow Tractor - Goodsense Baltic\" \/>\n<meta property=\"og:description\" content=\"Goodsense tow truck for sale. New goodsense airport equipment machines for sale in Tallinn and Tartu. Buying and selling a lift truck. Sale of new and used forklifts.\" \/>\n<meta property=\"og:url\" content=\"https:\/\/goodsensebaltic.ee\/en\/product\/goodsense-tb06-electric-tow-tractor\/\" \/>\n<meta property=\"og:site_name\" content=\"Goodsense Baltic\" \/>\n<meta property=\"article:publisher\" content=\"https:\/\/www.facebook.com\/GoodsenseBaltic\" \/>\n<meta property=\"article:modified_time\" content=\"2023-10-27T06:27:40+00:00\" \/>\n<meta property=\"og:image\" content=\"https:\/\/goodsensebaltic.ee\/wp-content\/uploads\/2023\/01\/TB06-Puksiir.png\" \/>\n\t<meta property=\"og:image:width\" content=\"2100\" \/>\n\t<meta property=\"og:image:height\" content=\"2100\" \/>\n\t<meta property=\"og:image:type\" content=\"image\/png\" \/>\n<meta name=\"twitter:card\" content=\"summary_large_image\" \/>\n<meta name=\"twitter:label1\" content=\"Est. reading time\" \/>\n\t<meta name=\"twitter:data1\" content=\"1 minute\" \/>\n<script type=\"application\/ld+json\" class=\"yoast-schema-graph\">{\"@context\":\"https:\/\/schema.org\",\"@graph\":[{\"@type\":\"WebPage\",\"@id\":\"https:\/\/goodsensebaltic.ee\/en\/product\/goodsense-tb06-electric-tow-tractor\/\",\"url\":\"https:\/\/goodsensebaltic.ee\/en\/product\/goodsense-tb06-electric-tow-tractor\/\",\"name\":\"Goodsense TB06 Electric Tow Tractor - Goodsense Baltic\",\"isPartOf\":{\"@id\":\"https:\/\/goodsensebaltic.ee\/#website\"},\"primaryImageOfPage\":{\"@id\":\"https:\/\/goodsensebaltic.ee\/en\/product\/goodsense-tb06-electric-tow-tractor\/#primaryimage\"},\"image\":{\"@id\":\"https:\/\/goodsensebaltic.ee\/en\/product\/goodsense-tb06-electric-tow-tractor\/#primaryimage\"},\"thumbnailUrl\":\"https:\/\/goodsensebaltic.ee\/wp-content\/uploads\/2023\/01\/TB06-Puksiir.png\",\"datePublished\":\"2023-01-11T14:35:16+00:00\",\"dateModified\":\"2023-10-27T06:27:40+00:00\",\"description\":\"Goodsense tow truck for sale. New goodsense airport equipment machines for sale in Tallinn and Tartu. Buying and selling a lift truck. Sale of new and used forklifts.\",\"breadcrumb\":{\"@id\":\"https:\/\/goodsensebaltic.ee\/en\/product\/goodsense-tb06-electric-tow-tractor\/#breadcrumb\"},\"inLanguage\":\"en-US\",\"potentialAction\":[{\"@type\":\"ReadAction\",\"target\":[\"https:\/\/goodsensebaltic.ee\/en\/product\/goodsense-tb06-electric-tow-tractor\/\"]}]},{\"@type\":\"ImageObject\",\"inLanguage\":\"en-US\",\"@id\":\"https:\/\/goodsensebaltic.ee\/en\/product\/goodsense-tb06-electric-tow-tractor\/#primaryimage\",\"url\":\"https:\/\/goodsensebaltic.ee\/wp-content\/uploads\/2023\/01\/TB06-Puksiir.png\",\"contentUrl\":\"https:\/\/goodsensebaltic.ee\/wp-content\/uploads\/2023\/01\/TB06-Puksiir.png\",\"width\":2100,\"height\":2100,\"caption\":\"TB06 Puksiir\"},{\"@type\":\"BreadcrumbList\",\"@id\":\"https:\/\/goodsensebaltic.ee\/en\/product\/goodsense-tb06-electric-tow-tractor\/#breadcrumb\",\"itemListElement\":[{\"@type\":\"ListItem\",\"position\":1,\"name\":\"Home\",\"item\":\"https:\/\/goodsensebaltic.ee\/\"},{\"@type\":\"ListItem\",\"position\":2,\"name\":\"Shop\",\"item\":\"https:\/\/goodsensebaltic.ee\/en\/shop\/\"},{\"@type\":\"ListItem\",\"position\":3,\"name\":\"Goodsense TB06 Electric Tow Tractor\"}]},{\"@type\":\"WebSite\",\"@id\":\"https:\/\/goodsensebaltic.ee\/#website\",\"url\":\"https:\/\/goodsensebaltic.ee\/\",\"name\":\"Goodsense Baltic\",\"description\":\"Kahvelt\u00f5stukite ost ja m\u00fc\u00fck\",\"publisher\":{\"@id\":\"https:\/\/goodsensebaltic.ee\/#organization\"},\"potentialAction\":[{\"@type\":\"SearchAction\",\"target\":{\"@type\":\"EntryPoint\",\"urlTemplate\":\"https:\/\/goodsensebaltic.ee\/?s={search_term_string}\"},\"query-input\":{\"@type\":\"PropertyValueSpecification\",\"valueRequired\":true,\"valueName\":\"search_term_string\"}}],\"inLanguage\":\"en-US\"},{\"@type\":\"Organization\",\"@id\":\"https:\/\/goodsensebaltic.ee\/#organization\",\"name\":\"Goodsense Baltic\",\"url\":\"https:\/\/goodsensebaltic.ee\/\",\"logo\":{\"@type\":\"ImageObject\",\"inLanguage\":\"en-US\",\"@id\":\"https:\/\/goodsensebaltic.ee\/#\/schema\/logo\/image\/\",\"url\":\"https:\/\/goodsensebaltic.ee\/wp-content\/uploads\/2022\/02\/Goodsense_Baltic_logo-01-1.svg\",\"contentUrl\":\"https:\/\/goodsensebaltic.ee\/wp-content\/uploads\/2022\/02\/Goodsense_Baltic_logo-01-1.svg\",\"width\":988,\"height\":198,\"caption\":\"Goodsense Baltic\"},\"image\":{\"@id\":\"https:\/\/goodsensebaltic.ee\/#\/schema\/logo\/image\/\"},\"sameAs\":[\"https:\/\/www.facebook.com\/GoodsenseBaltic\",\"https:\/\/www.linkedin.com\/company\/goodsense-baltic-o\/\"]}]}<\/script>\n<!-- \/ Yoast SEO plugin. -->","yoast_head_json":{"title":"Goodsense TB06 Electric Tow Tractor - Goodsense Baltic","description":"Goodsense tow truck for sale. New goodsense airport equipment machines for sale in Tallinn and Tartu. Buying and selling a lift truck. Sale of new and used forklifts.","robots":{"index":"index","follow":"follow","max-snippet":"max-snippet:-1","max-image-preview":"max-image-preview:large","max-video-preview":"max-video-preview:-1"},"canonical":"https:\/\/goodsensebaltic.ee\/en\/product\/goodsense-tb06-electric-tow-tractor\/","og_locale":"en_US","og_type":"article","og_title":"Goodsense TB06 Electric Tow Tractor - Goodsense Baltic","og_description":"Goodsense tow truck for sale. New goodsense airport equipment machines for sale in Tallinn and Tartu. Buying and selling a lift truck. Sale of new and used forklifts.","og_url":"https:\/\/goodsensebaltic.ee\/en\/product\/goodsense-tb06-electric-tow-tractor\/","og_site_name":"Goodsense Baltic","article_publisher":"https:\/\/www.facebook.com\/GoodsenseBaltic","article_modified_time":"2023-10-27T06:27:40+00:00","og_image":[{"width":2100,"height":2100,"url":"https:\/\/goodsensebaltic.ee\/wp-content\/uploads\/2023\/01\/TB06-Puksiir.png","type":"image\/png"}],"twitter_card":"summary_large_image","twitter_misc":{"Est. reading time":"1 minute"},"schema":{"@context":"https:\/\/schema.org","@graph":[{"@type":"WebPage","@id":"https:\/\/goodsensebaltic.ee\/en\/product\/goodsense-tb06-electric-tow-tractor\/","url":"https:\/\/goodsensebaltic.ee\/en\/product\/goodsense-tb06-electric-tow-tractor\/","name":"Goodsense TB06 Electric Tow Tractor - Goodsense Baltic","isPartOf":{"@id":"https:\/\/goodsensebaltic.ee\/#website"},"primaryImageOfPage":{"@id":"https:\/\/goodsensebaltic.ee\/en\/product\/goodsense-tb06-electric-tow-tractor\/#primaryimage"},"image":{"@id":"https:\/\/goodsensebaltic.ee\/en\/product\/goodsense-tb06-electric-tow-tractor\/#primaryimage"},"thumbnailUrl":"https:\/\/goodsensebaltic.ee\/wp-content\/uploads\/2023\/01\/TB06-Puksiir.png","datePublished":"2023-01-11T14:35:16+00:00","dateModified":"2023-10-27T06:27:40+00:00","description":"Goodsense tow truck for sale. New goodsense airport equipment machines for sale in Tallinn and Tartu. Buying and selling a lift truck. Sale of new and used forklifts.","breadcrumb":{"@id":"https:\/\/goodsensebaltic.ee\/en\/product\/goodsense-tb06-electric-tow-tractor\/#breadcrumb"},"inLanguage":"en-US","potentialAction":[{"@type":"ReadAction","target":["https:\/\/goodsensebaltic.ee\/en\/product\/goodsense-tb06-electric-tow-tractor\/"]}]},{"@type":"ImageObject","inLanguage":"en-US","@id":"https:\/\/goodsensebaltic.ee\/en\/product\/goodsense-tb06-electric-tow-tractor\/#primaryimage","url":"https:\/\/goodsensebaltic.ee\/wp-content\/uploads\/2023\/01\/TB06-Puksiir.png","contentUrl":"https:\/\/goodsensebaltic.ee\/wp-content\/uploads\/2023\/01\/TB06-Puksiir.png","width":2100,"height":2100,"caption":"TB06 Puksiir"},{"@type":"BreadcrumbList","@id":"https:\/\/goodsensebaltic.ee\/en\/product\/goodsense-tb06-electric-tow-tractor\/#breadcrumb","itemListElement":[{"@type":"ListItem","position":1,"name":"Home","item":"https:\/\/goodsensebaltic.ee\/"},{"@type":"ListItem","position":2,"name":"Shop","item":"https:\/\/goodsensebaltic.ee\/en\/shop\/"},{"@type":"ListItem","position":3,"name":"Goodsense TB06 Electric Tow Tractor"}]},{"@type":"WebSite","@id":"https:\/\/goodsensebaltic.ee\/#website","url":"https:\/\/goodsensebaltic.ee\/","name":"Goodsense Baltic","description":"Kahvelt\u00f5stukite ost ja m\u00fc\u00fck","publisher":{"@id":"https:\/\/goodsensebaltic.ee\/#organization"},"potentialAction":[{"@type":"SearchAction","target":{"@type":"EntryPoint","urlTemplate":"https:\/\/goodsensebaltic.ee\/?s={search_term_string}"},"query-input":{"@type":"PropertyValueSpecification","valueRequired":true,"valueName":"search_term_string"}}],"inLanguage":"en-US"},{"@type":"Organization","@id":"https:\/\/goodsensebaltic.ee\/#organization","name":"Goodsense Baltic","url":"https:\/\/goodsensebaltic.ee\/","logo":{"@type":"ImageObject","inLanguage":"en-US","@id":"https:\/\/goodsensebaltic.ee\/#\/schema\/logo\/image\/","url":"https:\/\/goodsensebaltic.ee\/wp-content\/uploads\/2022\/02\/Goodsense_Baltic_logo-01-1.svg","contentUrl":"https:\/\/goodsensebaltic.ee\/wp-content\/uploads\/2022\/02\/Goodsense_Baltic_logo-01-1.svg","width":988,"height":198,"caption":"Goodsense Baltic"},"image":{"@id":"https:\/\/goodsensebaltic.ee\/#\/schema\/logo\/image\/"},"sameAs":["https:\/\/www.facebook.com\/GoodsenseBaltic","https:\/\/www.linkedin.com\/company\/goodsense-baltic-o\/"]}]}},"_links":{"self":[{"href":"https:\/\/goodsensebaltic.ee\/en\/wp-json\/wp\/v2\/product\/13990","targetHints":{"allow":["GET"]}}],"collection":[{"href":"https:\/\/goodsensebaltic.ee\/en\/wp-json\/wp\/v2\/product"}],"about":[{"href":"https:\/\/goodsensebaltic.ee\/en\/wp-json\/wp\/v2\/types\/product"}],"version-history":[{"count":22,"href":"https:\/\/goodsensebaltic.ee\/en\/wp-json\/wp\/v2\/product\/13990\/revisions"}],"predecessor-version":[{"id":21600,"href":"https:\/\/goodsensebaltic.ee\/en\/wp-json\/wp\/v2\/product\/13990\/revisions\/21600"}],"wp:featuredmedia":[{"embeddable":true,"href":"https:\/\/goodsensebaltic.ee\/en\/wp-json\/wp\/v2\/media\/18749"}],"wp:attachment":[{"href":"https:\/\/goodsensebaltic.ee\/en\/wp-json\/wp\/v2\/media?parent=13990"}],"wp:term":[{"taxonomy":"product_brand","embeddable":true,"href":"https:\/\/goodsensebaltic.ee\/en\/wp-json\/wp\/v2\/product_brand?post=13990"},{"taxonomy":"product_cat","embeddable":true,"href":"https:\/\/goodsensebaltic.ee\/en\/wp-json\/wp\/v2\/product_cat?post=13990"},{"taxonomy":"product_tag","embeddable":true,"href":"https:\/\/goodsensebaltic.ee\/en\/wp-json\/wp\/v2\/product_tag?post=13990"}],"curies":[{"name":"wp","href":"https:\/\/api.w.org\/{rel}","templated":true}]}}