{"id":21281,"date":"2023-09-14T11:17:53","date_gmt":"2023-09-14T11:17:53","guid":{"rendered":"https:\/\/goodsensebaltic.ee\/?post_type=product&#038;p=21281"},"modified":"2024-09-30T08:20:31","modified_gmt":"2024-09-30T08:20:31","slug":"clark-c500y-lpg-forklift","status":"publish","type":"product","link":"https:\/\/goodsensebaltic.ee\/en\/product\/clark-c500y-lpg-forklift\/","title":{"rendered":"Clark C500Y LPG Forklift"},"content":{"rendered":"<p>Inspected and maintained by the capable Clark LPG forklift. Freshly serviced, repaired brakes and other essentials.<\/p>\n","protected":false},"excerpt":{"rendered":"<p>Clark C500Y 2.5T Lift Truck &#8211; Lift trucks &#8211; Used lift trucks &#8211; Lift truck spare parts<\/p>\n<div id=\"highlighter--hover-tools\" style=\"display: none;\">\n<div id=\"highlighter--hover-tools--container\">\n<div class=\"highlighter--icon highlighter--icon-copy\" title=\"Copy\"><\/div>\n<div class=\"highlighter--icon highlighter--icon-change-color\" title=\"Change Color\"><\/div>\n<div class=\"highlighter--icon highlighter--icon-delete\" title=\"Delete\"><\/div>\n<\/div>\n<\/div>\n<div id=\"highlighter--hover-tools\" style=\"display: none;\">\n<div id=\"highlighter--hover-tools--container\">\n<div class=\"highlighter--icon highlighter--icon-copy\" title=\"Copy\"><\/div>\n<div class=\"highlighter--icon highlighter--icon-change-color\" title=\"Change Color\"><\/div>\n<div class=\"highlighter--icon highlighter--icon-delete\" title=\"Delete\"><\/div>\n<\/div>\n<\/div>\n","protected":false},"featured_media":23563,"template":"","meta":[],"product_brand":[],"product_cat":[144],"product_tag":[],"class_list":{"0":"post-21281","1":"product","2":"type-product","3":"status-publish","4":"has-post-thumbnail","6":"product_cat-forklifts","7":"pa_tostejoud-1-2t-en","9":"first","10":"outofstock","11":"sale","12":"taxable","13":"shipping-taxable","14":"purchasable","15":"product-type-simple"},"yoast_head":"<!-- This site is optimized with the Yoast SEO plugin v27.0 - https:\/\/yoast.com\/product\/yoast-seo-wordpress\/ -->\n<title>Clark C500Y LPG Forklift - Goodsense Baltic<\/title>\n<meta name=\"description\" content=\"Clark LPG forklift for sale. Freshly serviced forklift with 2.5T lifting capacity. Sale of gasoline forklifts in Tallinn and Tartu.\" \/>\n<meta name=\"robots\" content=\"index, follow, max-snippet:-1, max-image-preview:large, max-video-preview:-1\" \/>\n<link rel=\"canonical\" href=\"https:\/\/goodsensebaltic.ee\/en\/product\/clark-c500y-lpg-forklift\/\" \/>\n<meta property=\"og:locale\" content=\"en_US\" \/>\n<meta property=\"og:type\" content=\"article\" \/>\n<meta property=\"og:title\" content=\"Clark C500Y LPG Forklift - Goodsense Baltic\" \/>\n<meta property=\"og:description\" content=\"Clark LPG forklift for sale. Freshly serviced forklift with 2.5T lifting capacity. Sale of gasoline forklifts in Tallinn and Tartu.\" \/>\n<meta property=\"og:url\" content=\"https:\/\/goodsensebaltic.ee\/en\/product\/clark-c500y-lpg-forklift\/\" \/>\n<meta property=\"og:site_name\" content=\"Goodsense Baltic\" \/>\n<meta property=\"article:publisher\" content=\"https:\/\/www.facebook.com\/GoodsenseBaltic\" \/>\n<meta property=\"article:modified_time\" content=\"2024-09-30T08:20:31+00:00\" \/>\n<meta property=\"og:image\" content=\"https:\/\/goodsensebaltic.ee\/wp-content\/uploads\/2023\/09\/Clark-C500Y-Gaasitostuk-1-scaled.jpg\" \/>\n\t<meta property=\"og:image:width\" content=\"2560\" \/>\n\t<meta property=\"og:image:height\" content=\"2560\" \/>\n\t<meta property=\"og:image:type\" content=\"image\/jpeg\" \/>\n<meta name=\"twitter:card\" content=\"summary_large_image\" \/>\n<meta name=\"twitter:label1\" content=\"Est. reading time\" \/>\n\t<meta name=\"twitter:data1\" content=\"1 minute\" \/>\n<script type=\"application\/ld+json\" class=\"yoast-schema-graph\">{\"@context\":\"https:\/\/schema.org\",\"@graph\":[{\"@type\":\"WebPage\",\"@id\":\"https:\/\/goodsensebaltic.ee\/en\/product\/clark-c500y-lpg-forklift\/\",\"url\":\"https:\/\/goodsensebaltic.ee\/en\/product\/clark-c500y-lpg-forklift\/\",\"name\":\"Clark C500Y LPG Forklift - Goodsense Baltic\",\"isPartOf\":{\"@id\":\"https:\/\/goodsensebaltic.ee\/#website\"},\"primaryImageOfPage\":{\"@id\":\"https:\/\/goodsensebaltic.ee\/en\/product\/clark-c500y-lpg-forklift\/#primaryimage\"},\"image\":{\"@id\":\"https:\/\/goodsensebaltic.ee\/en\/product\/clark-c500y-lpg-forklift\/#primaryimage\"},\"thumbnailUrl\":\"https:\/\/goodsensebaltic.ee\/wp-content\/uploads\/2023\/09\/Clark-C500Y-Gaasitostuk4-scaled.jpg\",\"datePublished\":\"2023-09-14T11:17:53+00:00\",\"dateModified\":\"2024-09-30T08:20:31+00:00\",\"description\":\"Clark LPG forklift for sale. Freshly serviced forklift with 2.5T lifting capacity. Sale of gasoline forklifts in Tallinn and Tartu.\",\"breadcrumb\":{\"@id\":\"https:\/\/goodsensebaltic.ee\/en\/product\/clark-c500y-lpg-forklift\/#breadcrumb\"},\"inLanguage\":\"en-US\",\"potentialAction\":[{\"@type\":\"ReadAction\",\"target\":[\"https:\/\/goodsensebaltic.ee\/en\/product\/clark-c500y-lpg-forklift\/\"]}]},{\"@type\":\"ImageObject\",\"inLanguage\":\"en-US\",\"@id\":\"https:\/\/goodsensebaltic.ee\/en\/product\/clark-c500y-lpg-forklift\/#primaryimage\",\"url\":\"https:\/\/goodsensebaltic.ee\/wp-content\/uploads\/2023\/09\/Clark-C500Y-Gaasitostuk4-scaled.jpg\",\"contentUrl\":\"https:\/\/goodsensebaltic.ee\/wp-content\/uploads\/2023\/09\/Clark-C500Y-Gaasitostuk4-scaled.jpg\",\"width\":2560,\"height\":2560,\"caption\":\"Clark C500Y kasutatud gaasit\u00f5stuk\"},{\"@type\":\"BreadcrumbList\",\"@id\":\"https:\/\/goodsensebaltic.ee\/en\/product\/clark-c500y-lpg-forklift\/#breadcrumb\",\"itemListElement\":[{\"@type\":\"ListItem\",\"position\":1,\"name\":\"Home\",\"item\":\"https:\/\/goodsensebaltic.ee\/\"},{\"@type\":\"ListItem\",\"position\":2,\"name\":\"Shop\",\"item\":\"https:\/\/goodsensebaltic.ee\/en\/shop\/\"},{\"@type\":\"ListItem\",\"position\":3,\"name\":\"Clark C500Y LPG Forklift\"}]},{\"@type\":\"WebSite\",\"@id\":\"https:\/\/goodsensebaltic.ee\/#website\",\"url\":\"https:\/\/goodsensebaltic.ee\/\",\"name\":\"Goodsense Baltic\",\"description\":\"Kahvelt\u00f5stukite ost ja m\u00fc\u00fck\",\"publisher\":{\"@id\":\"https:\/\/goodsensebaltic.ee\/#organization\"},\"potentialAction\":[{\"@type\":\"SearchAction\",\"target\":{\"@type\":\"EntryPoint\",\"urlTemplate\":\"https:\/\/goodsensebaltic.ee\/?s={search_term_string}\"},\"query-input\":{\"@type\":\"PropertyValueSpecification\",\"valueRequired\":true,\"valueName\":\"search_term_string\"}}],\"inLanguage\":\"en-US\"},{\"@type\":\"Organization\",\"@id\":\"https:\/\/goodsensebaltic.ee\/#organization\",\"name\":\"Goodsense Baltic\",\"url\":\"https:\/\/goodsensebaltic.ee\/\",\"logo\":{\"@type\":\"ImageObject\",\"inLanguage\":\"en-US\",\"@id\":\"https:\/\/goodsensebaltic.ee\/#\/schema\/logo\/image\/\",\"url\":\"https:\/\/goodsensebaltic.ee\/wp-content\/uploads\/2022\/02\/Goodsense_Baltic_logo-01-1.svg\",\"contentUrl\":\"https:\/\/goodsensebaltic.ee\/wp-content\/uploads\/2022\/02\/Goodsense_Baltic_logo-01-1.svg\",\"width\":988,\"height\":198,\"caption\":\"Goodsense Baltic\"},\"image\":{\"@id\":\"https:\/\/goodsensebaltic.ee\/#\/schema\/logo\/image\/\"},\"sameAs\":[\"https:\/\/www.facebook.com\/GoodsenseBaltic\",\"https:\/\/www.linkedin.com\/company\/goodsense-baltic-o\/\"]}]}<\/script>\n<!-- \/ Yoast SEO plugin. -->","yoast_head_json":{"title":"Clark C500Y LPG Forklift - Goodsense Baltic","description":"Clark LPG forklift for sale. Freshly serviced forklift with 2.5T lifting capacity. Sale of gasoline forklifts in Tallinn and Tartu.","robots":{"index":"index","follow":"follow","max-snippet":"max-snippet:-1","max-image-preview":"max-image-preview:large","max-video-preview":"max-video-preview:-1"},"canonical":"https:\/\/goodsensebaltic.ee\/en\/product\/clark-c500y-lpg-forklift\/","og_locale":"en_US","og_type":"article","og_title":"Clark C500Y LPG Forklift - Goodsense Baltic","og_description":"Clark LPG forklift for sale. Freshly serviced forklift with 2.5T lifting capacity. Sale of gasoline forklifts in Tallinn and Tartu.","og_url":"https:\/\/goodsensebaltic.ee\/en\/product\/clark-c500y-lpg-forklift\/","og_site_name":"Goodsense Baltic","article_publisher":"https:\/\/www.facebook.com\/GoodsenseBaltic","article_modified_time":"2024-09-30T08:20:31+00:00","og_image":[{"width":2560,"height":2560,"url":"https:\/\/goodsensebaltic.ee\/wp-content\/uploads\/2023\/09\/Clark-C500Y-Gaasitostuk-1-scaled.jpg","type":"image\/jpeg"}],"twitter_card":"summary_large_image","twitter_misc":{"Est. reading time":"1 minute"},"schema":{"@context":"https:\/\/schema.org","@graph":[{"@type":"WebPage","@id":"https:\/\/goodsensebaltic.ee\/en\/product\/clark-c500y-lpg-forklift\/","url":"https:\/\/goodsensebaltic.ee\/en\/product\/clark-c500y-lpg-forklift\/","name":"Clark C500Y LPG Forklift - Goodsense Baltic","isPartOf":{"@id":"https:\/\/goodsensebaltic.ee\/#website"},"primaryImageOfPage":{"@id":"https:\/\/goodsensebaltic.ee\/en\/product\/clark-c500y-lpg-forklift\/#primaryimage"},"image":{"@id":"https:\/\/goodsensebaltic.ee\/en\/product\/clark-c500y-lpg-forklift\/#primaryimage"},"thumbnailUrl":"https:\/\/goodsensebaltic.ee\/wp-content\/uploads\/2023\/09\/Clark-C500Y-Gaasitostuk4-scaled.jpg","datePublished":"2023-09-14T11:17:53+00:00","dateModified":"2024-09-30T08:20:31+00:00","description":"Clark LPG forklift for sale. Freshly serviced forklift with 2.5T lifting capacity. Sale of gasoline forklifts in Tallinn and Tartu.","breadcrumb":{"@id":"https:\/\/goodsensebaltic.ee\/en\/product\/clark-c500y-lpg-forklift\/#breadcrumb"},"inLanguage":"en-US","potentialAction":[{"@type":"ReadAction","target":["https:\/\/goodsensebaltic.ee\/en\/product\/clark-c500y-lpg-forklift\/"]}]},{"@type":"ImageObject","inLanguage":"en-US","@id":"https:\/\/goodsensebaltic.ee\/en\/product\/clark-c500y-lpg-forklift\/#primaryimage","url":"https:\/\/goodsensebaltic.ee\/wp-content\/uploads\/2023\/09\/Clark-C500Y-Gaasitostuk4-scaled.jpg","contentUrl":"https:\/\/goodsensebaltic.ee\/wp-content\/uploads\/2023\/09\/Clark-C500Y-Gaasitostuk4-scaled.jpg","width":2560,"height":2560,"caption":"Clark C500Y kasutatud gaasit\u00f5stuk"},{"@type":"BreadcrumbList","@id":"https:\/\/goodsensebaltic.ee\/en\/product\/clark-c500y-lpg-forklift\/#breadcrumb","itemListElement":[{"@type":"ListItem","position":1,"name":"Home","item":"https:\/\/goodsensebaltic.ee\/"},{"@type":"ListItem","position":2,"name":"Shop","item":"https:\/\/goodsensebaltic.ee\/en\/shop\/"},{"@type":"ListItem","position":3,"name":"Clark C500Y LPG Forklift"}]},{"@type":"WebSite","@id":"https:\/\/goodsensebaltic.ee\/#website","url":"https:\/\/goodsensebaltic.ee\/","name":"Goodsense Baltic","description":"Kahvelt\u00f5stukite ost ja m\u00fc\u00fck","publisher":{"@id":"https:\/\/goodsensebaltic.ee\/#organization"},"potentialAction":[{"@type":"SearchAction","target":{"@type":"EntryPoint","urlTemplate":"https:\/\/goodsensebaltic.ee\/?s={search_term_string}"},"query-input":{"@type":"PropertyValueSpecification","valueRequired":true,"valueName":"search_term_string"}}],"inLanguage":"en-US"},{"@type":"Organization","@id":"https:\/\/goodsensebaltic.ee\/#organization","name":"Goodsense Baltic","url":"https:\/\/goodsensebaltic.ee\/","logo":{"@type":"ImageObject","inLanguage":"en-US","@id":"https:\/\/goodsensebaltic.ee\/#\/schema\/logo\/image\/","url":"https:\/\/goodsensebaltic.ee\/wp-content\/uploads\/2022\/02\/Goodsense_Baltic_logo-01-1.svg","contentUrl":"https:\/\/goodsensebaltic.ee\/wp-content\/uploads\/2022\/02\/Goodsense_Baltic_logo-01-1.svg","width":988,"height":198,"caption":"Goodsense Baltic"},"image":{"@id":"https:\/\/goodsensebaltic.ee\/#\/schema\/logo\/image\/"},"sameAs":["https:\/\/www.facebook.com\/GoodsenseBaltic","https:\/\/www.linkedin.com\/company\/goodsense-baltic-o\/"]}]}},"_links":{"self":[{"href":"https:\/\/goodsensebaltic.ee\/en\/wp-json\/wp\/v2\/product\/21281","targetHints":{"allow":["GET"]}}],"collection":[{"href":"https:\/\/goodsensebaltic.ee\/en\/wp-json\/wp\/v2\/product"}],"about":[{"href":"https:\/\/goodsensebaltic.ee\/en\/wp-json\/wp\/v2\/types\/product"}],"version-history":[{"count":4,"href":"https:\/\/goodsensebaltic.ee\/en\/wp-json\/wp\/v2\/product\/21281\/revisions"}],"predecessor-version":[{"id":23552,"href":"https:\/\/goodsensebaltic.ee\/en\/wp-json\/wp\/v2\/product\/21281\/revisions\/23552"}],"wp:featuredmedia":[{"embeddable":true,"href":"https:\/\/goodsensebaltic.ee\/en\/wp-json\/wp\/v2\/media\/23563"}],"wp:attachment":[{"href":"https:\/\/goodsensebaltic.ee\/en\/wp-json\/wp\/v2\/media?parent=21281"}],"wp:term":[{"taxonomy":"product_brand","embeddable":true,"href":"https:\/\/goodsensebaltic.ee\/en\/wp-json\/wp\/v2\/product_brand?post=21281"},{"taxonomy":"product_cat","embeddable":true,"href":"https:\/\/goodsensebaltic.ee\/en\/wp-json\/wp\/v2\/product_cat?post=21281"},{"taxonomy":"product_tag","embeddable":true,"href":"https:\/\/goodsensebaltic.ee\/en\/wp-json\/wp\/v2\/product_tag?post=21281"}],"curies":[{"name":"wp","href":"https:\/\/api.w.org\/{rel}","templated":true}]}}