{"id":21697,"date":"2023-11-07T10:02:49","date_gmt":"2023-11-07T10:02:49","guid":{"rendered":"https:\/\/goodsensebaltic.ee\/?post_type=product&#038;p=21697"},"modified":"2024-03-11T08:42:24","modified_gmt":"2024-03-11T08:42:24","slug":"jungheinrich-esc-216-virnastaja","status":"publish","type":"product","link":"https:\/\/goodsensebaltic.ee\/en\/product\/jungheinrich-esc-216-virnastaja\/","title":{"rendered":"Jungheinrich ESC 216 Stacker"},"content":{"rendered":"<p>Used Jungheinrich ESC 216 Stacker with 1,6T lifting capacity. The ideal tool for lifting and working in confined spaces.<\/p>\n<p>The stand ensures fast and efficient operation.<\/p>\n<p>The tuner is in working order and the battery has been checked.<\/p>\n","protected":false},"excerpt":{"rendered":"<p>Used Jungheinrich ESC 216 Stacker with 1,6T lifting capacity. The ideal tool for lifting and working in confined spaces. The<\/p>\n","protected":false},"featured_media":21705,"template":"","meta":[],"product_brand":[],"product_cat":[1149],"product_tag":[],"class_list":{"0":"post-21697","1":"product","2":"type-product","3":"status-publish","4":"has-post-thumbnail","6":"product_cat-stackers","7":"pa_tostejoud-1t-2t-en","9":"first","10":"outofstock","11":"taxable","12":"shipping-taxable","13":"purchasable","14":"product-type-simple"},"yoast_head":"<!-- This site is optimized with the Yoast SEO plugin v27.0 - https:\/\/yoast.com\/product\/yoast-seo-wordpress\/ -->\n<title>Jungheinrich ESC 216 Stacker - Goodsense Baltic<\/title>\n<meta name=\"description\" content=\"Jungheinrich ESC 216 Stacker for sale. Electric stackers for sale. Grubstakes for sale in Tallinn. Sale of forklifts and lifting equipment. Large range of forklifts.\" \/>\n<meta name=\"robots\" content=\"index, follow, max-snippet:-1, max-image-preview:large, max-video-preview:-1\" \/>\n<link rel=\"canonical\" href=\"https:\/\/goodsensebaltic.ee\/en\/product\/jungheinrich-esc-216-virnastaja\/\" \/>\n<meta property=\"og:locale\" content=\"en_US\" \/>\n<meta property=\"og:type\" content=\"article\" \/>\n<meta property=\"og:title\" content=\"Jungheinrich ESC 216 Stacker - Goodsense Baltic\" \/>\n<meta property=\"og:description\" content=\"Jungheinrich ESC 216 Stacker for sale. Electric stackers for sale. Grubstakes for sale in Tallinn. Sale of forklifts and lifting equipment. Large range of forklifts.\" \/>\n<meta property=\"og:url\" content=\"https:\/\/goodsensebaltic.ee\/en\/product\/jungheinrich-esc-216-virnastaja\/\" \/>\n<meta property=\"og:site_name\" content=\"Goodsense Baltic\" \/>\n<meta property=\"article:publisher\" content=\"https:\/\/www.facebook.com\/GoodsenseBaltic\" \/>\n<meta property=\"article:modified_time\" content=\"2024-03-11T08:42:24+00:00\" \/>\n<meta property=\"og:image\" content=\"https:\/\/goodsensebaltic.ee\/wp-content\/uploads\/2023\/11\/Jungheinrich-ESC-216-Virnastaja3-scaled.jpeg\" \/>\n\t<meta property=\"og:image:width\" content=\"2560\" \/>\n\t<meta property=\"og:image:height\" content=\"2560\" \/>\n\t<meta property=\"og:image:type\" content=\"image\/jpeg\" \/>\n<meta name=\"twitter:card\" content=\"summary_large_image\" \/>\n<script type=\"application\/ld+json\" class=\"yoast-schema-graph\">{\"@context\":\"https:\/\/schema.org\",\"@graph\":[{\"@type\":\"WebPage\",\"@id\":\"https:\/\/goodsensebaltic.ee\/en\/product\/jungheinrich-esc-216-virnastaja\/\",\"url\":\"https:\/\/goodsensebaltic.ee\/en\/product\/jungheinrich-esc-216-virnastaja\/\",\"name\":\"Jungheinrich ESC 216 Stacker - Goodsense Baltic\",\"isPartOf\":{\"@id\":\"https:\/\/goodsensebaltic.ee\/#website\"},\"primaryImageOfPage\":{\"@id\":\"https:\/\/goodsensebaltic.ee\/en\/product\/jungheinrich-esc-216-virnastaja\/#primaryimage\"},\"image\":{\"@id\":\"https:\/\/goodsensebaltic.ee\/en\/product\/jungheinrich-esc-216-virnastaja\/#primaryimage\"},\"thumbnailUrl\":\"https:\/\/goodsensebaltic.ee\/wp-content\/uploads\/2023\/11\/Jungheinrich-ESC-216-Virnastaja3-scaled.jpeg\",\"datePublished\":\"2023-11-07T10:02:49+00:00\",\"dateModified\":\"2024-03-11T08:42:24+00:00\",\"description\":\"Jungheinrich ESC 216 Stacker for sale. Electric stackers for sale. Grubstakes for sale in Tallinn. Sale of forklifts and lifting equipment. Large range of forklifts.\",\"breadcrumb\":{\"@id\":\"https:\/\/goodsensebaltic.ee\/en\/product\/jungheinrich-esc-216-virnastaja\/#breadcrumb\"},\"inLanguage\":\"en-US\",\"potentialAction\":[{\"@type\":\"ReadAction\",\"target\":[\"https:\/\/goodsensebaltic.ee\/en\/product\/jungheinrich-esc-216-virnastaja\/\"]}]},{\"@type\":\"ImageObject\",\"inLanguage\":\"en-US\",\"@id\":\"https:\/\/goodsensebaltic.ee\/en\/product\/jungheinrich-esc-216-virnastaja\/#primaryimage\",\"url\":\"https:\/\/goodsensebaltic.ee\/wp-content\/uploads\/2023\/11\/Jungheinrich-ESC-216-Virnastaja3-scaled.jpeg\",\"contentUrl\":\"https:\/\/goodsensebaltic.ee\/wp-content\/uploads\/2023\/11\/Jungheinrich-ESC-216-Virnastaja3-scaled.jpeg\",\"width\":2560,\"height\":2560,\"caption\":\"Jungheinrich ESC 216 Virnastaja\"},{\"@type\":\"BreadcrumbList\",\"@id\":\"https:\/\/goodsensebaltic.ee\/en\/product\/jungheinrich-esc-216-virnastaja\/#breadcrumb\",\"itemListElement\":[{\"@type\":\"ListItem\",\"position\":1,\"name\":\"Home\",\"item\":\"https:\/\/goodsensebaltic.ee\/\"},{\"@type\":\"ListItem\",\"position\":2,\"name\":\"Shop\",\"item\":\"https:\/\/goodsensebaltic.ee\/en\/shop\/\"},{\"@type\":\"ListItem\",\"position\":3,\"name\":\"Jungheinrich ESC 216 Stacker\"}]},{\"@type\":\"WebSite\",\"@id\":\"https:\/\/goodsensebaltic.ee\/#website\",\"url\":\"https:\/\/goodsensebaltic.ee\/\",\"name\":\"Goodsense Baltic\",\"description\":\"Kahvelt\u00f5stukite ost ja m\u00fc\u00fck\",\"publisher\":{\"@id\":\"https:\/\/goodsensebaltic.ee\/#organization\"},\"potentialAction\":[{\"@type\":\"SearchAction\",\"target\":{\"@type\":\"EntryPoint\",\"urlTemplate\":\"https:\/\/goodsensebaltic.ee\/?s={search_term_string}\"},\"query-input\":{\"@type\":\"PropertyValueSpecification\",\"valueRequired\":true,\"valueName\":\"search_term_string\"}}],\"inLanguage\":\"en-US\"},{\"@type\":\"Organization\",\"@id\":\"https:\/\/goodsensebaltic.ee\/#organization\",\"name\":\"Goodsense Baltic\",\"url\":\"https:\/\/goodsensebaltic.ee\/\",\"logo\":{\"@type\":\"ImageObject\",\"inLanguage\":\"en-US\",\"@id\":\"https:\/\/goodsensebaltic.ee\/#\/schema\/logo\/image\/\",\"url\":\"https:\/\/goodsensebaltic.ee\/wp-content\/uploads\/2022\/02\/Goodsense_Baltic_logo-01-1.svg\",\"contentUrl\":\"https:\/\/goodsensebaltic.ee\/wp-content\/uploads\/2022\/02\/Goodsense_Baltic_logo-01-1.svg\",\"width\":988,\"height\":198,\"caption\":\"Goodsense Baltic\"},\"image\":{\"@id\":\"https:\/\/goodsensebaltic.ee\/#\/schema\/logo\/image\/\"},\"sameAs\":[\"https:\/\/www.facebook.com\/GoodsenseBaltic\",\"https:\/\/www.linkedin.com\/company\/goodsense-baltic-o\/\"]}]}<\/script>\n<!-- \/ Yoast SEO plugin. -->","yoast_head_json":{"title":"Jungheinrich ESC 216 Stacker - Goodsense Baltic","description":"Jungheinrich ESC 216 Stacker for sale. Electric stackers for sale. Grubstakes for sale in Tallinn. Sale of forklifts and lifting equipment. Large range of forklifts.","robots":{"index":"index","follow":"follow","max-snippet":"max-snippet:-1","max-image-preview":"max-image-preview:large","max-video-preview":"max-video-preview:-1"},"canonical":"https:\/\/goodsensebaltic.ee\/en\/product\/jungheinrich-esc-216-virnastaja\/","og_locale":"en_US","og_type":"article","og_title":"Jungheinrich ESC 216 Stacker - Goodsense Baltic","og_description":"Jungheinrich ESC 216 Stacker for sale. Electric stackers for sale. Grubstakes for sale in Tallinn. Sale of forklifts and lifting equipment. Large range of forklifts.","og_url":"https:\/\/goodsensebaltic.ee\/en\/product\/jungheinrich-esc-216-virnastaja\/","og_site_name":"Goodsense Baltic","article_publisher":"https:\/\/www.facebook.com\/GoodsenseBaltic","article_modified_time":"2024-03-11T08:42:24+00:00","og_image":[{"width":2560,"height":2560,"url":"https:\/\/goodsensebaltic.ee\/wp-content\/uploads\/2023\/11\/Jungheinrich-ESC-216-Virnastaja3-scaled.jpeg","type":"image\/jpeg"}],"twitter_card":"summary_large_image","schema":{"@context":"https:\/\/schema.org","@graph":[{"@type":"WebPage","@id":"https:\/\/goodsensebaltic.ee\/en\/product\/jungheinrich-esc-216-virnastaja\/","url":"https:\/\/goodsensebaltic.ee\/en\/product\/jungheinrich-esc-216-virnastaja\/","name":"Jungheinrich ESC 216 Stacker - Goodsense Baltic","isPartOf":{"@id":"https:\/\/goodsensebaltic.ee\/#website"},"primaryImageOfPage":{"@id":"https:\/\/goodsensebaltic.ee\/en\/product\/jungheinrich-esc-216-virnastaja\/#primaryimage"},"image":{"@id":"https:\/\/goodsensebaltic.ee\/en\/product\/jungheinrich-esc-216-virnastaja\/#primaryimage"},"thumbnailUrl":"https:\/\/goodsensebaltic.ee\/wp-content\/uploads\/2023\/11\/Jungheinrich-ESC-216-Virnastaja3-scaled.jpeg","datePublished":"2023-11-07T10:02:49+00:00","dateModified":"2024-03-11T08:42:24+00:00","description":"Jungheinrich ESC 216 Stacker for sale. Electric stackers for sale. Grubstakes for sale in Tallinn. Sale of forklifts and lifting equipment. Large range of forklifts.","breadcrumb":{"@id":"https:\/\/goodsensebaltic.ee\/en\/product\/jungheinrich-esc-216-virnastaja\/#breadcrumb"},"inLanguage":"en-US","potentialAction":[{"@type":"ReadAction","target":["https:\/\/goodsensebaltic.ee\/en\/product\/jungheinrich-esc-216-virnastaja\/"]}]},{"@type":"ImageObject","inLanguage":"en-US","@id":"https:\/\/goodsensebaltic.ee\/en\/product\/jungheinrich-esc-216-virnastaja\/#primaryimage","url":"https:\/\/goodsensebaltic.ee\/wp-content\/uploads\/2023\/11\/Jungheinrich-ESC-216-Virnastaja3-scaled.jpeg","contentUrl":"https:\/\/goodsensebaltic.ee\/wp-content\/uploads\/2023\/11\/Jungheinrich-ESC-216-Virnastaja3-scaled.jpeg","width":2560,"height":2560,"caption":"Jungheinrich ESC 216 Virnastaja"},{"@type":"BreadcrumbList","@id":"https:\/\/goodsensebaltic.ee\/en\/product\/jungheinrich-esc-216-virnastaja\/#breadcrumb","itemListElement":[{"@type":"ListItem","position":1,"name":"Home","item":"https:\/\/goodsensebaltic.ee\/"},{"@type":"ListItem","position":2,"name":"Shop","item":"https:\/\/goodsensebaltic.ee\/en\/shop\/"},{"@type":"ListItem","position":3,"name":"Jungheinrich ESC 216 Stacker"}]},{"@type":"WebSite","@id":"https:\/\/goodsensebaltic.ee\/#website","url":"https:\/\/goodsensebaltic.ee\/","name":"Goodsense Baltic","description":"Kahvelt\u00f5stukite ost ja m\u00fc\u00fck","publisher":{"@id":"https:\/\/goodsensebaltic.ee\/#organization"},"potentialAction":[{"@type":"SearchAction","target":{"@type":"EntryPoint","urlTemplate":"https:\/\/goodsensebaltic.ee\/?s={search_term_string}"},"query-input":{"@type":"PropertyValueSpecification","valueRequired":true,"valueName":"search_term_string"}}],"inLanguage":"en-US"},{"@type":"Organization","@id":"https:\/\/goodsensebaltic.ee\/#organization","name":"Goodsense Baltic","url":"https:\/\/goodsensebaltic.ee\/","logo":{"@type":"ImageObject","inLanguage":"en-US","@id":"https:\/\/goodsensebaltic.ee\/#\/schema\/logo\/image\/","url":"https:\/\/goodsensebaltic.ee\/wp-content\/uploads\/2022\/02\/Goodsense_Baltic_logo-01-1.svg","contentUrl":"https:\/\/goodsensebaltic.ee\/wp-content\/uploads\/2022\/02\/Goodsense_Baltic_logo-01-1.svg","width":988,"height":198,"caption":"Goodsense Baltic"},"image":{"@id":"https:\/\/goodsensebaltic.ee\/#\/schema\/logo\/image\/"},"sameAs":["https:\/\/www.facebook.com\/GoodsenseBaltic","https:\/\/www.linkedin.com\/company\/goodsense-baltic-o\/"]}]}},"_links":{"self":[{"href":"https:\/\/goodsensebaltic.ee\/en\/wp-json\/wp\/v2\/product\/21697","targetHints":{"allow":["GET"]}}],"collection":[{"href":"https:\/\/goodsensebaltic.ee\/en\/wp-json\/wp\/v2\/product"}],"about":[{"href":"https:\/\/goodsensebaltic.ee\/en\/wp-json\/wp\/v2\/types\/product"}],"version-history":[{"count":2,"href":"https:\/\/goodsensebaltic.ee\/en\/wp-json\/wp\/v2\/product\/21697\/revisions"}],"predecessor-version":[{"id":22680,"href":"https:\/\/goodsensebaltic.ee\/en\/wp-json\/wp\/v2\/product\/21697\/revisions\/22680"}],"wp:featuredmedia":[{"embeddable":true,"href":"https:\/\/goodsensebaltic.ee\/en\/wp-json\/wp\/v2\/media\/21705"}],"wp:attachment":[{"href":"https:\/\/goodsensebaltic.ee\/en\/wp-json\/wp\/v2\/media?parent=21697"}],"wp:term":[{"taxonomy":"product_brand","embeddable":true,"href":"https:\/\/goodsensebaltic.ee\/en\/wp-json\/wp\/v2\/product_brand?post=21697"},{"taxonomy":"product_cat","embeddable":true,"href":"https:\/\/goodsensebaltic.ee\/en\/wp-json\/wp\/v2\/product_cat?post=21697"},{"taxonomy":"product_tag","embeddable":true,"href":"https:\/\/goodsensebaltic.ee\/en\/wp-json\/wp\/v2\/product_tag?post=21697"}],"curies":[{"name":"wp","href":"https:\/\/api.w.org\/{rel}","templated":true}]}}