{"id":21775,"date":"2023-11-28T10:26:53","date_gmt":"2023-11-28T10:26:53","guid":{"rendered":"https:\/\/goodsensebaltic.ee\/?post_type=product&#038;p=21775"},"modified":"2024-02-01T12:55:10","modified_gmt":"2024-02-01T12:55:10","slug":"120x50x1600mm-forklift-forks","status":"publish","type":"product","link":"https:\/\/goodsensebaltic.ee\/en\/product\/120x50x1600mm-forklift-forks\/","title":{"rendered":"120x50x1600mm forklift forks"},"content":{"rendered":"<p>Lifting forks 1200mm long with holes. Suitable for 50cm high sled.<\/p>\n<p>Price per piece &#8211; can be bought as a pair!<\/p>\n","protected":false},"excerpt":{"rendered":"<p>Lifting forks 1200mm long with holes. Suitable for 50cm high sled. Price per piece &#8211; can be bought as a<\/p>\n","protected":false},"featured_media":21821,"template":"","meta":[],"product_brand":[],"product_cat":[1131,1178],"product_tag":[],"class_list":{"0":"post-21775","1":"product","2":"type-product","3":"status-publish","4":"has-post-thumbnail","6":"product_cat-spare-parts-in-stock","7":"product_cat-forks-extensions","9":"first","10":"instock","11":"taxable","12":"shipping-taxable","13":"purchasable","14":"product-type-simple"},"yoast_head":"<!-- This site is optimized with the Yoast SEO plugin v27.0 - https:\/\/yoast.com\/product\/yoast-seo-wordpress\/ -->\n<title>120x50x1600mm forklift forks - Goodsense Baltic<\/title>\n<meta name=\"description\" content=\"Lifting forks 1200mm. Sale of spare parts for lifting equipment. Goodsense diesel truck forks for sale. Forklift forks for sale in Tallinn and Tartu\" \/>\n<meta name=\"robots\" content=\"index, follow, max-snippet:-1, max-image-preview:large, max-video-preview:-1\" \/>\n<link rel=\"canonical\" href=\"https:\/\/goodsensebaltic.ee\/en\/product\/120x50x1600mm-forklift-forks\/\" \/>\n<meta property=\"og:locale\" content=\"en_US\" \/>\n<meta property=\"og:type\" content=\"article\" \/>\n<meta property=\"og:title\" content=\"120x50x1600mm forklift forks - Goodsense Baltic\" \/>\n<meta property=\"og:description\" content=\"Lifting forks 1200mm. Sale of spare parts for lifting equipment. Goodsense diesel truck forks for sale. Forklift forks for sale in Tallinn and Tartu\" \/>\n<meta property=\"og:url\" content=\"https:\/\/goodsensebaltic.ee\/en\/product\/120x50x1600mm-forklift-forks\/\" \/>\n<meta property=\"og:site_name\" content=\"Goodsense Baltic\" \/>\n<meta property=\"article:publisher\" content=\"https:\/\/www.facebook.com\/GoodsenseBaltic\" \/>\n<meta property=\"article:modified_time\" content=\"2024-02-01T12:55:10+00:00\" \/>\n<meta property=\"og:image\" content=\"https:\/\/goodsensebaltic.ee\/wp-content\/uploads\/2023\/11\/120x50x1600-tostuki-kahvel.png\" \/>\n\t<meta property=\"og:image:width\" content=\"1000\" \/>\n\t<meta property=\"og:image:height\" content=\"1000\" \/>\n\t<meta property=\"og:image:type\" content=\"image\/png\" \/>\n<meta name=\"twitter:card\" content=\"summary_large_image\" \/>\n<meta name=\"twitter:label1\" content=\"Est. reading time\" \/>\n\t<meta name=\"twitter:data1\" content=\"1 minute\" \/>\n<script type=\"application\/ld+json\" class=\"yoast-schema-graph\">{\"@context\":\"https:\/\/schema.org\",\"@graph\":[{\"@type\":\"WebPage\",\"@id\":\"https:\/\/goodsensebaltic.ee\/en\/product\/120x50x1600mm-forklift-forks\/\",\"url\":\"https:\/\/goodsensebaltic.ee\/en\/product\/120x50x1600mm-forklift-forks\/\",\"name\":\"120x50x1600mm forklift forks - Goodsense Baltic\",\"isPartOf\":{\"@id\":\"https:\/\/goodsensebaltic.ee\/#website\"},\"primaryImageOfPage\":{\"@id\":\"https:\/\/goodsensebaltic.ee\/en\/product\/120x50x1600mm-forklift-forks\/#primaryimage\"},\"image\":{\"@id\":\"https:\/\/goodsensebaltic.ee\/en\/product\/120x50x1600mm-forklift-forks\/#primaryimage\"},\"thumbnailUrl\":\"https:\/\/goodsensebaltic.ee\/wp-content\/uploads\/2023\/11\/120x50x1600-tostuki-kahvel.png\",\"datePublished\":\"2023-11-28T10:26:53+00:00\",\"dateModified\":\"2024-02-01T12:55:10+00:00\",\"description\":\"Lifting forks 1200mm. Sale of spare parts for lifting equipment. Goodsense diesel truck forks for sale. Forklift forks for sale in Tallinn and Tartu\",\"breadcrumb\":{\"@id\":\"https:\/\/goodsensebaltic.ee\/en\/product\/120x50x1600mm-forklift-forks\/#breadcrumb\"},\"inLanguage\":\"en-US\",\"potentialAction\":[{\"@type\":\"ReadAction\",\"target\":[\"https:\/\/goodsensebaltic.ee\/en\/product\/120x50x1600mm-forklift-forks\/\"]}]},{\"@type\":\"ImageObject\",\"inLanguage\":\"en-US\",\"@id\":\"https:\/\/goodsensebaltic.ee\/en\/product\/120x50x1600mm-forklift-forks\/#primaryimage\",\"url\":\"https:\/\/goodsensebaltic.ee\/wp-content\/uploads\/2023\/11\/120x50x1600-tostuki-kahvel.png\",\"contentUrl\":\"https:\/\/goodsensebaltic.ee\/wp-content\/uploads\/2023\/11\/120x50x1600-tostuki-kahvel.png\",\"width\":1000,\"height\":1000,\"caption\":\"120x50x1600 t\u00f5stuki kahvel\"},{\"@type\":\"BreadcrumbList\",\"@id\":\"https:\/\/goodsensebaltic.ee\/en\/product\/120x50x1600mm-forklift-forks\/#breadcrumb\",\"itemListElement\":[{\"@type\":\"ListItem\",\"position\":1,\"name\":\"Home\",\"item\":\"https:\/\/goodsensebaltic.ee\/\"},{\"@type\":\"ListItem\",\"position\":2,\"name\":\"Shop\",\"item\":\"https:\/\/goodsensebaltic.ee\/en\/shop\/\"},{\"@type\":\"ListItem\",\"position\":3,\"name\":\"120x50x1600mm forklift forks\"}]},{\"@type\":\"WebSite\",\"@id\":\"https:\/\/goodsensebaltic.ee\/#website\",\"url\":\"https:\/\/goodsensebaltic.ee\/\",\"name\":\"Goodsense Baltic\",\"description\":\"Kahvelt\u00f5stukite ost ja m\u00fc\u00fck\",\"publisher\":{\"@id\":\"https:\/\/goodsensebaltic.ee\/#organization\"},\"potentialAction\":[{\"@type\":\"SearchAction\",\"target\":{\"@type\":\"EntryPoint\",\"urlTemplate\":\"https:\/\/goodsensebaltic.ee\/?s={search_term_string}\"},\"query-input\":{\"@type\":\"PropertyValueSpecification\",\"valueRequired\":true,\"valueName\":\"search_term_string\"}}],\"inLanguage\":\"en-US\"},{\"@type\":\"Organization\",\"@id\":\"https:\/\/goodsensebaltic.ee\/#organization\",\"name\":\"Goodsense Baltic\",\"url\":\"https:\/\/goodsensebaltic.ee\/\",\"logo\":{\"@type\":\"ImageObject\",\"inLanguage\":\"en-US\",\"@id\":\"https:\/\/goodsensebaltic.ee\/#\/schema\/logo\/image\/\",\"url\":\"https:\/\/goodsensebaltic.ee\/wp-content\/uploads\/2022\/02\/Goodsense_Baltic_logo-01-1.svg\",\"contentUrl\":\"https:\/\/goodsensebaltic.ee\/wp-content\/uploads\/2022\/02\/Goodsense_Baltic_logo-01-1.svg\",\"width\":988,\"height\":198,\"caption\":\"Goodsense Baltic\"},\"image\":{\"@id\":\"https:\/\/goodsensebaltic.ee\/#\/schema\/logo\/image\/\"},\"sameAs\":[\"https:\/\/www.facebook.com\/GoodsenseBaltic\",\"https:\/\/www.linkedin.com\/company\/goodsense-baltic-o\/\"]}]}<\/script>\n<!-- \/ Yoast SEO plugin. -->","yoast_head_json":{"title":"120x50x1600mm forklift forks - Goodsense Baltic","description":"Lifting forks 1200mm. Sale of spare parts for lifting equipment. Goodsense diesel truck forks for sale. Forklift forks for sale in Tallinn and Tartu","robots":{"index":"index","follow":"follow","max-snippet":"max-snippet:-1","max-image-preview":"max-image-preview:large","max-video-preview":"max-video-preview:-1"},"canonical":"https:\/\/goodsensebaltic.ee\/en\/product\/120x50x1600mm-forklift-forks\/","og_locale":"en_US","og_type":"article","og_title":"120x50x1600mm forklift forks - Goodsense Baltic","og_description":"Lifting forks 1200mm. Sale of spare parts for lifting equipment. Goodsense diesel truck forks for sale. Forklift forks for sale in Tallinn and Tartu","og_url":"https:\/\/goodsensebaltic.ee\/en\/product\/120x50x1600mm-forklift-forks\/","og_site_name":"Goodsense Baltic","article_publisher":"https:\/\/www.facebook.com\/GoodsenseBaltic","article_modified_time":"2024-02-01T12:55:10+00:00","og_image":[{"width":1000,"height":1000,"url":"https:\/\/goodsensebaltic.ee\/wp-content\/uploads\/2023\/11\/120x50x1600-tostuki-kahvel.png","type":"image\/png"}],"twitter_card":"summary_large_image","twitter_misc":{"Est. reading time":"1 minute"},"schema":{"@context":"https:\/\/schema.org","@graph":[{"@type":"WebPage","@id":"https:\/\/goodsensebaltic.ee\/en\/product\/120x50x1600mm-forklift-forks\/","url":"https:\/\/goodsensebaltic.ee\/en\/product\/120x50x1600mm-forklift-forks\/","name":"120x50x1600mm forklift forks - Goodsense Baltic","isPartOf":{"@id":"https:\/\/goodsensebaltic.ee\/#website"},"primaryImageOfPage":{"@id":"https:\/\/goodsensebaltic.ee\/en\/product\/120x50x1600mm-forklift-forks\/#primaryimage"},"image":{"@id":"https:\/\/goodsensebaltic.ee\/en\/product\/120x50x1600mm-forklift-forks\/#primaryimage"},"thumbnailUrl":"https:\/\/goodsensebaltic.ee\/wp-content\/uploads\/2023\/11\/120x50x1600-tostuki-kahvel.png","datePublished":"2023-11-28T10:26:53+00:00","dateModified":"2024-02-01T12:55:10+00:00","description":"Lifting forks 1200mm. Sale of spare parts for lifting equipment. Goodsense diesel truck forks for sale. Forklift forks for sale in Tallinn and Tartu","breadcrumb":{"@id":"https:\/\/goodsensebaltic.ee\/en\/product\/120x50x1600mm-forklift-forks\/#breadcrumb"},"inLanguage":"en-US","potentialAction":[{"@type":"ReadAction","target":["https:\/\/goodsensebaltic.ee\/en\/product\/120x50x1600mm-forklift-forks\/"]}]},{"@type":"ImageObject","inLanguage":"en-US","@id":"https:\/\/goodsensebaltic.ee\/en\/product\/120x50x1600mm-forklift-forks\/#primaryimage","url":"https:\/\/goodsensebaltic.ee\/wp-content\/uploads\/2023\/11\/120x50x1600-tostuki-kahvel.png","contentUrl":"https:\/\/goodsensebaltic.ee\/wp-content\/uploads\/2023\/11\/120x50x1600-tostuki-kahvel.png","width":1000,"height":1000,"caption":"120x50x1600 t\u00f5stuki kahvel"},{"@type":"BreadcrumbList","@id":"https:\/\/goodsensebaltic.ee\/en\/product\/120x50x1600mm-forklift-forks\/#breadcrumb","itemListElement":[{"@type":"ListItem","position":1,"name":"Home","item":"https:\/\/goodsensebaltic.ee\/"},{"@type":"ListItem","position":2,"name":"Shop","item":"https:\/\/goodsensebaltic.ee\/en\/shop\/"},{"@type":"ListItem","position":3,"name":"120x50x1600mm forklift forks"}]},{"@type":"WebSite","@id":"https:\/\/goodsensebaltic.ee\/#website","url":"https:\/\/goodsensebaltic.ee\/","name":"Goodsense Baltic","description":"Kahvelt\u00f5stukite ost ja m\u00fc\u00fck","publisher":{"@id":"https:\/\/goodsensebaltic.ee\/#organization"},"potentialAction":[{"@type":"SearchAction","target":{"@type":"EntryPoint","urlTemplate":"https:\/\/goodsensebaltic.ee\/?s={search_term_string}"},"query-input":{"@type":"PropertyValueSpecification","valueRequired":true,"valueName":"search_term_string"}}],"inLanguage":"en-US"},{"@type":"Organization","@id":"https:\/\/goodsensebaltic.ee\/#organization","name":"Goodsense Baltic","url":"https:\/\/goodsensebaltic.ee\/","logo":{"@type":"ImageObject","inLanguage":"en-US","@id":"https:\/\/goodsensebaltic.ee\/#\/schema\/logo\/image\/","url":"https:\/\/goodsensebaltic.ee\/wp-content\/uploads\/2022\/02\/Goodsense_Baltic_logo-01-1.svg","contentUrl":"https:\/\/goodsensebaltic.ee\/wp-content\/uploads\/2022\/02\/Goodsense_Baltic_logo-01-1.svg","width":988,"height":198,"caption":"Goodsense Baltic"},"image":{"@id":"https:\/\/goodsensebaltic.ee\/#\/schema\/logo\/image\/"},"sameAs":["https:\/\/www.facebook.com\/GoodsenseBaltic","https:\/\/www.linkedin.com\/company\/goodsense-baltic-o\/"]}]}},"_links":{"self":[{"href":"https:\/\/goodsensebaltic.ee\/en\/wp-json\/wp\/v2\/product\/21775","targetHints":{"allow":["GET"]}}],"collection":[{"href":"https:\/\/goodsensebaltic.ee\/en\/wp-json\/wp\/v2\/product"}],"about":[{"href":"https:\/\/goodsensebaltic.ee\/en\/wp-json\/wp\/v2\/types\/product"}],"version-history":[{"count":3,"href":"https:\/\/goodsensebaltic.ee\/en\/wp-json\/wp\/v2\/product\/21775\/revisions"}],"predecessor-version":[{"id":21833,"href":"https:\/\/goodsensebaltic.ee\/en\/wp-json\/wp\/v2\/product\/21775\/revisions\/21833"}],"wp:featuredmedia":[{"embeddable":true,"href":"https:\/\/goodsensebaltic.ee\/en\/wp-json\/wp\/v2\/media\/21821"}],"wp:attachment":[{"href":"https:\/\/goodsensebaltic.ee\/en\/wp-json\/wp\/v2\/media?parent=21775"}],"wp:term":[{"taxonomy":"product_brand","embeddable":true,"href":"https:\/\/goodsensebaltic.ee\/en\/wp-json\/wp\/v2\/product_brand?post=21775"},{"taxonomy":"product_cat","embeddable":true,"href":"https:\/\/goodsensebaltic.ee\/en\/wp-json\/wp\/v2\/product_cat?post=21775"},{"taxonomy":"product_tag","embeddable":true,"href":"https:\/\/goodsensebaltic.ee\/en\/wp-json\/wp\/v2\/product_tag?post=21775"}],"curies":[{"name":"wp","href":"https:\/\/api.w.org\/{rel}","templated":true}]}}