{"id":21878,"date":"2023-11-30T12:08:16","date_gmt":"2023-11-30T12:08:16","guid":{"rendered":"https:\/\/goodsensebaltic.ee\/?post_type=product&#038;p=21878"},"modified":"2023-11-30T12:24:24","modified_gmt":"2023-11-30T12:24:24","slug":"28x9-15-lumen-chain","status":"publish","type":"product","link":"https:\/\/goodsensebaltic.ee\/en\/product\/28x9-15-lumen-chain\/","title":{"rendered":"28&#215;9-15 snow chain"},"content":{"rendered":"<p><strong>AVAILABLE!<\/strong><\/p>\n<p>New 28&#215;9-15 snow chains for forklifts and other machines. It&#8217;s easier to put the chains on than to look for help if you get stuck!<\/p>\n<p>Set of 2 chains.<\/p>\n","protected":false},"excerpt":{"rendered":"<p>28&#215;9-15 snow chain &#8211; lift truck tyre &#8211; lift truck pneumatic tyre &#8211; 28&#215;9-15 lift truck snow chain<\/p>\n","protected":false},"featured_media":21885,"template":"","meta":[],"product_brand":[],"product_cat":[1131,1176,150],"product_tag":[],"class_list":{"0":"post-21878","1":"product","2":"type-product","3":"status-publish","4":"has-post-thumbnail","6":"product_cat-spare-parts-in-stock","7":"product_cat-tires","8":"product_cat-spare-parts","10":"first","11":"instock","12":"taxable","13":"shipping-taxable","14":"purchasable","15":"product-type-simple"},"yoast_head":"<!-- This site is optimized with the Yoast SEO plugin v27.0 - https:\/\/yoast.com\/product\/yoast-seo-wordpress\/ -->\n<title>28x9-15 snow chain - Goodsense Baltic<\/title>\n<meta name=\"description\" content=\"28x9-15 snow chain for lift trucks. Sale of snow chains for trucks. New and used snow chains for lifting equipment. Sale of lifting equipment in Tallinn and Tartu.\" \/>\n<meta name=\"robots\" content=\"index, follow, max-snippet:-1, max-image-preview:large, max-video-preview:-1\" \/>\n<link rel=\"canonical\" href=\"https:\/\/goodsensebaltic.ee\/en\/?post_type=product&p=21878\" \/>\n<meta property=\"og:locale\" content=\"en_US\" \/>\n<meta property=\"og:type\" content=\"article\" \/>\n<meta property=\"og:title\" content=\"28x9-15 snow chain - Goodsense Baltic\" \/>\n<meta property=\"og:description\" content=\"28x9-15 snow chain for lift trucks. Sale of snow chains for trucks. New and used snow chains for lifting equipment. Sale of lifting equipment in Tallinn and Tartu.\" \/>\n<meta property=\"og:url\" content=\"https:\/\/goodsensebaltic.ee\/en\/?post_type=product&amp;p=21878\" \/>\n<meta property=\"og:site_name\" content=\"Goodsense Baltic\" \/>\n<meta property=\"article:publisher\" content=\"https:\/\/www.facebook.com\/GoodsenseBaltic\" \/>\n<meta property=\"article:modified_time\" content=\"2023-11-30T12:24:24+00:00\" \/>\n<meta property=\"og:image\" content=\"https:\/\/goodsensebaltic.ee\/wp-content\/uploads\/2023\/11\/28x9-15-tostuki-lumekett-scaled.jpg\" \/>\n\t<meta property=\"og:image:width\" content=\"2560\" \/>\n\t<meta property=\"og:image:height\" content=\"2560\" \/>\n\t<meta property=\"og:image:type\" content=\"image\/jpeg\" \/>\n<meta name=\"twitter:card\" content=\"summary_large_image\" \/>\n<meta name=\"twitter:label1\" content=\"Est. reading time\" \/>\n\t<meta name=\"twitter:data1\" content=\"1 minute\" \/>\n<script type=\"application\/ld+json\" class=\"yoast-schema-graph\">{\"@context\":\"https:\/\/schema.org\",\"@graph\":[{\"@type\":\"WebPage\",\"@id\":\"https:\/\/goodsensebaltic.ee\/en\/?post_type=product&p=21878\",\"url\":\"https:\/\/goodsensebaltic.ee\/en\/?post_type=product&p=21878\",\"name\":\"28x9-15 snow chain - Goodsense Baltic\",\"isPartOf\":{\"@id\":\"https:\/\/goodsensebaltic.ee\/#website\"},\"primaryImageOfPage\":{\"@id\":\"https:\/\/goodsensebaltic.ee\/en\/?post_type=product&p=21878#primaryimage\"},\"image\":{\"@id\":\"https:\/\/goodsensebaltic.ee\/en\/?post_type=product&p=21878#primaryimage\"},\"thumbnailUrl\":\"https:\/\/goodsensebaltic.ee\/wp-content\/uploads\/2023\/11\/Tostukite-lumekett.png\",\"datePublished\":\"2023-11-30T12:08:16+00:00\",\"dateModified\":\"2023-11-30T12:24:24+00:00\",\"description\":\"28x9-15 snow chain for lift trucks. Sale of snow chains for trucks. New and used snow chains for lifting equipment. Sale of lifting equipment in Tallinn and Tartu.\",\"breadcrumb\":{\"@id\":\"https:\/\/goodsensebaltic.ee\/en\/?post_type=product&p=21878#breadcrumb\"},\"inLanguage\":\"en-US\",\"potentialAction\":[{\"@type\":\"ReadAction\",\"target\":[\"https:\/\/goodsensebaltic.ee\/en\/?post_type=product&p=21878\"]}]},{\"@type\":\"ImageObject\",\"inLanguage\":\"en-US\",\"@id\":\"https:\/\/goodsensebaltic.ee\/en\/?post_type=product&p=21878#primaryimage\",\"url\":\"https:\/\/goodsensebaltic.ee\/wp-content\/uploads\/2023\/11\/Tostukite-lumekett.png\",\"contentUrl\":\"https:\/\/goodsensebaltic.ee\/wp-content\/uploads\/2023\/11\/Tostukite-lumekett.png\",\"width\":1000,\"height\":1000,\"caption\":\"T\u00f5stukite lumekett\"},{\"@type\":\"BreadcrumbList\",\"@id\":\"https:\/\/goodsensebaltic.ee\/en\/?post_type=product&p=21878#breadcrumb\",\"itemListElement\":[{\"@type\":\"ListItem\",\"position\":1,\"name\":\"Home\",\"item\":\"https:\/\/goodsensebaltic.ee\/\"},{\"@type\":\"ListItem\",\"position\":2,\"name\":\"Shop\",\"item\":\"https:\/\/goodsensebaltic.ee\/en\/shop\/\"},{\"@type\":\"ListItem\",\"position\":3,\"name\":\"28&#215;9-15 snow chain\"}]},{\"@type\":\"WebSite\",\"@id\":\"https:\/\/goodsensebaltic.ee\/#website\",\"url\":\"https:\/\/goodsensebaltic.ee\/\",\"name\":\"Goodsense Baltic\",\"description\":\"Kahvelt\u00f5stukite ost ja m\u00fc\u00fck\",\"publisher\":{\"@id\":\"https:\/\/goodsensebaltic.ee\/#organization\"},\"potentialAction\":[{\"@type\":\"SearchAction\",\"target\":{\"@type\":\"EntryPoint\",\"urlTemplate\":\"https:\/\/goodsensebaltic.ee\/?s={search_term_string}\"},\"query-input\":{\"@type\":\"PropertyValueSpecification\",\"valueRequired\":true,\"valueName\":\"search_term_string\"}}],\"inLanguage\":\"en-US\"},{\"@type\":\"Organization\",\"@id\":\"https:\/\/goodsensebaltic.ee\/#organization\",\"name\":\"Goodsense Baltic\",\"url\":\"https:\/\/goodsensebaltic.ee\/\",\"logo\":{\"@type\":\"ImageObject\",\"inLanguage\":\"en-US\",\"@id\":\"https:\/\/goodsensebaltic.ee\/#\/schema\/logo\/image\/\",\"url\":\"https:\/\/goodsensebaltic.ee\/wp-content\/uploads\/2022\/02\/Goodsense_Baltic_logo-01-1.svg\",\"contentUrl\":\"https:\/\/goodsensebaltic.ee\/wp-content\/uploads\/2022\/02\/Goodsense_Baltic_logo-01-1.svg\",\"width\":988,\"height\":198,\"caption\":\"Goodsense Baltic\"},\"image\":{\"@id\":\"https:\/\/goodsensebaltic.ee\/#\/schema\/logo\/image\/\"},\"sameAs\":[\"https:\/\/www.facebook.com\/GoodsenseBaltic\",\"https:\/\/www.linkedin.com\/company\/goodsense-baltic-o\/\"]}]}<\/script>\n<!-- \/ Yoast SEO plugin. -->","yoast_head_json":{"title":"28x9-15 snow chain - Goodsense Baltic","description":"28x9-15 snow chain for lift trucks. Sale of snow chains for trucks. New and used snow chains for lifting equipment. Sale of lifting equipment in Tallinn and Tartu.","robots":{"index":"index","follow":"follow","max-snippet":"max-snippet:-1","max-image-preview":"max-image-preview:large","max-video-preview":"max-video-preview:-1"},"canonical":"https:\/\/goodsensebaltic.ee\/en\/?post_type=product&p=21878","og_locale":"en_US","og_type":"article","og_title":"28x9-15 snow chain - Goodsense Baltic","og_description":"28x9-15 snow chain for lift trucks. Sale of snow chains for trucks. New and used snow chains for lifting equipment. Sale of lifting equipment in Tallinn and Tartu.","og_url":"https:\/\/goodsensebaltic.ee\/en\/?post_type=product&p=21878","og_site_name":"Goodsense Baltic","article_publisher":"https:\/\/www.facebook.com\/GoodsenseBaltic","article_modified_time":"2023-11-30T12:24:24+00:00","og_image":[{"width":2560,"height":2560,"url":"https:\/\/goodsensebaltic.ee\/wp-content\/uploads\/2023\/11\/28x9-15-tostuki-lumekett-scaled.jpg","type":"image\/jpeg"}],"twitter_card":"summary_large_image","twitter_misc":{"Est. reading time":"1 minute"},"schema":{"@context":"https:\/\/schema.org","@graph":[{"@type":"WebPage","@id":"https:\/\/goodsensebaltic.ee\/en\/?post_type=product&p=21878","url":"https:\/\/goodsensebaltic.ee\/en\/?post_type=product&p=21878","name":"28x9-15 snow chain - Goodsense Baltic","isPartOf":{"@id":"https:\/\/goodsensebaltic.ee\/#website"},"primaryImageOfPage":{"@id":"https:\/\/goodsensebaltic.ee\/en\/?post_type=product&p=21878#primaryimage"},"image":{"@id":"https:\/\/goodsensebaltic.ee\/en\/?post_type=product&p=21878#primaryimage"},"thumbnailUrl":"https:\/\/goodsensebaltic.ee\/wp-content\/uploads\/2023\/11\/Tostukite-lumekett.png","datePublished":"2023-11-30T12:08:16+00:00","dateModified":"2023-11-30T12:24:24+00:00","description":"28x9-15 snow chain for lift trucks. Sale of snow chains for trucks. New and used snow chains for lifting equipment. Sale of lifting equipment in Tallinn and Tartu.","breadcrumb":{"@id":"https:\/\/goodsensebaltic.ee\/en\/?post_type=product&p=21878#breadcrumb"},"inLanguage":"en-US","potentialAction":[{"@type":"ReadAction","target":["https:\/\/goodsensebaltic.ee\/en\/?post_type=product&p=21878"]}]},{"@type":"ImageObject","inLanguage":"en-US","@id":"https:\/\/goodsensebaltic.ee\/en\/?post_type=product&p=21878#primaryimage","url":"https:\/\/goodsensebaltic.ee\/wp-content\/uploads\/2023\/11\/Tostukite-lumekett.png","contentUrl":"https:\/\/goodsensebaltic.ee\/wp-content\/uploads\/2023\/11\/Tostukite-lumekett.png","width":1000,"height":1000,"caption":"T\u00f5stukite lumekett"},{"@type":"BreadcrumbList","@id":"https:\/\/goodsensebaltic.ee\/en\/?post_type=product&p=21878#breadcrumb","itemListElement":[{"@type":"ListItem","position":1,"name":"Home","item":"https:\/\/goodsensebaltic.ee\/"},{"@type":"ListItem","position":2,"name":"Shop","item":"https:\/\/goodsensebaltic.ee\/en\/shop\/"},{"@type":"ListItem","position":3,"name":"28&#215;9-15 snow chain"}]},{"@type":"WebSite","@id":"https:\/\/goodsensebaltic.ee\/#website","url":"https:\/\/goodsensebaltic.ee\/","name":"Goodsense Baltic","description":"Kahvelt\u00f5stukite ost ja m\u00fc\u00fck","publisher":{"@id":"https:\/\/goodsensebaltic.ee\/#organization"},"potentialAction":[{"@type":"SearchAction","target":{"@type":"EntryPoint","urlTemplate":"https:\/\/goodsensebaltic.ee\/?s={search_term_string}"},"query-input":{"@type":"PropertyValueSpecification","valueRequired":true,"valueName":"search_term_string"}}],"inLanguage":"en-US"},{"@type":"Organization","@id":"https:\/\/goodsensebaltic.ee\/#organization","name":"Goodsense Baltic","url":"https:\/\/goodsensebaltic.ee\/","logo":{"@type":"ImageObject","inLanguage":"en-US","@id":"https:\/\/goodsensebaltic.ee\/#\/schema\/logo\/image\/","url":"https:\/\/goodsensebaltic.ee\/wp-content\/uploads\/2022\/02\/Goodsense_Baltic_logo-01-1.svg","contentUrl":"https:\/\/goodsensebaltic.ee\/wp-content\/uploads\/2022\/02\/Goodsense_Baltic_logo-01-1.svg","width":988,"height":198,"caption":"Goodsense Baltic"},"image":{"@id":"https:\/\/goodsensebaltic.ee\/#\/schema\/logo\/image\/"},"sameAs":["https:\/\/www.facebook.com\/GoodsenseBaltic","https:\/\/www.linkedin.com\/company\/goodsense-baltic-o\/"]}]}},"_links":{"self":[{"href":"https:\/\/goodsensebaltic.ee\/en\/wp-json\/wp\/v2\/product\/21878","targetHints":{"allow":["GET"]}}],"collection":[{"href":"https:\/\/goodsensebaltic.ee\/en\/wp-json\/wp\/v2\/product"}],"about":[{"href":"https:\/\/goodsensebaltic.ee\/en\/wp-json\/wp\/v2\/types\/product"}],"version-history":[{"count":1,"href":"https:\/\/goodsensebaltic.ee\/en\/wp-json\/wp\/v2\/product\/21878\/revisions"}],"predecessor-version":[{"id":21893,"href":"https:\/\/goodsensebaltic.ee\/en\/wp-json\/wp\/v2\/product\/21878\/revisions\/21893"}],"wp:featuredmedia":[{"embeddable":true,"href":"https:\/\/goodsensebaltic.ee\/en\/wp-json\/wp\/v2\/media\/21885"}],"wp:attachment":[{"href":"https:\/\/goodsensebaltic.ee\/en\/wp-json\/wp\/v2\/media?parent=21878"}],"wp:term":[{"taxonomy":"product_brand","embeddable":true,"href":"https:\/\/goodsensebaltic.ee\/en\/wp-json\/wp\/v2\/product_brand?post=21878"},{"taxonomy":"product_cat","embeddable":true,"href":"https:\/\/goodsensebaltic.ee\/en\/wp-json\/wp\/v2\/product_cat?post=21878"},{"taxonomy":"product_tag","embeddable":true,"href":"https:\/\/goodsensebaltic.ee\/en\/wp-json\/wp\/v2\/product_tag?post=21878"}],"curies":[{"name":"wp","href":"https:\/\/api.w.org\/{rel}","templated":true}]}}