{"id":21922,"date":"2023-12-05T12:34:18","date_gmt":"2023-12-05T12:34:18","guid":{"rendered":"https:\/\/goodsensebaltic.ee\/?post_type=product&#038;p=21922"},"modified":"2024-02-29T13:03:17","modified_gmt":"2024-02-29T13:03:17","slug":"5-00-8-taisrehv","status":"publish","type":"product","link":"https:\/\/goodsensebaltic.ee\/en\/product\/5-00-8-taisrehv\/","title":{"rendered":"5.00-8 Full tire"},"content":{"rendered":"<p><strong>AVAILABLE!<\/strong><\/p>\n<p>Increase the performance of your forklift with a 5.00-8 forklift full tire. This heavy-duty tire is designed to deliver exceptional stability, traction and durability, even in tough conditions. Its robust design eliminates the need to maintain air pressure, reducing downtime and ensuring your equipment is up and running. With its compact size of 5.00-8, the forklift tyre is the ideal choice for light equipment and vehicles.<\/p>\n","protected":false},"excerpt":{"rendered":"<p>5.00-8 pneumatic tyre &#8211; forklift tyre &#8211; forklift tyre &#8211; 6.00-9 forklift tyre<\/p>\n","protected":false},"featured_media":21925,"template":"","meta":[],"product_brand":[],"product_cat":[1176],"product_tag":[],"class_list":{"0":"post-21922","1":"product","2":"type-product","3":"status-publish","4":"has-post-thumbnail","6":"product_cat-tires","8":"first","9":"instock","10":"taxable","11":"shipping-taxable","12":"purchasable","13":"product-type-simple"},"yoast_head":"<!-- This site is optimized with the Yoast SEO plugin v27.0 - https:\/\/yoast.com\/product\/yoast-seo-wordpress\/ -->\n<title>5.00-8 Full tire - Goodsense Baltic<\/title>\n<meta name=\"description\" content=\"5.00-8 Full tire for forklifts. Forklift tires for sale. New and used pneumatic tires for lifting equipment. Full and pneumatic tires for trucks for sale in Tallinn and Tartu.\" \/>\n<meta name=\"robots\" content=\"index, follow, max-snippet:-1, max-image-preview:large, max-video-preview:-1\" \/>\n<link rel=\"canonical\" href=\"https:\/\/goodsensebaltic.ee\/toode\/5-00-8-taisrehv\/\" \/>\n<meta property=\"og:locale\" content=\"en_US\" \/>\n<meta property=\"og:type\" content=\"article\" \/>\n<meta property=\"og:title\" content=\"5.00-8 Full tire - Goodsense Baltic\" \/>\n<meta property=\"og:description\" content=\"5.00-8 Full tire for forklifts. Forklift tires for sale. New and used pneumatic tires for lifting equipment. Full and pneumatic tires for trucks for sale in Tallinn and Tartu.\" \/>\n<meta property=\"og:url\" content=\"https:\/\/goodsensebaltic.ee\/toode\/5-00-8-taisrehv\/\" \/>\n<meta property=\"og:site_name\" content=\"Goodsense Baltic\" \/>\n<meta property=\"article:publisher\" content=\"https:\/\/www.facebook.com\/GoodsenseBaltic\" \/>\n<meta property=\"article:modified_time\" content=\"2024-02-29T13:03:17+00:00\" \/>\n<meta property=\"og:image\" content=\"https:\/\/goodsensebaltic.ee\/wp-content\/uploads\/2023\/12\/5.00-8-tostuki-taisrehv.jpg\" \/>\n\t<meta property=\"og:image:width\" content=\"2425\" \/>\n\t<meta property=\"og:image:height\" content=\"2425\" \/>\n\t<meta property=\"og:image:type\" content=\"image\/jpeg\" \/>\n<meta name=\"twitter:card\" content=\"summary_large_image\" \/>\n<script type=\"application\/ld+json\" class=\"yoast-schema-graph\">{\"@context\":\"https:\/\/schema.org\",\"@graph\":[{\"@type\":\"WebPage\",\"@id\":\"https:\/\/goodsensebaltic.ee\/toode\/5-00-8-taisrehv\/\",\"url\":\"https:\/\/goodsensebaltic.ee\/toode\/5-00-8-taisrehv\/\",\"name\":\"5.00-8 Full tire - Goodsense Baltic\",\"isPartOf\":{\"@id\":\"https:\/\/goodsensebaltic.ee\/#website\"},\"primaryImageOfPage\":{\"@id\":\"https:\/\/goodsensebaltic.ee\/toode\/5-00-8-taisrehv\/#primaryimage\"},\"image\":{\"@id\":\"https:\/\/goodsensebaltic.ee\/toode\/5-00-8-taisrehv\/#primaryimage\"},\"thumbnailUrl\":\"https:\/\/goodsensebaltic.ee\/wp-content\/uploads\/2023\/12\/5.00-8-tostuki-taisrehv.jpg\",\"datePublished\":\"2023-12-05T12:34:18+00:00\",\"dateModified\":\"2024-02-29T13:03:17+00:00\",\"description\":\"5.00-8 Full tire for forklifts. Forklift tires for sale. New and used pneumatic tires for lifting equipment. Full and pneumatic tires for trucks for sale in Tallinn and Tartu.\",\"breadcrumb\":{\"@id\":\"https:\/\/goodsensebaltic.ee\/toode\/5-00-8-taisrehv\/#breadcrumb\"},\"inLanguage\":\"en-US\",\"potentialAction\":[{\"@type\":\"ReadAction\",\"target\":[\"https:\/\/goodsensebaltic.ee\/toode\/5-00-8-taisrehv\/\"]}]},{\"@type\":\"ImageObject\",\"inLanguage\":\"en-US\",\"@id\":\"https:\/\/goodsensebaltic.ee\/toode\/5-00-8-taisrehv\/#primaryimage\",\"url\":\"https:\/\/goodsensebaltic.ee\/wp-content\/uploads\/2023\/12\/5.00-8-tostuki-taisrehv.jpg\",\"contentUrl\":\"https:\/\/goodsensebaltic.ee\/wp-content\/uploads\/2023\/12\/5.00-8-tostuki-taisrehv.jpg\",\"width\":2425,\"height\":2425,\"caption\":\"5.00-8 t\u00f5stuki t\u00e4isrehv\"},{\"@type\":\"BreadcrumbList\",\"@id\":\"https:\/\/goodsensebaltic.ee\/toode\/5-00-8-taisrehv\/#breadcrumb\",\"itemListElement\":[{\"@type\":\"ListItem\",\"position\":1,\"name\":\"Home\",\"item\":\"https:\/\/goodsensebaltic.ee\/\"},{\"@type\":\"ListItem\",\"position\":2,\"name\":\"Shop\",\"item\":\"https:\/\/goodsensebaltic.ee\/en\/shop\/\"},{\"@type\":\"ListItem\",\"position\":3,\"name\":\"5.00-8 Full tire\"}]},{\"@type\":\"WebSite\",\"@id\":\"https:\/\/goodsensebaltic.ee\/#website\",\"url\":\"https:\/\/goodsensebaltic.ee\/\",\"name\":\"Goodsense Baltic\",\"description\":\"Kahvelt\u00f5stukite ost ja m\u00fc\u00fck\",\"publisher\":{\"@id\":\"https:\/\/goodsensebaltic.ee\/#organization\"},\"potentialAction\":[{\"@type\":\"SearchAction\",\"target\":{\"@type\":\"EntryPoint\",\"urlTemplate\":\"https:\/\/goodsensebaltic.ee\/?s={search_term_string}\"},\"query-input\":{\"@type\":\"PropertyValueSpecification\",\"valueRequired\":true,\"valueName\":\"search_term_string\"}}],\"inLanguage\":\"en-US\"},{\"@type\":\"Organization\",\"@id\":\"https:\/\/goodsensebaltic.ee\/#organization\",\"name\":\"Goodsense Baltic\",\"url\":\"https:\/\/goodsensebaltic.ee\/\",\"logo\":{\"@type\":\"ImageObject\",\"inLanguage\":\"en-US\",\"@id\":\"https:\/\/goodsensebaltic.ee\/#\/schema\/logo\/image\/\",\"url\":\"https:\/\/goodsensebaltic.ee\/wp-content\/uploads\/2022\/02\/Goodsense_Baltic_logo-01-1.svg\",\"contentUrl\":\"https:\/\/goodsensebaltic.ee\/wp-content\/uploads\/2022\/02\/Goodsense_Baltic_logo-01-1.svg\",\"width\":988,\"height\":198,\"caption\":\"Goodsense Baltic\"},\"image\":{\"@id\":\"https:\/\/goodsensebaltic.ee\/#\/schema\/logo\/image\/\"},\"sameAs\":[\"https:\/\/www.facebook.com\/GoodsenseBaltic\",\"https:\/\/www.linkedin.com\/company\/goodsense-baltic-o\/\"]}]}<\/script>\n<!-- \/ Yoast SEO plugin. -->","yoast_head_json":{"title":"5.00-8 Full tire - Goodsense Baltic","description":"5.00-8 Full tire for forklifts. Forklift tires for sale. New and used pneumatic tires for lifting equipment. Full and pneumatic tires for trucks for sale in Tallinn and Tartu.","robots":{"index":"index","follow":"follow","max-snippet":"max-snippet:-1","max-image-preview":"max-image-preview:large","max-video-preview":"max-video-preview:-1"},"canonical":"https:\/\/goodsensebaltic.ee\/toode\/5-00-8-taisrehv\/","og_locale":"en_US","og_type":"article","og_title":"5.00-8 Full tire - Goodsense Baltic","og_description":"5.00-8 Full tire for forklifts. Forklift tires for sale. New and used pneumatic tires for lifting equipment. Full and pneumatic tires for trucks for sale in Tallinn and Tartu.","og_url":"https:\/\/goodsensebaltic.ee\/toode\/5-00-8-taisrehv\/","og_site_name":"Goodsense Baltic","article_publisher":"https:\/\/www.facebook.com\/GoodsenseBaltic","article_modified_time":"2024-02-29T13:03:17+00:00","og_image":[{"width":2425,"height":2425,"url":"https:\/\/goodsensebaltic.ee\/wp-content\/uploads\/2023\/12\/5.00-8-tostuki-taisrehv.jpg","type":"image\/jpeg"}],"twitter_card":"summary_large_image","schema":{"@context":"https:\/\/schema.org","@graph":[{"@type":"WebPage","@id":"https:\/\/goodsensebaltic.ee\/toode\/5-00-8-taisrehv\/","url":"https:\/\/goodsensebaltic.ee\/toode\/5-00-8-taisrehv\/","name":"5.00-8 Full tire - Goodsense Baltic","isPartOf":{"@id":"https:\/\/goodsensebaltic.ee\/#website"},"primaryImageOfPage":{"@id":"https:\/\/goodsensebaltic.ee\/toode\/5-00-8-taisrehv\/#primaryimage"},"image":{"@id":"https:\/\/goodsensebaltic.ee\/toode\/5-00-8-taisrehv\/#primaryimage"},"thumbnailUrl":"https:\/\/goodsensebaltic.ee\/wp-content\/uploads\/2023\/12\/5.00-8-tostuki-taisrehv.jpg","datePublished":"2023-12-05T12:34:18+00:00","dateModified":"2024-02-29T13:03:17+00:00","description":"5.00-8 Full tire for forklifts. Forklift tires for sale. New and used pneumatic tires for lifting equipment. Full and pneumatic tires for trucks for sale in Tallinn and Tartu.","breadcrumb":{"@id":"https:\/\/goodsensebaltic.ee\/toode\/5-00-8-taisrehv\/#breadcrumb"},"inLanguage":"en-US","potentialAction":[{"@type":"ReadAction","target":["https:\/\/goodsensebaltic.ee\/toode\/5-00-8-taisrehv\/"]}]},{"@type":"ImageObject","inLanguage":"en-US","@id":"https:\/\/goodsensebaltic.ee\/toode\/5-00-8-taisrehv\/#primaryimage","url":"https:\/\/goodsensebaltic.ee\/wp-content\/uploads\/2023\/12\/5.00-8-tostuki-taisrehv.jpg","contentUrl":"https:\/\/goodsensebaltic.ee\/wp-content\/uploads\/2023\/12\/5.00-8-tostuki-taisrehv.jpg","width":2425,"height":2425,"caption":"5.00-8 t\u00f5stuki t\u00e4isrehv"},{"@type":"BreadcrumbList","@id":"https:\/\/goodsensebaltic.ee\/toode\/5-00-8-taisrehv\/#breadcrumb","itemListElement":[{"@type":"ListItem","position":1,"name":"Home","item":"https:\/\/goodsensebaltic.ee\/"},{"@type":"ListItem","position":2,"name":"Shop","item":"https:\/\/goodsensebaltic.ee\/en\/shop\/"},{"@type":"ListItem","position":3,"name":"5.00-8 Full tire"}]},{"@type":"WebSite","@id":"https:\/\/goodsensebaltic.ee\/#website","url":"https:\/\/goodsensebaltic.ee\/","name":"Goodsense Baltic","description":"Kahvelt\u00f5stukite ost ja m\u00fc\u00fck","publisher":{"@id":"https:\/\/goodsensebaltic.ee\/#organization"},"potentialAction":[{"@type":"SearchAction","target":{"@type":"EntryPoint","urlTemplate":"https:\/\/goodsensebaltic.ee\/?s={search_term_string}"},"query-input":{"@type":"PropertyValueSpecification","valueRequired":true,"valueName":"search_term_string"}}],"inLanguage":"en-US"},{"@type":"Organization","@id":"https:\/\/goodsensebaltic.ee\/#organization","name":"Goodsense Baltic","url":"https:\/\/goodsensebaltic.ee\/","logo":{"@type":"ImageObject","inLanguage":"en-US","@id":"https:\/\/goodsensebaltic.ee\/#\/schema\/logo\/image\/","url":"https:\/\/goodsensebaltic.ee\/wp-content\/uploads\/2022\/02\/Goodsense_Baltic_logo-01-1.svg","contentUrl":"https:\/\/goodsensebaltic.ee\/wp-content\/uploads\/2022\/02\/Goodsense_Baltic_logo-01-1.svg","width":988,"height":198,"caption":"Goodsense Baltic"},"image":{"@id":"https:\/\/goodsensebaltic.ee\/#\/schema\/logo\/image\/"},"sameAs":["https:\/\/www.facebook.com\/GoodsenseBaltic","https:\/\/www.linkedin.com\/company\/goodsense-baltic-o\/"]}]}},"_links":{"self":[{"href":"https:\/\/goodsensebaltic.ee\/en\/wp-json\/wp\/v2\/product\/21922","targetHints":{"allow":["GET"]}}],"collection":[{"href":"https:\/\/goodsensebaltic.ee\/en\/wp-json\/wp\/v2\/product"}],"about":[{"href":"https:\/\/goodsensebaltic.ee\/en\/wp-json\/wp\/v2\/types\/product"}],"version-history":[{"count":2,"href":"https:\/\/goodsensebaltic.ee\/en\/wp-json\/wp\/v2\/product\/21922\/revisions"}],"predecessor-version":[{"id":22190,"href":"https:\/\/goodsensebaltic.ee\/en\/wp-json\/wp\/v2\/product\/21922\/revisions\/22190"}],"wp:featuredmedia":[{"embeddable":true,"href":"https:\/\/goodsensebaltic.ee\/en\/wp-json\/wp\/v2\/media\/21925"}],"wp:attachment":[{"href":"https:\/\/goodsensebaltic.ee\/en\/wp-json\/wp\/v2\/media?parent=21922"}],"wp:term":[{"taxonomy":"product_brand","embeddable":true,"href":"https:\/\/goodsensebaltic.ee\/en\/wp-json\/wp\/v2\/product_brand?post=21922"},{"taxonomy":"product_cat","embeddable":true,"href":"https:\/\/goodsensebaltic.ee\/en\/wp-json\/wp\/v2\/product_cat?post=21922"},{"taxonomy":"product_tag","embeddable":true,"href":"https:\/\/goodsensebaltic.ee\/en\/wp-json\/wp\/v2\/product_tag?post=21922"}],"curies":[{"name":"wp","href":"https:\/\/api.w.org\/{rel}","templated":true}]}}