{"id":21990,"date":"2023-12-21T10:48:17","date_gmt":"2023-12-21T10:48:17","guid":{"rendered":"https:\/\/goodsensebaltic.ee\/?post_type=product&#038;p=21990"},"modified":"2024-03-13T15:17:35","modified_gmt":"2024-03-13T15:17:35","slug":"goodsense-fbd16-pallet-stacker-kopeeri","status":"publish","type":"product","link":"https:\/\/goodsensebaltic.ee\/en\/product\/goodsense-fbd16-pallet-stacker-kopeeri\/","title":{"rendered":"Microlift T20i Pallet Truck"},"content":{"rendered":"<div class=\"flex-1 overflow-hidden\">\n<div class=\"react-scroll-to-bottom--css-ulmlx-79elbk h-full\">\n<div class=\"react-scroll-to-bottom--css-ulmlx-1n7m0yu\">\n<div class=\"flex flex-col pb-9 text-sm\">\n<div class=\"w-full text-token-text-primary\" data-testid=\"conversation-turn-3\">\n<div class=\"px-4 py-2 justify-center text-base md:gap-6 m-auto\">\n<div class=\"flex flex-1 text-base mx-auto gap-3 md:px-5 lg:px-1 xl:px-5 md:max-w-3xl lg:max-w-[40rem] xl:max-w-[48rem] group final-completion\">\n<div class=\"relative flex w-full flex-col lg:w-[calc(100%-115px)] agent-turn\">\n<div class=\"flex-col gap-1 md:gap-3\">\n<div class=\"flex flex-grow flex-col max-w-full\">\n<div class=\"min-h-[20px] text-message flex flex-col items-start gap-3 whitespace-pre-wrap break-words [.text-message+&amp;]:mt-5 overflow-x-auto\" data-message-author-role=\"assistant\" data-message-id=\"6a515987-4cc7-460f-8f4b-3690cb66ea6d\">\n<div class=\"markdown prose w-full break-words dark:prose-invert dark\">\n<p>The Microlift T20i is an innovative and high-quality material handling solution equipped with a number of smart features to ensure a smooth and efficient workflow.<\/p>\n<p><strong>Touchscreen Panel:<\/strong> The T20i is equipped with a 2.5-inch touchscreen display that allows the user to easily operate the various functions of the machine.<\/p>\n<p><strong>Digital Display:<\/strong> the T20&#8217;s smart display shows real-time driving range, battery status, adjustable speed and approximate load weight. In addition, it is possible to read the gradient with a degree of accuracy, which helps to operate safely on slopes.<\/p>\n<p><strong>VNA Mode:<\/strong> one-touch VNA (Very Narrow Aisle) mode allows precise and convenient positioning in narrow spaces.<\/p>\n<p><strong>Security and Privacy:<\/strong> the T20i is equipped with a password function to ensure that only authorised persons can use the device.<\/p>\n<p><strong>Fast Charging and Large Battery Capacity:<\/strong> the 48V15Ah battery ensures sufficient performance and efficiency. The machine is capable of fast charging in 2-3 hours.<\/p>\n<p><strong>Mode switch:<\/strong> With the push of a button, it is possible to choose between electric and manual mode. You can still use the transplant when the battery runs out.<\/p>\n<\/div>\n<\/div>\n<\/div>\n<div class=\"mt-1 flex justify-start gap-3 empty:hidden\">\n<div class=\"text-gray-400 flex self-end lg:self-center justify-center lg:justify-start mt-0 gap-1 visible\">\n<p>&nbsp;<\/p>\n<div class=\"flex items-center gap-1.5 text-xs\"><\/div>\n<\/div>\n<\/div>\n<\/div>\n<div class=\"absolute\">\n<div class=\"flex w-full gap-2 items-center justify-center\"><\/div>\n<\/div>\n<\/div>\n<\/div>\n<\/div>\n<\/div>\n<\/div>\n<\/div>\n<\/div>\n<\/div>\n<div class=\"w-full pt-2 md:pt-0 dark:border-white\/20 md:border-transparent md:dark:border-transparent md:w-[calc(100%-.5rem)]\">\n<form class=\"stretch mx-2 flex flex-row gap-3 last:mb-2 md:mx-4 md:last:mb-6 lg:mx-auto lg:max-w-2xl xl:max-w-3xl\">\n<div class=\"relative flex h-full flex-1 items-stretch md:flex-col\">\n<div class=\"flex w-full items-center\"><\/div>\n<\/div>\n<\/form>\n<\/div>\n","protected":false},"excerpt":{"rendered":"<p>The Microlift T20i is an innovative and high-quality material handling solution equipped with a number of smart features to ensure<\/p>\n","protected":false},"featured_media":22755,"template":"","meta":[],"product_brand":[],"product_cat":[1149],"product_tag":[],"class_list":{"0":"post-21990","1":"product","2":"type-product","3":"status-publish","4":"has-post-thumbnail","6":"product_cat-stackers","7":"pa_garantii-12-months-en","8":"pa_tostejoud-1t-2t-en","10":"first","11":"outofstock","12":"taxable","13":"shipping-taxable","14":"purchasable","15":"product-type-simple"},"yoast_head":"<!-- This site is optimized with the Yoast SEO plugin v27.0 - https:\/\/yoast.com\/product\/yoast-seo-wordpress\/ -->\n<title>Microlift T20i Pallet Truck - Goodsense Baltic<\/title>\n<meta name=\"description\" content=\"Microlift T20i Pallet Truck for sale. Electric stackers for sale. Grubstakes for sale in Tallinn. Sale of forklifts and lifting equipment. Large range of forklifts.\" \/>\n<meta name=\"robots\" content=\"index, follow, max-snippet:-1, max-image-preview:large, max-video-preview:-1\" \/>\n<link rel=\"canonical\" href=\"https:\/\/goodsensebaltic.ee\/toode\/microlift-t20i-siirdaja\/\" \/>\n<meta property=\"og:locale\" content=\"en_US\" \/>\n<meta property=\"og:type\" content=\"article\" \/>\n<meta property=\"og:title\" content=\"Microlift T20i Pallet Truck - Goodsense Baltic\" \/>\n<meta property=\"og:description\" content=\"Microlift T20i Pallet Truck for sale. Electric stackers for sale. Grubstakes for sale in Tallinn. Sale of forklifts and lifting equipment. Large range of forklifts.\" \/>\n<meta property=\"og:url\" content=\"https:\/\/goodsensebaltic.ee\/toode\/microlift-t20i-siirdaja\/\" \/>\n<meta property=\"og:site_name\" content=\"Goodsense Baltic\" \/>\n<meta property=\"article:publisher\" content=\"https:\/\/www.facebook.com\/GoodsenseBaltic\" \/>\n<meta property=\"article:modified_time\" content=\"2024-03-13T15:17:35+00:00\" \/>\n<meta property=\"og:image\" content=\"https:\/\/goodsensebaltic.ee\/wp-content\/uploads\/2023\/12\/Microlift-T20i-Siirdaja12.jpg\" \/>\n\t<meta property=\"og:image:width\" content=\"2379\" \/>\n\t<meta property=\"og:image:height\" content=\"2379\" \/>\n\t<meta property=\"og:image:type\" content=\"image\/jpeg\" \/>\n<meta name=\"twitter:card\" content=\"summary_large_image\" \/>\n<meta name=\"twitter:label1\" content=\"Est. reading time\" \/>\n\t<meta name=\"twitter:data1\" content=\"1 minute\" \/>\n<script type=\"application\/ld+json\" class=\"yoast-schema-graph\">{\"@context\":\"https:\/\/schema.org\",\"@graph\":[{\"@type\":\"WebPage\",\"@id\":\"https:\/\/goodsensebaltic.ee\/toode\/microlift-t20i-siirdaja\/\",\"url\":\"https:\/\/goodsensebaltic.ee\/toode\/microlift-t20i-siirdaja\/\",\"name\":\"Microlift T20i Pallet Truck - Goodsense Baltic\",\"isPartOf\":{\"@id\":\"https:\/\/goodsensebaltic.ee\/#website\"},\"primaryImageOfPage\":{\"@id\":\"https:\/\/goodsensebaltic.ee\/toode\/microlift-t20i-siirdaja\/#primaryimage\"},\"image\":{\"@id\":\"https:\/\/goodsensebaltic.ee\/toode\/microlift-t20i-siirdaja\/#primaryimage\"},\"thumbnailUrl\":\"https:\/\/goodsensebaltic.ee\/wp-content\/uploads\/2023\/12\/Microlift-T20i-Siirdaja12.jpg\",\"datePublished\":\"2023-12-21T10:48:17+00:00\",\"dateModified\":\"2024-03-13T15:17:35+00:00\",\"description\":\"Microlift T20i Pallet Truck for sale. Electric stackers for sale. Grubstakes for sale in Tallinn. Sale of forklifts and lifting equipment. Large range of forklifts.\",\"breadcrumb\":{\"@id\":\"https:\/\/goodsensebaltic.ee\/toode\/microlift-t20i-siirdaja\/#breadcrumb\"},\"inLanguage\":\"en-US\",\"potentialAction\":[{\"@type\":\"ReadAction\",\"target\":[\"https:\/\/goodsensebaltic.ee\/toode\/microlift-t20i-siirdaja\/\"]}]},{\"@type\":\"ImageObject\",\"inLanguage\":\"en-US\",\"@id\":\"https:\/\/goodsensebaltic.ee\/toode\/microlift-t20i-siirdaja\/#primaryimage\",\"url\":\"https:\/\/goodsensebaltic.ee\/wp-content\/uploads\/2023\/12\/Microlift-T20i-Siirdaja12.jpg\",\"contentUrl\":\"https:\/\/goodsensebaltic.ee\/wp-content\/uploads\/2023\/12\/Microlift-T20i-Siirdaja12.jpg\",\"width\":2379,\"height\":2379,\"caption\":\"Microlift T20i Siirdaja\"},{\"@type\":\"BreadcrumbList\",\"@id\":\"https:\/\/goodsensebaltic.ee\/toode\/microlift-t20i-siirdaja\/#breadcrumb\",\"itemListElement\":[{\"@type\":\"ListItem\",\"position\":1,\"name\":\"Home\",\"item\":\"https:\/\/goodsensebaltic.ee\/\"},{\"@type\":\"ListItem\",\"position\":2,\"name\":\"Shop\",\"item\":\"https:\/\/goodsensebaltic.ee\/en\/shop\/\"},{\"@type\":\"ListItem\",\"position\":3,\"name\":\"Microlift T20i Pallet Truck\"}]},{\"@type\":\"WebSite\",\"@id\":\"https:\/\/goodsensebaltic.ee\/#website\",\"url\":\"https:\/\/goodsensebaltic.ee\/\",\"name\":\"Goodsense Baltic\",\"description\":\"Kahvelt\u00f5stukite ost ja m\u00fc\u00fck\",\"publisher\":{\"@id\":\"https:\/\/goodsensebaltic.ee\/#organization\"},\"potentialAction\":[{\"@type\":\"SearchAction\",\"target\":{\"@type\":\"EntryPoint\",\"urlTemplate\":\"https:\/\/goodsensebaltic.ee\/?s={search_term_string}\"},\"query-input\":{\"@type\":\"PropertyValueSpecification\",\"valueRequired\":true,\"valueName\":\"search_term_string\"}}],\"inLanguage\":\"en-US\"},{\"@type\":\"Organization\",\"@id\":\"https:\/\/goodsensebaltic.ee\/#organization\",\"name\":\"Goodsense Baltic\",\"url\":\"https:\/\/goodsensebaltic.ee\/\",\"logo\":{\"@type\":\"ImageObject\",\"inLanguage\":\"en-US\",\"@id\":\"https:\/\/goodsensebaltic.ee\/#\/schema\/logo\/image\/\",\"url\":\"https:\/\/goodsensebaltic.ee\/wp-content\/uploads\/2022\/02\/Goodsense_Baltic_logo-01-1.svg\",\"contentUrl\":\"https:\/\/goodsensebaltic.ee\/wp-content\/uploads\/2022\/02\/Goodsense_Baltic_logo-01-1.svg\",\"width\":988,\"height\":198,\"caption\":\"Goodsense Baltic\"},\"image\":{\"@id\":\"https:\/\/goodsensebaltic.ee\/#\/schema\/logo\/image\/\"},\"sameAs\":[\"https:\/\/www.facebook.com\/GoodsenseBaltic\",\"https:\/\/www.linkedin.com\/company\/goodsense-baltic-o\/\"]}]}<\/script>\n<!-- \/ Yoast SEO plugin. -->","yoast_head_json":{"title":"Microlift T20i Pallet Truck - Goodsense Baltic","description":"Microlift T20i Pallet Truck for sale. Electric stackers for sale. Grubstakes for sale in Tallinn. Sale of forklifts and lifting equipment. Large range of forklifts.","robots":{"index":"index","follow":"follow","max-snippet":"max-snippet:-1","max-image-preview":"max-image-preview:large","max-video-preview":"max-video-preview:-1"},"canonical":"https:\/\/goodsensebaltic.ee\/toode\/microlift-t20i-siirdaja\/","og_locale":"en_US","og_type":"article","og_title":"Microlift T20i Pallet Truck - Goodsense Baltic","og_description":"Microlift T20i Pallet Truck for sale. Electric stackers for sale. Grubstakes for sale in Tallinn. Sale of forklifts and lifting equipment. Large range of forklifts.","og_url":"https:\/\/goodsensebaltic.ee\/toode\/microlift-t20i-siirdaja\/","og_site_name":"Goodsense Baltic","article_publisher":"https:\/\/www.facebook.com\/GoodsenseBaltic","article_modified_time":"2024-03-13T15:17:35+00:00","og_image":[{"width":2379,"height":2379,"url":"https:\/\/goodsensebaltic.ee\/wp-content\/uploads\/2023\/12\/Microlift-T20i-Siirdaja12.jpg","type":"image\/jpeg"}],"twitter_card":"summary_large_image","twitter_misc":{"Est. reading time":"1 minute"},"schema":{"@context":"https:\/\/schema.org","@graph":[{"@type":"WebPage","@id":"https:\/\/goodsensebaltic.ee\/toode\/microlift-t20i-siirdaja\/","url":"https:\/\/goodsensebaltic.ee\/toode\/microlift-t20i-siirdaja\/","name":"Microlift T20i Pallet Truck - Goodsense Baltic","isPartOf":{"@id":"https:\/\/goodsensebaltic.ee\/#website"},"primaryImageOfPage":{"@id":"https:\/\/goodsensebaltic.ee\/toode\/microlift-t20i-siirdaja\/#primaryimage"},"image":{"@id":"https:\/\/goodsensebaltic.ee\/toode\/microlift-t20i-siirdaja\/#primaryimage"},"thumbnailUrl":"https:\/\/goodsensebaltic.ee\/wp-content\/uploads\/2023\/12\/Microlift-T20i-Siirdaja12.jpg","datePublished":"2023-12-21T10:48:17+00:00","dateModified":"2024-03-13T15:17:35+00:00","description":"Microlift T20i Pallet Truck for sale. Electric stackers for sale. Grubstakes for sale in Tallinn. Sale of forklifts and lifting equipment. Large range of forklifts.","breadcrumb":{"@id":"https:\/\/goodsensebaltic.ee\/toode\/microlift-t20i-siirdaja\/#breadcrumb"},"inLanguage":"en-US","potentialAction":[{"@type":"ReadAction","target":["https:\/\/goodsensebaltic.ee\/toode\/microlift-t20i-siirdaja\/"]}]},{"@type":"ImageObject","inLanguage":"en-US","@id":"https:\/\/goodsensebaltic.ee\/toode\/microlift-t20i-siirdaja\/#primaryimage","url":"https:\/\/goodsensebaltic.ee\/wp-content\/uploads\/2023\/12\/Microlift-T20i-Siirdaja12.jpg","contentUrl":"https:\/\/goodsensebaltic.ee\/wp-content\/uploads\/2023\/12\/Microlift-T20i-Siirdaja12.jpg","width":2379,"height":2379,"caption":"Microlift T20i Siirdaja"},{"@type":"BreadcrumbList","@id":"https:\/\/goodsensebaltic.ee\/toode\/microlift-t20i-siirdaja\/#breadcrumb","itemListElement":[{"@type":"ListItem","position":1,"name":"Home","item":"https:\/\/goodsensebaltic.ee\/"},{"@type":"ListItem","position":2,"name":"Shop","item":"https:\/\/goodsensebaltic.ee\/en\/shop\/"},{"@type":"ListItem","position":3,"name":"Microlift T20i Pallet Truck"}]},{"@type":"WebSite","@id":"https:\/\/goodsensebaltic.ee\/#website","url":"https:\/\/goodsensebaltic.ee\/","name":"Goodsense Baltic","description":"Kahvelt\u00f5stukite ost ja m\u00fc\u00fck","publisher":{"@id":"https:\/\/goodsensebaltic.ee\/#organization"},"potentialAction":[{"@type":"SearchAction","target":{"@type":"EntryPoint","urlTemplate":"https:\/\/goodsensebaltic.ee\/?s={search_term_string}"},"query-input":{"@type":"PropertyValueSpecification","valueRequired":true,"valueName":"search_term_string"}}],"inLanguage":"en-US"},{"@type":"Organization","@id":"https:\/\/goodsensebaltic.ee\/#organization","name":"Goodsense Baltic","url":"https:\/\/goodsensebaltic.ee\/","logo":{"@type":"ImageObject","inLanguage":"en-US","@id":"https:\/\/goodsensebaltic.ee\/#\/schema\/logo\/image\/","url":"https:\/\/goodsensebaltic.ee\/wp-content\/uploads\/2022\/02\/Goodsense_Baltic_logo-01-1.svg","contentUrl":"https:\/\/goodsensebaltic.ee\/wp-content\/uploads\/2022\/02\/Goodsense_Baltic_logo-01-1.svg","width":988,"height":198,"caption":"Goodsense Baltic"},"image":{"@id":"https:\/\/goodsensebaltic.ee\/#\/schema\/logo\/image\/"},"sameAs":["https:\/\/www.facebook.com\/GoodsenseBaltic","https:\/\/www.linkedin.com\/company\/goodsense-baltic-o\/"]}]}},"_links":{"self":[{"href":"https:\/\/goodsensebaltic.ee\/en\/wp-json\/wp\/v2\/product\/21990","targetHints":{"allow":["GET"]}}],"collection":[{"href":"https:\/\/goodsensebaltic.ee\/en\/wp-json\/wp\/v2\/product"}],"about":[{"href":"https:\/\/goodsensebaltic.ee\/en\/wp-json\/wp\/v2\/types\/product"}],"version-history":[{"count":4,"href":"https:\/\/goodsensebaltic.ee\/en\/wp-json\/wp\/v2\/product\/21990\/revisions"}],"predecessor-version":[{"id":22418,"href":"https:\/\/goodsensebaltic.ee\/en\/wp-json\/wp\/v2\/product\/21990\/revisions\/22418"}],"wp:featuredmedia":[{"embeddable":true,"href":"https:\/\/goodsensebaltic.ee\/en\/wp-json\/wp\/v2\/media\/22755"}],"wp:attachment":[{"href":"https:\/\/goodsensebaltic.ee\/en\/wp-json\/wp\/v2\/media?parent=21990"}],"wp:term":[{"taxonomy":"product_brand","embeddable":true,"href":"https:\/\/goodsensebaltic.ee\/en\/wp-json\/wp\/v2\/product_brand?post=21990"},{"taxonomy":"product_cat","embeddable":true,"href":"https:\/\/goodsensebaltic.ee\/en\/wp-json\/wp\/v2\/product_cat?post=21990"},{"taxonomy":"product_tag","embeddable":true,"href":"https:\/\/goodsensebaltic.ee\/en\/wp-json\/wp\/v2\/product_tag?post=21990"}],"curies":[{"name":"wp","href":"https:\/\/api.w.org\/{rel}","templated":true}]}}