{"id":22062,"date":"2023-12-28T09:18:36","date_gmt":"2023-12-28T09:18:36","guid":{"rendered":"https:\/\/goodsensebaltic.ee\/?post_type=product&#038;p=22062"},"modified":"2024-08-13T05:39:37","modified_gmt":"2024-08-13T05:39:37","slug":"microlift-t20i-conveyor-kopeeri","status":"publish","type":"product","link":"https:\/\/goodsensebaltic.ee\/en\/product\/microlift-t20i-conveyor-kopeeri\/","title":{"rendered":"Microlift TS15i Stacker"},"content":{"rendered":"<div class=\"flex-1 overflow-hidden\">\n<div class=\"react-scroll-to-bottom--css-ulmlx-79elbk h-full\">\n<div class=\"react-scroll-to-bottom--css-ulmlx-1n7m0yu\">\n<div class=\"flex flex-col pb-9 text-sm\">\n<div class=\"w-full text-token-text-primary\" data-testid=\"conversation-turn-3\">\n<div class=\"px-4 py-2 justify-center text-base md:gap-6 m-auto\">\n<div class=\"flex flex-1 text-base mx-auto gap-3 md:px-5 lg:px-1 xl:px-5 md:max-w-3xl lg:max-w-[40rem] xl:max-w-[48rem] group final-completion\">\n<div class=\"relative flex w-full flex-col lg:w-[calc(100%-115px)] agent-turn\">\n<div class=\"flex-col gap-1 md:gap-3\">\n<div class=\"flex flex-grow flex-col max-w-full\">\n<div class=\"min-h-[20px] text-message flex flex-col items-start gap-3 whitespace-pre-wrap break-words [.text-message+&amp;]:mt-5 overflow-x-auto\" data-message-author-role=\"assistant\" data-message-id=\"6a515987-4cc7-460f-8f4b-3690cb66ea6d\">\n<div class=\"markdown prose w-full break-words dark:prose-invert dark\">\n<p><strong>Microlift TS15i Electric\/Manual Stacker<\/strong> Ideal for lifting and use in confined spaces! <strong>Features and Benefits:<\/strong><\/p>\n<ol>\n<li><strong>User-centred design:<\/strong>\n<ul>\n<li>Emergency stop switch for safety<\/li>\n<li>Easily changeable electric\/manual control mode<\/li>\n<li>Easy access to battery, engine, braking system, hydraulics, etc.<\/li>\n<li>Minimal maintenance and labour costs thanks to modular design<\/li>\n<\/ul>\n<\/li>\n<li><strong>I-Touch System:<\/strong>\n<ul>\n<li>Digital odometer display<\/li>\n<li>Battery low indicator<\/li>\n<li>Adjustable speed<\/li>\n<li>Approximate load weight<\/li>\n<li>One touch is enough to switch on VNA (Very Narrow Aisle) mode.<\/li>\n<\/ul>\n<\/li>\n<li><strong>Accessible Lithium battery:<\/strong>\n<ul>\n<li>Safe, fast charging, environmentally friendly<\/li>\n<li>Maintenance-free and reliable<\/li>\n<li>Quick battery replacement for uninterrupted operation<\/li>\n<\/ul>\n<\/li>\n<li><strong>Hybrid yam:<\/strong>\n<ul>\n<li>Brushless motor that is maintenance-free<\/li>\n<li>Higher efficiency and better performance, without downtime<\/li>\n<\/ul>\n<\/li>\n<li><strong>Strong C-type hot rolled chassis:<\/strong>\n<ul>\n<li>Strong and durable construction.<\/li>\n<li>Different lifting heights (1.6\/2.5\/3.0\/3.3m).<\/li>\n<li>Driving speed is automatically reduced after lifting the fork 650mm<\/li>\n<\/ul>\n<\/li>\n<\/ol>\n<p><strong>Unique Advantages:<\/strong><\/p>\n<ul>\n<li><strong>I-Touch System Handle:<\/strong> a smart interface to present information in real time<\/li>\n<li><strong>Easily accessible Lithium battery:<\/strong> LFP battery, fast charging capability, over 2000 charge\/discharge cycles, maintenance-free and high reliability.<\/li>\n<li><strong>Intelligent Electric System:<\/strong> working hours, mileage, battery level, adjustable speed, smart weighing, upright walking, password setting, inclination detection, speed display and fault diagnosis.<\/li>\n<\/ul>\n<\/div>\n<\/div>\n<\/div>\n<\/div>\n<\/div>\n<\/div>\n<\/div>\n<\/div>\n<\/div>\n<\/div>\n<\/div>\n<\/div>\n","protected":false},"excerpt":{"rendered":"<p>Microlift TS15i Electric\/Manual Stacker Ideal for lifting and use in confined spaces! Features and Benefits: User-centred design: Emergency stop switch<\/p>\n","protected":false},"featured_media":22743,"template":"","meta":[],"product_brand":[],"product_cat":[1149],"product_tag":[],"class_list":{"0":"post-22062","1":"product","2":"type-product","3":"status-publish","4":"has-post-thumbnail","6":"product_cat-stackers","7":"pa_garantii-12-months-en","8":"pa_tostejoud-1t-2t-en","10":"first","11":"instock","12":"taxable","13":"shipping-taxable","14":"purchasable","15":"product-type-simple"},"yoast_head":"<!-- This site is optimized with the Yoast SEO plugin v27.0 - https:\/\/yoast.com\/product\/yoast-seo-wordpress\/ -->\n<title>Microlift TS15i Stacker - Goodsense Baltic<\/title>\n<meta name=\"description\" content=\"Microlift TS15i Stacker for sale. Electric stackers for sale. Grubstakes for sale in Tallinn. Sale of forklifts and lifting equipment. Large range of forklifts.\" \/>\n<meta name=\"robots\" content=\"index, follow, max-snippet:-1, max-image-preview:large, max-video-preview:-1\" \/>\n<link rel=\"canonical\" href=\"https:\/\/goodsensebaltic.ee\/en\/product\/microlift-t20i-conveyor-kopeeri\/\" \/>\n<meta property=\"og:locale\" content=\"en_US\" \/>\n<meta property=\"og:type\" content=\"article\" \/>\n<meta property=\"og:title\" content=\"Microlift TS15i Stacker - Goodsense Baltic\" \/>\n<meta property=\"og:description\" content=\"Microlift TS15i Stacker for sale. Electric stackers for sale. Grubstakes for sale in Tallinn. Sale of forklifts and lifting equipment. Large range of forklifts.\" \/>\n<meta property=\"og:url\" content=\"https:\/\/goodsensebaltic.ee\/en\/product\/microlift-t20i-conveyor-kopeeri\/\" \/>\n<meta property=\"og:site_name\" content=\"Goodsense Baltic\" \/>\n<meta property=\"article:publisher\" content=\"https:\/\/www.facebook.com\/GoodsenseBaltic\" \/>\n<meta property=\"article:modified_time\" content=\"2024-08-13T05:39:37+00:00\" \/>\n<meta property=\"og:image\" content=\"https:\/\/goodsensebaltic.ee\/wp-content\/uploads\/2023\/12\/Microlift-TS15i-Virnastaja3-scaled.jpg\" \/>\n\t<meta property=\"og:image:width\" content=\"2560\" \/>\n\t<meta property=\"og:image:height\" content=\"2560\" \/>\n\t<meta property=\"og:image:type\" content=\"image\/jpeg\" \/>\n<meta name=\"twitter:card\" content=\"summary_large_image\" \/>\n<meta name=\"twitter:label1\" content=\"Est. reading time\" \/>\n\t<meta name=\"twitter:data1\" content=\"1 minute\" \/>\n<script type=\"application\/ld+json\" class=\"yoast-schema-graph\">{\"@context\":\"https:\/\/schema.org\",\"@graph\":[{\"@type\":\"WebPage\",\"@id\":\"https:\/\/goodsensebaltic.ee\/en\/product\/microlift-t20i-conveyor-kopeeri\/\",\"url\":\"https:\/\/goodsensebaltic.ee\/en\/product\/microlift-t20i-conveyor-kopeeri\/\",\"name\":\"Microlift TS15i Stacker - Goodsense Baltic\",\"isPartOf\":{\"@id\":\"https:\/\/goodsensebaltic.ee\/#website\"},\"primaryImageOfPage\":{\"@id\":\"https:\/\/goodsensebaltic.ee\/en\/product\/microlift-t20i-conveyor-kopeeri\/#primaryimage\"},\"image\":{\"@id\":\"https:\/\/goodsensebaltic.ee\/en\/product\/microlift-t20i-conveyor-kopeeri\/#primaryimage\"},\"thumbnailUrl\":\"https:\/\/goodsensebaltic.ee\/wp-content\/uploads\/2023\/12\/Microlift-TS15i-Virnastaja3-scaled.jpg\",\"datePublished\":\"2023-12-28T09:18:36+00:00\",\"dateModified\":\"2024-08-13T05:39:37+00:00\",\"description\":\"Microlift TS15i Stacker for sale. Electric stackers for sale. Grubstakes for sale in Tallinn. Sale of forklifts and lifting equipment. Large range of forklifts.\",\"breadcrumb\":{\"@id\":\"https:\/\/goodsensebaltic.ee\/en\/product\/microlift-t20i-conveyor-kopeeri\/#breadcrumb\"},\"inLanguage\":\"en-US\",\"potentialAction\":[{\"@type\":\"ReadAction\",\"target\":[\"https:\/\/goodsensebaltic.ee\/en\/product\/microlift-t20i-conveyor-kopeeri\/\"]}]},{\"@type\":\"ImageObject\",\"inLanguage\":\"en-US\",\"@id\":\"https:\/\/goodsensebaltic.ee\/en\/product\/microlift-t20i-conveyor-kopeeri\/#primaryimage\",\"url\":\"https:\/\/goodsensebaltic.ee\/wp-content\/uploads\/2023\/12\/Microlift-TS15i-Virnastaja3-scaled.jpg\",\"contentUrl\":\"https:\/\/goodsensebaltic.ee\/wp-content\/uploads\/2023\/12\/Microlift-TS15i-Virnastaja3-scaled.jpg\",\"width\":2560,\"height\":2560,\"caption\":\"Microlift TS15i Virnastaja\"},{\"@type\":\"BreadcrumbList\",\"@id\":\"https:\/\/goodsensebaltic.ee\/en\/product\/microlift-t20i-conveyor-kopeeri\/#breadcrumb\",\"itemListElement\":[{\"@type\":\"ListItem\",\"position\":1,\"name\":\"Home\",\"item\":\"https:\/\/goodsensebaltic.ee\/\"},{\"@type\":\"ListItem\",\"position\":2,\"name\":\"Shop\",\"item\":\"https:\/\/goodsensebaltic.ee\/en\/shop\/\"},{\"@type\":\"ListItem\",\"position\":3,\"name\":\"Microlift TS15i Stacker\"}]},{\"@type\":\"WebSite\",\"@id\":\"https:\/\/goodsensebaltic.ee\/#website\",\"url\":\"https:\/\/goodsensebaltic.ee\/\",\"name\":\"Goodsense Baltic\",\"description\":\"Kahvelt\u00f5stukite ost ja m\u00fc\u00fck\",\"publisher\":{\"@id\":\"https:\/\/goodsensebaltic.ee\/#organization\"},\"potentialAction\":[{\"@type\":\"SearchAction\",\"target\":{\"@type\":\"EntryPoint\",\"urlTemplate\":\"https:\/\/goodsensebaltic.ee\/?s={search_term_string}\"},\"query-input\":{\"@type\":\"PropertyValueSpecification\",\"valueRequired\":true,\"valueName\":\"search_term_string\"}}],\"inLanguage\":\"en-US\"},{\"@type\":\"Organization\",\"@id\":\"https:\/\/goodsensebaltic.ee\/#organization\",\"name\":\"Goodsense Baltic\",\"url\":\"https:\/\/goodsensebaltic.ee\/\",\"logo\":{\"@type\":\"ImageObject\",\"inLanguage\":\"en-US\",\"@id\":\"https:\/\/goodsensebaltic.ee\/#\/schema\/logo\/image\/\",\"url\":\"https:\/\/goodsensebaltic.ee\/wp-content\/uploads\/2022\/02\/Goodsense_Baltic_logo-01-1.svg\",\"contentUrl\":\"https:\/\/goodsensebaltic.ee\/wp-content\/uploads\/2022\/02\/Goodsense_Baltic_logo-01-1.svg\",\"width\":988,\"height\":198,\"caption\":\"Goodsense Baltic\"},\"image\":{\"@id\":\"https:\/\/goodsensebaltic.ee\/#\/schema\/logo\/image\/\"},\"sameAs\":[\"https:\/\/www.facebook.com\/GoodsenseBaltic\",\"https:\/\/www.linkedin.com\/company\/goodsense-baltic-o\/\"]}]}<\/script>\n<!-- \/ Yoast SEO plugin. -->","yoast_head_json":{"title":"Microlift TS15i Stacker - Goodsense Baltic","description":"Microlift TS15i Stacker for sale. Electric stackers for sale. Grubstakes for sale in Tallinn. Sale of forklifts and lifting equipment. Large range of forklifts.","robots":{"index":"index","follow":"follow","max-snippet":"max-snippet:-1","max-image-preview":"max-image-preview:large","max-video-preview":"max-video-preview:-1"},"canonical":"https:\/\/goodsensebaltic.ee\/en\/product\/microlift-t20i-conveyor-kopeeri\/","og_locale":"en_US","og_type":"article","og_title":"Microlift TS15i Stacker - Goodsense Baltic","og_description":"Microlift TS15i Stacker for sale. Electric stackers for sale. Grubstakes for sale in Tallinn. Sale of forklifts and lifting equipment. Large range of forklifts.","og_url":"https:\/\/goodsensebaltic.ee\/en\/product\/microlift-t20i-conveyor-kopeeri\/","og_site_name":"Goodsense Baltic","article_publisher":"https:\/\/www.facebook.com\/GoodsenseBaltic","article_modified_time":"2024-08-13T05:39:37+00:00","og_image":[{"width":2560,"height":2560,"url":"https:\/\/goodsensebaltic.ee\/wp-content\/uploads\/2023\/12\/Microlift-TS15i-Virnastaja3-scaled.jpg","type":"image\/jpeg"}],"twitter_card":"summary_large_image","twitter_misc":{"Est. reading time":"1 minute"},"schema":{"@context":"https:\/\/schema.org","@graph":[{"@type":"WebPage","@id":"https:\/\/goodsensebaltic.ee\/en\/product\/microlift-t20i-conveyor-kopeeri\/","url":"https:\/\/goodsensebaltic.ee\/en\/product\/microlift-t20i-conveyor-kopeeri\/","name":"Microlift TS15i Stacker - Goodsense Baltic","isPartOf":{"@id":"https:\/\/goodsensebaltic.ee\/#website"},"primaryImageOfPage":{"@id":"https:\/\/goodsensebaltic.ee\/en\/product\/microlift-t20i-conveyor-kopeeri\/#primaryimage"},"image":{"@id":"https:\/\/goodsensebaltic.ee\/en\/product\/microlift-t20i-conveyor-kopeeri\/#primaryimage"},"thumbnailUrl":"https:\/\/goodsensebaltic.ee\/wp-content\/uploads\/2023\/12\/Microlift-TS15i-Virnastaja3-scaled.jpg","datePublished":"2023-12-28T09:18:36+00:00","dateModified":"2024-08-13T05:39:37+00:00","description":"Microlift TS15i Stacker for sale. Electric stackers for sale. Grubstakes for sale in Tallinn. Sale of forklifts and lifting equipment. Large range of forklifts.","breadcrumb":{"@id":"https:\/\/goodsensebaltic.ee\/en\/product\/microlift-t20i-conveyor-kopeeri\/#breadcrumb"},"inLanguage":"en-US","potentialAction":[{"@type":"ReadAction","target":["https:\/\/goodsensebaltic.ee\/en\/product\/microlift-t20i-conveyor-kopeeri\/"]}]},{"@type":"ImageObject","inLanguage":"en-US","@id":"https:\/\/goodsensebaltic.ee\/en\/product\/microlift-t20i-conveyor-kopeeri\/#primaryimage","url":"https:\/\/goodsensebaltic.ee\/wp-content\/uploads\/2023\/12\/Microlift-TS15i-Virnastaja3-scaled.jpg","contentUrl":"https:\/\/goodsensebaltic.ee\/wp-content\/uploads\/2023\/12\/Microlift-TS15i-Virnastaja3-scaled.jpg","width":2560,"height":2560,"caption":"Microlift TS15i Virnastaja"},{"@type":"BreadcrumbList","@id":"https:\/\/goodsensebaltic.ee\/en\/product\/microlift-t20i-conveyor-kopeeri\/#breadcrumb","itemListElement":[{"@type":"ListItem","position":1,"name":"Home","item":"https:\/\/goodsensebaltic.ee\/"},{"@type":"ListItem","position":2,"name":"Shop","item":"https:\/\/goodsensebaltic.ee\/en\/shop\/"},{"@type":"ListItem","position":3,"name":"Microlift TS15i Stacker"}]},{"@type":"WebSite","@id":"https:\/\/goodsensebaltic.ee\/#website","url":"https:\/\/goodsensebaltic.ee\/","name":"Goodsense Baltic","description":"Kahvelt\u00f5stukite ost ja m\u00fc\u00fck","publisher":{"@id":"https:\/\/goodsensebaltic.ee\/#organization"},"potentialAction":[{"@type":"SearchAction","target":{"@type":"EntryPoint","urlTemplate":"https:\/\/goodsensebaltic.ee\/?s={search_term_string}"},"query-input":{"@type":"PropertyValueSpecification","valueRequired":true,"valueName":"search_term_string"}}],"inLanguage":"en-US"},{"@type":"Organization","@id":"https:\/\/goodsensebaltic.ee\/#organization","name":"Goodsense Baltic","url":"https:\/\/goodsensebaltic.ee\/","logo":{"@type":"ImageObject","inLanguage":"en-US","@id":"https:\/\/goodsensebaltic.ee\/#\/schema\/logo\/image\/","url":"https:\/\/goodsensebaltic.ee\/wp-content\/uploads\/2022\/02\/Goodsense_Baltic_logo-01-1.svg","contentUrl":"https:\/\/goodsensebaltic.ee\/wp-content\/uploads\/2022\/02\/Goodsense_Baltic_logo-01-1.svg","width":988,"height":198,"caption":"Goodsense Baltic"},"image":{"@id":"https:\/\/goodsensebaltic.ee\/#\/schema\/logo\/image\/"},"sameAs":["https:\/\/www.facebook.com\/GoodsenseBaltic","https:\/\/www.linkedin.com\/company\/goodsense-baltic-o\/"]}]}},"_links":{"self":[{"href":"https:\/\/goodsensebaltic.ee\/en\/wp-json\/wp\/v2\/product\/22062","targetHints":{"allow":["GET"]}}],"collection":[{"href":"https:\/\/goodsensebaltic.ee\/en\/wp-json\/wp\/v2\/product"}],"about":[{"href":"https:\/\/goodsensebaltic.ee\/en\/wp-json\/wp\/v2\/types\/product"}],"version-history":[{"count":3,"href":"https:\/\/goodsensebaltic.ee\/en\/wp-json\/wp\/v2\/product\/22062\/revisions"}],"predecessor-version":[{"id":23484,"href":"https:\/\/goodsensebaltic.ee\/en\/wp-json\/wp\/v2\/product\/22062\/revisions\/23484"}],"wp:featuredmedia":[{"embeddable":true,"href":"https:\/\/goodsensebaltic.ee\/en\/wp-json\/wp\/v2\/media\/22743"}],"wp:attachment":[{"href":"https:\/\/goodsensebaltic.ee\/en\/wp-json\/wp\/v2\/media?parent=22062"}],"wp:term":[{"taxonomy":"product_brand","embeddable":true,"href":"https:\/\/goodsensebaltic.ee\/en\/wp-json\/wp\/v2\/product_brand?post=22062"},{"taxonomy":"product_cat","embeddable":true,"href":"https:\/\/goodsensebaltic.ee\/en\/wp-json\/wp\/v2\/product_cat?post=22062"},{"taxonomy":"product_tag","embeddable":true,"href":"https:\/\/goodsensebaltic.ee\/en\/wp-json\/wp\/v2\/product_tag?post=22062"}],"curies":[{"name":"wp","href":"https:\/\/api.w.org\/{rel}","templated":true}]}}