{"id":22118,"date":"2024-01-19T09:47:53","date_gmt":"2024-01-19T09:47:53","guid":{"rendered":"https:\/\/goodsensebaltic.ee\/toode\/lift-truck-tyre-spools-200pcs\/"},"modified":"2024-02-29T13:03:15","modified_gmt":"2024-02-29T13:03:15","slug":"lift-truck-tyre-spools-200pcs","status":"publish","type":"product","link":"https:\/\/goodsensebaltic.ee\/en\/product\/lift-truck-tyre-spools-200pcs\/","title":{"rendered":"Lift truck tire studs 200pcs"},"content":{"rendered":"<p>Studs for forklift tires are designed to ensure better grip and safety when working in winter conditions. This 200-pound package offers the perfect solution for efficient and durable tyre nailing.<\/p>\n<p><strong>Features:<\/strong><\/p>\n<ol>\n<li><strong>Durable material:<\/strong> made of high quality and durable material, ensuring a long service life of the nails.<\/li>\n<li><strong>Effective grip:<\/strong> each nail is specially designed to provide maximum grip on a variety of surfaces, which is essential when working on uneven, soft or slippery surfaces.<\/li>\n<li><strong>Easy to use:<\/strong> The pegs are easy to mount on the tyres of the lift truck, providing a convenient and quick solution.<\/li>\n<li><strong>Packing:<\/strong> a 200-pound pack provides enough spikes to nail 2 truck tires. One tyre usually requires 100 pounds, so there are enough spikes in the package for two tyres.<\/li>\n<li><strong>Universal use:<\/strong> suitable for all tire sizes and types.<\/li>\n<\/ol>\n<p><strong>User manual:<\/strong><\/p>\n<ol>\n<li>Check that the tire is properly inflated and clean.<\/li>\n<li>Attach the &#8220;6&#8221; cartridge to the end of the cordless drill or cord and screw in the nail as straight as possible, quietly.<\/li>\n<li>Make sure the nails are firmly and securely screwed in all the way.<\/li>\n<\/ol>\n<p>Forklift tire studs are a good way to increase stability and grip in more demanding working conditions. Whether it&#8217;s a snowy road, a muddy structural area or an icy surface, these nails help your forklift to manoeuvre safely and securely in all conditions!<\/p>\n","protected":false},"excerpt":{"rendered":"<p>Studs for forklift tires are designed to ensure better grip and safety when working in winter conditions. This 200-pound package<\/p>\n","protected":false},"featured_media":22116,"template":"","meta":[],"product_brand":[],"product_cat":[1131,1176,150],"product_tag":[],"class_list":{"0":"post-22118","1":"product","2":"type-product","3":"status-publish","4":"has-post-thumbnail","6":"product_cat-spare-parts-in-stock","7":"product_cat-tires","8":"product_cat-spare-parts","10":"first","11":"instock","12":"taxable","13":"shipping-taxable","14":"purchasable","15":"product-type-simple"},"yoast_head":"<!-- This site is optimized with the Yoast SEO plugin v27.0 - https:\/\/yoast.com\/product\/yoast-seo-wordpress\/ -->\n<title>Lift truck tire studs 200pcs - Goodsense Baltic<\/title>\n<meta name=\"description\" content=\"Lift truck tire studs for sale 200 pieces. Suitable for all tyre sizes and types. Increases grip on snowy and icy surfaces. Enables forklift trucks to work in winter\" \/>\n<meta name=\"robots\" content=\"index, follow, max-snippet:-1, max-image-preview:large, max-video-preview:-1\" \/>\n<link rel=\"canonical\" href=\"https:\/\/goodsensebaltic.ee\/en\/product\/lift-truck-tyre-spools-200pcs\/\" \/>\n<meta property=\"og:locale\" content=\"en_US\" \/>\n<meta property=\"og:type\" content=\"article\" \/>\n<meta property=\"og:title\" content=\"Lift truck tire studs 200pcs - Goodsense Baltic\" \/>\n<meta property=\"og:description\" content=\"Lift truck tire studs for sale 200 pieces. Suitable for all tyre sizes and types. Increases grip on snowy and icy surfaces. Enables forklift trucks to work in winter\" \/>\n<meta property=\"og:url\" content=\"https:\/\/goodsensebaltic.ee\/en\/product\/lift-truck-tyre-spools-200pcs\/\" \/>\n<meta property=\"og:site_name\" content=\"Goodsense Baltic\" \/>\n<meta property=\"article:publisher\" content=\"https:\/\/www.facebook.com\/GoodsenseBaltic\" \/>\n<meta property=\"article:modified_time\" content=\"2024-02-29T13:03:15+00:00\" \/>\n<meta property=\"og:image\" content=\"https:\/\/goodsensebaltic.ee\/wp-content\/uploads\/2024\/01\/Tostuki-naelad.jpg\" \/>\n\t<meta property=\"og:image:width\" content=\"1280\" \/>\n\t<meta property=\"og:image:height\" content=\"1280\" \/>\n\t<meta property=\"og:image:type\" content=\"image\/jpeg\" \/>\n<meta name=\"twitter:card\" content=\"summary_large_image\" \/>\n<meta name=\"twitter:label1\" content=\"Est. reading time\" \/>\n\t<meta name=\"twitter:data1\" content=\"1 minute\" \/>\n<script type=\"application\/ld+json\" class=\"yoast-schema-graph\">{\"@context\":\"https:\/\/schema.org\",\"@graph\":[{\"@type\":\"WebPage\",\"@id\":\"https:\/\/goodsensebaltic.ee\/en\/product\/lift-truck-tyre-spools-200pcs\/\",\"url\":\"https:\/\/goodsensebaltic.ee\/en\/product\/lift-truck-tyre-spools-200pcs\/\",\"name\":\"Lift truck tire studs 200pcs - Goodsense Baltic\",\"isPartOf\":{\"@id\":\"https:\/\/goodsensebaltic.ee\/#website\"},\"primaryImageOfPage\":{\"@id\":\"https:\/\/goodsensebaltic.ee\/en\/product\/lift-truck-tyre-spools-200pcs\/#primaryimage\"},\"image\":{\"@id\":\"https:\/\/goodsensebaltic.ee\/en\/product\/lift-truck-tyre-spools-200pcs\/#primaryimage\"},\"thumbnailUrl\":\"https:\/\/goodsensebaltic.ee\/wp-content\/uploads\/2024\/01\/Tostuki-naelad.jpg\",\"datePublished\":\"2024-01-19T09:47:53+00:00\",\"dateModified\":\"2024-02-29T13:03:15+00:00\",\"description\":\"Lift truck tire studs for sale 200 pieces. Suitable for all tyre sizes and types. Increases grip on snowy and icy surfaces. Enables forklift trucks to work in winter\",\"breadcrumb\":{\"@id\":\"https:\/\/goodsensebaltic.ee\/en\/product\/lift-truck-tyre-spools-200pcs\/#breadcrumb\"},\"inLanguage\":\"en-US\",\"potentialAction\":[{\"@type\":\"ReadAction\",\"target\":[\"https:\/\/goodsensebaltic.ee\/en\/product\/lift-truck-tyre-spools-200pcs\/\"]}]},{\"@type\":\"ImageObject\",\"inLanguage\":\"en-US\",\"@id\":\"https:\/\/goodsensebaltic.ee\/en\/product\/lift-truck-tyre-spools-200pcs\/#primaryimage\",\"url\":\"https:\/\/goodsensebaltic.ee\/wp-content\/uploads\/2024\/01\/Tostuki-naelad.jpg\",\"contentUrl\":\"https:\/\/goodsensebaltic.ee\/wp-content\/uploads\/2024\/01\/Tostuki-naelad.jpg\",\"width\":1280,\"height\":1280,\"caption\":\"T\u00f5stuki naelad\"},{\"@type\":\"BreadcrumbList\",\"@id\":\"https:\/\/goodsensebaltic.ee\/en\/product\/lift-truck-tyre-spools-200pcs\/#breadcrumb\",\"itemListElement\":[{\"@type\":\"ListItem\",\"position\":1,\"name\":\"Home\",\"item\":\"https:\/\/goodsensebaltic.ee\/\"},{\"@type\":\"ListItem\",\"position\":2,\"name\":\"Shop\",\"item\":\"https:\/\/goodsensebaltic.ee\/en\/shop\/\"},{\"@type\":\"ListItem\",\"position\":3,\"name\":\"Lift truck tire studs 200pcs\"}]},{\"@type\":\"WebSite\",\"@id\":\"https:\/\/goodsensebaltic.ee\/#website\",\"url\":\"https:\/\/goodsensebaltic.ee\/\",\"name\":\"Goodsense Baltic\",\"description\":\"Kahvelt\u00f5stukite ost ja m\u00fc\u00fck\",\"publisher\":{\"@id\":\"https:\/\/goodsensebaltic.ee\/#organization\"},\"potentialAction\":[{\"@type\":\"SearchAction\",\"target\":{\"@type\":\"EntryPoint\",\"urlTemplate\":\"https:\/\/goodsensebaltic.ee\/?s={search_term_string}\"},\"query-input\":{\"@type\":\"PropertyValueSpecification\",\"valueRequired\":true,\"valueName\":\"search_term_string\"}}],\"inLanguage\":\"en-US\"},{\"@type\":\"Organization\",\"@id\":\"https:\/\/goodsensebaltic.ee\/#organization\",\"name\":\"Goodsense Baltic\",\"url\":\"https:\/\/goodsensebaltic.ee\/\",\"logo\":{\"@type\":\"ImageObject\",\"inLanguage\":\"en-US\",\"@id\":\"https:\/\/goodsensebaltic.ee\/#\/schema\/logo\/image\/\",\"url\":\"https:\/\/goodsensebaltic.ee\/wp-content\/uploads\/2022\/02\/Goodsense_Baltic_logo-01-1.svg\",\"contentUrl\":\"https:\/\/goodsensebaltic.ee\/wp-content\/uploads\/2022\/02\/Goodsense_Baltic_logo-01-1.svg\",\"width\":988,\"height\":198,\"caption\":\"Goodsense Baltic\"},\"image\":{\"@id\":\"https:\/\/goodsensebaltic.ee\/#\/schema\/logo\/image\/\"},\"sameAs\":[\"https:\/\/www.facebook.com\/GoodsenseBaltic\",\"https:\/\/www.linkedin.com\/company\/goodsense-baltic-o\/\"]}]}<\/script>\n<!-- \/ Yoast SEO plugin. -->","yoast_head_json":{"title":"Lift truck tire studs 200pcs - Goodsense Baltic","description":"Lift truck tire studs for sale 200 pieces. Suitable for all tyre sizes and types. Increases grip on snowy and icy surfaces. Enables forklift trucks to work in winter","robots":{"index":"index","follow":"follow","max-snippet":"max-snippet:-1","max-image-preview":"max-image-preview:large","max-video-preview":"max-video-preview:-1"},"canonical":"https:\/\/goodsensebaltic.ee\/en\/product\/lift-truck-tyre-spools-200pcs\/","og_locale":"en_US","og_type":"article","og_title":"Lift truck tire studs 200pcs - Goodsense Baltic","og_description":"Lift truck tire studs for sale 200 pieces. Suitable for all tyre sizes and types. Increases grip on snowy and icy surfaces. Enables forklift trucks to work in winter","og_url":"https:\/\/goodsensebaltic.ee\/en\/product\/lift-truck-tyre-spools-200pcs\/","og_site_name":"Goodsense Baltic","article_publisher":"https:\/\/www.facebook.com\/GoodsenseBaltic","article_modified_time":"2024-02-29T13:03:15+00:00","og_image":[{"width":1280,"height":1280,"url":"https:\/\/goodsensebaltic.ee\/wp-content\/uploads\/2024\/01\/Tostuki-naelad.jpg","type":"image\/jpeg"}],"twitter_card":"summary_large_image","twitter_misc":{"Est. reading time":"1 minute"},"schema":{"@context":"https:\/\/schema.org","@graph":[{"@type":"WebPage","@id":"https:\/\/goodsensebaltic.ee\/en\/product\/lift-truck-tyre-spools-200pcs\/","url":"https:\/\/goodsensebaltic.ee\/en\/product\/lift-truck-tyre-spools-200pcs\/","name":"Lift truck tire studs 200pcs - Goodsense Baltic","isPartOf":{"@id":"https:\/\/goodsensebaltic.ee\/#website"},"primaryImageOfPage":{"@id":"https:\/\/goodsensebaltic.ee\/en\/product\/lift-truck-tyre-spools-200pcs\/#primaryimage"},"image":{"@id":"https:\/\/goodsensebaltic.ee\/en\/product\/lift-truck-tyre-spools-200pcs\/#primaryimage"},"thumbnailUrl":"https:\/\/goodsensebaltic.ee\/wp-content\/uploads\/2024\/01\/Tostuki-naelad.jpg","datePublished":"2024-01-19T09:47:53+00:00","dateModified":"2024-02-29T13:03:15+00:00","description":"Lift truck tire studs for sale 200 pieces. Suitable for all tyre sizes and types. Increases grip on snowy and icy surfaces. Enables forklift trucks to work in winter","breadcrumb":{"@id":"https:\/\/goodsensebaltic.ee\/en\/product\/lift-truck-tyre-spools-200pcs\/#breadcrumb"},"inLanguage":"en-US","potentialAction":[{"@type":"ReadAction","target":["https:\/\/goodsensebaltic.ee\/en\/product\/lift-truck-tyre-spools-200pcs\/"]}]},{"@type":"ImageObject","inLanguage":"en-US","@id":"https:\/\/goodsensebaltic.ee\/en\/product\/lift-truck-tyre-spools-200pcs\/#primaryimage","url":"https:\/\/goodsensebaltic.ee\/wp-content\/uploads\/2024\/01\/Tostuki-naelad.jpg","contentUrl":"https:\/\/goodsensebaltic.ee\/wp-content\/uploads\/2024\/01\/Tostuki-naelad.jpg","width":1280,"height":1280,"caption":"T\u00f5stuki naelad"},{"@type":"BreadcrumbList","@id":"https:\/\/goodsensebaltic.ee\/en\/product\/lift-truck-tyre-spools-200pcs\/#breadcrumb","itemListElement":[{"@type":"ListItem","position":1,"name":"Home","item":"https:\/\/goodsensebaltic.ee\/"},{"@type":"ListItem","position":2,"name":"Shop","item":"https:\/\/goodsensebaltic.ee\/en\/shop\/"},{"@type":"ListItem","position":3,"name":"Lift truck tire studs 200pcs"}]},{"@type":"WebSite","@id":"https:\/\/goodsensebaltic.ee\/#website","url":"https:\/\/goodsensebaltic.ee\/","name":"Goodsense Baltic","description":"Kahvelt\u00f5stukite ost ja m\u00fc\u00fck","publisher":{"@id":"https:\/\/goodsensebaltic.ee\/#organization"},"potentialAction":[{"@type":"SearchAction","target":{"@type":"EntryPoint","urlTemplate":"https:\/\/goodsensebaltic.ee\/?s={search_term_string}"},"query-input":{"@type":"PropertyValueSpecification","valueRequired":true,"valueName":"search_term_string"}}],"inLanguage":"en-US"},{"@type":"Organization","@id":"https:\/\/goodsensebaltic.ee\/#organization","name":"Goodsense Baltic","url":"https:\/\/goodsensebaltic.ee\/","logo":{"@type":"ImageObject","inLanguage":"en-US","@id":"https:\/\/goodsensebaltic.ee\/#\/schema\/logo\/image\/","url":"https:\/\/goodsensebaltic.ee\/wp-content\/uploads\/2022\/02\/Goodsense_Baltic_logo-01-1.svg","contentUrl":"https:\/\/goodsensebaltic.ee\/wp-content\/uploads\/2022\/02\/Goodsense_Baltic_logo-01-1.svg","width":988,"height":198,"caption":"Goodsense Baltic"},"image":{"@id":"https:\/\/goodsensebaltic.ee\/#\/schema\/logo\/image\/"},"sameAs":["https:\/\/www.facebook.com\/GoodsenseBaltic","https:\/\/www.linkedin.com\/company\/goodsense-baltic-o\/"]}]}},"_links":{"self":[{"href":"https:\/\/goodsensebaltic.ee\/en\/wp-json\/wp\/v2\/product\/22118","targetHints":{"allow":["GET"]}}],"collection":[{"href":"https:\/\/goodsensebaltic.ee\/en\/wp-json\/wp\/v2\/product"}],"about":[{"href":"https:\/\/goodsensebaltic.ee\/en\/wp-json\/wp\/v2\/types\/product"}],"version-history":[{"count":2,"href":"https:\/\/goodsensebaltic.ee\/en\/wp-json\/wp\/v2\/product\/22118\/revisions"}],"predecessor-version":[{"id":22191,"href":"https:\/\/goodsensebaltic.ee\/en\/wp-json\/wp\/v2\/product\/22118\/revisions\/22191"}],"wp:featuredmedia":[{"embeddable":true,"href":"https:\/\/goodsensebaltic.ee\/en\/wp-json\/wp\/v2\/media\/22116"}],"wp:attachment":[{"href":"https:\/\/goodsensebaltic.ee\/en\/wp-json\/wp\/v2\/media?parent=22118"}],"wp:term":[{"taxonomy":"product_brand","embeddable":true,"href":"https:\/\/goodsensebaltic.ee\/en\/wp-json\/wp\/v2\/product_brand?post=22118"},{"taxonomy":"product_cat","embeddable":true,"href":"https:\/\/goodsensebaltic.ee\/en\/wp-json\/wp\/v2\/product_cat?post=22118"},{"taxonomy":"product_tag","embeddable":true,"href":"https:\/\/goodsensebaltic.ee\/en\/wp-json\/wp\/v2\/product_tag?post=22118"}],"curies":[{"name":"wp","href":"https:\/\/api.w.org\/{rel}","templated":true}]}}