{"id":22881,"date":"2024-03-21T08:51:13","date_gmt":"2024-03-21T08:51:13","guid":{"rendered":"https:\/\/goodsensebaltic.ee\/toode\/heracles-h190-wheel-loader\/"},"modified":"2026-05-02T08:17:33","modified_gmt":"2026-05-02T08:17:33","slug":"heracles-h190-wheel-loader","status":"publish","type":"product","link":"https:\/\/goodsensebaltic.ee\/en\/product\/heracles-h190-wheel-loader\/","title":{"rendered":"Heracles H190 wheel loader"},"content":{"rendered":"<p>The Heracles H190 is a powerful and durable wheel loader designed to work effectively in a variety of construction and industrial environments. This machine has an impressive lifting capacity of up to 1000 kg, allowing you to move large loads quickly and efficiently.<\/p>\n<p>With 28.2 kW of engine power, it provides enough power and performance to tackle the most demanding tasks. In addition, the Heracles H190 is equipped with a travel speed of up to 20 km\/h, allowing fast and efficient movement on construction sites.<\/p>\n<p>The maximum lifting height of this wheel loader is 2.8 metres, giving the operator excellent reach and allowing loads to be lifted at different heights. This feature makes the Heracles H190 the ideal choice for a wide range of lifting and loading tasks.<\/p>\n","protected":false},"excerpt":{"rendered":"<p>The Heracles H190 is a powerful and durable wheel loader designed to work effectively in a variety of construction and<\/p>\n","protected":false},"featured_media":24620,"template":"","meta":[],"product_brand":[],"product_cat":[1437,1337],"product_tag":[],"class_list":{"0":"post-22881","1":"product","2":"type-product","3":"status-publish","4":"has-post-thumbnail","6":"product_cat-loaders","7":"product_cat-wheel-loaders","8":"pa_garantii-12-months-en","10":"first","11":"onbackorder","12":"taxable","13":"shipping-taxable","14":"purchasable","15":"product-type-simple"},"yoast_head":"<!-- This site is optimized with the Yoast SEO plugin v27.4 - https:\/\/yoast.com\/product\/yoast-seo-wordpress\/ -->\n<title>Heracles H190 wheel loader - Goodsense Baltic<\/title>\n<meta name=\"description\" content=\"New Heracles wheel loader for sale. New wheel loaders. Lifting equipment for sale in Tallinn and Tartu. Skips, loaders and forklifts for sale.\" \/>\n<meta name=\"robots\" content=\"index, follow, max-snippet:-1, max-image-preview:large, max-video-preview:-1\" \/>\n<link rel=\"canonical\" href=\"https:\/\/goodsensebaltic.ee\/en\/product\/heracles-h190-wheel-loader\/\" \/>\n<meta property=\"og:locale\" content=\"en_US\" \/>\n<meta property=\"og:type\" content=\"article\" \/>\n<meta property=\"og:title\" content=\"Heracles H190 wheel loader - Goodsense Baltic\" \/>\n<meta property=\"og:description\" content=\"New Heracles wheel loader for sale. New wheel loaders. Lifting equipment for sale in Tallinn and Tartu. Skips, loaders and forklifts for sale.\" \/>\n<meta property=\"og:url\" content=\"https:\/\/goodsensebaltic.ee\/en\/product\/heracles-h190-wheel-loader\/\" \/>\n<meta property=\"og:site_name\" content=\"Goodsense Baltic\" \/>\n<meta property=\"article:publisher\" content=\"https:\/\/www.facebook.com\/GoodsenseBaltic\" \/>\n<meta property=\"article:modified_time\" content=\"2026-05-02T08:17:33+00:00\" \/>\n<meta property=\"og:image\" content=\"https:\/\/goodsensebaltic.ee\/wp-content\/uploads\/2024\/03\/DSC_0014-kopiera-scaled.jpg\" \/>\n\t<meta property=\"og:image:width\" content=\"2560\" \/>\n\t<meta property=\"og:image:height\" content=\"2560\" \/>\n\t<meta property=\"og:image:type\" content=\"image\/jpeg\" \/>\n<meta name=\"twitter:card\" content=\"summary_large_image\" \/>\n<meta name=\"twitter:label1\" content=\"Est. reading time\" \/>\n\t<meta name=\"twitter:data1\" content=\"1 minute\" \/>\n<script type=\"application\/ld+json\" class=\"yoast-schema-graph\">{\"@context\":\"https:\\\/\\\/schema.org\",\"@graph\":[{\"@type\":\"WebPage\",\"@id\":\"https:\\\/\\\/goodsensebaltic.ee\\\/en\\\/product\\\/heracles-h190-wheel-loader\\\/\",\"url\":\"https:\\\/\\\/goodsensebaltic.ee\\\/en\\\/product\\\/heracles-h190-wheel-loader\\\/\",\"name\":\"Heracles H190 wheel loader - Goodsense Baltic\",\"isPartOf\":{\"@id\":\"https:\\\/\\\/goodsensebaltic.ee\\\/#website\"},\"primaryImageOfPage\":{\"@id\":\"https:\\\/\\\/goodsensebaltic.ee\\\/en\\\/product\\\/heracles-h190-wheel-loader\\\/#primaryimage\"},\"image\":{\"@id\":\"https:\\\/\\\/goodsensebaltic.ee\\\/en\\\/product\\\/heracles-h190-wheel-loader\\\/#primaryimage\"},\"thumbnailUrl\":\"https:\\\/\\\/goodsensebaltic.ee\\\/wp-content\\\/uploads\\\/2024\\\/03\\\/DSC_0014-kopiera-scaled.jpg\",\"datePublished\":\"2024-03-21T08:51:13+00:00\",\"dateModified\":\"2026-05-02T08:17:33+00:00\",\"description\":\"New Heracles wheel loader for sale. New wheel loaders. Lifting equipment for sale in Tallinn and Tartu. Skips, loaders and forklifts for sale.\",\"breadcrumb\":{\"@id\":\"https:\\\/\\\/goodsensebaltic.ee\\\/en\\\/product\\\/heracles-h190-wheel-loader\\\/#breadcrumb\"},\"inLanguage\":\"en-US\",\"potentialAction\":[{\"@type\":\"ReadAction\",\"target\":[\"https:\\\/\\\/goodsensebaltic.ee\\\/en\\\/product\\\/heracles-h190-wheel-loader\\\/\"]}]},{\"@type\":\"ImageObject\",\"inLanguage\":\"en-US\",\"@id\":\"https:\\\/\\\/goodsensebaltic.ee\\\/en\\\/product\\\/heracles-h190-wheel-loader\\\/#primaryimage\",\"url\":\"https:\\\/\\\/goodsensebaltic.ee\\\/wp-content\\\/uploads\\\/2024\\\/03\\\/DSC_0014-kopiera-scaled.jpg\",\"contentUrl\":\"https:\\\/\\\/goodsensebaltic.ee\\\/wp-content\\\/uploads\\\/2024\\\/03\\\/DSC_0014-kopiera-scaled.jpg\",\"width\":2560,\"height\":2560},{\"@type\":\"BreadcrumbList\",\"@id\":\"https:\\\/\\\/goodsensebaltic.ee\\\/en\\\/product\\\/heracles-h190-wheel-loader\\\/#breadcrumb\",\"itemListElement\":[{\"@type\":\"ListItem\",\"position\":1,\"name\":\"Home\",\"item\":\"https:\\\/\\\/goodsensebaltic.ee\\\/en\\\/\"},{\"@type\":\"ListItem\",\"position\":2,\"name\":\"Shop\",\"item\":\"https:\\\/\\\/goodsensebaltic.ee\\\/en\\\/shop\\\/\"},{\"@type\":\"ListItem\",\"position\":3,\"name\":\"Heracles H190 wheel loader\"}]},{\"@type\":\"WebSite\",\"@id\":\"https:\\\/\\\/goodsensebaltic.ee\\\/#website\",\"url\":\"https:\\\/\\\/goodsensebaltic.ee\\\/\",\"name\":\"Goodsense Baltic\",\"description\":\"Kahvelt\u00f5stukite ost ja m\u00fc\u00fck\",\"publisher\":{\"@id\":\"https:\\\/\\\/goodsensebaltic.ee\\\/#organization\"},\"potentialAction\":[{\"@type\":\"SearchAction\",\"target\":{\"@type\":\"EntryPoint\",\"urlTemplate\":\"https:\\\/\\\/goodsensebaltic.ee\\\/?s={search_term_string}\"},\"query-input\":{\"@type\":\"PropertyValueSpecification\",\"valueRequired\":true,\"valueName\":\"search_term_string\"}}],\"inLanguage\":\"en-US\"},{\"@type\":\"Organization\",\"@id\":\"https:\\\/\\\/goodsensebaltic.ee\\\/#organization\",\"name\":\"Goodsense Baltic\",\"url\":\"https:\\\/\\\/goodsensebaltic.ee\\\/\",\"logo\":{\"@type\":\"ImageObject\",\"inLanguage\":\"en-US\",\"@id\":\"https:\\\/\\\/goodsensebaltic.ee\\\/#\\\/schema\\\/logo\\\/image\\\/\",\"url\":\"https:\\\/\\\/goodsensebaltic.ee\\\/wp-content\\\/uploads\\\/2022\\\/02\\\/Goodsense_Baltic_logo-01-1.svg\",\"contentUrl\":\"https:\\\/\\\/goodsensebaltic.ee\\\/wp-content\\\/uploads\\\/2022\\\/02\\\/Goodsense_Baltic_logo-01-1.svg\",\"width\":988,\"height\":198,\"caption\":\"Goodsense Baltic\"},\"image\":{\"@id\":\"https:\\\/\\\/goodsensebaltic.ee\\\/#\\\/schema\\\/logo\\\/image\\\/\"},\"sameAs\":[\"https:\\\/\\\/www.facebook.com\\\/GoodsenseBaltic\",\"https:\\\/\\\/www.linkedin.com\\\/company\\\/goodsense-baltic-o\\\/\"]}]}<\/script>\n<!-- \/ Yoast SEO plugin. -->","yoast_head_json":{"title":"Heracles H190 wheel loader - Goodsense Baltic","description":"New Heracles wheel loader for sale. New wheel loaders. Lifting equipment for sale in Tallinn and Tartu. Skips, loaders and forklifts for sale.","robots":{"index":"index","follow":"follow","max-snippet":"max-snippet:-1","max-image-preview":"max-image-preview:large","max-video-preview":"max-video-preview:-1"},"canonical":"https:\/\/goodsensebaltic.ee\/en\/product\/heracles-h190-wheel-loader\/","og_locale":"en_US","og_type":"article","og_title":"Heracles H190 wheel loader - Goodsense Baltic","og_description":"New Heracles wheel loader for sale. New wheel loaders. Lifting equipment for sale in Tallinn and Tartu. Skips, loaders and forklifts for sale.","og_url":"https:\/\/goodsensebaltic.ee\/en\/product\/heracles-h190-wheel-loader\/","og_site_name":"Goodsense Baltic","article_publisher":"https:\/\/www.facebook.com\/GoodsenseBaltic","article_modified_time":"2026-05-02T08:17:33+00:00","og_image":[{"width":2560,"height":2560,"url":"https:\/\/goodsensebaltic.ee\/wp-content\/uploads\/2024\/03\/DSC_0014-kopiera-scaled.jpg","type":"image\/jpeg"}],"twitter_card":"summary_large_image","twitter_misc":{"Est. reading time":"1 minute"},"schema":{"@context":"https:\/\/schema.org","@graph":[{"@type":"WebPage","@id":"https:\/\/goodsensebaltic.ee\/en\/product\/heracles-h190-wheel-loader\/","url":"https:\/\/goodsensebaltic.ee\/en\/product\/heracles-h190-wheel-loader\/","name":"Heracles H190 wheel loader - Goodsense Baltic","isPartOf":{"@id":"https:\/\/goodsensebaltic.ee\/#website"},"primaryImageOfPage":{"@id":"https:\/\/goodsensebaltic.ee\/en\/product\/heracles-h190-wheel-loader\/#primaryimage"},"image":{"@id":"https:\/\/goodsensebaltic.ee\/en\/product\/heracles-h190-wheel-loader\/#primaryimage"},"thumbnailUrl":"https:\/\/goodsensebaltic.ee\/wp-content\/uploads\/2024\/03\/DSC_0014-kopiera-scaled.jpg","datePublished":"2024-03-21T08:51:13+00:00","dateModified":"2026-05-02T08:17:33+00:00","description":"New Heracles wheel loader for sale. New wheel loaders. Lifting equipment for sale in Tallinn and Tartu. Skips, loaders and forklifts for sale.","breadcrumb":{"@id":"https:\/\/goodsensebaltic.ee\/en\/product\/heracles-h190-wheel-loader\/#breadcrumb"},"inLanguage":"en-US","potentialAction":[{"@type":"ReadAction","target":["https:\/\/goodsensebaltic.ee\/en\/product\/heracles-h190-wheel-loader\/"]}]},{"@type":"ImageObject","inLanguage":"en-US","@id":"https:\/\/goodsensebaltic.ee\/en\/product\/heracles-h190-wheel-loader\/#primaryimage","url":"https:\/\/goodsensebaltic.ee\/wp-content\/uploads\/2024\/03\/DSC_0014-kopiera-scaled.jpg","contentUrl":"https:\/\/goodsensebaltic.ee\/wp-content\/uploads\/2024\/03\/DSC_0014-kopiera-scaled.jpg","width":2560,"height":2560},{"@type":"BreadcrumbList","@id":"https:\/\/goodsensebaltic.ee\/en\/product\/heracles-h190-wheel-loader\/#breadcrumb","itemListElement":[{"@type":"ListItem","position":1,"name":"Home","item":"https:\/\/goodsensebaltic.ee\/en\/"},{"@type":"ListItem","position":2,"name":"Shop","item":"https:\/\/goodsensebaltic.ee\/en\/shop\/"},{"@type":"ListItem","position":3,"name":"Heracles H190 wheel loader"}]},{"@type":"WebSite","@id":"https:\/\/goodsensebaltic.ee\/#website","url":"https:\/\/goodsensebaltic.ee\/","name":"Goodsense Baltic","description":"Kahvelt\u00f5stukite ost ja m\u00fc\u00fck","publisher":{"@id":"https:\/\/goodsensebaltic.ee\/#organization"},"potentialAction":[{"@type":"SearchAction","target":{"@type":"EntryPoint","urlTemplate":"https:\/\/goodsensebaltic.ee\/?s={search_term_string}"},"query-input":{"@type":"PropertyValueSpecification","valueRequired":true,"valueName":"search_term_string"}}],"inLanguage":"en-US"},{"@type":"Organization","@id":"https:\/\/goodsensebaltic.ee\/#organization","name":"Goodsense Baltic","url":"https:\/\/goodsensebaltic.ee\/","logo":{"@type":"ImageObject","inLanguage":"en-US","@id":"https:\/\/goodsensebaltic.ee\/#\/schema\/logo\/image\/","url":"https:\/\/goodsensebaltic.ee\/wp-content\/uploads\/2022\/02\/Goodsense_Baltic_logo-01-1.svg","contentUrl":"https:\/\/goodsensebaltic.ee\/wp-content\/uploads\/2022\/02\/Goodsense_Baltic_logo-01-1.svg","width":988,"height":198,"caption":"Goodsense Baltic"},"image":{"@id":"https:\/\/goodsensebaltic.ee\/#\/schema\/logo\/image\/"},"sameAs":["https:\/\/www.facebook.com\/GoodsenseBaltic","https:\/\/www.linkedin.com\/company\/goodsense-baltic-o\/"]}]}},"_links":{"self":[{"href":"https:\/\/goodsensebaltic.ee\/en\/wp-json\/wp\/v2\/product\/22881","targetHints":{"allow":["GET"]}}],"collection":[{"href":"https:\/\/goodsensebaltic.ee\/en\/wp-json\/wp\/v2\/product"}],"about":[{"href":"https:\/\/goodsensebaltic.ee\/en\/wp-json\/wp\/v2\/types\/product"}],"version-history":[{"count":1,"href":"https:\/\/goodsensebaltic.ee\/en\/wp-json\/wp\/v2\/product\/22881\/revisions"}],"predecessor-version":[{"id":22882,"href":"https:\/\/goodsensebaltic.ee\/en\/wp-json\/wp\/v2\/product\/22881\/revisions\/22882"}],"wp:featuredmedia":[{"embeddable":true,"href":"https:\/\/goodsensebaltic.ee\/en\/wp-json\/wp\/v2\/media\/24620"}],"wp:attachment":[{"href":"https:\/\/goodsensebaltic.ee\/en\/wp-json\/wp\/v2\/media?parent=22881"}],"wp:term":[{"taxonomy":"product_brand","embeddable":true,"href":"https:\/\/goodsensebaltic.ee\/en\/wp-json\/wp\/v2\/product_brand?post=22881"},{"taxonomy":"product_cat","embeddable":true,"href":"https:\/\/goodsensebaltic.ee\/en\/wp-json\/wp\/v2\/product_cat?post=22881"},{"taxonomy":"product_tag","embeddable":true,"href":"https:\/\/goodsensebaltic.ee\/en\/wp-json\/wp\/v2\/product_tag?post=22881"}],"curies":[{"name":"wp","href":"https:\/\/api.w.org\/{rel}","templated":true}]}}