{"id":23151,"date":"2024-04-02T17:53:41","date_gmt":"2024-04-02T17:53:41","guid":{"rendered":"https:\/\/goodsensebaltic.ee\/toode\/heracles-s25-mini-loader\/"},"modified":"2025-09-18T12:04:57","modified_gmt":"2025-09-18T12:04:57","slug":"heracles-s25-mini-loader","status":"publish","type":"product","link":"https:\/\/goodsensebaltic.ee\/en\/product\/heracles-s25-mini-loader\/","title":{"rendered":"Heracles S25 Mini Loader"},"content":{"rendered":"<p>The Heracles S25 mini loader is a compact and powerful machine that is the ideal choice for lifting and transporting a wide range of materials. This mini loader has an impressive lifting capacity of up to 344 kg, allowing you to handle a variety of loads efficiently and quickly. <\/p>\n<p>Thanks to its powerful engine, the Heracles S25 mini loader has an impressive travel speed of up to 13.8 km\/h, ensuring fast and efficient movement on a variety of jobsites. In addition, this machine has an excellent lifting height of up to 2.2 metres, allowing for extensive reach and flexibility in carrying out a variety of jobs. <\/p>\n<p>The Heracles S25 mini loader is equipped with modern features that ensure safe and comfortable use. Thanks to its compactness, this machine is the ideal choice for working in tight spaces, while providing enough power and strength to perform a variety of tasks. <\/p>\n<p>Overall, the Heracles S25 mini loader is a reliable and versatile tool that can meet a wide range of work needs while being efficient and comfortable to use in any working environment.<\/p>\n<div><\/div>\n","protected":false},"excerpt":{"rendered":"<p>The Heracles S25 mini loader is a compact and powerful machine that is the ideal choice for lifting and transporting<\/p>\n","protected":false},"featured_media":23159,"template":"","meta":[],"product_brand":[],"product_cat":[1437,1494,144],"product_tag":[],"class_list":{"0":"post-23151","1":"product","2":"type-product","3":"status-publish","4":"has-post-thumbnail","6":"product_cat-loaders","7":"product_cat-mini-chargers","8":"product_cat-forklifts","9":"pa_garantii-12-months-en","10":"pa_korgus-1814-mm-en","12":"first","13":"onbackorder","14":"taxable","15":"shipping-taxable","16":"purchasable","17":"product-type-simple"},"yoast_head":"<!-- This site is optimized with the Yoast SEO plugin v27.0 - https:\/\/yoast.com\/product\/yoast-seo-wordpress\/ -->\n<title>Heracles S25 Mini Loader - Goodsense Baltic<\/title>\n<meta name=\"description\" content=\"New Heracles electric wheel loader for sale. New wheel loaders for sale. Lifting equipment for sale in Tallinn and Tartu. Skips, loaders and forklifts for sale.\" \/>\n<meta name=\"robots\" content=\"index, follow, max-snippet:-1, max-image-preview:large, max-video-preview:-1\" \/>\n<link rel=\"canonical\" href=\"https:\/\/goodsensebaltic.ee\/en\/product\/heracles-s25-mini-loader\/\" \/>\n<meta property=\"og:locale\" content=\"en_US\" \/>\n<meta property=\"og:type\" content=\"article\" \/>\n<meta property=\"og:title\" content=\"Heracles S25 Mini Loader - Goodsense Baltic\" \/>\n<meta property=\"og:description\" content=\"New Heracles electric wheel loader for sale. New wheel loaders for sale. Lifting equipment for sale in Tallinn and Tartu. Skips, loaders and forklifts for sale.\" \/>\n<meta property=\"og:url\" content=\"https:\/\/goodsensebaltic.ee\/en\/product\/heracles-s25-mini-loader\/\" \/>\n<meta property=\"og:site_name\" content=\"Goodsense Baltic\" \/>\n<meta property=\"article:publisher\" content=\"https:\/\/www.facebook.com\/GoodsenseBaltic\" \/>\n<meta property=\"article:modified_time\" content=\"2025-09-18T12:04:57+00:00\" \/>\n<meta property=\"og:image\" content=\"https:\/\/goodsensebaltic.ee\/wp-content\/uploads\/2024\/04\/Heracles-S25-Minilaadur-2.png\" \/>\n\t<meta property=\"og:image:width\" content=\"1000\" \/>\n\t<meta property=\"og:image:height\" content=\"1000\" \/>\n\t<meta property=\"og:image:type\" content=\"image\/png\" \/>\n<meta name=\"twitter:card\" content=\"summary_large_image\" \/>\n<meta name=\"twitter:label1\" content=\"Est. reading time\" \/>\n\t<meta name=\"twitter:data1\" content=\"2 minutes\" \/>\n<script type=\"application\/ld+json\" class=\"yoast-schema-graph\">{\"@context\":\"https:\/\/schema.org\",\"@graph\":[{\"@type\":\"WebPage\",\"@id\":\"https:\/\/goodsensebaltic.ee\/en\/product\/heracles-s25-mini-loader\/\",\"url\":\"https:\/\/goodsensebaltic.ee\/en\/product\/heracles-s25-mini-loader\/\",\"name\":\"Heracles S25 Mini Loader - Goodsense Baltic\",\"isPartOf\":{\"@id\":\"https:\/\/goodsensebaltic.ee\/#website\"},\"primaryImageOfPage\":{\"@id\":\"https:\/\/goodsensebaltic.ee\/en\/product\/heracles-s25-mini-loader\/#primaryimage\"},\"image\":{\"@id\":\"https:\/\/goodsensebaltic.ee\/en\/product\/heracles-s25-mini-loader\/#primaryimage\"},\"thumbnailUrl\":\"https:\/\/goodsensebaltic.ee\/wp-content\/uploads\/2024\/04\/Heracles-S25-Minilaadur-2.png\",\"datePublished\":\"2024-04-02T17:53:41+00:00\",\"dateModified\":\"2025-09-18T12:04:57+00:00\",\"description\":\"New Heracles electric wheel loader for sale. New wheel loaders for sale. Lifting equipment for sale in Tallinn and Tartu. Skips, loaders and forklifts for sale.\",\"breadcrumb\":{\"@id\":\"https:\/\/goodsensebaltic.ee\/en\/product\/heracles-s25-mini-loader\/#breadcrumb\"},\"inLanguage\":\"en-US\",\"potentialAction\":[{\"@type\":\"ReadAction\",\"target\":[\"https:\/\/goodsensebaltic.ee\/en\/product\/heracles-s25-mini-loader\/\"]}]},{\"@type\":\"ImageObject\",\"inLanguage\":\"en-US\",\"@id\":\"https:\/\/goodsensebaltic.ee\/en\/product\/heracles-s25-mini-loader\/#primaryimage\",\"url\":\"https:\/\/goodsensebaltic.ee\/wp-content\/uploads\/2024\/04\/Heracles-S25-Minilaadur-2.png\",\"contentUrl\":\"https:\/\/goodsensebaltic.ee\/wp-content\/uploads\/2024\/04\/Heracles-S25-Minilaadur-2.png\",\"width\":1000,\"height\":1000,\"caption\":\"Heracles S25 Minilaadur\"},{\"@type\":\"BreadcrumbList\",\"@id\":\"https:\/\/goodsensebaltic.ee\/en\/product\/heracles-s25-mini-loader\/#breadcrumb\",\"itemListElement\":[{\"@type\":\"ListItem\",\"position\":1,\"name\":\"Home\",\"item\":\"https:\/\/goodsensebaltic.ee\/\"},{\"@type\":\"ListItem\",\"position\":2,\"name\":\"Shop\",\"item\":\"https:\/\/goodsensebaltic.ee\/en\/shop\/\"},{\"@type\":\"ListItem\",\"position\":3,\"name\":\"Heracles S25 Mini Loader\"}]},{\"@type\":\"WebSite\",\"@id\":\"https:\/\/goodsensebaltic.ee\/#website\",\"url\":\"https:\/\/goodsensebaltic.ee\/\",\"name\":\"Goodsense Baltic\",\"description\":\"Kahvelt\u00f5stukite ost ja m\u00fc\u00fck\",\"publisher\":{\"@id\":\"https:\/\/goodsensebaltic.ee\/#organization\"},\"potentialAction\":[{\"@type\":\"SearchAction\",\"target\":{\"@type\":\"EntryPoint\",\"urlTemplate\":\"https:\/\/goodsensebaltic.ee\/?s={search_term_string}\"},\"query-input\":{\"@type\":\"PropertyValueSpecification\",\"valueRequired\":true,\"valueName\":\"search_term_string\"}}],\"inLanguage\":\"en-US\"},{\"@type\":\"Organization\",\"@id\":\"https:\/\/goodsensebaltic.ee\/#organization\",\"name\":\"Goodsense Baltic\",\"url\":\"https:\/\/goodsensebaltic.ee\/\",\"logo\":{\"@type\":\"ImageObject\",\"inLanguage\":\"en-US\",\"@id\":\"https:\/\/goodsensebaltic.ee\/#\/schema\/logo\/image\/\",\"url\":\"https:\/\/goodsensebaltic.ee\/wp-content\/uploads\/2022\/02\/Goodsense_Baltic_logo-01-1.svg\",\"contentUrl\":\"https:\/\/goodsensebaltic.ee\/wp-content\/uploads\/2022\/02\/Goodsense_Baltic_logo-01-1.svg\",\"width\":988,\"height\":198,\"caption\":\"Goodsense Baltic\"},\"image\":{\"@id\":\"https:\/\/goodsensebaltic.ee\/#\/schema\/logo\/image\/\"},\"sameAs\":[\"https:\/\/www.facebook.com\/GoodsenseBaltic\",\"https:\/\/www.linkedin.com\/company\/goodsense-baltic-o\/\"]}]}<\/script>\n<!-- \/ Yoast SEO plugin. -->","yoast_head_json":{"title":"Heracles S25 Mini Loader - Goodsense Baltic","description":"New Heracles electric wheel loader for sale. New wheel loaders for sale. Lifting equipment for sale in Tallinn and Tartu. Skips, loaders and forklifts for sale.","robots":{"index":"index","follow":"follow","max-snippet":"max-snippet:-1","max-image-preview":"max-image-preview:large","max-video-preview":"max-video-preview:-1"},"canonical":"https:\/\/goodsensebaltic.ee\/en\/product\/heracles-s25-mini-loader\/","og_locale":"en_US","og_type":"article","og_title":"Heracles S25 Mini Loader - Goodsense Baltic","og_description":"New Heracles electric wheel loader for sale. New wheel loaders for sale. Lifting equipment for sale in Tallinn and Tartu. Skips, loaders and forklifts for sale.","og_url":"https:\/\/goodsensebaltic.ee\/en\/product\/heracles-s25-mini-loader\/","og_site_name":"Goodsense Baltic","article_publisher":"https:\/\/www.facebook.com\/GoodsenseBaltic","article_modified_time":"2025-09-18T12:04:57+00:00","og_image":[{"width":1000,"height":1000,"url":"https:\/\/goodsensebaltic.ee\/wp-content\/uploads\/2024\/04\/Heracles-S25-Minilaadur-2.png","type":"image\/png"}],"twitter_card":"summary_large_image","twitter_misc":{"Est. reading time":"2 minutes"},"schema":{"@context":"https:\/\/schema.org","@graph":[{"@type":"WebPage","@id":"https:\/\/goodsensebaltic.ee\/en\/product\/heracles-s25-mini-loader\/","url":"https:\/\/goodsensebaltic.ee\/en\/product\/heracles-s25-mini-loader\/","name":"Heracles S25 Mini Loader - Goodsense Baltic","isPartOf":{"@id":"https:\/\/goodsensebaltic.ee\/#website"},"primaryImageOfPage":{"@id":"https:\/\/goodsensebaltic.ee\/en\/product\/heracles-s25-mini-loader\/#primaryimage"},"image":{"@id":"https:\/\/goodsensebaltic.ee\/en\/product\/heracles-s25-mini-loader\/#primaryimage"},"thumbnailUrl":"https:\/\/goodsensebaltic.ee\/wp-content\/uploads\/2024\/04\/Heracles-S25-Minilaadur-2.png","datePublished":"2024-04-02T17:53:41+00:00","dateModified":"2025-09-18T12:04:57+00:00","description":"New Heracles electric wheel loader for sale. New wheel loaders for sale. Lifting equipment for sale in Tallinn and Tartu. Skips, loaders and forklifts for sale.","breadcrumb":{"@id":"https:\/\/goodsensebaltic.ee\/en\/product\/heracles-s25-mini-loader\/#breadcrumb"},"inLanguage":"en-US","potentialAction":[{"@type":"ReadAction","target":["https:\/\/goodsensebaltic.ee\/en\/product\/heracles-s25-mini-loader\/"]}]},{"@type":"ImageObject","inLanguage":"en-US","@id":"https:\/\/goodsensebaltic.ee\/en\/product\/heracles-s25-mini-loader\/#primaryimage","url":"https:\/\/goodsensebaltic.ee\/wp-content\/uploads\/2024\/04\/Heracles-S25-Minilaadur-2.png","contentUrl":"https:\/\/goodsensebaltic.ee\/wp-content\/uploads\/2024\/04\/Heracles-S25-Minilaadur-2.png","width":1000,"height":1000,"caption":"Heracles S25 Minilaadur"},{"@type":"BreadcrumbList","@id":"https:\/\/goodsensebaltic.ee\/en\/product\/heracles-s25-mini-loader\/#breadcrumb","itemListElement":[{"@type":"ListItem","position":1,"name":"Home","item":"https:\/\/goodsensebaltic.ee\/"},{"@type":"ListItem","position":2,"name":"Shop","item":"https:\/\/goodsensebaltic.ee\/en\/shop\/"},{"@type":"ListItem","position":3,"name":"Heracles S25 Mini Loader"}]},{"@type":"WebSite","@id":"https:\/\/goodsensebaltic.ee\/#website","url":"https:\/\/goodsensebaltic.ee\/","name":"Goodsense Baltic","description":"Kahvelt\u00f5stukite ost ja m\u00fc\u00fck","publisher":{"@id":"https:\/\/goodsensebaltic.ee\/#organization"},"potentialAction":[{"@type":"SearchAction","target":{"@type":"EntryPoint","urlTemplate":"https:\/\/goodsensebaltic.ee\/?s={search_term_string}"},"query-input":{"@type":"PropertyValueSpecification","valueRequired":true,"valueName":"search_term_string"}}],"inLanguage":"en-US"},{"@type":"Organization","@id":"https:\/\/goodsensebaltic.ee\/#organization","name":"Goodsense Baltic","url":"https:\/\/goodsensebaltic.ee\/","logo":{"@type":"ImageObject","inLanguage":"en-US","@id":"https:\/\/goodsensebaltic.ee\/#\/schema\/logo\/image\/","url":"https:\/\/goodsensebaltic.ee\/wp-content\/uploads\/2022\/02\/Goodsense_Baltic_logo-01-1.svg","contentUrl":"https:\/\/goodsensebaltic.ee\/wp-content\/uploads\/2022\/02\/Goodsense_Baltic_logo-01-1.svg","width":988,"height":198,"caption":"Goodsense Baltic"},"image":{"@id":"https:\/\/goodsensebaltic.ee\/#\/schema\/logo\/image\/"},"sameAs":["https:\/\/www.facebook.com\/GoodsenseBaltic","https:\/\/www.linkedin.com\/company\/goodsense-baltic-o\/"]}]}},"_links":{"self":[{"href":"https:\/\/goodsensebaltic.ee\/en\/wp-json\/wp\/v2\/product\/23151","targetHints":{"allow":["GET"]}}],"collection":[{"href":"https:\/\/goodsensebaltic.ee\/en\/wp-json\/wp\/v2\/product"}],"about":[{"href":"https:\/\/goodsensebaltic.ee\/en\/wp-json\/wp\/v2\/types\/product"}],"version-history":[{"count":2,"href":"https:\/\/goodsensebaltic.ee\/en\/wp-json\/wp\/v2\/product\/23151\/revisions"}],"predecessor-version":[{"id":24182,"href":"https:\/\/goodsensebaltic.ee\/en\/wp-json\/wp\/v2\/product\/23151\/revisions\/24182"}],"wp:featuredmedia":[{"embeddable":true,"href":"https:\/\/goodsensebaltic.ee\/en\/wp-json\/wp\/v2\/media\/23159"}],"wp:attachment":[{"href":"https:\/\/goodsensebaltic.ee\/en\/wp-json\/wp\/v2\/media?parent=23151"}],"wp:term":[{"taxonomy":"product_brand","embeddable":true,"href":"https:\/\/goodsensebaltic.ee\/en\/wp-json\/wp\/v2\/product_brand?post=23151"},{"taxonomy":"product_cat","embeddable":true,"href":"https:\/\/goodsensebaltic.ee\/en\/wp-json\/wp\/v2\/product_cat?post=23151"},{"taxonomy":"product_tag","embeddable":true,"href":"https:\/\/goodsensebaltic.ee\/en\/wp-json\/wp\/v2\/product_tag?post=23151"}],"curies":[{"name":"wp","href":"https:\/\/api.w.org\/{rel}","templated":true}]}}