{"id":23704,"date":"2025-01-21T11:12:10","date_gmt":"2025-01-21T11:12:10","guid":{"rendered":"https:\/\/goodsensebaltic.ee\/?post_type=product&#038;p=23704"},"modified":"2026-05-02T20:25:44","modified_gmt":"2026-05-02T20:25:44","slug":"awapow-t8-max-car-start-aid-kopeeri","status":"publish","type":"product","link":"https:\/\/goodsensebaltic.ee\/en\/product\/awapow-t8-max-car-start-aid-kopeeri\/","title":{"rendered":"Awapow E5 Pro car jump-start kit"},"content":{"rendered":"<p><strong>Multifunctional start-up aid!<\/strong><\/p>\n<p><strong>A new starting aid suitable for starting vehicles up to 5L petrol and 3.2L diesel engines, i.e. cars, motorcycles and boats. <\/strong>In addition, there is a battery bank and an LED light with 3 different modes. The car can be started 20 times on a single charge.<\/p>\n<p><strong>Data:<\/strong><\/p>\n<p>&#8211; Starting current: 2000A<\/p>\n<p>&#8211; Battery capacity: 12000mAh<\/p>\n<p>&#8211; Voltage: 12V<\/p>\n","protected":false},"excerpt":{"rendered":"<p><strong>Multifunctional jump starter for sale!<\/strong><\/p>\n<p>It is suitable for all petrol and diesel cars up to 12L and also works on motorcycles, trucks and boats. The device has a battery bank and LED lighting with 3 different modes. The life cycle is over 1000 uses.<\/p>\n<p><strong>Data:<\/strong><\/p>\n<p>&#8211; Starting current: 6000A<\/p>\n<p>&#8211; Battery capacity: 24000mAh<\/p>\n<p>&#8211; Voltage: 12V<\/p>\n","protected":false},"featured_media":23694,"template":"","meta":[],"product_brand":[],"product_cat":[151],"product_tag":[],"class_list":{"0":"post-23704","1":"product","2":"type-product","3":"status-publish","4":"has-post-thumbnail","6":"product_cat-workshop-equipment","8":"first","9":"instock","10":"sale","11":"taxable","12":"shipping-taxable","13":"purchasable","14":"product-type-simple"},"yoast_head":"<!-- This site is optimized with the Yoast SEO plugin v27.4 - https:\/\/yoast.com\/product\/yoast-seo-wordpress\/ -->\n<title>Awapow E5 Pro car jump-start kit - Goodsense Baltic<\/title>\n<meta name=\"description\" content=\"Car start-up assistance for sale. The jump starter is suitable for all petrol and diesel cars up to 12L. Sale of workshop equipment and forklifts in Tallinn and Tartu.\" \/>\n<meta name=\"robots\" content=\"index, follow, max-snippet:-1, max-image-preview:large, max-video-preview:-1\" \/>\n<link rel=\"canonical\" href=\"https:\/\/goodsensebaltic.ee\/en\/product\/awapow-t8-max-car-start-aid-kopeeri\/\" \/>\n<meta property=\"og:locale\" content=\"en_US\" \/>\n<meta property=\"og:type\" content=\"article\" \/>\n<meta property=\"og:title\" content=\"Awapow E5 Pro car jump-start kit - Goodsense Baltic\" \/>\n<meta property=\"og:description\" content=\"Car start-up assistance for sale. The jump starter is suitable for all petrol and diesel cars up to 12L. Sale of workshop equipment and forklifts in Tallinn and Tartu.\" \/>\n<meta property=\"og:url\" content=\"https:\/\/goodsensebaltic.ee\/en\/product\/awapow-t8-max-car-start-aid-kopeeri\/\" \/>\n<meta property=\"og:site_name\" content=\"Goodsense Baltic\" \/>\n<meta property=\"article:publisher\" content=\"https:\/\/www.facebook.com\/GoodsenseBaltic\" \/>\n<meta property=\"article:modified_time\" content=\"2026-05-02T20:25:44+00:00\" \/>\n<meta property=\"og:image\" content=\"https:\/\/goodsensebaltic.ee\/wp-content\/uploads\/2024\/10\/Avapow-2000A-12000mAh-auto-kaitivusabi-1-scaled.jpg\" \/>\n\t<meta property=\"og:image:width\" content=\"2560\" \/>\n\t<meta property=\"og:image:height\" content=\"2560\" \/>\n\t<meta property=\"og:image:type\" content=\"image\/jpeg\" \/>\n<meta name=\"twitter:card\" content=\"summary_large_image\" \/>\n<meta name=\"twitter:label1\" content=\"Est. reading time\" \/>\n\t<meta name=\"twitter:data1\" content=\"1 minute\" \/>\n<script type=\"application\/ld+json\" class=\"yoast-schema-graph\">{\"@context\":\"https:\\\/\\\/schema.org\",\"@graph\":[{\"@type\":\"WebPage\",\"@id\":\"https:\\\/\\\/goodsensebaltic.ee\\\/en\\\/product\\\/awapow-t8-max-car-start-aid-kopeeri\\\/\",\"url\":\"https:\\\/\\\/goodsensebaltic.ee\\\/en\\\/product\\\/awapow-t8-max-car-start-aid-kopeeri\\\/\",\"name\":\"Awapow E5 Pro car jump-start kit - Goodsense Baltic\",\"isPartOf\":{\"@id\":\"https:\\\/\\\/goodsensebaltic.ee\\\/#website\"},\"primaryImageOfPage\":{\"@id\":\"https:\\\/\\\/goodsensebaltic.ee\\\/en\\\/product\\\/awapow-t8-max-car-start-aid-kopeeri\\\/#primaryimage\"},\"image\":{\"@id\":\"https:\\\/\\\/goodsensebaltic.ee\\\/en\\\/product\\\/awapow-t8-max-car-start-aid-kopeeri\\\/#primaryimage\"},\"thumbnailUrl\":\"https:\\\/\\\/goodsensebaltic.ee\\\/wp-content\\\/uploads\\\/2024\\\/10\\\/Avapow-2000A-12000mAh-auto-kaitivusabi-1-scaled.jpg\",\"datePublished\":\"2025-01-21T11:12:10+00:00\",\"dateModified\":\"2026-05-02T20:25:44+00:00\",\"description\":\"Car start-up assistance for sale. The jump starter is suitable for all petrol and diesel cars up to 12L. Sale of workshop equipment and forklifts in Tallinn and Tartu.\",\"breadcrumb\":{\"@id\":\"https:\\\/\\\/goodsensebaltic.ee\\\/en\\\/product\\\/awapow-t8-max-car-start-aid-kopeeri\\\/#breadcrumb\"},\"inLanguage\":\"en-US\",\"potentialAction\":[{\"@type\":\"ReadAction\",\"target\":[\"https:\\\/\\\/goodsensebaltic.ee\\\/en\\\/product\\\/awapow-t8-max-car-start-aid-kopeeri\\\/\"]}]},{\"@type\":\"ImageObject\",\"inLanguage\":\"en-US\",\"@id\":\"https:\\\/\\\/goodsensebaltic.ee\\\/en\\\/product\\\/awapow-t8-max-car-start-aid-kopeeri\\\/#primaryimage\",\"url\":\"https:\\\/\\\/goodsensebaltic.ee\\\/wp-content\\\/uploads\\\/2024\\\/10\\\/Avapow-2000A-12000mAh-auto-kaitivusabi-1-scaled.jpg\",\"contentUrl\":\"https:\\\/\\\/goodsensebaltic.ee\\\/wp-content\\\/uploads\\\/2024\\\/10\\\/Avapow-2000A-12000mAh-auto-kaitivusabi-1-scaled.jpg\",\"width\":2560,\"height\":2560,\"caption\":\"Avapow 6000A 24000mAh auto k\u00e4ivitusabi\"},{\"@type\":\"BreadcrumbList\",\"@id\":\"https:\\\/\\\/goodsensebaltic.ee\\\/en\\\/product\\\/awapow-t8-max-car-start-aid-kopeeri\\\/#breadcrumb\",\"itemListElement\":[{\"@type\":\"ListItem\",\"position\":1,\"name\":\"Home\",\"item\":\"https:\\\/\\\/goodsensebaltic.ee\\\/en\\\/\"},{\"@type\":\"ListItem\",\"position\":2,\"name\":\"Shop\",\"item\":\"https:\\\/\\\/goodsensebaltic.ee\\\/en\\\/shop\\\/\"},{\"@type\":\"ListItem\",\"position\":3,\"name\":\"Awapow E5 Pro car jump-start kit\"}]},{\"@type\":\"WebSite\",\"@id\":\"https:\\\/\\\/goodsensebaltic.ee\\\/#website\",\"url\":\"https:\\\/\\\/goodsensebaltic.ee\\\/\",\"name\":\"Goodsense Baltic\",\"description\":\"Kahvelt\u00f5stukite ost ja m\u00fc\u00fck\",\"publisher\":{\"@id\":\"https:\\\/\\\/goodsensebaltic.ee\\\/#organization\"},\"potentialAction\":[{\"@type\":\"SearchAction\",\"target\":{\"@type\":\"EntryPoint\",\"urlTemplate\":\"https:\\\/\\\/goodsensebaltic.ee\\\/?s={search_term_string}\"},\"query-input\":{\"@type\":\"PropertyValueSpecification\",\"valueRequired\":true,\"valueName\":\"search_term_string\"}}],\"inLanguage\":\"en-US\"},{\"@type\":\"Organization\",\"@id\":\"https:\\\/\\\/goodsensebaltic.ee\\\/#organization\",\"name\":\"Goodsense Baltic\",\"url\":\"https:\\\/\\\/goodsensebaltic.ee\\\/\",\"logo\":{\"@type\":\"ImageObject\",\"inLanguage\":\"en-US\",\"@id\":\"https:\\\/\\\/goodsensebaltic.ee\\\/#\\\/schema\\\/logo\\\/image\\\/\",\"url\":\"https:\\\/\\\/goodsensebaltic.ee\\\/wp-content\\\/uploads\\\/2022\\\/02\\\/Goodsense_Baltic_logo-01-1.svg\",\"contentUrl\":\"https:\\\/\\\/goodsensebaltic.ee\\\/wp-content\\\/uploads\\\/2022\\\/02\\\/Goodsense_Baltic_logo-01-1.svg\",\"width\":988,\"height\":198,\"caption\":\"Goodsense Baltic\"},\"image\":{\"@id\":\"https:\\\/\\\/goodsensebaltic.ee\\\/#\\\/schema\\\/logo\\\/image\\\/\"},\"sameAs\":[\"https:\\\/\\\/www.facebook.com\\\/GoodsenseBaltic\",\"https:\\\/\\\/www.linkedin.com\\\/company\\\/goodsense-baltic-o\\\/\"]}]}<\/script>\n<!-- \/ Yoast SEO plugin. -->","yoast_head_json":{"title":"Awapow E5 Pro car jump-start kit - Goodsense Baltic","description":"Car start-up assistance for sale. The jump starter is suitable for all petrol and diesel cars up to 12L. Sale of workshop equipment and forklifts in Tallinn and Tartu.","robots":{"index":"index","follow":"follow","max-snippet":"max-snippet:-1","max-image-preview":"max-image-preview:large","max-video-preview":"max-video-preview:-1"},"canonical":"https:\/\/goodsensebaltic.ee\/en\/product\/awapow-t8-max-car-start-aid-kopeeri\/","og_locale":"en_US","og_type":"article","og_title":"Awapow E5 Pro car jump-start kit - Goodsense Baltic","og_description":"Car start-up assistance for sale. The jump starter is suitable for all petrol and diesel cars up to 12L. Sale of workshop equipment and forklifts in Tallinn and Tartu.","og_url":"https:\/\/goodsensebaltic.ee\/en\/product\/awapow-t8-max-car-start-aid-kopeeri\/","og_site_name":"Goodsense Baltic","article_publisher":"https:\/\/www.facebook.com\/GoodsenseBaltic","article_modified_time":"2026-05-02T20:25:44+00:00","og_image":[{"width":2560,"height":2560,"url":"https:\/\/goodsensebaltic.ee\/wp-content\/uploads\/2024\/10\/Avapow-2000A-12000mAh-auto-kaitivusabi-1-scaled.jpg","type":"image\/jpeg"}],"twitter_card":"summary_large_image","twitter_misc":{"Est. reading time":"1 minute"},"schema":{"@context":"https:\/\/schema.org","@graph":[{"@type":"WebPage","@id":"https:\/\/goodsensebaltic.ee\/en\/product\/awapow-t8-max-car-start-aid-kopeeri\/","url":"https:\/\/goodsensebaltic.ee\/en\/product\/awapow-t8-max-car-start-aid-kopeeri\/","name":"Awapow E5 Pro car jump-start kit - Goodsense Baltic","isPartOf":{"@id":"https:\/\/goodsensebaltic.ee\/#website"},"primaryImageOfPage":{"@id":"https:\/\/goodsensebaltic.ee\/en\/product\/awapow-t8-max-car-start-aid-kopeeri\/#primaryimage"},"image":{"@id":"https:\/\/goodsensebaltic.ee\/en\/product\/awapow-t8-max-car-start-aid-kopeeri\/#primaryimage"},"thumbnailUrl":"https:\/\/goodsensebaltic.ee\/wp-content\/uploads\/2024\/10\/Avapow-2000A-12000mAh-auto-kaitivusabi-1-scaled.jpg","datePublished":"2025-01-21T11:12:10+00:00","dateModified":"2026-05-02T20:25:44+00:00","description":"Car start-up assistance for sale. The jump starter is suitable for all petrol and diesel cars up to 12L. Sale of workshop equipment and forklifts in Tallinn and Tartu.","breadcrumb":{"@id":"https:\/\/goodsensebaltic.ee\/en\/product\/awapow-t8-max-car-start-aid-kopeeri\/#breadcrumb"},"inLanguage":"en-US","potentialAction":[{"@type":"ReadAction","target":["https:\/\/goodsensebaltic.ee\/en\/product\/awapow-t8-max-car-start-aid-kopeeri\/"]}]},{"@type":"ImageObject","inLanguage":"en-US","@id":"https:\/\/goodsensebaltic.ee\/en\/product\/awapow-t8-max-car-start-aid-kopeeri\/#primaryimage","url":"https:\/\/goodsensebaltic.ee\/wp-content\/uploads\/2024\/10\/Avapow-2000A-12000mAh-auto-kaitivusabi-1-scaled.jpg","contentUrl":"https:\/\/goodsensebaltic.ee\/wp-content\/uploads\/2024\/10\/Avapow-2000A-12000mAh-auto-kaitivusabi-1-scaled.jpg","width":2560,"height":2560,"caption":"Avapow 6000A 24000mAh auto k\u00e4ivitusabi"},{"@type":"BreadcrumbList","@id":"https:\/\/goodsensebaltic.ee\/en\/product\/awapow-t8-max-car-start-aid-kopeeri\/#breadcrumb","itemListElement":[{"@type":"ListItem","position":1,"name":"Home","item":"https:\/\/goodsensebaltic.ee\/en\/"},{"@type":"ListItem","position":2,"name":"Shop","item":"https:\/\/goodsensebaltic.ee\/en\/shop\/"},{"@type":"ListItem","position":3,"name":"Awapow E5 Pro car jump-start kit"}]},{"@type":"WebSite","@id":"https:\/\/goodsensebaltic.ee\/#website","url":"https:\/\/goodsensebaltic.ee\/","name":"Goodsense Baltic","description":"Kahvelt\u00f5stukite ost ja m\u00fc\u00fck","publisher":{"@id":"https:\/\/goodsensebaltic.ee\/#organization"},"potentialAction":[{"@type":"SearchAction","target":{"@type":"EntryPoint","urlTemplate":"https:\/\/goodsensebaltic.ee\/?s={search_term_string}"},"query-input":{"@type":"PropertyValueSpecification","valueRequired":true,"valueName":"search_term_string"}}],"inLanguage":"en-US"},{"@type":"Organization","@id":"https:\/\/goodsensebaltic.ee\/#organization","name":"Goodsense Baltic","url":"https:\/\/goodsensebaltic.ee\/","logo":{"@type":"ImageObject","inLanguage":"en-US","@id":"https:\/\/goodsensebaltic.ee\/#\/schema\/logo\/image\/","url":"https:\/\/goodsensebaltic.ee\/wp-content\/uploads\/2022\/02\/Goodsense_Baltic_logo-01-1.svg","contentUrl":"https:\/\/goodsensebaltic.ee\/wp-content\/uploads\/2022\/02\/Goodsense_Baltic_logo-01-1.svg","width":988,"height":198,"caption":"Goodsense Baltic"},"image":{"@id":"https:\/\/goodsensebaltic.ee\/#\/schema\/logo\/image\/"},"sameAs":["https:\/\/www.facebook.com\/GoodsenseBaltic","https:\/\/www.linkedin.com\/company\/goodsense-baltic-o\/"]}]}},"_links":{"self":[{"href":"https:\/\/goodsensebaltic.ee\/en\/wp-json\/wp\/v2\/product\/23704","targetHints":{"allow":["GET"]}}],"collection":[{"href":"https:\/\/goodsensebaltic.ee\/en\/wp-json\/wp\/v2\/product"}],"about":[{"href":"https:\/\/goodsensebaltic.ee\/en\/wp-json\/wp\/v2\/types\/product"}],"version-history":[{"count":3,"href":"https:\/\/goodsensebaltic.ee\/en\/wp-json\/wp\/v2\/product\/23704\/revisions"}],"predecessor-version":[{"id":24845,"href":"https:\/\/goodsensebaltic.ee\/en\/wp-json\/wp\/v2\/product\/23704\/revisions\/24845"}],"wp:featuredmedia":[{"embeddable":true,"href":"https:\/\/goodsensebaltic.ee\/en\/wp-json\/wp\/v2\/media\/23694"}],"wp:attachment":[{"href":"https:\/\/goodsensebaltic.ee\/en\/wp-json\/wp\/v2\/media?parent=23704"}],"wp:term":[{"taxonomy":"product_brand","embeddable":true,"href":"https:\/\/goodsensebaltic.ee\/en\/wp-json\/wp\/v2\/product_brand?post=23704"},{"taxonomy":"product_cat","embeddable":true,"href":"https:\/\/goodsensebaltic.ee\/en\/wp-json\/wp\/v2\/product_cat?post=23704"},{"taxonomy":"product_tag","embeddable":true,"href":"https:\/\/goodsensebaltic.ee\/en\/wp-json\/wp\/v2\/product_tag?post=23704"}],"curies":[{"name":"wp","href":"https:\/\/api.w.org\/{rel}","templated":true}]}}