{"id":23709,"date":"2025-01-22T09:46:52","date_gmt":"2025-01-22T09:46:52","guid":{"rendered":"https:\/\/goodsensebaltic.ee\/?post_type=product&#038;p=23709"},"modified":"2026-04-05T16:47:56","modified_gmt":"2026-04-05T16:47:56","slug":"clark-dpm17-diesel-truck","status":"publish","type":"product","link":"https:\/\/goodsensebaltic.ee\/en\/product\/clark-dpm17-diesel-truck\/","title":{"rendered":"Clark DPM17 Diesel forklift"},"content":{"rendered":"<p><strong>A powerful Clark diesel forklift for sale!<\/strong><\/p>\n<p>A short-body diesel forklift is the perfect choice for tighter conditions.<\/p>\n<p>Sidewheel and positioning help you get the job done!<\/p>\n<p>&nbsp;<\/p>\n","protected":false},"excerpt":{"rendered":"<p>Clark DPM17 1700kg Diis lift truck &#8211; Lift trucks &#8211; Used lift trucks &#8211; Lift truck spare parts<\/p>\n<div id=\"highlighter--hover-tools\" style=\"display: none;\">\n<div id=\"highlighter--hover-tools--container\">\n<div class=\"highlighter--icon highlighter--icon-copy\" title=\"Copy\"><\/div>\n<div class=\"highlighter--icon highlighter--icon-change-color\" title=\"Change Color\"><\/div>\n<div class=\"highlighter--icon highlighter--icon-delete\" title=\"Delete\"><\/div>\n<\/div>\n<\/div>\n<div id=\"highlighter--hover-tools\" style=\"display: none;\">\n<div id=\"highlighter--hover-tools--container\">\n<div class=\"highlighter--icon highlighter--icon-copy\" title=\"Copy\"><\/div>\n<div class=\"highlighter--icon highlighter--icon-change-color\" title=\"Change Color\"><\/div>\n<div class=\"highlighter--icon highlighter--icon-delete\" title=\"Delete\"><\/div>\n<\/div>\n<\/div>\n","protected":false},"featured_media":24288,"template":"","meta":[],"product_brand":[],"product_cat":[1041,146,145],"product_tag":[],"class_list":{"0":"post-23709","1":"product","2":"type-product","3":"status-publish","4":"has-post-thumbnail","6":"product_cat-esilehe-carousel-en","7":"product_cat-diesel-forklifts","8":"product_cat-used-forklifts","9":"pa_tostejoud-1t-2t-en","11":"first","12":"instock","13":"sale","14":"taxable","15":"shipping-taxable","16":"purchasable","17":"product-type-simple"},"yoast_head":"<!-- This site is optimized with the Yoast SEO plugin v27.0 - https:\/\/yoast.com\/product\/yoast-seo-wordpress\/ -->\n<title>Clark DPM17 Diesel forklift - Goodsense Baltic<\/title>\n<meta name=\"description\" content=\"Clark diesel truck for sale. Durable forklift with 1,7T lifting capacity. Diis lift trucks for sale in Tallinn and Tartu. Forklift spare parts and repair.\" \/>\n<meta name=\"robots\" content=\"index, follow, max-snippet:-1, max-image-preview:large, max-video-preview:-1\" \/>\n<link rel=\"canonical\" href=\"https:\/\/goodsensebaltic.ee\/en\/product\/clark-dpm17-diesel-truck\/\" \/>\n<meta property=\"og:locale\" content=\"en_US\" \/>\n<meta property=\"og:type\" content=\"article\" \/>\n<meta property=\"og:title\" content=\"Clark DPM17 Diesel forklift - Goodsense Baltic\" \/>\n<meta property=\"og:description\" content=\"Clark diesel truck for sale. Durable forklift with 1,7T lifting capacity. Diis lift trucks for sale in Tallinn and Tartu. Forklift spare parts and repair.\" \/>\n<meta property=\"og:url\" content=\"https:\/\/goodsensebaltic.ee\/en\/product\/clark-dpm17-diesel-truck\/\" \/>\n<meta property=\"og:site_name\" content=\"Goodsense Baltic\" \/>\n<meta property=\"article:publisher\" content=\"https:\/\/www.facebook.com\/GoodsenseBaltic\" \/>\n<meta property=\"article:modified_time\" content=\"2026-04-05T16:47:56+00:00\" \/>\n<meta property=\"og:image\" content=\"https:\/\/goodsensebaltic.ee\/wp-content\/uploads\/2025\/01\/Clark-DPM17-diiseltostuk1-scaled.jpg\" \/>\n\t<meta property=\"og:image:width\" content=\"2560\" \/>\n\t<meta property=\"og:image:height\" content=\"2560\" \/>\n\t<meta property=\"og:image:type\" content=\"image\/jpeg\" \/>\n<meta name=\"twitter:card\" content=\"summary_large_image\" \/>\n<meta name=\"twitter:label1\" content=\"Est. reading time\" \/>\n\t<meta name=\"twitter:data1\" content=\"1 minute\" \/>\n<script type=\"application\/ld+json\" class=\"yoast-schema-graph\">{\"@context\":\"https:\/\/schema.org\",\"@graph\":[{\"@type\":\"WebPage\",\"@id\":\"https:\/\/goodsensebaltic.ee\/en\/product\/clark-dpm17-diesel-truck\/\",\"url\":\"https:\/\/goodsensebaltic.ee\/en\/product\/clark-dpm17-diesel-truck\/\",\"name\":\"Clark DPM17 Diesel forklift - Goodsense Baltic\",\"isPartOf\":{\"@id\":\"https:\/\/goodsensebaltic.ee\/#website\"},\"primaryImageOfPage\":{\"@id\":\"https:\/\/goodsensebaltic.ee\/en\/product\/clark-dpm17-diesel-truck\/#primaryimage\"},\"image\":{\"@id\":\"https:\/\/goodsensebaltic.ee\/en\/product\/clark-dpm17-diesel-truck\/#primaryimage\"},\"thumbnailUrl\":\"https:\/\/goodsensebaltic.ee\/wp-content\/uploads\/2025\/01\/Clark-DPM17-diiseltostuk1-scaled.jpg\",\"datePublished\":\"2025-01-22T09:46:52+00:00\",\"dateModified\":\"2026-04-05T16:47:56+00:00\",\"description\":\"Clark diesel truck for sale. Durable forklift with 1,7T lifting capacity. Diis lift trucks for sale in Tallinn and Tartu. Forklift spare parts and repair.\",\"breadcrumb\":{\"@id\":\"https:\/\/goodsensebaltic.ee\/en\/product\/clark-dpm17-diesel-truck\/#breadcrumb\"},\"inLanguage\":\"en-US\",\"potentialAction\":[{\"@type\":\"ReadAction\",\"target\":[\"https:\/\/goodsensebaltic.ee\/en\/product\/clark-dpm17-diesel-truck\/\"]}]},{\"@type\":\"ImageObject\",\"inLanguage\":\"en-US\",\"@id\":\"https:\/\/goodsensebaltic.ee\/en\/product\/clark-dpm17-diesel-truck\/#primaryimage\",\"url\":\"https:\/\/goodsensebaltic.ee\/wp-content\/uploads\/2025\/01\/Clark-DPM17-diiseltostuk1-scaled.jpg\",\"contentUrl\":\"https:\/\/goodsensebaltic.ee\/wp-content\/uploads\/2025\/01\/Clark-DPM17-diiseltostuk1-scaled.jpg\",\"width\":2560,\"height\":2560,\"caption\":\"Clark DPM17 kasutatud diiselt\u00f5stuk\"},{\"@type\":\"BreadcrumbList\",\"@id\":\"https:\/\/goodsensebaltic.ee\/en\/product\/clark-dpm17-diesel-truck\/#breadcrumb\",\"itemListElement\":[{\"@type\":\"ListItem\",\"position\":1,\"name\":\"Home\",\"item\":\"https:\/\/goodsensebaltic.ee\/\"},{\"@type\":\"ListItem\",\"position\":2,\"name\":\"Shop\",\"item\":\"https:\/\/goodsensebaltic.ee\/en\/shop\/\"},{\"@type\":\"ListItem\",\"position\":3,\"name\":\"Clark DPM17 Diesel forklift\"}]},{\"@type\":\"WebSite\",\"@id\":\"https:\/\/goodsensebaltic.ee\/#website\",\"url\":\"https:\/\/goodsensebaltic.ee\/\",\"name\":\"Goodsense Baltic\",\"description\":\"Kahvelt\u00f5stukite ost ja m\u00fc\u00fck\",\"publisher\":{\"@id\":\"https:\/\/goodsensebaltic.ee\/#organization\"},\"potentialAction\":[{\"@type\":\"SearchAction\",\"target\":{\"@type\":\"EntryPoint\",\"urlTemplate\":\"https:\/\/goodsensebaltic.ee\/?s={search_term_string}\"},\"query-input\":{\"@type\":\"PropertyValueSpecification\",\"valueRequired\":true,\"valueName\":\"search_term_string\"}}],\"inLanguage\":\"en-US\"},{\"@type\":\"Organization\",\"@id\":\"https:\/\/goodsensebaltic.ee\/#organization\",\"name\":\"Goodsense Baltic\",\"url\":\"https:\/\/goodsensebaltic.ee\/\",\"logo\":{\"@type\":\"ImageObject\",\"inLanguage\":\"en-US\",\"@id\":\"https:\/\/goodsensebaltic.ee\/#\/schema\/logo\/image\/\",\"url\":\"https:\/\/goodsensebaltic.ee\/wp-content\/uploads\/2022\/02\/Goodsense_Baltic_logo-01-1.svg\",\"contentUrl\":\"https:\/\/goodsensebaltic.ee\/wp-content\/uploads\/2022\/02\/Goodsense_Baltic_logo-01-1.svg\",\"width\":988,\"height\":198,\"caption\":\"Goodsense Baltic\"},\"image\":{\"@id\":\"https:\/\/goodsensebaltic.ee\/#\/schema\/logo\/image\/\"},\"sameAs\":[\"https:\/\/www.facebook.com\/GoodsenseBaltic\",\"https:\/\/www.linkedin.com\/company\/goodsense-baltic-o\/\"]}]}<\/script>\n<!-- \/ Yoast SEO plugin. -->","yoast_head_json":{"title":"Clark DPM17 Diesel forklift - Goodsense Baltic","description":"Clark diesel truck for sale. Durable forklift with 1,7T lifting capacity. Diis lift trucks for sale in Tallinn and Tartu. Forklift spare parts and repair.","robots":{"index":"index","follow":"follow","max-snippet":"max-snippet:-1","max-image-preview":"max-image-preview:large","max-video-preview":"max-video-preview:-1"},"canonical":"https:\/\/goodsensebaltic.ee\/en\/product\/clark-dpm17-diesel-truck\/","og_locale":"en_US","og_type":"article","og_title":"Clark DPM17 Diesel forklift - Goodsense Baltic","og_description":"Clark diesel truck for sale. Durable forklift with 1,7T lifting capacity. Diis lift trucks for sale in Tallinn and Tartu. Forklift spare parts and repair.","og_url":"https:\/\/goodsensebaltic.ee\/en\/product\/clark-dpm17-diesel-truck\/","og_site_name":"Goodsense Baltic","article_publisher":"https:\/\/www.facebook.com\/GoodsenseBaltic","article_modified_time":"2026-04-05T16:47:56+00:00","og_image":[{"width":2560,"height":2560,"url":"https:\/\/goodsensebaltic.ee\/wp-content\/uploads\/2025\/01\/Clark-DPM17-diiseltostuk1-scaled.jpg","type":"image\/jpeg"}],"twitter_card":"summary_large_image","twitter_misc":{"Est. reading time":"1 minute"},"schema":{"@context":"https:\/\/schema.org","@graph":[{"@type":"WebPage","@id":"https:\/\/goodsensebaltic.ee\/en\/product\/clark-dpm17-diesel-truck\/","url":"https:\/\/goodsensebaltic.ee\/en\/product\/clark-dpm17-diesel-truck\/","name":"Clark DPM17 Diesel forklift - Goodsense Baltic","isPartOf":{"@id":"https:\/\/goodsensebaltic.ee\/#website"},"primaryImageOfPage":{"@id":"https:\/\/goodsensebaltic.ee\/en\/product\/clark-dpm17-diesel-truck\/#primaryimage"},"image":{"@id":"https:\/\/goodsensebaltic.ee\/en\/product\/clark-dpm17-diesel-truck\/#primaryimage"},"thumbnailUrl":"https:\/\/goodsensebaltic.ee\/wp-content\/uploads\/2025\/01\/Clark-DPM17-diiseltostuk1-scaled.jpg","datePublished":"2025-01-22T09:46:52+00:00","dateModified":"2026-04-05T16:47:56+00:00","description":"Clark diesel truck for sale. Durable forklift with 1,7T lifting capacity. Diis lift trucks for sale in Tallinn and Tartu. Forklift spare parts and repair.","breadcrumb":{"@id":"https:\/\/goodsensebaltic.ee\/en\/product\/clark-dpm17-diesel-truck\/#breadcrumb"},"inLanguage":"en-US","potentialAction":[{"@type":"ReadAction","target":["https:\/\/goodsensebaltic.ee\/en\/product\/clark-dpm17-diesel-truck\/"]}]},{"@type":"ImageObject","inLanguage":"en-US","@id":"https:\/\/goodsensebaltic.ee\/en\/product\/clark-dpm17-diesel-truck\/#primaryimage","url":"https:\/\/goodsensebaltic.ee\/wp-content\/uploads\/2025\/01\/Clark-DPM17-diiseltostuk1-scaled.jpg","contentUrl":"https:\/\/goodsensebaltic.ee\/wp-content\/uploads\/2025\/01\/Clark-DPM17-diiseltostuk1-scaled.jpg","width":2560,"height":2560,"caption":"Clark DPM17 kasutatud diiselt\u00f5stuk"},{"@type":"BreadcrumbList","@id":"https:\/\/goodsensebaltic.ee\/en\/product\/clark-dpm17-diesel-truck\/#breadcrumb","itemListElement":[{"@type":"ListItem","position":1,"name":"Home","item":"https:\/\/goodsensebaltic.ee\/"},{"@type":"ListItem","position":2,"name":"Shop","item":"https:\/\/goodsensebaltic.ee\/en\/shop\/"},{"@type":"ListItem","position":3,"name":"Clark DPM17 Diesel forklift"}]},{"@type":"WebSite","@id":"https:\/\/goodsensebaltic.ee\/#website","url":"https:\/\/goodsensebaltic.ee\/","name":"Goodsense Baltic","description":"Kahvelt\u00f5stukite ost ja m\u00fc\u00fck","publisher":{"@id":"https:\/\/goodsensebaltic.ee\/#organization"},"potentialAction":[{"@type":"SearchAction","target":{"@type":"EntryPoint","urlTemplate":"https:\/\/goodsensebaltic.ee\/?s={search_term_string}"},"query-input":{"@type":"PropertyValueSpecification","valueRequired":true,"valueName":"search_term_string"}}],"inLanguage":"en-US"},{"@type":"Organization","@id":"https:\/\/goodsensebaltic.ee\/#organization","name":"Goodsense Baltic","url":"https:\/\/goodsensebaltic.ee\/","logo":{"@type":"ImageObject","inLanguage":"en-US","@id":"https:\/\/goodsensebaltic.ee\/#\/schema\/logo\/image\/","url":"https:\/\/goodsensebaltic.ee\/wp-content\/uploads\/2022\/02\/Goodsense_Baltic_logo-01-1.svg","contentUrl":"https:\/\/goodsensebaltic.ee\/wp-content\/uploads\/2022\/02\/Goodsense_Baltic_logo-01-1.svg","width":988,"height":198,"caption":"Goodsense Baltic"},"image":{"@id":"https:\/\/goodsensebaltic.ee\/#\/schema\/logo\/image\/"},"sameAs":["https:\/\/www.facebook.com\/GoodsenseBaltic","https:\/\/www.linkedin.com\/company\/goodsense-baltic-o\/"]}]}},"_links":{"self":[{"href":"https:\/\/goodsensebaltic.ee\/en\/wp-json\/wp\/v2\/product\/23709","targetHints":{"allow":["GET"]}}],"collection":[{"href":"https:\/\/goodsensebaltic.ee\/en\/wp-json\/wp\/v2\/product"}],"about":[{"href":"https:\/\/goodsensebaltic.ee\/en\/wp-json\/wp\/v2\/types\/product"}],"version-history":[{"count":2,"href":"https:\/\/goodsensebaltic.ee\/en\/wp-json\/wp\/v2\/product\/23709\/revisions"}],"predecessor-version":[{"id":24668,"href":"https:\/\/goodsensebaltic.ee\/en\/wp-json\/wp\/v2\/product\/23709\/revisions\/24668"}],"wp:featuredmedia":[{"embeddable":true,"href":"https:\/\/goodsensebaltic.ee\/en\/wp-json\/wp\/v2\/media\/24288"}],"wp:attachment":[{"href":"https:\/\/goodsensebaltic.ee\/en\/wp-json\/wp\/v2\/media?parent=23709"}],"wp:term":[{"taxonomy":"product_brand","embeddable":true,"href":"https:\/\/goodsensebaltic.ee\/en\/wp-json\/wp\/v2\/product_brand?post=23709"},{"taxonomy":"product_cat","embeddable":true,"href":"https:\/\/goodsensebaltic.ee\/en\/wp-json\/wp\/v2\/product_cat?post=23709"},{"taxonomy":"product_tag","embeddable":true,"href":"https:\/\/goodsensebaltic.ee\/en\/wp-json\/wp\/v2\/product_tag?post=23709"}],"curies":[{"name":"wp","href":"https:\/\/api.w.org\/{rel}","templated":true}]}}