{"id":24196,"date":"2025-04-20T11:33:33","date_gmt":"2025-04-20T11:33:33","guid":{"rendered":"https:\/\/goodsensebaltic.ee\/toode\/rippa-r22-pro-mini-excavator\/"},"modified":"2025-04-20T11:33:33","modified_gmt":"2025-04-20T11:33:33","slug":"rippa-r22-pro-mini-excavator","status":"publish","type":"product","link":"https:\/\/goodsensebaltic.ee\/en\/product\/rippa-r22-pro-mini-excavator\/","title":{"rendered":"Rippa R22 Pro mini excavator"},"content":{"rendered":"<p>The <strong data-start=\"99\" data-end=\"116\">Rippa R22 Pro<\/strong> is an impressively powerful mini excavator <strong data-start=\"147\" data-end=\"169\">with a working weight of 2265 kg<\/strong>, offering precision, power and reliability for medium-sized construction and excavation jobs. With a stable frame, extendable crawler tracks and powerful hydraulics, this model is ideal for demanding jobs. <\/p>\n<h3 data-start=\"929\" data-end=\"952\">Main benefits<\/h3>\n<p data-start=\"954\" data-end=\"1073\"><strong data-start=\"954\" data-end=\"990\">Stability in tight conditions<\/strong><br data-start=\"990\" data-end=\"993\"> A strong<span class=\"relative -mx-px my-[-0.2rem] rounded px-px py-[0.2rem] transition-colors duration-100 ease-in-out\">chassis, expandable tracks and 30% climbing capacity ensure safety even on uneven ground.<\/span><\/p>\n<p data-start=\"1075\" data-end=\"1193\"><strong data-start=\"1075\" data-end=\"1110\">Precise hydraulic movements<\/strong><br data-start=\"1110\" data-end=\"1113\"><span class=\"relative -mx-px my-[-0.2rem] rounded px-px py-[0.2rem] transition-colors duration-100 ease-in-out\">Precise hydraulic system ensures efficient operation and mobility in demanding situations.<\/span><\/p>\n<p data-start=\"1195\" data-end=\"1324\"><strong data-start=\"1195\" data-end=\"1220\">Wide range of accessories<\/strong><br data-start=\"1220\" data-end=\"1223\">Allows you to connect buckets, hammers, drill and planer heads, making the machine a universal tool.<\/p>\n<p data-start=\"1434\" data-end=\"1538\">The <strong data-start=\"1434\" data-end=\"1456\">efficient and economical<\/strong><br \/>\nKubota diesel engine ensures low fuel consumption while being environmentally friendly.<\/p>\n<h3 data-start=\"1545\" data-end=\"1569\">Suitable for what?<\/h3>\n<ul data-start=\"1571\" data-end=\"1714\">\n<li data-start=\"1571\" data-end=\"1599\">\n<p data-start=\"1573\" data-end=\"1599\">For construction and pipeline works<\/p>\n<\/li>\n<li data-start=\"1600\" data-end=\"1633\">\n<p data-start=\"1602\" data-end=\"1633\">Drainage and foundation works<\/p>\n<\/li>\n<li data-start=\"1634\" data-end=\"1678\">\n<p data-start=\"1636\" data-end=\"1678\">Landscaping and landscaping projects<\/p>\n<\/li>\n<li data-start=\"1679\" data-end=\"1714\">\n<p data-start=\"1681\" data-end=\"1714\">For municipal works in confined spaces<\/p>\n<\/li>\n<\/ul>\n","protected":false},"excerpt":{"rendered":"<p>The Rippa R22 Pro is an impressively powerful mini excavator with a working weight of 2265 kg, offering precision, power<\/p>\n","protected":false},"featured_media":23830,"template":"","meta":[],"product_brand":[],"product_cat":[1759],"product_tag":[],"class_list":{"0":"post-24196","1":"product","2":"type-product","3":"status-publish","4":"has-post-thumbnail","6":"product_cat-excavators","7":"pa_garantii-24-months-en","8":"pa_korgus-2361-mm-en","10":"first","11":"instock","12":"taxable","13":"shipping-taxable","14":"purchasable","15":"product-type-simple"},"yoast_head":"<!-- This site is optimized with the Yoast SEO plugin v27.0 - https:\/\/yoast.com\/product\/yoast-seo-wordpress\/ -->\n<title>Rippa R22 Pro mini excavator - Goodsense Baltic<\/title>\n<meta name=\"robots\" content=\"index, follow, max-snippet:-1, max-image-preview:large, max-video-preview:-1\" \/>\n<link rel=\"canonical\" href=\"https:\/\/goodsensebaltic.ee\/en\/product\/rippa-r22-pro-mini-excavator\/\" \/>\n<meta property=\"og:locale\" content=\"en_US\" \/>\n<meta property=\"og:type\" content=\"article\" \/>\n<meta property=\"og:title\" content=\"Rippa R22 Pro mini excavator - Goodsense Baltic\" \/>\n<meta property=\"og:description\" content=\"The Rippa R22 Pro is an impressively powerful mini excavator with a working weight of 2265 kg, offering precision, power\" \/>\n<meta property=\"og:url\" content=\"https:\/\/goodsensebaltic.ee\/en\/product\/rippa-r22-pro-mini-excavator\/\" \/>\n<meta property=\"og:site_name\" content=\"Goodsense Baltic\" \/>\n<meta property=\"article:publisher\" content=\"https:\/\/www.facebook.com\/GoodsenseBaltic\" \/>\n<meta property=\"og:image\" content=\"https:\/\/goodsensebaltic.ee\/wp-content\/uploads\/2025\/04\/Rippa-R22-Pro-miniekskavaator-2200-kg.png\" \/>\n\t<meta property=\"og:image:width\" content=\"845\" \/>\n\t<meta property=\"og:image:height\" content=\"845\" \/>\n\t<meta property=\"og:image:type\" content=\"image\/png\" \/>\n<meta name=\"twitter:card\" content=\"summary_large_image\" \/>\n<meta name=\"twitter:label1\" content=\"Est. reading time\" \/>\n\t<meta name=\"twitter:data1\" content=\"1 minute\" \/>\n<script type=\"application\/ld+json\" class=\"yoast-schema-graph\">{\"@context\":\"https:\/\/schema.org\",\"@graph\":[{\"@type\":\"WebPage\",\"@id\":\"https:\/\/goodsensebaltic.ee\/en\/product\/rippa-r22-pro-mini-excavator\/\",\"url\":\"https:\/\/goodsensebaltic.ee\/en\/product\/rippa-r22-pro-mini-excavator\/\",\"name\":\"Rippa R22 Pro mini excavator - Goodsense Baltic\",\"isPartOf\":{\"@id\":\"https:\/\/goodsensebaltic.ee\/#website\"},\"primaryImageOfPage\":{\"@id\":\"https:\/\/goodsensebaltic.ee\/en\/product\/rippa-r22-pro-mini-excavator\/#primaryimage\"},\"image\":{\"@id\":\"https:\/\/goodsensebaltic.ee\/en\/product\/rippa-r22-pro-mini-excavator\/#primaryimage\"},\"thumbnailUrl\":\"https:\/\/goodsensebaltic.ee\/wp-content\/uploads\/2025\/04\/Rippa-R22-Pro-miniekskavaator-2200-kg.png\",\"datePublished\":\"2025-04-20T11:33:33+00:00\",\"breadcrumb\":{\"@id\":\"https:\/\/goodsensebaltic.ee\/en\/product\/rippa-r22-pro-mini-excavator\/#breadcrumb\"},\"inLanguage\":\"en-US\",\"potentialAction\":[{\"@type\":\"ReadAction\",\"target\":[\"https:\/\/goodsensebaltic.ee\/en\/product\/rippa-r22-pro-mini-excavator\/\"]}]},{\"@type\":\"ImageObject\",\"inLanguage\":\"en-US\",\"@id\":\"https:\/\/goodsensebaltic.ee\/en\/product\/rippa-r22-pro-mini-excavator\/#primaryimage\",\"url\":\"https:\/\/goodsensebaltic.ee\/wp-content\/uploads\/2025\/04\/Rippa-R22-Pro-miniekskavaator-2200-kg.png\",\"contentUrl\":\"https:\/\/goodsensebaltic.ee\/wp-content\/uploads\/2025\/04\/Rippa-R22-Pro-miniekskavaator-2200-kg.png\",\"width\":845,\"height\":845,\"caption\":\"Rippa R22 Pro miniekskavaator 2200 kg\"},{\"@type\":\"BreadcrumbList\",\"@id\":\"https:\/\/goodsensebaltic.ee\/en\/product\/rippa-r22-pro-mini-excavator\/#breadcrumb\",\"itemListElement\":[{\"@type\":\"ListItem\",\"position\":1,\"name\":\"Home\",\"item\":\"https:\/\/goodsensebaltic.ee\/\"},{\"@type\":\"ListItem\",\"position\":2,\"name\":\"Shop\",\"item\":\"https:\/\/goodsensebaltic.ee\/en\/shop\/\"},{\"@type\":\"ListItem\",\"position\":3,\"name\":\"Rippa R22 Pro mini excavator\"}]},{\"@type\":\"WebSite\",\"@id\":\"https:\/\/goodsensebaltic.ee\/#website\",\"url\":\"https:\/\/goodsensebaltic.ee\/\",\"name\":\"Goodsense Baltic\",\"description\":\"Kahvelt\u00f5stukite ost ja m\u00fc\u00fck\",\"publisher\":{\"@id\":\"https:\/\/goodsensebaltic.ee\/#organization\"},\"potentialAction\":[{\"@type\":\"SearchAction\",\"target\":{\"@type\":\"EntryPoint\",\"urlTemplate\":\"https:\/\/goodsensebaltic.ee\/?s={search_term_string}\"},\"query-input\":{\"@type\":\"PropertyValueSpecification\",\"valueRequired\":true,\"valueName\":\"search_term_string\"}}],\"inLanguage\":\"en-US\"},{\"@type\":\"Organization\",\"@id\":\"https:\/\/goodsensebaltic.ee\/#organization\",\"name\":\"Goodsense Baltic\",\"url\":\"https:\/\/goodsensebaltic.ee\/\",\"logo\":{\"@type\":\"ImageObject\",\"inLanguage\":\"en-US\",\"@id\":\"https:\/\/goodsensebaltic.ee\/#\/schema\/logo\/image\/\",\"url\":\"https:\/\/goodsensebaltic.ee\/wp-content\/uploads\/2022\/02\/Goodsense_Baltic_logo-01-1.svg\",\"contentUrl\":\"https:\/\/goodsensebaltic.ee\/wp-content\/uploads\/2022\/02\/Goodsense_Baltic_logo-01-1.svg\",\"width\":988,\"height\":198,\"caption\":\"Goodsense Baltic\"},\"image\":{\"@id\":\"https:\/\/goodsensebaltic.ee\/#\/schema\/logo\/image\/\"},\"sameAs\":[\"https:\/\/www.facebook.com\/GoodsenseBaltic\",\"https:\/\/www.linkedin.com\/company\/goodsense-baltic-o\/\"]}]}<\/script>\n<!-- \/ Yoast SEO plugin. -->","yoast_head_json":{"title":"Rippa R22 Pro mini excavator - Goodsense Baltic","robots":{"index":"index","follow":"follow","max-snippet":"max-snippet:-1","max-image-preview":"max-image-preview:large","max-video-preview":"max-video-preview:-1"},"canonical":"https:\/\/goodsensebaltic.ee\/en\/product\/rippa-r22-pro-mini-excavator\/","og_locale":"en_US","og_type":"article","og_title":"Rippa R22 Pro mini excavator - Goodsense Baltic","og_description":"The Rippa R22 Pro is an impressively powerful mini excavator with a working weight of 2265 kg, offering precision, power","og_url":"https:\/\/goodsensebaltic.ee\/en\/product\/rippa-r22-pro-mini-excavator\/","og_site_name":"Goodsense Baltic","article_publisher":"https:\/\/www.facebook.com\/GoodsenseBaltic","og_image":[{"width":845,"height":845,"url":"https:\/\/goodsensebaltic.ee\/wp-content\/uploads\/2025\/04\/Rippa-R22-Pro-miniekskavaator-2200-kg.png","type":"image\/png"}],"twitter_card":"summary_large_image","twitter_misc":{"Est. reading time":"1 minute"},"schema":{"@context":"https:\/\/schema.org","@graph":[{"@type":"WebPage","@id":"https:\/\/goodsensebaltic.ee\/en\/product\/rippa-r22-pro-mini-excavator\/","url":"https:\/\/goodsensebaltic.ee\/en\/product\/rippa-r22-pro-mini-excavator\/","name":"Rippa R22 Pro mini excavator - Goodsense Baltic","isPartOf":{"@id":"https:\/\/goodsensebaltic.ee\/#website"},"primaryImageOfPage":{"@id":"https:\/\/goodsensebaltic.ee\/en\/product\/rippa-r22-pro-mini-excavator\/#primaryimage"},"image":{"@id":"https:\/\/goodsensebaltic.ee\/en\/product\/rippa-r22-pro-mini-excavator\/#primaryimage"},"thumbnailUrl":"https:\/\/goodsensebaltic.ee\/wp-content\/uploads\/2025\/04\/Rippa-R22-Pro-miniekskavaator-2200-kg.png","datePublished":"2025-04-20T11:33:33+00:00","breadcrumb":{"@id":"https:\/\/goodsensebaltic.ee\/en\/product\/rippa-r22-pro-mini-excavator\/#breadcrumb"},"inLanguage":"en-US","potentialAction":[{"@type":"ReadAction","target":["https:\/\/goodsensebaltic.ee\/en\/product\/rippa-r22-pro-mini-excavator\/"]}]},{"@type":"ImageObject","inLanguage":"en-US","@id":"https:\/\/goodsensebaltic.ee\/en\/product\/rippa-r22-pro-mini-excavator\/#primaryimage","url":"https:\/\/goodsensebaltic.ee\/wp-content\/uploads\/2025\/04\/Rippa-R22-Pro-miniekskavaator-2200-kg.png","contentUrl":"https:\/\/goodsensebaltic.ee\/wp-content\/uploads\/2025\/04\/Rippa-R22-Pro-miniekskavaator-2200-kg.png","width":845,"height":845,"caption":"Rippa R22 Pro miniekskavaator 2200 kg"},{"@type":"BreadcrumbList","@id":"https:\/\/goodsensebaltic.ee\/en\/product\/rippa-r22-pro-mini-excavator\/#breadcrumb","itemListElement":[{"@type":"ListItem","position":1,"name":"Home","item":"https:\/\/goodsensebaltic.ee\/"},{"@type":"ListItem","position":2,"name":"Shop","item":"https:\/\/goodsensebaltic.ee\/en\/shop\/"},{"@type":"ListItem","position":3,"name":"Rippa R22 Pro mini excavator"}]},{"@type":"WebSite","@id":"https:\/\/goodsensebaltic.ee\/#website","url":"https:\/\/goodsensebaltic.ee\/","name":"Goodsense Baltic","description":"Kahvelt\u00f5stukite ost ja m\u00fc\u00fck","publisher":{"@id":"https:\/\/goodsensebaltic.ee\/#organization"},"potentialAction":[{"@type":"SearchAction","target":{"@type":"EntryPoint","urlTemplate":"https:\/\/goodsensebaltic.ee\/?s={search_term_string}"},"query-input":{"@type":"PropertyValueSpecification","valueRequired":true,"valueName":"search_term_string"}}],"inLanguage":"en-US"},{"@type":"Organization","@id":"https:\/\/goodsensebaltic.ee\/#organization","name":"Goodsense Baltic","url":"https:\/\/goodsensebaltic.ee\/","logo":{"@type":"ImageObject","inLanguage":"en-US","@id":"https:\/\/goodsensebaltic.ee\/#\/schema\/logo\/image\/","url":"https:\/\/goodsensebaltic.ee\/wp-content\/uploads\/2022\/02\/Goodsense_Baltic_logo-01-1.svg","contentUrl":"https:\/\/goodsensebaltic.ee\/wp-content\/uploads\/2022\/02\/Goodsense_Baltic_logo-01-1.svg","width":988,"height":198,"caption":"Goodsense Baltic"},"image":{"@id":"https:\/\/goodsensebaltic.ee\/#\/schema\/logo\/image\/"},"sameAs":["https:\/\/www.facebook.com\/GoodsenseBaltic","https:\/\/www.linkedin.com\/company\/goodsense-baltic-o\/"]}]}},"_links":{"self":[{"href":"https:\/\/goodsensebaltic.ee\/en\/wp-json\/wp\/v2\/product\/24196","targetHints":{"allow":["GET"]}}],"collection":[{"href":"https:\/\/goodsensebaltic.ee\/en\/wp-json\/wp\/v2\/product"}],"about":[{"href":"https:\/\/goodsensebaltic.ee\/en\/wp-json\/wp\/v2\/types\/product"}],"version-history":[{"count":0,"href":"https:\/\/goodsensebaltic.ee\/en\/wp-json\/wp\/v2\/product\/24196\/revisions"}],"wp:featuredmedia":[{"embeddable":true,"href":"https:\/\/goodsensebaltic.ee\/en\/wp-json\/wp\/v2\/media\/23830"}],"wp:attachment":[{"href":"https:\/\/goodsensebaltic.ee\/en\/wp-json\/wp\/v2\/media?parent=24196"}],"wp:term":[{"taxonomy":"product_brand","embeddable":true,"href":"https:\/\/goodsensebaltic.ee\/en\/wp-json\/wp\/v2\/product_brand?post=24196"},{"taxonomy":"product_cat","embeddable":true,"href":"https:\/\/goodsensebaltic.ee\/en\/wp-json\/wp\/v2\/product_cat?post=24196"},{"taxonomy":"product_tag","embeddable":true,"href":"https:\/\/goodsensebaltic.ee\/en\/wp-json\/wp\/v2\/product_tag?post=24196"}],"curies":[{"name":"wp","href":"https:\/\/api.w.org\/{rel}","templated":true}]}}