{"id":24197,"date":"2025-04-20T10:57:15","date_gmt":"2025-04-20T10:57:15","guid":{"rendered":"https:\/\/goodsensebaltic.ee\/toode\/rippa-r10-eco-mini-excavator\/"},"modified":"2025-09-18T12:07:18","modified_gmt":"2025-09-18T12:07:18","slug":"rippa-r10-eco-mini-excavator","status":"publish","type":"product","link":"https:\/\/goodsensebaltic.ee\/en\/product\/rippa-r10-eco-mini-excavator\/","title":{"rendered":"Rippa R10 Eco mini excavator"},"content":{"rendered":"<p data-start=\"133\" data-end=\"219\"><strong>Optional accessories &#8211; <a href=\"https:\/\/goodsensebaltic.ee\/wp-content\/uploads\/2025\/04\/Rippa-R10-R13-ja-R15-ekskavaatorite-lisaseadmed.pdf\">Rippa R10 excavator accessories<\/a><\/strong><\/p>\n<h2 class=\"\" data-start=\"133\" data-end=\"219\">Compact excavator for the professional and demanding home user<\/h2>\n<p class=\"\" data-start=\"221\" data-end=\"499\">The <strong data-start=\"221\" data-end=\"238\">Rippa R10 Eco<\/strong> mini excavator combines compactness and reliability. This machine is designed for efficiency in confined working conditions, making it ideal for construction, landscaping and utility work. <\/p>\n<h3 class=\"\" data-start=\"501\" data-end=\"522\">Key benefits:<\/h3>\n<ul>\n<li>\n<p class=\"\" data-start=\"151\" data-end=\"260\"><strong data-start=\"151\" data-end=\"172\">Compact design:<\/strong> Small size and low weight allow working in confined spaces and on a variety of surfaces.<\/p>\n<\/li>\n<li>\n<p class=\"\" data-start=\"151\" data-end=\"260\"><strong data-start=\"262\" data-end=\"277\">Reliability:<\/strong> robust construction and high-quality components ensure the reliability of the machine even under intensive use.<\/p>\n<\/li>\n<li>\n<p class=\"\" data-start=\"151\" data-end=\"260\"><strong data-start=\"391\" data-end=\"411\">Easy maintenance:<\/strong> easy access to maintenance points reduces downtime and maintenance costs.<\/p>\n<\/li>\n<li>\n<p class=\"\" data-start=\"151\" data-end=\"260\"><strong data-start=\"486\" data-end=\"503\">Versatility:<\/strong> Compatibility with various accessories (e.g. bucket, drill, hammer) allows the machine to be used for a variety of purposes.<\/p>\n<\/li>\n<li>\n<p class=\"\" data-start=\"151\" data-end=\"260\"><strong data-start=\"609\" data-end=\"640\">User-friendly operation:<\/strong> an intuitive control system ensures precise and smooth operation even for the less experienced user.<\/p>\n<\/li>\n<\/ul>\n<h3 class=\"\" data-start=\"932\" data-end=\"955\">R10 Eco does it all!<\/h3>\n<ul>\n<li class=\"\" data-start=\"537\" data-end=\"611\">\n<p class=\"\" data-start=\"539\" data-end=\"611\"><strong data-start=\"539\" data-end=\"552\">Excavation<\/strong>: precise dredging, preparation of trenches and foundations.<\/p>\n<\/li>\n<li class=\"\" data-start=\"612\" data-end=\"717\">\n<p class=\"\" data-start=\"614\" data-end=\"717\"><strong data-start=\"614\" data-end=\"647\">Landscaping and gardening<\/strong>: soil levelling, root removal, preparation of planting work<\/p>\n<\/li>\n<li class=\"\" data-start=\"718\" data-end=\"816\">\n<p class=\"\" data-start=\"720\" data-end=\"816\"><strong data-start=\"720\" data-end=\"736\">Demolition<\/strong>: removal of smaller structures with appropriate attachments (e.g. hydraulic hammer).<\/p>\n<\/li>\n<li class=\"\" data-start=\"817\" data-end=\"898\">\n<p class=\"\" data-start=\"819\" data-end=\"898\"><strong data-start=\"819\" data-end=\"857\">Lifting and materials handling<\/strong>: moving small loads on site<\/p>\n<\/li>\n<li class=\"\" data-start=\"899\" data-end=\"1021\">\n<p class=\"\" data-start=\"901\" data-end=\"1021\"><strong data-start=\"901\" data-end=\"916\">Domestic use<\/strong>: ideal for the private homeowner who wants to do their own landscaping, build a pond or a terrace.<\/p>\n<\/li>\n<\/ul>\n<p><strong>PDF catalogue &#8211; <a href=\"https:\/\/goodsensebaltic.ee\/wp-content\/uploads\/2025\/04\/Rippa-R10-Eco-miniekskavaator.pdf\">Rippa R10 Eco mini excavator<\/a><\/strong><\/p>\n","protected":false},"excerpt":{"rendered":"<ol data-start=\"320\" data-end=\"563\">\n<li class=\"\" data-start=\"320\" data-end=\"340\">\n<p class=\"\" data-start=\"323\" data-end=\"340\">mini excavator<\/p>\n<\/li>\n<li class=\"\" data-start=\"341\" data-end=\"367\">\n<p class=\"\" data-start=\"344\" data-end=\"367\">compact excavator<\/p>\n<\/li>\n<li class=\"\" data-start=\"368\" data-end=\"390\">\n<p class=\"\" data-start=\"371\" data-end=\"390\">small excavator<\/p>\n<\/li>\n<li class=\"\" data-start=\"391\" data-end=\"416\">\n<p class=\"\" data-start=\"394\" data-end=\"416\">mini excavator for sale<\/p>\n<\/li>\n<li class=\"\" data-start=\"417\" data-end=\"438\">\n<p class=\"\" data-start=\"420\" data-end=\"438\">excavator for sale<\/p>\n<\/li>\n<li class=\"\" data-start=\"439\" data-end=\"463\">\n<p class=\"\" data-start=\"442\" data-end=\"463\">new mini excavator<\/p>\n<\/li>\n<li class=\"\" data-start=\"464\" data-end=\"490\">\n<p class=\"\" data-start=\"467\" data-end=\"490\">excavator in Tallinn<\/p>\n<\/li>\n<li class=\"\" data-start=\"491\" data-end=\"514\">\n<p class=\"\" data-start=\"494\" data-end=\"514\">excavator in Tartu<\/p>\n<\/li>\n<li class=\"\" data-start=\"515\" data-end=\"540\">\n<p class=\"\" data-start=\"518\" data-end=\"540\">excavator to Estonia<\/p>\n<\/li>\n<li class=\"\" data-start=\"541\" data-end=\"563\">\n<p class=\"\" data-start=\"545\" data-end=\"563\">excavator price<\/p>\n<\/li>\n<li class=\"\" data-start=\"613\" data-end=\"643\">\n<p class=\"\" data-start=\"617\" data-end=\"643\">excavator for excavation work<\/p>\n<\/li>\n<li class=\"\" data-start=\"644\" data-end=\"670\">\n<p class=\"\" data-start=\"648\" data-end=\"670\">Landscape excavator<\/p>\n<\/li>\n<li class=\"\" data-start=\"671\" data-end=\"699\">\n<p class=\"\" data-start=\"675\" data-end=\"699\">excavator for gardening<\/p>\n<\/li>\n<li class=\"\" data-start=\"700\" data-end=\"735\">\n<p class=\"\" data-start=\"704\" data-end=\"735\">excavator for pond digging<\/p>\n<\/li>\n<li class=\"\" data-start=\"736\" data-end=\"764\">\n<p class=\"\" data-start=\"740\" data-end=\"764\">excavator for drainage<\/p>\n<\/li>\n<li class=\"\" data-start=\"765\" data-end=\"795\">\n<p class=\"\" data-start=\"769\" data-end=\"795\">excavator foundation<\/p>\n<\/li>\n<li class=\"\" data-start=\"796\" data-end=\"827\">\n<p class=\"\" data-start=\"800\" data-end=\"827\">excavator for ground works<\/p>\n<\/li>\n<li class=\"\" data-start=\"828\" data-end=\"866\">\n<p class=\"\" data-start=\"832\" data-end=\"866\">excavator for digging trenches<\/p>\n<\/li>\n<li class=\"\" data-start=\"867\" data-end=\"896\">\n<p class=\"\" data-start=\"871\" data-end=\"896\">excavator for pipe work<\/p>\n<\/li>\n<li class=\"\" data-start=\"897\" data-end=\"929\">\n<p class=\"\" data-start=\"901\" data-end=\"929\">excavator for land reclamation<\/p>\n<\/li>\n<li class=\"\" data-start=\"964\" data-end=\"996\">\n<p class=\"\" data-start=\"968\" data-end=\"996\">excavator for home users<\/p>\n<\/li>\n<li class=\"\" data-start=\"997\" data-end=\"1024\">\n<p class=\"\" data-start=\"1001\" data-end=\"1024\">excavator for private house<\/p>\n<\/li>\n<li class=\"\" data-start=\"1025\" data-end=\"1054\">\n<p class=\"\" data-start=\"1029\" data-end=\"1054\">excavator for small farm<\/p>\n<\/li>\n<li class=\"\" data-start=\"1055\" data-end=\"1087\">\n<p class=\"\" data-start=\"1059\" data-end=\"1087\">excavator for small construction<\/p>\n<\/li>\n<li class=\"\" data-start=\"1088\" data-end=\"1122\">\n<p class=\"\" data-start=\"1092\" data-end=\"1122\">excavator for landscaping company<\/p>\n<\/li>\n<li class=\"\" data-start=\"1123\" data-end=\"1158\">\n<p class=\"\" data-start=\"1127\" data-end=\"1158\">excavator for landscaping<\/p>\n<\/li>\n<li class=\"\" data-start=\"1159\" data-end=\"1188\">\n<p class=\"\" data-start=\"1163\" data-end=\"1188\">excavator for hire<\/p>\n<\/li>\n<li class=\"\" data-start=\"1189\" data-end=\"1218\">\n<p class=\"\" data-start=\"1193\" data-end=\"1218\">excavator for the do-it-yourselfer<\/p>\n<\/li>\n<li class=\"\" data-start=\"1219\" data-end=\"1257\">\n<p class=\"\" data-start=\"1223\" data-end=\"1257\">excavator for property developers<\/p>\n<\/li>\n<li class=\"\" data-start=\"1258\" data-end=\"1291\">\n<p class=\"\" data-start=\"1262\" data-end=\"1291\">excavator for agriculture<\/p>\n<\/li>\n<li class=\"\" data-start=\"1327\" data-end=\"1353\">\n<p class=\"\" data-start=\"1331\" data-end=\"1353\">petrol excavator<\/p>\n<\/li>\n<li class=\"\" data-start=\"1354\" data-end=\"1391\">\n<p class=\"\" data-start=\"1358\" data-end=\"1391\">low fuel excavator<\/p>\n<\/li>\n<li class=\"\" data-start=\"1392\" data-end=\"1415\">\n<p class=\"\" data-start=\"1396\" data-end=\"1415\">crawler excavator<\/p>\n<\/li>\n<li class=\"\" data-start=\"1416\" data-end=\"1446\">\n<p class=\"\" data-start=\"1420\" data-end=\"1446\">hydraulic excavator<\/p>\n<\/li>\n<li class=\"\" data-start=\"1447\" data-end=\"1471\">\n<p class=\"\" data-start=\"1451\" data-end=\"1471\">silent excavator<\/p>\n<\/li>\n<li class=\"\" data-start=\"1472\" data-end=\"1503\">\n<p class=\"\" data-start=\"1476\" data-end=\"1503\">Reliable mini excavator<\/p>\n<\/li>\n<li class=\"\" data-start=\"1504\" data-end=\"1540\">\n<p class=\"\" data-start=\"1508\" data-end=\"1540\">easy-to-maintain excavator<\/p>\n<\/li>\n<li class=\"\" data-start=\"1541\" data-end=\"1568\">\n<p class=\"\" data-start=\"1545\" data-end=\"1568\">economical excavator<\/p>\n<\/li>\n<li class=\"\" data-start=\"1569\" data-end=\"1606\">\n<p class=\"\" data-start=\"1573\" data-end=\"1606\">excavator with small footprint<\/p>\n<\/li>\n<li class=\"\" data-start=\"1607\" data-end=\"1645\">\n<p class=\"\" data-start=\"1611\" data-end=\"1645\">\n<\/li>\n<li data-start=\"541\" data-end=\"563\">\n<\/li>\n<\/ol>\n","protected":false},"featured_media":23936,"template":"","meta":[],"product_brand":[],"product_cat":[1759,1041],"product_tag":[],"class_list":{"0":"post-24197","1":"product","2":"type-product","3":"status-publish","4":"has-post-thumbnail","6":"product_cat-excavators","7":"product_cat-esilehe-carousel-en","8":"pa_garantii-24-months-en","9":"pa_korgus-2201-mm-en","11":"first","12":"instock","13":"taxable","14":"shipping-taxable","15":"purchasable","16":"product-type-simple"},"yoast_head":"<!-- This site is optimized with the Yoast SEO plugin v27.0 - https:\/\/yoast.com\/product\/yoast-seo-wordpress\/ -->\n<title>Rippa R10 Eco mini excavator - Goodsense Baltic<\/title>\n<meta name=\"description\" content=\"Rippa mini excavator - compact and reliable small excavator for home use, landscaping and digging. The ideal choice for tight spaces.\" \/>\n<meta name=\"robots\" content=\"index, follow, max-snippet:-1, max-image-preview:large, max-video-preview:-1\" \/>\n<link rel=\"canonical\" href=\"https:\/\/goodsensebaltic.ee\/en\/product\/rippa-r10-eco-mini-excavator\/\" \/>\n<meta property=\"og:locale\" content=\"en_US\" \/>\n<meta property=\"og:type\" content=\"article\" \/>\n<meta property=\"og:title\" content=\"Rippa R10 Eco mini excavator - Goodsense Baltic\" \/>\n<meta property=\"og:description\" content=\"Rippa mini excavator - compact and reliable small excavator for home use, landscaping and digging. The ideal choice for tight spaces.\" \/>\n<meta property=\"og:url\" content=\"https:\/\/goodsensebaltic.ee\/en\/product\/rippa-r10-eco-mini-excavator\/\" \/>\n<meta property=\"og:site_name\" content=\"Goodsense Baltic\" \/>\n<meta property=\"article:publisher\" content=\"https:\/\/www.facebook.com\/GoodsenseBaltic\" \/>\n<meta property=\"article:modified_time\" content=\"2025-09-18T12:07:18+00:00\" \/>\n<meta property=\"og:image\" content=\"https:\/\/goodsensebaltic.ee\/wp-content\/uploads\/2025\/04\/Rippa-R10-uus-miniekskavaator-muua-1-scaled.jpg\" \/>\n\t<meta property=\"og:image:width\" content=\"2560\" \/>\n\t<meta property=\"og:image:height\" content=\"2560\" \/>\n\t<meta property=\"og:image:type\" content=\"image\/jpeg\" \/>\n<meta name=\"twitter:card\" content=\"summary_large_image\" \/>\n<meta name=\"twitter:label1\" content=\"Est. reading time\" \/>\n\t<meta name=\"twitter:data1\" content=\"1 minute\" \/>\n<script type=\"application\/ld+json\" class=\"yoast-schema-graph\">{\"@context\":\"https:\/\/schema.org\",\"@graph\":[{\"@type\":\"WebPage\",\"@id\":\"https:\/\/goodsensebaltic.ee\/en\/product\/rippa-r10-eco-mini-excavator\/\",\"url\":\"https:\/\/goodsensebaltic.ee\/en\/product\/rippa-r10-eco-mini-excavator\/\",\"name\":\"Rippa R10 Eco mini excavator - Goodsense Baltic\",\"isPartOf\":{\"@id\":\"https:\/\/goodsensebaltic.ee\/#website\"},\"primaryImageOfPage\":{\"@id\":\"https:\/\/goodsensebaltic.ee\/en\/product\/rippa-r10-eco-mini-excavator\/#primaryimage\"},\"image\":{\"@id\":\"https:\/\/goodsensebaltic.ee\/en\/product\/rippa-r10-eco-mini-excavator\/#primaryimage\"},\"thumbnailUrl\":\"https:\/\/goodsensebaltic.ee\/wp-content\/uploads\/2025\/04\/Rippa-R10-uus-miniekskavaator-muua-1-scaled.jpg\",\"datePublished\":\"2025-04-20T10:57:15+00:00\",\"dateModified\":\"2025-09-18T12:07:18+00:00\",\"description\":\"Rippa mini excavator - compact and reliable small excavator for home use, landscaping and digging. The ideal choice for tight spaces.\",\"breadcrumb\":{\"@id\":\"https:\/\/goodsensebaltic.ee\/en\/product\/rippa-r10-eco-mini-excavator\/#breadcrumb\"},\"inLanguage\":\"en-US\",\"potentialAction\":[{\"@type\":\"ReadAction\",\"target\":[\"https:\/\/goodsensebaltic.ee\/en\/product\/rippa-r10-eco-mini-excavator\/\"]}]},{\"@type\":\"ImageObject\",\"inLanguage\":\"en-US\",\"@id\":\"https:\/\/goodsensebaltic.ee\/en\/product\/rippa-r10-eco-mini-excavator\/#primaryimage\",\"url\":\"https:\/\/goodsensebaltic.ee\/wp-content\/uploads\/2025\/04\/Rippa-R10-uus-miniekskavaator-muua-1-scaled.jpg\",\"contentUrl\":\"https:\/\/goodsensebaltic.ee\/wp-content\/uploads\/2025\/04\/Rippa-R10-uus-miniekskavaator-muua-1-scaled.jpg\",\"width\":2560,\"height\":2560,\"caption\":\"Rippa R10 uus miniekskavaator m\u00fc\u00fca\"},{\"@type\":\"BreadcrumbList\",\"@id\":\"https:\/\/goodsensebaltic.ee\/en\/product\/rippa-r10-eco-mini-excavator\/#breadcrumb\",\"itemListElement\":[{\"@type\":\"ListItem\",\"position\":1,\"name\":\"Home\",\"item\":\"https:\/\/goodsensebaltic.ee\/\"},{\"@type\":\"ListItem\",\"position\":2,\"name\":\"Shop\",\"item\":\"https:\/\/goodsensebaltic.ee\/en\/shop\/\"},{\"@type\":\"ListItem\",\"position\":3,\"name\":\"Rippa R10 Eco mini excavator\"}]},{\"@type\":\"WebSite\",\"@id\":\"https:\/\/goodsensebaltic.ee\/#website\",\"url\":\"https:\/\/goodsensebaltic.ee\/\",\"name\":\"Goodsense Baltic\",\"description\":\"Kahvelt\u00f5stukite ost ja m\u00fc\u00fck\",\"publisher\":{\"@id\":\"https:\/\/goodsensebaltic.ee\/#organization\"},\"potentialAction\":[{\"@type\":\"SearchAction\",\"target\":{\"@type\":\"EntryPoint\",\"urlTemplate\":\"https:\/\/goodsensebaltic.ee\/?s={search_term_string}\"},\"query-input\":{\"@type\":\"PropertyValueSpecification\",\"valueRequired\":true,\"valueName\":\"search_term_string\"}}],\"inLanguage\":\"en-US\"},{\"@type\":\"Organization\",\"@id\":\"https:\/\/goodsensebaltic.ee\/#organization\",\"name\":\"Goodsense Baltic\",\"url\":\"https:\/\/goodsensebaltic.ee\/\",\"logo\":{\"@type\":\"ImageObject\",\"inLanguage\":\"en-US\",\"@id\":\"https:\/\/goodsensebaltic.ee\/#\/schema\/logo\/image\/\",\"url\":\"https:\/\/goodsensebaltic.ee\/wp-content\/uploads\/2022\/02\/Goodsense_Baltic_logo-01-1.svg\",\"contentUrl\":\"https:\/\/goodsensebaltic.ee\/wp-content\/uploads\/2022\/02\/Goodsense_Baltic_logo-01-1.svg\",\"width\":988,\"height\":198,\"caption\":\"Goodsense Baltic\"},\"image\":{\"@id\":\"https:\/\/goodsensebaltic.ee\/#\/schema\/logo\/image\/\"},\"sameAs\":[\"https:\/\/www.facebook.com\/GoodsenseBaltic\",\"https:\/\/www.linkedin.com\/company\/goodsense-baltic-o\/\"]}]}<\/script>\n<!-- \/ Yoast SEO plugin. -->","yoast_head_json":{"title":"Rippa R10 Eco mini excavator - Goodsense Baltic","description":"Rippa mini excavator - compact and reliable small excavator for home use, landscaping and digging. The ideal choice for tight spaces.","robots":{"index":"index","follow":"follow","max-snippet":"max-snippet:-1","max-image-preview":"max-image-preview:large","max-video-preview":"max-video-preview:-1"},"canonical":"https:\/\/goodsensebaltic.ee\/en\/product\/rippa-r10-eco-mini-excavator\/","og_locale":"en_US","og_type":"article","og_title":"Rippa R10 Eco mini excavator - Goodsense Baltic","og_description":"Rippa mini excavator - compact and reliable small excavator for home use, landscaping and digging. The ideal choice for tight spaces.","og_url":"https:\/\/goodsensebaltic.ee\/en\/product\/rippa-r10-eco-mini-excavator\/","og_site_name":"Goodsense Baltic","article_publisher":"https:\/\/www.facebook.com\/GoodsenseBaltic","article_modified_time":"2025-09-18T12:07:18+00:00","og_image":[{"width":2560,"height":2560,"url":"https:\/\/goodsensebaltic.ee\/wp-content\/uploads\/2025\/04\/Rippa-R10-uus-miniekskavaator-muua-1-scaled.jpg","type":"image\/jpeg"}],"twitter_card":"summary_large_image","twitter_misc":{"Est. reading time":"1 minute"},"schema":{"@context":"https:\/\/schema.org","@graph":[{"@type":"WebPage","@id":"https:\/\/goodsensebaltic.ee\/en\/product\/rippa-r10-eco-mini-excavator\/","url":"https:\/\/goodsensebaltic.ee\/en\/product\/rippa-r10-eco-mini-excavator\/","name":"Rippa R10 Eco mini excavator - Goodsense Baltic","isPartOf":{"@id":"https:\/\/goodsensebaltic.ee\/#website"},"primaryImageOfPage":{"@id":"https:\/\/goodsensebaltic.ee\/en\/product\/rippa-r10-eco-mini-excavator\/#primaryimage"},"image":{"@id":"https:\/\/goodsensebaltic.ee\/en\/product\/rippa-r10-eco-mini-excavator\/#primaryimage"},"thumbnailUrl":"https:\/\/goodsensebaltic.ee\/wp-content\/uploads\/2025\/04\/Rippa-R10-uus-miniekskavaator-muua-1-scaled.jpg","datePublished":"2025-04-20T10:57:15+00:00","dateModified":"2025-09-18T12:07:18+00:00","description":"Rippa mini excavator - compact and reliable small excavator for home use, landscaping and digging. The ideal choice for tight spaces.","breadcrumb":{"@id":"https:\/\/goodsensebaltic.ee\/en\/product\/rippa-r10-eco-mini-excavator\/#breadcrumb"},"inLanguage":"en-US","potentialAction":[{"@type":"ReadAction","target":["https:\/\/goodsensebaltic.ee\/en\/product\/rippa-r10-eco-mini-excavator\/"]}]},{"@type":"ImageObject","inLanguage":"en-US","@id":"https:\/\/goodsensebaltic.ee\/en\/product\/rippa-r10-eco-mini-excavator\/#primaryimage","url":"https:\/\/goodsensebaltic.ee\/wp-content\/uploads\/2025\/04\/Rippa-R10-uus-miniekskavaator-muua-1-scaled.jpg","contentUrl":"https:\/\/goodsensebaltic.ee\/wp-content\/uploads\/2025\/04\/Rippa-R10-uus-miniekskavaator-muua-1-scaled.jpg","width":2560,"height":2560,"caption":"Rippa R10 uus miniekskavaator m\u00fc\u00fca"},{"@type":"BreadcrumbList","@id":"https:\/\/goodsensebaltic.ee\/en\/product\/rippa-r10-eco-mini-excavator\/#breadcrumb","itemListElement":[{"@type":"ListItem","position":1,"name":"Home","item":"https:\/\/goodsensebaltic.ee\/"},{"@type":"ListItem","position":2,"name":"Shop","item":"https:\/\/goodsensebaltic.ee\/en\/shop\/"},{"@type":"ListItem","position":3,"name":"Rippa R10 Eco mini excavator"}]},{"@type":"WebSite","@id":"https:\/\/goodsensebaltic.ee\/#website","url":"https:\/\/goodsensebaltic.ee\/","name":"Goodsense Baltic","description":"Kahvelt\u00f5stukite ost ja m\u00fc\u00fck","publisher":{"@id":"https:\/\/goodsensebaltic.ee\/#organization"},"potentialAction":[{"@type":"SearchAction","target":{"@type":"EntryPoint","urlTemplate":"https:\/\/goodsensebaltic.ee\/?s={search_term_string}"},"query-input":{"@type":"PropertyValueSpecification","valueRequired":true,"valueName":"search_term_string"}}],"inLanguage":"en-US"},{"@type":"Organization","@id":"https:\/\/goodsensebaltic.ee\/#organization","name":"Goodsense Baltic","url":"https:\/\/goodsensebaltic.ee\/","logo":{"@type":"ImageObject","inLanguage":"en-US","@id":"https:\/\/goodsensebaltic.ee\/#\/schema\/logo\/image\/","url":"https:\/\/goodsensebaltic.ee\/wp-content\/uploads\/2022\/02\/Goodsense_Baltic_logo-01-1.svg","contentUrl":"https:\/\/goodsensebaltic.ee\/wp-content\/uploads\/2022\/02\/Goodsense_Baltic_logo-01-1.svg","width":988,"height":198,"caption":"Goodsense Baltic"},"image":{"@id":"https:\/\/goodsensebaltic.ee\/#\/schema\/logo\/image\/"},"sameAs":["https:\/\/www.facebook.com\/GoodsenseBaltic","https:\/\/www.linkedin.com\/company\/goodsense-baltic-o\/"]}]}},"_links":{"self":[{"href":"https:\/\/goodsensebaltic.ee\/en\/wp-json\/wp\/v2\/product\/24197","targetHints":{"allow":["GET"]}}],"collection":[{"href":"https:\/\/goodsensebaltic.ee\/en\/wp-json\/wp\/v2\/product"}],"about":[{"href":"https:\/\/goodsensebaltic.ee\/en\/wp-json\/wp\/v2\/types\/product"}],"version-history":[{"count":1,"href":"https:\/\/goodsensebaltic.ee\/en\/wp-json\/wp\/v2\/product\/24197\/revisions"}],"predecessor-version":[{"id":24198,"href":"https:\/\/goodsensebaltic.ee\/en\/wp-json\/wp\/v2\/product\/24197\/revisions\/24198"}],"wp:featuredmedia":[{"embeddable":true,"href":"https:\/\/goodsensebaltic.ee\/en\/wp-json\/wp\/v2\/media\/23936"}],"wp:attachment":[{"href":"https:\/\/goodsensebaltic.ee\/en\/wp-json\/wp\/v2\/media?parent=24197"}],"wp:term":[{"taxonomy":"product_brand","embeddable":true,"href":"https:\/\/goodsensebaltic.ee\/en\/wp-json\/wp\/v2\/product_brand?post=24197"},{"taxonomy":"product_cat","embeddable":true,"href":"https:\/\/goodsensebaltic.ee\/en\/wp-json\/wp\/v2\/product_cat?post=24197"},{"taxonomy":"product_tag","embeddable":true,"href":"https:\/\/goodsensebaltic.ee\/en\/wp-json\/wp\/v2\/product_tag?post=24197"}],"curies":[{"name":"wp","href":"https:\/\/api.w.org\/{rel}","templated":true}]}}