{"id":24685,"date":"2026-04-04T08:46:53","date_gmt":"2026-04-04T08:46:53","guid":{"rendered":"https:\/\/goodsensebaltic.ee\/toode\/jungheinrich-efg-320-electric-forklift\/"},"modified":"2026-04-28T18:01:46","modified_gmt":"2026-04-28T18:01:46","slug":"jungheinrich-efg-320-electric-forklift","status":"publish","type":"product","link":"https:\/\/goodsensebaltic.ee\/en\/product\/jungheinrich-efg-320-electric-forklift\/","title":{"rendered":"Jungheinrich EFG 320 Electric Forklift"},"content":{"rendered":"<p>Reliable <strong>Jungheinrich electric forklift<\/strong> for sale! The forklift is brand new, only <strong>15 hours of operation<\/strong>!<\/p>\n<p>The electric lift has a <strong>swivel head rotator<\/strong> that allows the forks to rotate <strong>180 degrees to the left<\/strong>. This is particularly useful for tilting large containers, barrels or heavy crates on their sides &#8211; a job that would otherwise require extra manpower or separate equipment. The rotator greatly increases the versatility and working speed of the truck in the warehouse.<\/p>\n<p>&nbsp;<\/p>\n","protected":false},"excerpt":{"rendered":"<p>electric forklift, electric forklift sale, new electric forklift, electric forklift in Tallinn, electric forklift in Estonia, Jungheinrich electric forklift, Jungheinrich EFG320, Jungheinrich forklift sale, Jungheinrich forklift, forklift sale, forklift in Tallinn, forklift in Estonia, new forklift sale, used forklift, warehouse forklift sale, warehouse equipment for sale, warehouse equipment Estonia, electric warehouse truck, 3000 kg forklift, 3 ton forklift, 3 ton forklift, duplex mast forklift, rotator forklift, rotator forklift sale, acid battery forklift, 750Ah battery forklift, forklift 3000mm, forklift duplex mast, forklift sale, electric forklift, forklift Estonia, forklift Tallinn, new forklift for sale, warehouse forklift, electric forklift Estonia, Jungheinrich forklift, Jungheinrich EFG320 for sale, electric forklift for sale, new forklift Estonia, forklift Tallinn, 3000kg forklift, rotator forklift, acid battery forklift, warehouse equipment for sale, warehouse equipment for sale, warehouse equipment for sale, warehouse equipment for sale, forklift for sale, forklift Tallinn, forklift Estonia, electric forklift 2025, new electric forklift 2025, forklift 15 working hours, nearly new forklift, little used forklift, little used electric forklift, cheap electric forklift, cheap electric forklift, forklift for sale, forklift for sale, forklift for sale, forklift for sale, forklift for sale, lift truck on instalment plan, warehouse lift truck 2025, warehouse lift truck 3 ton, warehouse lift truck duplex, warehouse lift truck rotator, warehouse lift truck acid battery, warehouse lift truck sale, warehouse equipment sale, lift truck warehouse, lift truck production, lift truck manufacturing company, lift truck retail, lift truck logistics center, lift truck e-commerce, lift truck containers, forklift trucks, forklift trucks, forklift trucks, forklift trucks, forklift trucks, forklift trucks, forklift trucks, forklift trucks, forklift trucks, forklift trucks, forklift trucks, forklift trucks, forklift trucks, forklift trucks, forklift trucks, forklift trucks, high quality forklift, reliable forklift, energy saving forklift, quiet forklift, AC motor forklift, electric forklift AC motor, indoor forklift, indoor warehouse forklift, forklift 2025, nearly new forklift, low hours forklift, 15 hours forklift, forklift rotator attachment, forklift acid battery, forklift duplex mast, forklift 3 ton, forklift 3000mm lift height, Jungheinrich EFG, EFG320 for sale, EFG320 for sale, EFG 320 Tallinn, EFG 320 Estonia, buy forklift Estonia, buy electric forklift, warehouse equipment Estonia, warehouse equipment Tallinn, warehouse equipment Estonia, lifting equipment Tallinn, lifting equipment sale 2025<\/p>\n","protected":false},"featured_media":24645,"template":"","meta":[],"product_brand":[],"product_cat":[147,1041,145],"product_tag":[],"class_list":{"0":"post-24685","1":"product","2":"type-product","3":"status-publish","4":"has-post-thumbnail","6":"product_cat-electric-forklifts","7":"product_cat-esilehe-carousel-en","8":"product_cat-used-forklifts","9":"pa_tostejoud-1t-2t-en","11":"first","12":"instock","13":"sale","14":"taxable","15":"shipping-taxable","16":"purchasable","17":"product-type-simple"},"yoast_head":"<!-- This site is optimized with the Yoast SEO plugin v27.4 - https:\/\/yoast.com\/product\/yoast-seo-wordpress\/ -->\n<title>Jungheinrich EFG 320 Electric Forklift - Goodsense Baltic<\/title>\n<meta name=\"description\" content=\"Jungheinrich EFG320 electric forklift (2025), 15 working hours - brand new. 2000 kg lifting capacity, rotary head rotator, 750Ah battery. See offer!\" \/>\n<meta name=\"robots\" content=\"index, follow, max-snippet:-1, max-image-preview:large, max-video-preview:-1\" \/>\n<link rel=\"canonical\" href=\"https:\/\/goodsensebaltic.ee\/en\/product\/jungheinrich-efg-320-electric-forklift\/\" \/>\n<meta property=\"og:locale\" content=\"en_US\" \/>\n<meta property=\"og:type\" content=\"article\" \/>\n<meta property=\"og:title\" content=\"Jungheinrich EFG 320 Electric Forklift - Goodsense Baltic\" \/>\n<meta property=\"og:description\" content=\"Jungheinrich EFG320 electric forklift (2025), 15 working hours - brand new. 2000 kg lifting capacity, rotary head rotator, 750Ah battery. See offer!\" \/>\n<meta property=\"og:url\" content=\"https:\/\/goodsensebaltic.ee\/en\/product\/jungheinrich-efg-320-electric-forklift\/\" \/>\n<meta property=\"og:site_name\" content=\"Goodsense Baltic\" \/>\n<meta property=\"article:publisher\" content=\"https:\/\/www.facebook.com\/GoodsenseBaltic\" \/>\n<meta property=\"article:modified_time\" content=\"2026-04-28T18:01:46+00:00\" \/>\n<meta property=\"og:image\" content=\"https:\/\/goodsensebaltic.ee\/wp-content\/uploads\/2026\/04\/2025-11-19T09_58_03.989043257_2025-11-19T09_58_03.988995797Z_IMG_8311.jpg\" \/>\n\t<meta property=\"og:image:width\" content=\"2048\" \/>\n\t<meta property=\"og:image:height\" content=\"2048\" \/>\n\t<meta property=\"og:image:type\" content=\"image\/jpeg\" \/>\n<meta name=\"twitter:card\" content=\"summary_large_image\" \/>\n<meta name=\"twitter:label1\" content=\"Est. reading time\" \/>\n\t<meta name=\"twitter:data1\" content=\"1 minute\" \/>\n<script type=\"application\/ld+json\" class=\"yoast-schema-graph\">{\"@context\":\"https:\\\/\\\/schema.org\",\"@graph\":[{\"@type\":\"WebPage\",\"@id\":\"https:\\\/\\\/goodsensebaltic.ee\\\/en\\\/product\\\/jungheinrich-efg-320-electric-forklift\\\/\",\"url\":\"https:\\\/\\\/goodsensebaltic.ee\\\/en\\\/product\\\/jungheinrich-efg-320-electric-forklift\\\/\",\"name\":\"Jungheinrich EFG 320 Electric Forklift - Goodsense Baltic\",\"isPartOf\":{\"@id\":\"https:\\\/\\\/goodsensebaltic.ee\\\/#website\"},\"primaryImageOfPage\":{\"@id\":\"https:\\\/\\\/goodsensebaltic.ee\\\/en\\\/product\\\/jungheinrich-efg-320-electric-forklift\\\/#primaryimage\"},\"image\":{\"@id\":\"https:\\\/\\\/goodsensebaltic.ee\\\/en\\\/product\\\/jungheinrich-efg-320-electric-forklift\\\/#primaryimage\"},\"thumbnailUrl\":\"https:\\\/\\\/goodsensebaltic.ee\\\/wp-content\\\/uploads\\\/2026\\\/04\\\/2025-11-19T09_58_03.989043257_2025-11-19T09_58_03.988995797Z_IMG_8311.jpg\",\"datePublished\":\"2026-04-04T08:46:53+00:00\",\"dateModified\":\"2026-04-28T18:01:46+00:00\",\"description\":\"Jungheinrich EFG320 electric forklift (2025), 15 working hours - brand new. 2000 kg lifting capacity, rotary head rotator, 750Ah battery. See offer!\",\"breadcrumb\":{\"@id\":\"https:\\\/\\\/goodsensebaltic.ee\\\/en\\\/product\\\/jungheinrich-efg-320-electric-forklift\\\/#breadcrumb\"},\"inLanguage\":\"en-US\",\"potentialAction\":[{\"@type\":\"ReadAction\",\"target\":[\"https:\\\/\\\/goodsensebaltic.ee\\\/en\\\/product\\\/jungheinrich-efg-320-electric-forklift\\\/\"]}]},{\"@type\":\"ImageObject\",\"inLanguage\":\"en-US\",\"@id\":\"https:\\\/\\\/goodsensebaltic.ee\\\/en\\\/product\\\/jungheinrich-efg-320-electric-forklift\\\/#primaryimage\",\"url\":\"https:\\\/\\\/goodsensebaltic.ee\\\/wp-content\\\/uploads\\\/2026\\\/04\\\/2025-11-19T09_58_03.989043257_2025-11-19T09_58_03.988995797Z_IMG_8311.jpg\",\"contentUrl\":\"https:\\\/\\\/goodsensebaltic.ee\\\/wp-content\\\/uploads\\\/2026\\\/04\\\/2025-11-19T09_58_03.989043257_2025-11-19T09_58_03.988995797Z_IMG_8311.jpg\",\"width\":2048,\"height\":2048},{\"@type\":\"BreadcrumbList\",\"@id\":\"https:\\\/\\\/goodsensebaltic.ee\\\/en\\\/product\\\/jungheinrich-efg-320-electric-forklift\\\/#breadcrumb\",\"itemListElement\":[{\"@type\":\"ListItem\",\"position\":1,\"name\":\"Home\",\"item\":\"https:\\\/\\\/goodsensebaltic.ee\\\/\"},{\"@type\":\"ListItem\",\"position\":2,\"name\":\"Shop\",\"item\":\"https:\\\/\\\/goodsensebaltic.ee\\\/en\\\/shop\\\/\"},{\"@type\":\"ListItem\",\"position\":3,\"name\":\"Jungheinrich EFG 320 Electric Forklift\"}]},{\"@type\":\"WebSite\",\"@id\":\"https:\\\/\\\/goodsensebaltic.ee\\\/#website\",\"url\":\"https:\\\/\\\/goodsensebaltic.ee\\\/\",\"name\":\"Goodsense Baltic\",\"description\":\"Kahvelt\u00f5stukite ost ja m\u00fc\u00fck\",\"publisher\":{\"@id\":\"https:\\\/\\\/goodsensebaltic.ee\\\/#organization\"},\"potentialAction\":[{\"@type\":\"SearchAction\",\"target\":{\"@type\":\"EntryPoint\",\"urlTemplate\":\"https:\\\/\\\/goodsensebaltic.ee\\\/?s={search_term_string}\"},\"query-input\":{\"@type\":\"PropertyValueSpecification\",\"valueRequired\":true,\"valueName\":\"search_term_string\"}}],\"inLanguage\":\"en-US\"},{\"@type\":\"Organization\",\"@id\":\"https:\\\/\\\/goodsensebaltic.ee\\\/#organization\",\"name\":\"Goodsense Baltic\",\"url\":\"https:\\\/\\\/goodsensebaltic.ee\\\/\",\"logo\":{\"@type\":\"ImageObject\",\"inLanguage\":\"en-US\",\"@id\":\"https:\\\/\\\/goodsensebaltic.ee\\\/#\\\/schema\\\/logo\\\/image\\\/\",\"url\":\"https:\\\/\\\/goodsensebaltic.ee\\\/wp-content\\\/uploads\\\/2022\\\/02\\\/Goodsense_Baltic_logo-01-1.svg\",\"contentUrl\":\"https:\\\/\\\/goodsensebaltic.ee\\\/wp-content\\\/uploads\\\/2022\\\/02\\\/Goodsense_Baltic_logo-01-1.svg\",\"width\":988,\"height\":198,\"caption\":\"Goodsense Baltic\"},\"image\":{\"@id\":\"https:\\\/\\\/goodsensebaltic.ee\\\/#\\\/schema\\\/logo\\\/image\\\/\"},\"sameAs\":[\"https:\\\/\\\/www.facebook.com\\\/GoodsenseBaltic\",\"https:\\\/\\\/www.linkedin.com\\\/company\\\/goodsense-baltic-o\\\/\"]}]}<\/script>\n<!-- \/ Yoast SEO plugin. -->","yoast_head_json":{"title":"Jungheinrich EFG 320 Electric Forklift - Goodsense Baltic","description":"Jungheinrich EFG320 electric forklift (2025), 15 working hours - brand new. 2000 kg lifting capacity, rotary head rotator, 750Ah battery. See offer!","robots":{"index":"index","follow":"follow","max-snippet":"max-snippet:-1","max-image-preview":"max-image-preview:large","max-video-preview":"max-video-preview:-1"},"canonical":"https:\/\/goodsensebaltic.ee\/en\/product\/jungheinrich-efg-320-electric-forklift\/","og_locale":"en_US","og_type":"article","og_title":"Jungheinrich EFG 320 Electric Forklift - Goodsense Baltic","og_description":"Jungheinrich EFG320 electric forklift (2025), 15 working hours - brand new. 2000 kg lifting capacity, rotary head rotator, 750Ah battery. See offer!","og_url":"https:\/\/goodsensebaltic.ee\/en\/product\/jungheinrich-efg-320-electric-forklift\/","og_site_name":"Goodsense Baltic","article_publisher":"https:\/\/www.facebook.com\/GoodsenseBaltic","article_modified_time":"2026-04-28T18:01:46+00:00","og_image":[{"width":2048,"height":2048,"url":"https:\/\/goodsensebaltic.ee\/wp-content\/uploads\/2026\/04\/2025-11-19T09_58_03.989043257_2025-11-19T09_58_03.988995797Z_IMG_8311.jpg","type":"image\/jpeg"}],"twitter_card":"summary_large_image","twitter_misc":{"Est. reading time":"1 minute"},"schema":{"@context":"https:\/\/schema.org","@graph":[{"@type":"WebPage","@id":"https:\/\/goodsensebaltic.ee\/en\/product\/jungheinrich-efg-320-electric-forklift\/","url":"https:\/\/goodsensebaltic.ee\/en\/product\/jungheinrich-efg-320-electric-forklift\/","name":"Jungheinrich EFG 320 Electric Forklift - Goodsense Baltic","isPartOf":{"@id":"https:\/\/goodsensebaltic.ee\/#website"},"primaryImageOfPage":{"@id":"https:\/\/goodsensebaltic.ee\/en\/product\/jungheinrich-efg-320-electric-forklift\/#primaryimage"},"image":{"@id":"https:\/\/goodsensebaltic.ee\/en\/product\/jungheinrich-efg-320-electric-forklift\/#primaryimage"},"thumbnailUrl":"https:\/\/goodsensebaltic.ee\/wp-content\/uploads\/2026\/04\/2025-11-19T09_58_03.989043257_2025-11-19T09_58_03.988995797Z_IMG_8311.jpg","datePublished":"2026-04-04T08:46:53+00:00","dateModified":"2026-04-28T18:01:46+00:00","description":"Jungheinrich EFG320 electric forklift (2025), 15 working hours - brand new. 2000 kg lifting capacity, rotary head rotator, 750Ah battery. See offer!","breadcrumb":{"@id":"https:\/\/goodsensebaltic.ee\/en\/product\/jungheinrich-efg-320-electric-forklift\/#breadcrumb"},"inLanguage":"en-US","potentialAction":[{"@type":"ReadAction","target":["https:\/\/goodsensebaltic.ee\/en\/product\/jungheinrich-efg-320-electric-forklift\/"]}]},{"@type":"ImageObject","inLanguage":"en-US","@id":"https:\/\/goodsensebaltic.ee\/en\/product\/jungheinrich-efg-320-electric-forklift\/#primaryimage","url":"https:\/\/goodsensebaltic.ee\/wp-content\/uploads\/2026\/04\/2025-11-19T09_58_03.989043257_2025-11-19T09_58_03.988995797Z_IMG_8311.jpg","contentUrl":"https:\/\/goodsensebaltic.ee\/wp-content\/uploads\/2026\/04\/2025-11-19T09_58_03.989043257_2025-11-19T09_58_03.988995797Z_IMG_8311.jpg","width":2048,"height":2048},{"@type":"BreadcrumbList","@id":"https:\/\/goodsensebaltic.ee\/en\/product\/jungheinrich-efg-320-electric-forklift\/#breadcrumb","itemListElement":[{"@type":"ListItem","position":1,"name":"Home","item":"https:\/\/goodsensebaltic.ee\/"},{"@type":"ListItem","position":2,"name":"Shop","item":"https:\/\/goodsensebaltic.ee\/en\/shop\/"},{"@type":"ListItem","position":3,"name":"Jungheinrich EFG 320 Electric Forklift"}]},{"@type":"WebSite","@id":"https:\/\/goodsensebaltic.ee\/#website","url":"https:\/\/goodsensebaltic.ee\/","name":"Goodsense Baltic","description":"Kahvelt\u00f5stukite ost ja m\u00fc\u00fck","publisher":{"@id":"https:\/\/goodsensebaltic.ee\/#organization"},"potentialAction":[{"@type":"SearchAction","target":{"@type":"EntryPoint","urlTemplate":"https:\/\/goodsensebaltic.ee\/?s={search_term_string}"},"query-input":{"@type":"PropertyValueSpecification","valueRequired":true,"valueName":"search_term_string"}}],"inLanguage":"en-US"},{"@type":"Organization","@id":"https:\/\/goodsensebaltic.ee\/#organization","name":"Goodsense Baltic","url":"https:\/\/goodsensebaltic.ee\/","logo":{"@type":"ImageObject","inLanguage":"en-US","@id":"https:\/\/goodsensebaltic.ee\/#\/schema\/logo\/image\/","url":"https:\/\/goodsensebaltic.ee\/wp-content\/uploads\/2022\/02\/Goodsense_Baltic_logo-01-1.svg","contentUrl":"https:\/\/goodsensebaltic.ee\/wp-content\/uploads\/2022\/02\/Goodsense_Baltic_logo-01-1.svg","width":988,"height":198,"caption":"Goodsense Baltic"},"image":{"@id":"https:\/\/goodsensebaltic.ee\/#\/schema\/logo\/image\/"},"sameAs":["https:\/\/www.facebook.com\/GoodsenseBaltic","https:\/\/www.linkedin.com\/company\/goodsense-baltic-o\/"]}]}},"_links":{"self":[{"href":"https:\/\/goodsensebaltic.ee\/en\/wp-json\/wp\/v2\/product\/24685","targetHints":{"allow":["GET"]}}],"collection":[{"href":"https:\/\/goodsensebaltic.ee\/en\/wp-json\/wp\/v2\/product"}],"about":[{"href":"https:\/\/goodsensebaltic.ee\/en\/wp-json\/wp\/v2\/types\/product"}],"version-history":[{"count":2,"href":"https:\/\/goodsensebaltic.ee\/en\/wp-json\/wp\/v2\/product\/24685\/revisions"}],"predecessor-version":[{"id":24691,"href":"https:\/\/goodsensebaltic.ee\/en\/wp-json\/wp\/v2\/product\/24685\/revisions\/24691"}],"wp:featuredmedia":[{"embeddable":true,"href":"https:\/\/goodsensebaltic.ee\/en\/wp-json\/wp\/v2\/media\/24645"}],"wp:attachment":[{"href":"https:\/\/goodsensebaltic.ee\/en\/wp-json\/wp\/v2\/media?parent=24685"}],"wp:term":[{"taxonomy":"product_brand","embeddable":true,"href":"https:\/\/goodsensebaltic.ee\/en\/wp-json\/wp\/v2\/product_brand?post=24685"},{"taxonomy":"product_cat","embeddable":true,"href":"https:\/\/goodsensebaltic.ee\/en\/wp-json\/wp\/v2\/product_cat?post=24685"},{"taxonomy":"product_tag","embeddable":true,"href":"https:\/\/goodsensebaltic.ee\/en\/wp-json\/wp\/v2\/product_tag?post=24685"}],"curies":[{"name":"wp","href":"https:\/\/api.w.org\/{rel}","templated":true}]}}