{"id":24930,"date":"2026-05-06T16:48:49","date_gmt":"2026-05-06T16:48:49","guid":{"rendered":"https:\/\/goodsensebaltic.ee\/toode\/bt-rr-e2cc-stacker-with-reach-mast\/"},"modified":"2026-05-06T17:46:29","modified_gmt":"2026-05-06T17:46:29","slug":"bt-rr-e2cc-stacker-with-reach-mast","status":"publish","type":"product","link":"https:\/\/goodsensebaltic.ee\/en\/product\/bt-rr-e2cc-stacker-with-reach-mast\/","title":{"rendered":"BT RR E2CC Stacker with reach mast"},"content":{"rendered":"<p><strong>The BT RR E2CC electric sit-on stacker-forklift with reach mast<\/strong> is designed for serious warehouse work &#8211; powerful, precise and economical. BT forklifts are renowned for their durability and reliability. <\/p>\n<p>The BT reach stacker uses <strong>a 48-volt electrical power supply system<\/strong>, which ensures a clean working environment and low noise levels. The stacker reaches <strong>a height of <span class=\"highlight\">6300 mm<\/span><\/strong> &#8211; meaning you can make the most of your storage space. Battery charger also included.  <\/p>\n","protected":false},"excerpt":{"rendered":"<p>Reach Mast Stacker, Reach Mast forklift, Reach Mast Stacker forklift Truck, Reach Mast Stacker Lift Height 6300mm, Reach Mast forklift Truck Lift Height 6300mm, Reach Mast Stacker forklift Height 6300mm, Reach forklift Lift Height 6300mm, Forklift Lift Height 6300mm, Lifting Equipment Lift Height 6300mm<\/p>\n","protected":false},"featured_media":24920,"template":"","meta":[],"product_brand":[],"product_cat":[1041,1149],"product_tag":[],"class_list":{"0":"post-24930","1":"product","2":"type-product","3":"status-publish","4":"has-post-thumbnail","6":"product_cat-esilehe-carousel-en","7":"product_cat-stackers","8":"pa_tostejoud-1t-2t-en","10":"first","11":"instock","12":"taxable","13":"shipping-taxable","14":"product-type-simple"},"yoast_head":"<!-- This site is optimized with the Yoast SEO plugin v27.4 - https:\/\/yoast.com\/product\/yoast-seo-wordpress\/ -->\n<title>BT RR E2CC Stacker with reach mast - Goodsense Baltic<\/title>\n<meta name=\"description\" content=\"The BT RR E2CC reach stacker-forklift is the ideal choice for warehouses, manufacturing plants and logistics centres. Stackers forklifts in Tallinn and Tartu.\" \/>\n<meta name=\"robots\" content=\"index, follow, max-snippet:-1, max-image-preview:large, max-video-preview:-1\" \/>\n<link rel=\"canonical\" href=\"https:\/\/goodsensebaltic.ee\/en\/product\/bt-rr-e2cc-stacker-with-reach-mast\/\" \/>\n<meta property=\"og:locale\" content=\"en_US\" \/>\n<meta property=\"og:type\" content=\"article\" \/>\n<meta property=\"og:title\" content=\"BT RR E2CC Stacker with reach mast - Goodsense Baltic\" \/>\n<meta property=\"og:description\" content=\"The BT RR E2CC reach stacker-forklift is the ideal choice for warehouses, manufacturing plants and logistics centres. Stackers forklifts in Tallinn and Tartu.\" \/>\n<meta property=\"og:url\" content=\"https:\/\/goodsensebaltic.ee\/en\/product\/bt-rr-e2cc-stacker-with-reach-mast\/\" \/>\n<meta property=\"og:site_name\" content=\"Goodsense Baltic\" \/>\n<meta property=\"article:publisher\" content=\"https:\/\/www.facebook.com\/GoodsenseBaltic\" \/>\n<meta property=\"article:modified_time\" content=\"2026-05-06T17:46:29+00:00\" \/>\n<meta property=\"og:image\" content=\"https:\/\/goodsensebaltic.ee\/wp-content\/uploads\/2026\/05\/IMG_7860-1-scaled.jpg\" \/>\n\t<meta property=\"og:image:width\" content=\"2560\" \/>\n\t<meta property=\"og:image:height\" content=\"2560\" \/>\n\t<meta property=\"og:image:type\" content=\"image\/jpeg\" \/>\n<meta name=\"twitter:card\" content=\"summary_large_image\" \/>\n<script type=\"application\/ld+json\" class=\"yoast-schema-graph\">{\"@context\":\"https:\\\/\\\/schema.org\",\"@graph\":[{\"@type\":\"WebPage\",\"@id\":\"https:\\\/\\\/goodsensebaltic.ee\\\/en\\\/product\\\/bt-rr-e2cc-stacker-with-reach-mast\\\/\",\"url\":\"https:\\\/\\\/goodsensebaltic.ee\\\/en\\\/product\\\/bt-rr-e2cc-stacker-with-reach-mast\\\/\",\"name\":\"BT RR E2CC Stacker with reach mast - Goodsense Baltic\",\"isPartOf\":{\"@id\":\"https:\\\/\\\/goodsensebaltic.ee\\\/#website\"},\"primaryImageOfPage\":{\"@id\":\"https:\\\/\\\/goodsensebaltic.ee\\\/en\\\/product\\\/bt-rr-e2cc-stacker-with-reach-mast\\\/#primaryimage\"},\"image\":{\"@id\":\"https:\\\/\\\/goodsensebaltic.ee\\\/en\\\/product\\\/bt-rr-e2cc-stacker-with-reach-mast\\\/#primaryimage\"},\"thumbnailUrl\":\"https:\\\/\\\/goodsensebaltic.ee\\\/wp-content\\\/uploads\\\/2026\\\/05\\\/IMG_7860-1-scaled.jpg\",\"datePublished\":\"2026-05-06T16:48:49+00:00\",\"dateModified\":\"2026-05-06T17:46:29+00:00\",\"description\":\"The BT RR E2CC reach stacker-forklift is the ideal choice for warehouses, manufacturing plants and logistics centres. Stackers forklifts in Tallinn and Tartu.\",\"breadcrumb\":{\"@id\":\"https:\\\/\\\/goodsensebaltic.ee\\\/en\\\/product\\\/bt-rr-e2cc-stacker-with-reach-mast\\\/#breadcrumb\"},\"inLanguage\":\"en-US\",\"potentialAction\":[{\"@type\":\"ReadAction\",\"target\":[\"https:\\\/\\\/goodsensebaltic.ee\\\/en\\\/product\\\/bt-rr-e2cc-stacker-with-reach-mast\\\/\"]}]},{\"@type\":\"ImageObject\",\"inLanguage\":\"en-US\",\"@id\":\"https:\\\/\\\/goodsensebaltic.ee\\\/en\\\/product\\\/bt-rr-e2cc-stacker-with-reach-mast\\\/#primaryimage\",\"url\":\"https:\\\/\\\/goodsensebaltic.ee\\\/wp-content\\\/uploads\\\/2026\\\/05\\\/IMG_7860-1-scaled.jpg\",\"contentUrl\":\"https:\\\/\\\/goodsensebaltic.ee\\\/wp-content\\\/uploads\\\/2026\\\/05\\\/IMG_7860-1-scaled.jpg\",\"width\":2560,\"height\":2560},{\"@type\":\"BreadcrumbList\",\"@id\":\"https:\\\/\\\/goodsensebaltic.ee\\\/en\\\/product\\\/bt-rr-e2cc-stacker-with-reach-mast\\\/#breadcrumb\",\"itemListElement\":[{\"@type\":\"ListItem\",\"position\":1,\"name\":\"Home\",\"item\":\"https:\\\/\\\/goodsensebaltic.ee\\\/en\\\/\"},{\"@type\":\"ListItem\",\"position\":2,\"name\":\"Shop\",\"item\":\"https:\\\/\\\/goodsensebaltic.ee\\\/en\\\/shop\\\/\"},{\"@type\":\"ListItem\",\"position\":3,\"name\":\"BT RR E2CC Stacker with reach mast\"}]},{\"@type\":\"WebSite\",\"@id\":\"https:\\\/\\\/goodsensebaltic.ee\\\/#website\",\"url\":\"https:\\\/\\\/goodsensebaltic.ee\\\/\",\"name\":\"Goodsense Baltic\",\"description\":\"Kahvelt\u00f5stukite ost ja m\u00fc\u00fck\",\"publisher\":{\"@id\":\"https:\\\/\\\/goodsensebaltic.ee\\\/#organization\"},\"potentialAction\":[{\"@type\":\"SearchAction\",\"target\":{\"@type\":\"EntryPoint\",\"urlTemplate\":\"https:\\\/\\\/goodsensebaltic.ee\\\/?s={search_term_string}\"},\"query-input\":{\"@type\":\"PropertyValueSpecification\",\"valueRequired\":true,\"valueName\":\"search_term_string\"}}],\"inLanguage\":\"en-US\"},{\"@type\":\"Organization\",\"@id\":\"https:\\\/\\\/goodsensebaltic.ee\\\/#organization\",\"name\":\"Goodsense Baltic\",\"url\":\"https:\\\/\\\/goodsensebaltic.ee\\\/\",\"logo\":{\"@type\":\"ImageObject\",\"inLanguage\":\"en-US\",\"@id\":\"https:\\\/\\\/goodsensebaltic.ee\\\/#\\\/schema\\\/logo\\\/image\\\/\",\"url\":\"https:\\\/\\\/goodsensebaltic.ee\\\/wp-content\\\/uploads\\\/2022\\\/02\\\/Goodsense_Baltic_logo-01-1.svg\",\"contentUrl\":\"https:\\\/\\\/goodsensebaltic.ee\\\/wp-content\\\/uploads\\\/2022\\\/02\\\/Goodsense_Baltic_logo-01-1.svg\",\"width\":988,\"height\":198,\"caption\":\"Goodsense Baltic\"},\"image\":{\"@id\":\"https:\\\/\\\/goodsensebaltic.ee\\\/#\\\/schema\\\/logo\\\/image\\\/\"},\"sameAs\":[\"https:\\\/\\\/www.facebook.com\\\/GoodsenseBaltic\",\"https:\\\/\\\/www.linkedin.com\\\/company\\\/goodsense-baltic-o\\\/\"]}]}<\/script>\n<!-- \/ Yoast SEO plugin. -->","yoast_head_json":{"title":"BT RR E2CC Stacker with reach mast - Goodsense Baltic","description":"The BT RR E2CC reach stacker-forklift is the ideal choice for warehouses, manufacturing plants and logistics centres. Stackers forklifts in Tallinn and Tartu.","robots":{"index":"index","follow":"follow","max-snippet":"max-snippet:-1","max-image-preview":"max-image-preview:large","max-video-preview":"max-video-preview:-1"},"canonical":"https:\/\/goodsensebaltic.ee\/en\/product\/bt-rr-e2cc-stacker-with-reach-mast\/","og_locale":"en_US","og_type":"article","og_title":"BT RR E2CC Stacker with reach mast - Goodsense Baltic","og_description":"The BT RR E2CC reach stacker-forklift is the ideal choice for warehouses, manufacturing plants and logistics centres. Stackers forklifts in Tallinn and Tartu.","og_url":"https:\/\/goodsensebaltic.ee\/en\/product\/bt-rr-e2cc-stacker-with-reach-mast\/","og_site_name":"Goodsense Baltic","article_publisher":"https:\/\/www.facebook.com\/GoodsenseBaltic","article_modified_time":"2026-05-06T17:46:29+00:00","og_image":[{"width":2560,"height":2560,"url":"https:\/\/goodsensebaltic.ee\/wp-content\/uploads\/2026\/05\/IMG_7860-1-scaled.jpg","type":"image\/jpeg"}],"twitter_card":"summary_large_image","schema":{"@context":"https:\/\/schema.org","@graph":[{"@type":"WebPage","@id":"https:\/\/goodsensebaltic.ee\/en\/product\/bt-rr-e2cc-stacker-with-reach-mast\/","url":"https:\/\/goodsensebaltic.ee\/en\/product\/bt-rr-e2cc-stacker-with-reach-mast\/","name":"BT RR E2CC Stacker with reach mast - Goodsense Baltic","isPartOf":{"@id":"https:\/\/goodsensebaltic.ee\/#website"},"primaryImageOfPage":{"@id":"https:\/\/goodsensebaltic.ee\/en\/product\/bt-rr-e2cc-stacker-with-reach-mast\/#primaryimage"},"image":{"@id":"https:\/\/goodsensebaltic.ee\/en\/product\/bt-rr-e2cc-stacker-with-reach-mast\/#primaryimage"},"thumbnailUrl":"https:\/\/goodsensebaltic.ee\/wp-content\/uploads\/2026\/05\/IMG_7860-1-scaled.jpg","datePublished":"2026-05-06T16:48:49+00:00","dateModified":"2026-05-06T17:46:29+00:00","description":"The BT RR E2CC reach stacker-forklift is the ideal choice for warehouses, manufacturing plants and logistics centres. Stackers forklifts in Tallinn and Tartu.","breadcrumb":{"@id":"https:\/\/goodsensebaltic.ee\/en\/product\/bt-rr-e2cc-stacker-with-reach-mast\/#breadcrumb"},"inLanguage":"en-US","potentialAction":[{"@type":"ReadAction","target":["https:\/\/goodsensebaltic.ee\/en\/product\/bt-rr-e2cc-stacker-with-reach-mast\/"]}]},{"@type":"ImageObject","inLanguage":"en-US","@id":"https:\/\/goodsensebaltic.ee\/en\/product\/bt-rr-e2cc-stacker-with-reach-mast\/#primaryimage","url":"https:\/\/goodsensebaltic.ee\/wp-content\/uploads\/2026\/05\/IMG_7860-1-scaled.jpg","contentUrl":"https:\/\/goodsensebaltic.ee\/wp-content\/uploads\/2026\/05\/IMG_7860-1-scaled.jpg","width":2560,"height":2560},{"@type":"BreadcrumbList","@id":"https:\/\/goodsensebaltic.ee\/en\/product\/bt-rr-e2cc-stacker-with-reach-mast\/#breadcrumb","itemListElement":[{"@type":"ListItem","position":1,"name":"Home","item":"https:\/\/goodsensebaltic.ee\/en\/"},{"@type":"ListItem","position":2,"name":"Shop","item":"https:\/\/goodsensebaltic.ee\/en\/shop\/"},{"@type":"ListItem","position":3,"name":"BT RR E2CC Stacker with reach mast"}]},{"@type":"WebSite","@id":"https:\/\/goodsensebaltic.ee\/#website","url":"https:\/\/goodsensebaltic.ee\/","name":"Goodsense Baltic","description":"Kahvelt\u00f5stukite ost ja m\u00fc\u00fck","publisher":{"@id":"https:\/\/goodsensebaltic.ee\/#organization"},"potentialAction":[{"@type":"SearchAction","target":{"@type":"EntryPoint","urlTemplate":"https:\/\/goodsensebaltic.ee\/?s={search_term_string}"},"query-input":{"@type":"PropertyValueSpecification","valueRequired":true,"valueName":"search_term_string"}}],"inLanguage":"en-US"},{"@type":"Organization","@id":"https:\/\/goodsensebaltic.ee\/#organization","name":"Goodsense Baltic","url":"https:\/\/goodsensebaltic.ee\/","logo":{"@type":"ImageObject","inLanguage":"en-US","@id":"https:\/\/goodsensebaltic.ee\/#\/schema\/logo\/image\/","url":"https:\/\/goodsensebaltic.ee\/wp-content\/uploads\/2022\/02\/Goodsense_Baltic_logo-01-1.svg","contentUrl":"https:\/\/goodsensebaltic.ee\/wp-content\/uploads\/2022\/02\/Goodsense_Baltic_logo-01-1.svg","width":988,"height":198,"caption":"Goodsense Baltic"},"image":{"@id":"https:\/\/goodsensebaltic.ee\/#\/schema\/logo\/image\/"},"sameAs":["https:\/\/www.facebook.com\/GoodsenseBaltic","https:\/\/www.linkedin.com\/company\/goodsense-baltic-o\/"]}]}},"_links":{"self":[{"href":"https:\/\/goodsensebaltic.ee\/en\/wp-json\/wp\/v2\/product\/24930","targetHints":{"allow":["GET"]}}],"collection":[{"href":"https:\/\/goodsensebaltic.ee\/en\/wp-json\/wp\/v2\/product"}],"about":[{"href":"https:\/\/goodsensebaltic.ee\/en\/wp-json\/wp\/v2\/types\/product"}],"version-history":[{"count":1,"href":"https:\/\/goodsensebaltic.ee\/en\/wp-json\/wp\/v2\/product\/24930\/revisions"}],"predecessor-version":[{"id":24932,"href":"https:\/\/goodsensebaltic.ee\/en\/wp-json\/wp\/v2\/product\/24930\/revisions\/24932"}],"wp:featuredmedia":[{"embeddable":true,"href":"https:\/\/goodsensebaltic.ee\/en\/wp-json\/wp\/v2\/media\/24920"}],"wp:attachment":[{"href":"https:\/\/goodsensebaltic.ee\/en\/wp-json\/wp\/v2\/media?parent=24930"}],"wp:term":[{"taxonomy":"product_brand","embeddable":true,"href":"https:\/\/goodsensebaltic.ee\/en\/wp-json\/wp\/v2\/product_brand?post=24930"},{"taxonomy":"product_cat","embeddable":true,"href":"https:\/\/goodsensebaltic.ee\/en\/wp-json\/wp\/v2\/product_cat?post=24930"},{"taxonomy":"product_tag","embeddable":true,"href":"https:\/\/goodsensebaltic.ee\/en\/wp-json\/wp\/v2\/product_tag?post=24930"}],"curies":[{"name":"wp","href":"https:\/\/api.w.org\/{rel}","templated":true}]}}