{"id":7222,"date":"2022-03-08T13:43:18","date_gmt":"2022-03-08T13:43:18","guid":{"rendered":"https:\/\/goodsensebaltic.ee\/toode\/goodsense-rtd35-4wd\/"},"modified":"2025-02-14T09:35:38","modified_gmt":"2025-02-14T09:35:38","slug":"goodsense-rtd35-4wd-all-terrain-forklift","status":"publish","type":"product","link":"https:\/\/goodsensebaltic.ee\/en\/product\/goodsense-rtd35-4wd-all-terrain-forklift\/","title":{"rendered":"Goodsense RTD35 4WD All-Terrain Forklift"},"content":{"rendered":"<p><span style=\"font-weight: 400;\">Forklifts with high lifting capacity, allowing you to work both outdoors and indoors. All-terrain forklifts are particularly useful where various obstacles have to be overcome (gorges, kerbs, terrain, etc.). Also suitable for use on softer or sinking surfaces. <\/span><\/p>\n<p><span style=\"font-weight: 400;\">Compared to electric, diesel, or gas-powered trucks, all-terrain trucks are much more resistant to weather conditions and have a more powerful lifting capacity. Workers using forklift trucks can also feel safe, as these machines have a greater emphasis on safety and reliability, among other benefits. <\/span><\/p>\n<h2><\/h2>\n","protected":false},"excerpt":{"rendered":"<p>Goodsense 3.5T Lifting Capacity All-Terrain Forklift &#8211; Forklifts &#8211; Used forklifts &#8211; Forklift spare parts<\/p>\n","protected":false},"featured_media":23647,"template":"","meta":[],"product_brand":[],"product_cat":[1041,149],"product_tag":[],"class_list":{"0":"post-7222","1":"product","2":"type-product","3":"status-publish","4":"has-post-thumbnail","6":"product_cat-esilehe-carousel-en","7":"product_cat-all-terrain-forklifts","8":"pa_garantii-24-months-en","9":"pa_korgus-2260-mm-en","10":"pa_tostejoud-1-2t-en","12":"first","13":"instock","14":"sale","15":"taxable","16":"shipping-taxable","17":"purchasable","18":"product-type-simple"},"yoast_head":"<!-- This site is optimized with the Yoast SEO plugin v27.0 - https:\/\/yoast.com\/product\/yoast-seo-wordpress\/ -->\n<title>Goodsense RTD35 4WD All-Terrain Forklift - Goodsense Baltic<\/title>\n<meta name=\"description\" content=\"Goodsense all-terrain lift for sale. New and used forklifts for sale. Forklift sales and purchases. New and used diesel trucks in Tallinn and Tartu.\" \/>\n<meta name=\"robots\" content=\"index, follow, max-snippet:-1, max-image-preview:large, max-video-preview:-1\" \/>\n<link rel=\"canonical\" href=\"https:\/\/goodsensebaltic.ee\/toode\/goodsense-rtd35-4wd-maastikutostuk\/\" \/>\n<meta property=\"og:locale\" content=\"en_US\" \/>\n<meta property=\"og:type\" content=\"article\" \/>\n<meta property=\"og:title\" content=\"Goodsense RTD35 4WD All-Terrain Forklift - Goodsense Baltic\" \/>\n<meta property=\"og:description\" content=\"Goodsense all-terrain lift for sale. New and used forklifts for sale. Forklift sales and purchases. New and used diesel trucks in Tallinn and Tartu.\" \/>\n<meta property=\"og:url\" content=\"https:\/\/goodsensebaltic.ee\/toode\/goodsense-rtd35-4wd-maastikutostuk\/\" \/>\n<meta property=\"og:site_name\" content=\"Goodsense Baltic\" \/>\n<meta property=\"article:publisher\" content=\"https:\/\/www.facebook.com\/GoodsenseBaltic\" \/>\n<meta property=\"article:modified_time\" content=\"2025-02-14T09:35:38+00:00\" \/>\n<meta property=\"og:image\" content=\"https:\/\/goodsensebaltic.ee\/wp-content\/uploads\/2022\/03\/Goodsense-FD35RT4-3.5T-Maastikutostuk-uus-7-scaled.jpg\" \/>\n\t<meta property=\"og:image:width\" content=\"2560\" \/>\n\t<meta property=\"og:image:height\" content=\"2560\" \/>\n\t<meta property=\"og:image:type\" content=\"image\/jpeg\" \/>\n<meta name=\"twitter:card\" content=\"summary_large_image\" \/>\n<script type=\"application\/ld+json\" class=\"yoast-schema-graph\">{\"@context\":\"https:\/\/schema.org\",\"@graph\":[{\"@type\":\"WebPage\",\"@id\":\"https:\/\/goodsensebaltic.ee\/toode\/goodsense-rtd35-4wd-maastikutostuk\/\",\"url\":\"https:\/\/goodsensebaltic.ee\/toode\/goodsense-rtd35-4wd-maastikutostuk\/\",\"name\":\"Goodsense RTD35 4WD All-Terrain Forklift - Goodsense Baltic\",\"isPartOf\":{\"@id\":\"https:\/\/goodsensebaltic.ee\/#website\"},\"primaryImageOfPage\":{\"@id\":\"https:\/\/goodsensebaltic.ee\/toode\/goodsense-rtd35-4wd-maastikutostuk\/#primaryimage\"},\"image\":{\"@id\":\"https:\/\/goodsensebaltic.ee\/toode\/goodsense-rtd35-4wd-maastikutostuk\/#primaryimage\"},\"thumbnailUrl\":\"https:\/\/goodsensebaltic.ee\/wp-content\/uploads\/2022\/03\/Goodsense-FD35RT4-3.5T-Maastikutostuk-uus-7-scaled.jpg\",\"datePublished\":\"2022-03-08T13:43:18+00:00\",\"dateModified\":\"2025-02-14T09:35:38+00:00\",\"description\":\"Goodsense all-terrain lift for sale. New and used forklifts for sale. Forklift sales and purchases. New and used diesel trucks in Tallinn and Tartu.\",\"breadcrumb\":{\"@id\":\"https:\/\/goodsensebaltic.ee\/toode\/goodsense-rtd35-4wd-maastikutostuk\/#breadcrumb\"},\"inLanguage\":\"en-US\",\"potentialAction\":[{\"@type\":\"ReadAction\",\"target\":[\"https:\/\/goodsensebaltic.ee\/toode\/goodsense-rtd35-4wd-maastikutostuk\/\"]}]},{\"@type\":\"ImageObject\",\"inLanguage\":\"en-US\",\"@id\":\"https:\/\/goodsensebaltic.ee\/toode\/goodsense-rtd35-4wd-maastikutostuk\/#primaryimage\",\"url\":\"https:\/\/goodsensebaltic.ee\/wp-content\/uploads\/2022\/03\/Goodsense-FD35RT4-3.5T-Maastikutostuk-uus-7-scaled.jpg\",\"contentUrl\":\"https:\/\/goodsensebaltic.ee\/wp-content\/uploads\/2022\/03\/Goodsense-FD35RT4-3.5T-Maastikutostuk-uus-7-scaled.jpg\",\"width\":2560,\"height\":2560,\"caption\":\"Goodsense FD35RT4 3.5T Maastikut\u00f5stuk uus\"},{\"@type\":\"BreadcrumbList\",\"@id\":\"https:\/\/goodsensebaltic.ee\/toode\/goodsense-rtd35-4wd-maastikutostuk\/#breadcrumb\",\"itemListElement\":[{\"@type\":\"ListItem\",\"position\":1,\"name\":\"Home\",\"item\":\"https:\/\/goodsensebaltic.ee\/\"},{\"@type\":\"ListItem\",\"position\":2,\"name\":\"Shop\",\"item\":\"https:\/\/goodsensebaltic.ee\/en\/shop\/\"},{\"@type\":\"ListItem\",\"position\":3,\"name\":\"Goodsense RTD35 4WD All-Terrain Forklift\"}]},{\"@type\":\"WebSite\",\"@id\":\"https:\/\/goodsensebaltic.ee\/#website\",\"url\":\"https:\/\/goodsensebaltic.ee\/\",\"name\":\"Goodsense Baltic\",\"description\":\"Kahvelt\u00f5stukite ost ja m\u00fc\u00fck\",\"publisher\":{\"@id\":\"https:\/\/goodsensebaltic.ee\/#organization\"},\"potentialAction\":[{\"@type\":\"SearchAction\",\"target\":{\"@type\":\"EntryPoint\",\"urlTemplate\":\"https:\/\/goodsensebaltic.ee\/?s={search_term_string}\"},\"query-input\":{\"@type\":\"PropertyValueSpecification\",\"valueRequired\":true,\"valueName\":\"search_term_string\"}}],\"inLanguage\":\"en-US\"},{\"@type\":\"Organization\",\"@id\":\"https:\/\/goodsensebaltic.ee\/#organization\",\"name\":\"Goodsense Baltic\",\"url\":\"https:\/\/goodsensebaltic.ee\/\",\"logo\":{\"@type\":\"ImageObject\",\"inLanguage\":\"en-US\",\"@id\":\"https:\/\/goodsensebaltic.ee\/#\/schema\/logo\/image\/\",\"url\":\"https:\/\/goodsensebaltic.ee\/wp-content\/uploads\/2022\/02\/Goodsense_Baltic_logo-01-1.svg\",\"contentUrl\":\"https:\/\/goodsensebaltic.ee\/wp-content\/uploads\/2022\/02\/Goodsense_Baltic_logo-01-1.svg\",\"width\":988,\"height\":198,\"caption\":\"Goodsense Baltic\"},\"image\":{\"@id\":\"https:\/\/goodsensebaltic.ee\/#\/schema\/logo\/image\/\"},\"sameAs\":[\"https:\/\/www.facebook.com\/GoodsenseBaltic\",\"https:\/\/www.linkedin.com\/company\/goodsense-baltic-o\/\"]}]}<\/script>\n<!-- \/ Yoast SEO plugin. -->","yoast_head_json":{"title":"Goodsense RTD35 4WD All-Terrain Forklift - Goodsense Baltic","description":"Goodsense all-terrain lift for sale. New and used forklifts for sale. Forklift sales and purchases. New and used diesel trucks in Tallinn and Tartu.","robots":{"index":"index","follow":"follow","max-snippet":"max-snippet:-1","max-image-preview":"max-image-preview:large","max-video-preview":"max-video-preview:-1"},"canonical":"https:\/\/goodsensebaltic.ee\/toode\/goodsense-rtd35-4wd-maastikutostuk\/","og_locale":"en_US","og_type":"article","og_title":"Goodsense RTD35 4WD All-Terrain Forklift - Goodsense Baltic","og_description":"Goodsense all-terrain lift for sale. New and used forklifts for sale. Forklift sales and purchases. New and used diesel trucks in Tallinn and Tartu.","og_url":"https:\/\/goodsensebaltic.ee\/toode\/goodsense-rtd35-4wd-maastikutostuk\/","og_site_name":"Goodsense Baltic","article_publisher":"https:\/\/www.facebook.com\/GoodsenseBaltic","article_modified_time":"2025-02-14T09:35:38+00:00","og_image":[{"width":2560,"height":2560,"url":"https:\/\/goodsensebaltic.ee\/wp-content\/uploads\/2022\/03\/Goodsense-FD35RT4-3.5T-Maastikutostuk-uus-7-scaled.jpg","type":"image\/jpeg"}],"twitter_card":"summary_large_image","schema":{"@context":"https:\/\/schema.org","@graph":[{"@type":"WebPage","@id":"https:\/\/goodsensebaltic.ee\/toode\/goodsense-rtd35-4wd-maastikutostuk\/","url":"https:\/\/goodsensebaltic.ee\/toode\/goodsense-rtd35-4wd-maastikutostuk\/","name":"Goodsense RTD35 4WD All-Terrain Forklift - Goodsense Baltic","isPartOf":{"@id":"https:\/\/goodsensebaltic.ee\/#website"},"primaryImageOfPage":{"@id":"https:\/\/goodsensebaltic.ee\/toode\/goodsense-rtd35-4wd-maastikutostuk\/#primaryimage"},"image":{"@id":"https:\/\/goodsensebaltic.ee\/toode\/goodsense-rtd35-4wd-maastikutostuk\/#primaryimage"},"thumbnailUrl":"https:\/\/goodsensebaltic.ee\/wp-content\/uploads\/2022\/03\/Goodsense-FD35RT4-3.5T-Maastikutostuk-uus-7-scaled.jpg","datePublished":"2022-03-08T13:43:18+00:00","dateModified":"2025-02-14T09:35:38+00:00","description":"Goodsense all-terrain lift for sale. New and used forklifts for sale. Forklift sales and purchases. New and used diesel trucks in Tallinn and Tartu.","breadcrumb":{"@id":"https:\/\/goodsensebaltic.ee\/toode\/goodsense-rtd35-4wd-maastikutostuk\/#breadcrumb"},"inLanguage":"en-US","potentialAction":[{"@type":"ReadAction","target":["https:\/\/goodsensebaltic.ee\/toode\/goodsense-rtd35-4wd-maastikutostuk\/"]}]},{"@type":"ImageObject","inLanguage":"en-US","@id":"https:\/\/goodsensebaltic.ee\/toode\/goodsense-rtd35-4wd-maastikutostuk\/#primaryimage","url":"https:\/\/goodsensebaltic.ee\/wp-content\/uploads\/2022\/03\/Goodsense-FD35RT4-3.5T-Maastikutostuk-uus-7-scaled.jpg","contentUrl":"https:\/\/goodsensebaltic.ee\/wp-content\/uploads\/2022\/03\/Goodsense-FD35RT4-3.5T-Maastikutostuk-uus-7-scaled.jpg","width":2560,"height":2560,"caption":"Goodsense FD35RT4 3.5T Maastikut\u00f5stuk uus"},{"@type":"BreadcrumbList","@id":"https:\/\/goodsensebaltic.ee\/toode\/goodsense-rtd35-4wd-maastikutostuk\/#breadcrumb","itemListElement":[{"@type":"ListItem","position":1,"name":"Home","item":"https:\/\/goodsensebaltic.ee\/"},{"@type":"ListItem","position":2,"name":"Shop","item":"https:\/\/goodsensebaltic.ee\/en\/shop\/"},{"@type":"ListItem","position":3,"name":"Goodsense RTD35 4WD All-Terrain Forklift"}]},{"@type":"WebSite","@id":"https:\/\/goodsensebaltic.ee\/#website","url":"https:\/\/goodsensebaltic.ee\/","name":"Goodsense Baltic","description":"Kahvelt\u00f5stukite ost ja m\u00fc\u00fck","publisher":{"@id":"https:\/\/goodsensebaltic.ee\/#organization"},"potentialAction":[{"@type":"SearchAction","target":{"@type":"EntryPoint","urlTemplate":"https:\/\/goodsensebaltic.ee\/?s={search_term_string}"},"query-input":{"@type":"PropertyValueSpecification","valueRequired":true,"valueName":"search_term_string"}}],"inLanguage":"en-US"},{"@type":"Organization","@id":"https:\/\/goodsensebaltic.ee\/#organization","name":"Goodsense Baltic","url":"https:\/\/goodsensebaltic.ee\/","logo":{"@type":"ImageObject","inLanguage":"en-US","@id":"https:\/\/goodsensebaltic.ee\/#\/schema\/logo\/image\/","url":"https:\/\/goodsensebaltic.ee\/wp-content\/uploads\/2022\/02\/Goodsense_Baltic_logo-01-1.svg","contentUrl":"https:\/\/goodsensebaltic.ee\/wp-content\/uploads\/2022\/02\/Goodsense_Baltic_logo-01-1.svg","width":988,"height":198,"caption":"Goodsense Baltic"},"image":{"@id":"https:\/\/goodsensebaltic.ee\/#\/schema\/logo\/image\/"},"sameAs":["https:\/\/www.facebook.com\/GoodsenseBaltic","https:\/\/www.linkedin.com\/company\/goodsense-baltic-o\/"]}]}},"_links":{"self":[{"href":"https:\/\/goodsensebaltic.ee\/en\/wp-json\/wp\/v2\/product\/7222","targetHints":{"allow":["GET"]}}],"collection":[{"href":"https:\/\/goodsensebaltic.ee\/en\/wp-json\/wp\/v2\/product"}],"about":[{"href":"https:\/\/goodsensebaltic.ee\/en\/wp-json\/wp\/v2\/types\/product"}],"version-history":[{"count":25,"href":"https:\/\/goodsensebaltic.ee\/en\/wp-json\/wp\/v2\/product\/7222\/revisions"}],"predecessor-version":[{"id":23795,"href":"https:\/\/goodsensebaltic.ee\/en\/wp-json\/wp\/v2\/product\/7222\/revisions\/23795"}],"wp:featuredmedia":[{"embeddable":true,"href":"https:\/\/goodsensebaltic.ee\/en\/wp-json\/wp\/v2\/media\/23647"}],"wp:attachment":[{"href":"https:\/\/goodsensebaltic.ee\/en\/wp-json\/wp\/v2\/media?parent=7222"}],"wp:term":[{"taxonomy":"product_brand","embeddable":true,"href":"https:\/\/goodsensebaltic.ee\/en\/wp-json\/wp\/v2\/product_brand?post=7222"},{"taxonomy":"product_cat","embeddable":true,"href":"https:\/\/goodsensebaltic.ee\/en\/wp-json\/wp\/v2\/product_cat?post=7222"},{"taxonomy":"product_tag","embeddable":true,"href":"https:\/\/goodsensebaltic.ee\/en\/wp-json\/wp\/v2\/product_tag?post=7222"}],"curies":[{"name":"wp","href":"https:\/\/api.w.org\/{rel}","templated":true}]}}