{"id":7597,"date":"2022-05-31T15:23:34","date_gmt":"2022-05-31T15:23:34","guid":{"rendered":"https:\/\/goodsensebaltic.ee\/toode\/goodsense-fd40-g-series\/"},"modified":"2024-02-08T08:35:35","modified_gmt":"2024-02-08T08:35:35","slug":"goodsense-fd40-g-series-diesel-forklift","status":"publish","type":"product","link":"https:\/\/goodsensebaltic.ee\/en\/product\/goodsense-fd40-g-series-diesel-forklift\/","title":{"rendered":"Goodsense FD40 G-Series Diesel Forklift"},"content":{"rendered":"<p>Looking for a powerful forklift for intensive field work? This versatile diesel truck is both reliable and durable. Good maneuverability and brisk acceleration make the 4.5-ton forklift very comfortable to operate.<\/p>\n<ul>\n<li>Ideal for heavy field work and handling heavy loads<\/li>\n<li>Gearbox with torque converter for smooth driving<\/li>\n<li>Powerful and reliable industrial diesel engine<\/li>\n<li>Unrivalled truck stability<\/li>\n<li>Excellent visibility<\/li>\n<\/ul>\n<p>The fully adjustable seat, ample legroom and adjustable steering wheel provide a pleasant experience for every driver.<\/p>\n<p>The clear view of the mast and the head guard give operators an excellent overview of the load and the environment.<\/p>\n<p>Designed for intensive work, the 4.5-tonne high-tonnage diesel truck is equipped with a robust chassis and powerful engine for maximum performance.<\/p>\n<p><strong>PDF catalogue &#8211; <a href=\"https:\/\/goodsensebaltic.ee\/wp-content\/uploads\/2022\/05\/Goodsense-3-4T-Diiseltostukid.pdf\">Goodsense 3-4T Diesel forklifts<\/a><\/strong><\/p>\n","protected":false},"excerpt":{"rendered":"<p>Goodsense 4T Lifting Capacity Diesel Forklift &#8211; Forklifts &#8211; Used forklifts &#8211; Forklift spare parts<\/p>\n","protected":false},"featured_media":18175,"template":"","meta":[],"product_brand":[],"product_cat":[146,144],"product_tag":[200],"class_list":{"0":"post-7597","1":"product","2":"type-product","3":"status-publish","4":"has-post-thumbnail","6":"product_cat-diesel-forklifts","7":"product_cat-forklifts","8":"product_tag-1-en-3","9":"pa_garantii-12-months-en","10":"pa_korgus-2195-mm-2-en","11":"pa_tostejoud-1-4-t-2-en","13":"first","14":"onbackorder","15":"sale","16":"taxable","17":"shipping-taxable","18":"purchasable","19":"product-type-simple"},"yoast_head":"<!-- This site is optimized with the Yoast SEO plugin v27.0 - https:\/\/yoast.com\/product\/yoast-seo-wordpress\/ -->\n<title>Goodsense FD40 G-Series Diesel Forklift - Goodsense Baltic<\/title>\n<meta name=\"description\" content=\"Goodsense Slide Lift. Sale of new diesel trucks in Tallinn and Tartu. Sale of 4T lift trucks. Possibility to add a side mirror, positioning and cab.\" \/>\n<meta name=\"robots\" content=\"index, follow, max-snippet:-1, max-image-preview:large, max-video-preview:-1\" \/>\n<link rel=\"canonical\" href=\"https:\/\/goodsensebaltic.ee\/en\/product\/goodsense-fd40-g-series-diesel-forklift\/\" \/>\n<meta property=\"og:locale\" content=\"en_US\" \/>\n<meta property=\"og:type\" content=\"article\" \/>\n<meta property=\"og:title\" content=\"Goodsense FD40 G-Series Diesel Forklift - Goodsense Baltic\" \/>\n<meta property=\"og:description\" content=\"Goodsense Slide Lift. Sale of new diesel trucks in Tallinn and Tartu. Sale of 4T lift trucks. Possibility to add a side mirror, positioning and cab.\" \/>\n<meta property=\"og:url\" content=\"https:\/\/goodsensebaltic.ee\/en\/product\/goodsense-fd40-g-series-diesel-forklift\/\" \/>\n<meta property=\"og:site_name\" content=\"Goodsense Baltic\" \/>\n<meta property=\"article:publisher\" content=\"https:\/\/www.facebook.com\/GoodsenseBaltic\" \/>\n<meta property=\"article:modified_time\" content=\"2024-02-08T08:35:35+00:00\" \/>\n<meta property=\"og:image\" content=\"https:\/\/goodsensebaltic.ee\/wp-content\/uploads\/2022\/05\/FD40-goodsense-diiseltostuk-1-1.png\" \/>\n\t<meta property=\"og:image:width\" content=\"1000\" \/>\n\t<meta property=\"og:image:height\" content=\"1000\" \/>\n\t<meta property=\"og:image:type\" content=\"image\/png\" \/>\n<meta name=\"twitter:card\" content=\"summary_large_image\" \/>\n<meta name=\"twitter:label1\" content=\"Est. reading time\" \/>\n\t<meta name=\"twitter:data1\" content=\"1 minute\" \/>\n<script type=\"application\/ld+json\" class=\"yoast-schema-graph\">{\"@context\":\"https:\/\/schema.org\",\"@graph\":[{\"@type\":\"WebPage\",\"@id\":\"https:\/\/goodsensebaltic.ee\/en\/product\/goodsense-fd40-g-series-diesel-forklift\/\",\"url\":\"https:\/\/goodsensebaltic.ee\/en\/product\/goodsense-fd40-g-series-diesel-forklift\/\",\"name\":\"Goodsense FD40 G-Series Diesel Forklift - Goodsense Baltic\",\"isPartOf\":{\"@id\":\"https:\/\/goodsensebaltic.ee\/#website\"},\"primaryImageOfPage\":{\"@id\":\"https:\/\/goodsensebaltic.ee\/en\/product\/goodsense-fd40-g-series-diesel-forklift\/#primaryimage\"},\"image\":{\"@id\":\"https:\/\/goodsensebaltic.ee\/en\/product\/goodsense-fd40-g-series-diesel-forklift\/#primaryimage\"},\"thumbnailUrl\":\"https:\/\/goodsensebaltic.ee\/wp-content\/uploads\/2022\/05\/FD40-goodsense-diiseltostuk-1-1.png\",\"datePublished\":\"2022-05-31T15:23:34+00:00\",\"dateModified\":\"2024-02-08T08:35:35+00:00\",\"description\":\"Goodsense Slide Lift. Sale of new diesel trucks in Tallinn and Tartu. Sale of 4T lift trucks. Possibility to add a side mirror, positioning and cab.\",\"breadcrumb\":{\"@id\":\"https:\/\/goodsensebaltic.ee\/en\/product\/goodsense-fd40-g-series-diesel-forklift\/#breadcrumb\"},\"inLanguage\":\"en-US\",\"potentialAction\":[{\"@type\":\"ReadAction\",\"target\":[\"https:\/\/goodsensebaltic.ee\/en\/product\/goodsense-fd40-g-series-diesel-forklift\/\"]}]},{\"@type\":\"ImageObject\",\"inLanguage\":\"en-US\",\"@id\":\"https:\/\/goodsensebaltic.ee\/en\/product\/goodsense-fd40-g-series-diesel-forklift\/#primaryimage\",\"url\":\"https:\/\/goodsensebaltic.ee\/wp-content\/uploads\/2022\/05\/FD40-goodsense-diiseltostuk-1-1.png\",\"contentUrl\":\"https:\/\/goodsensebaltic.ee\/wp-content\/uploads\/2022\/05\/FD40-goodsense-diiseltostuk-1-1.png\",\"width\":1000,\"height\":1000,\"caption\":\"FD40 goodsense diiselt\u00f5stuk\"},{\"@type\":\"BreadcrumbList\",\"@id\":\"https:\/\/goodsensebaltic.ee\/en\/product\/goodsense-fd40-g-series-diesel-forklift\/#breadcrumb\",\"itemListElement\":[{\"@type\":\"ListItem\",\"position\":1,\"name\":\"Home\",\"item\":\"https:\/\/goodsensebaltic.ee\/\"},{\"@type\":\"ListItem\",\"position\":2,\"name\":\"Shop\",\"item\":\"https:\/\/goodsensebaltic.ee\/en\/shop\/\"},{\"@type\":\"ListItem\",\"position\":3,\"name\":\"Goodsense FD40 G-Series Diesel Forklift\"}]},{\"@type\":\"WebSite\",\"@id\":\"https:\/\/goodsensebaltic.ee\/#website\",\"url\":\"https:\/\/goodsensebaltic.ee\/\",\"name\":\"Goodsense Baltic\",\"description\":\"Kahvelt\u00f5stukite ost ja m\u00fc\u00fck\",\"publisher\":{\"@id\":\"https:\/\/goodsensebaltic.ee\/#organization\"},\"potentialAction\":[{\"@type\":\"SearchAction\",\"target\":{\"@type\":\"EntryPoint\",\"urlTemplate\":\"https:\/\/goodsensebaltic.ee\/?s={search_term_string}\"},\"query-input\":{\"@type\":\"PropertyValueSpecification\",\"valueRequired\":true,\"valueName\":\"search_term_string\"}}],\"inLanguage\":\"en-US\"},{\"@type\":\"Organization\",\"@id\":\"https:\/\/goodsensebaltic.ee\/#organization\",\"name\":\"Goodsense Baltic\",\"url\":\"https:\/\/goodsensebaltic.ee\/\",\"logo\":{\"@type\":\"ImageObject\",\"inLanguage\":\"en-US\",\"@id\":\"https:\/\/goodsensebaltic.ee\/#\/schema\/logo\/image\/\",\"url\":\"https:\/\/goodsensebaltic.ee\/wp-content\/uploads\/2022\/02\/Goodsense_Baltic_logo-01-1.svg\",\"contentUrl\":\"https:\/\/goodsensebaltic.ee\/wp-content\/uploads\/2022\/02\/Goodsense_Baltic_logo-01-1.svg\",\"width\":988,\"height\":198,\"caption\":\"Goodsense Baltic\"},\"image\":{\"@id\":\"https:\/\/goodsensebaltic.ee\/#\/schema\/logo\/image\/\"},\"sameAs\":[\"https:\/\/www.facebook.com\/GoodsenseBaltic\",\"https:\/\/www.linkedin.com\/company\/goodsense-baltic-o\/\"]}]}<\/script>\n<!-- \/ Yoast SEO plugin. -->","yoast_head_json":{"title":"Goodsense FD40 G-Series Diesel Forklift - Goodsense Baltic","description":"Goodsense Slide Lift. Sale of new diesel trucks in Tallinn and Tartu. Sale of 4T lift trucks. Possibility to add a side mirror, positioning and cab.","robots":{"index":"index","follow":"follow","max-snippet":"max-snippet:-1","max-image-preview":"max-image-preview:large","max-video-preview":"max-video-preview:-1"},"canonical":"https:\/\/goodsensebaltic.ee\/en\/product\/goodsense-fd40-g-series-diesel-forklift\/","og_locale":"en_US","og_type":"article","og_title":"Goodsense FD40 G-Series Diesel Forklift - Goodsense Baltic","og_description":"Goodsense Slide Lift. Sale of new diesel trucks in Tallinn and Tartu. Sale of 4T lift trucks. Possibility to add a side mirror, positioning and cab.","og_url":"https:\/\/goodsensebaltic.ee\/en\/product\/goodsense-fd40-g-series-diesel-forklift\/","og_site_name":"Goodsense Baltic","article_publisher":"https:\/\/www.facebook.com\/GoodsenseBaltic","article_modified_time":"2024-02-08T08:35:35+00:00","og_image":[{"width":1000,"height":1000,"url":"https:\/\/goodsensebaltic.ee\/wp-content\/uploads\/2022\/05\/FD40-goodsense-diiseltostuk-1-1.png","type":"image\/png"}],"twitter_card":"summary_large_image","twitter_misc":{"Est. reading time":"1 minute"},"schema":{"@context":"https:\/\/schema.org","@graph":[{"@type":"WebPage","@id":"https:\/\/goodsensebaltic.ee\/en\/product\/goodsense-fd40-g-series-diesel-forklift\/","url":"https:\/\/goodsensebaltic.ee\/en\/product\/goodsense-fd40-g-series-diesel-forklift\/","name":"Goodsense FD40 G-Series Diesel Forklift - Goodsense Baltic","isPartOf":{"@id":"https:\/\/goodsensebaltic.ee\/#website"},"primaryImageOfPage":{"@id":"https:\/\/goodsensebaltic.ee\/en\/product\/goodsense-fd40-g-series-diesel-forklift\/#primaryimage"},"image":{"@id":"https:\/\/goodsensebaltic.ee\/en\/product\/goodsense-fd40-g-series-diesel-forklift\/#primaryimage"},"thumbnailUrl":"https:\/\/goodsensebaltic.ee\/wp-content\/uploads\/2022\/05\/FD40-goodsense-diiseltostuk-1-1.png","datePublished":"2022-05-31T15:23:34+00:00","dateModified":"2024-02-08T08:35:35+00:00","description":"Goodsense Slide Lift. Sale of new diesel trucks in Tallinn and Tartu. Sale of 4T lift trucks. Possibility to add a side mirror, positioning and cab.","breadcrumb":{"@id":"https:\/\/goodsensebaltic.ee\/en\/product\/goodsense-fd40-g-series-diesel-forklift\/#breadcrumb"},"inLanguage":"en-US","potentialAction":[{"@type":"ReadAction","target":["https:\/\/goodsensebaltic.ee\/en\/product\/goodsense-fd40-g-series-diesel-forklift\/"]}]},{"@type":"ImageObject","inLanguage":"en-US","@id":"https:\/\/goodsensebaltic.ee\/en\/product\/goodsense-fd40-g-series-diesel-forklift\/#primaryimage","url":"https:\/\/goodsensebaltic.ee\/wp-content\/uploads\/2022\/05\/FD40-goodsense-diiseltostuk-1-1.png","contentUrl":"https:\/\/goodsensebaltic.ee\/wp-content\/uploads\/2022\/05\/FD40-goodsense-diiseltostuk-1-1.png","width":1000,"height":1000,"caption":"FD40 goodsense diiselt\u00f5stuk"},{"@type":"BreadcrumbList","@id":"https:\/\/goodsensebaltic.ee\/en\/product\/goodsense-fd40-g-series-diesel-forklift\/#breadcrumb","itemListElement":[{"@type":"ListItem","position":1,"name":"Home","item":"https:\/\/goodsensebaltic.ee\/"},{"@type":"ListItem","position":2,"name":"Shop","item":"https:\/\/goodsensebaltic.ee\/en\/shop\/"},{"@type":"ListItem","position":3,"name":"Goodsense FD40 G-Series Diesel Forklift"}]},{"@type":"WebSite","@id":"https:\/\/goodsensebaltic.ee\/#website","url":"https:\/\/goodsensebaltic.ee\/","name":"Goodsense Baltic","description":"Kahvelt\u00f5stukite ost ja m\u00fc\u00fck","publisher":{"@id":"https:\/\/goodsensebaltic.ee\/#organization"},"potentialAction":[{"@type":"SearchAction","target":{"@type":"EntryPoint","urlTemplate":"https:\/\/goodsensebaltic.ee\/?s={search_term_string}"},"query-input":{"@type":"PropertyValueSpecification","valueRequired":true,"valueName":"search_term_string"}}],"inLanguage":"en-US"},{"@type":"Organization","@id":"https:\/\/goodsensebaltic.ee\/#organization","name":"Goodsense Baltic","url":"https:\/\/goodsensebaltic.ee\/","logo":{"@type":"ImageObject","inLanguage":"en-US","@id":"https:\/\/goodsensebaltic.ee\/#\/schema\/logo\/image\/","url":"https:\/\/goodsensebaltic.ee\/wp-content\/uploads\/2022\/02\/Goodsense_Baltic_logo-01-1.svg","contentUrl":"https:\/\/goodsensebaltic.ee\/wp-content\/uploads\/2022\/02\/Goodsense_Baltic_logo-01-1.svg","width":988,"height":198,"caption":"Goodsense Baltic"},"image":{"@id":"https:\/\/goodsensebaltic.ee\/#\/schema\/logo\/image\/"},"sameAs":["https:\/\/www.facebook.com\/GoodsenseBaltic","https:\/\/www.linkedin.com\/company\/goodsense-baltic-o\/"]}]}},"_links":{"self":[{"href":"https:\/\/goodsensebaltic.ee\/en\/wp-json\/wp\/v2\/product\/7597","targetHints":{"allow":["GET"]}}],"collection":[{"href":"https:\/\/goodsensebaltic.ee\/en\/wp-json\/wp\/v2\/product"}],"about":[{"href":"https:\/\/goodsensebaltic.ee\/en\/wp-json\/wp\/v2\/types\/product"}],"version-history":[{"count":40,"href":"https:\/\/goodsensebaltic.ee\/en\/wp-json\/wp\/v2\/product\/7597\/revisions"}],"predecessor-version":[{"id":20509,"href":"https:\/\/goodsensebaltic.ee\/en\/wp-json\/wp\/v2\/product\/7597\/revisions\/20509"}],"wp:featuredmedia":[{"embeddable":true,"href":"https:\/\/goodsensebaltic.ee\/en\/wp-json\/wp\/v2\/media\/18175"}],"wp:attachment":[{"href":"https:\/\/goodsensebaltic.ee\/en\/wp-json\/wp\/v2\/media?parent=7597"}],"wp:term":[{"taxonomy":"product_brand","embeddable":true,"href":"https:\/\/goodsensebaltic.ee\/en\/wp-json\/wp\/v2\/product_brand?post=7597"},{"taxonomy":"product_cat","embeddable":true,"href":"https:\/\/goodsensebaltic.ee\/en\/wp-json\/wp\/v2\/product_cat?post=7597"},{"taxonomy":"product_tag","embeddable":true,"href":"https:\/\/goodsensebaltic.ee\/en\/wp-json\/wp\/v2\/product_tag?post=7597"}],"curies":[{"name":"wp","href":"https:\/\/api.w.org\/{rel}","templated":true}]}}