{"id":7921,"date":"2022-05-02T10:14:31","date_gmt":"2022-05-02T10:14:31","guid":{"rendered":"https:\/\/goodsensebaltic.ee\/toode\/goodsense-fb18\/"},"modified":"2023-06-14T13:07:23","modified_gmt":"2023-06-14T13:07:23","slug":"goodsense-fb18-electric-forklift","status":"publish","type":"product","link":"https:\/\/goodsensebaltic.ee\/en\/product\/goodsense-fb18-electric-forklift\/","title":{"rendered":"Goodsense FB18 Electric Forklift"},"content":{"rendered":"<p>The new design of the wide-view mast with special discs increases the operator&#8217;s field of vision, while the larger curvature of the head guard and the right-angled rest platform increase the operator&#8217;s upward view.<\/p>\n<ul>\n<li>A small turning radius makes driving comfortable and easy<\/li>\n<li>The 1.8 ton four-wheel electric forklift has fast traveling and lifting speed, which ensures higher working efficiency<\/li>\n<li>A large battery enables longer shifts<\/li>\n<li>In order to increase the lifting speed, a high-power pump motor is adopted, which is quiet and has a large discharge capacity. For example, with a full load of 1.8 tons, the maximum lifting speed can reach 300 mm\/s<\/li>\n<li>The batteries are attached to the bottom of the electric forklift chassis to ensure a low center of gravity<\/li>\n<\/ul>\n<p><strong>PDF catalogue &#8211; <a href=\"https:\/\/goodsensebaltic.ee\/wp-content\/uploads\/2022\/11\/Goodsense-1-1.8T-Elektritostukid.pdf\">Goodsense 1-1.8T Electric Forklifts<\/a><\/strong><\/p>\n","protected":false},"excerpt":{"rendered":"<p>Goodsense 1.8T Lifting Capacity Electric Forklift &#8211; Forklifts &#8211; Used forklifts &#8211; Forklift spare parts<\/p>\n","protected":false},"featured_media":23450,"template":"","meta":[],"product_brand":[],"product_cat":[147],"product_tag":[],"class_list":{"0":"post-7921","1":"product","2":"type-product","3":"status-publish","4":"has-post-thumbnail","6":"product_cat-electric-forklifts","7":"pa_garantii-24-months-en","8":"pa_korgus-2195-mm-2-en","9":"pa_tostejoud-1t-2t-en","11":"first","12":"outofstock","13":"taxable","14":"shipping-taxable","15":"purchasable","16":"product-type-simple"},"yoast_head":"<!-- This site is optimized with the Yoast SEO plugin v27.0 - https:\/\/yoast.com\/product\/yoast-seo-wordpress\/ -->\n<title>Goodsense FB18 Electric Forklift - Goodsense Baltic<\/title>\n<meta name=\"robots\" content=\"index, follow, max-snippet:-1, max-image-preview:large, max-video-preview:-1\" \/>\n<link rel=\"canonical\" href=\"https:\/\/goodsensebaltic.ee\/en\/product\/goodsense-fb18-electric-forklift\/\" \/>\n<meta property=\"og:locale\" content=\"en_US\" \/>\n<meta property=\"og:type\" content=\"article\" \/>\n<meta property=\"og:title\" content=\"Goodsense FB18 Electric Forklift - Goodsense Baltic\" \/>\n<meta property=\"og:description\" content=\"Goodsense 1.8T Lifting Capacity Electric Forklift - Forklifts - Used forklifts - Forklift spare parts\" \/>\n<meta property=\"og:url\" content=\"https:\/\/goodsensebaltic.ee\/en\/product\/goodsense-fb18-electric-forklift\/\" \/>\n<meta property=\"og:site_name\" content=\"Goodsense Baltic\" \/>\n<meta property=\"article:publisher\" content=\"https:\/\/www.facebook.com\/GoodsenseBaltic\" \/>\n<meta property=\"article:modified_time\" content=\"2023-06-14T13:07:23+00:00\" \/>\n<meta property=\"og:image\" content=\"https:\/\/goodsensebaltic.ee\/wp-content\/uploads\/2022\/09\/Elektritostuk-.jpeg\" \/>\n\t<meta property=\"og:image:width\" content=\"1964\" \/>\n\t<meta property=\"og:image:height\" content=\"1964\" \/>\n\t<meta property=\"og:image:type\" content=\"image\/jpeg\" \/>\n<meta name=\"twitter:card\" content=\"summary_large_image\" \/>\n<meta name=\"twitter:label1\" content=\"Est. reading time\" \/>\n\t<meta name=\"twitter:data1\" content=\"1 minute\" \/>\n<script type=\"application\/ld+json\" class=\"yoast-schema-graph\">{\"@context\":\"https:\/\/schema.org\",\"@graph\":[{\"@type\":\"WebPage\",\"@id\":\"https:\/\/goodsensebaltic.ee\/en\/product\/goodsense-fb18-electric-forklift\/\",\"url\":\"https:\/\/goodsensebaltic.ee\/en\/product\/goodsense-fb18-electric-forklift\/\",\"name\":\"Goodsense FB18 Electric Forklift - Goodsense Baltic\",\"isPartOf\":{\"@id\":\"https:\/\/goodsensebaltic.ee\/#website\"},\"primaryImageOfPage\":{\"@id\":\"https:\/\/goodsensebaltic.ee\/en\/product\/goodsense-fb18-electric-forklift\/#primaryimage\"},\"image\":{\"@id\":\"https:\/\/goodsensebaltic.ee\/en\/product\/goodsense-fb18-electric-forklift\/#primaryimage\"},\"thumbnailUrl\":\"https:\/\/goodsensebaltic.ee\/wp-content\/uploads\/2022\/05\/Goodsense-FB18-Elektritostuk-1-scaled.jpg\",\"datePublished\":\"2022-05-02T10:14:31+00:00\",\"dateModified\":\"2023-06-14T13:07:23+00:00\",\"breadcrumb\":{\"@id\":\"https:\/\/goodsensebaltic.ee\/en\/product\/goodsense-fb18-electric-forklift\/#breadcrumb\"},\"inLanguage\":\"en-US\",\"potentialAction\":[{\"@type\":\"ReadAction\",\"target\":[\"https:\/\/goodsensebaltic.ee\/en\/product\/goodsense-fb18-electric-forklift\/\"]}]},{\"@type\":\"ImageObject\",\"inLanguage\":\"en-US\",\"@id\":\"https:\/\/goodsensebaltic.ee\/en\/product\/goodsense-fb18-electric-forklift\/#primaryimage\",\"url\":\"https:\/\/goodsensebaltic.ee\/wp-content\/uploads\/2022\/05\/Goodsense-FB18-Elektritostuk-1-scaled.jpg\",\"contentUrl\":\"https:\/\/goodsensebaltic.ee\/wp-content\/uploads\/2022\/05\/Goodsense-FB18-Elektritostuk-1-scaled.jpg\",\"width\":2560,\"height\":2560,\"caption\":\"Goodsense FB18 Elektrit\u00f5stuk\"},{\"@type\":\"BreadcrumbList\",\"@id\":\"https:\/\/goodsensebaltic.ee\/en\/product\/goodsense-fb18-electric-forklift\/#breadcrumb\",\"itemListElement\":[{\"@type\":\"ListItem\",\"position\":1,\"name\":\"Home\",\"item\":\"https:\/\/goodsensebaltic.ee\/\"},{\"@type\":\"ListItem\",\"position\":2,\"name\":\"Shop\",\"item\":\"https:\/\/goodsensebaltic.ee\/en\/shop\/\"},{\"@type\":\"ListItem\",\"position\":3,\"name\":\"Goodsense FB18 Electric Forklift\"}]},{\"@type\":\"WebSite\",\"@id\":\"https:\/\/goodsensebaltic.ee\/#website\",\"url\":\"https:\/\/goodsensebaltic.ee\/\",\"name\":\"Goodsense Baltic\",\"description\":\"Kahvelt\u00f5stukite ost ja m\u00fc\u00fck\",\"publisher\":{\"@id\":\"https:\/\/goodsensebaltic.ee\/#organization\"},\"potentialAction\":[{\"@type\":\"SearchAction\",\"target\":{\"@type\":\"EntryPoint\",\"urlTemplate\":\"https:\/\/goodsensebaltic.ee\/?s={search_term_string}\"},\"query-input\":{\"@type\":\"PropertyValueSpecification\",\"valueRequired\":true,\"valueName\":\"search_term_string\"}}],\"inLanguage\":\"en-US\"},{\"@type\":\"Organization\",\"@id\":\"https:\/\/goodsensebaltic.ee\/#organization\",\"name\":\"Goodsense Baltic\",\"url\":\"https:\/\/goodsensebaltic.ee\/\",\"logo\":{\"@type\":\"ImageObject\",\"inLanguage\":\"en-US\",\"@id\":\"https:\/\/goodsensebaltic.ee\/#\/schema\/logo\/image\/\",\"url\":\"https:\/\/goodsensebaltic.ee\/wp-content\/uploads\/2022\/02\/Goodsense_Baltic_logo-01-1.svg\",\"contentUrl\":\"https:\/\/goodsensebaltic.ee\/wp-content\/uploads\/2022\/02\/Goodsense_Baltic_logo-01-1.svg\",\"width\":988,\"height\":198,\"caption\":\"Goodsense Baltic\"},\"image\":{\"@id\":\"https:\/\/goodsensebaltic.ee\/#\/schema\/logo\/image\/\"},\"sameAs\":[\"https:\/\/www.facebook.com\/GoodsenseBaltic\",\"https:\/\/www.linkedin.com\/company\/goodsense-baltic-o\/\"]}]}<\/script>\n<!-- \/ Yoast SEO plugin. -->","yoast_head_json":{"title":"Goodsense FB18 Electric Forklift - Goodsense Baltic","robots":{"index":"index","follow":"follow","max-snippet":"max-snippet:-1","max-image-preview":"max-image-preview:large","max-video-preview":"max-video-preview:-1"},"canonical":"https:\/\/goodsensebaltic.ee\/en\/product\/goodsense-fb18-electric-forklift\/","og_locale":"en_US","og_type":"article","og_title":"Goodsense FB18 Electric Forklift - Goodsense Baltic","og_description":"Goodsense 1.8T Lifting Capacity Electric Forklift - Forklifts - Used forklifts - Forklift spare parts","og_url":"https:\/\/goodsensebaltic.ee\/en\/product\/goodsense-fb18-electric-forklift\/","og_site_name":"Goodsense Baltic","article_publisher":"https:\/\/www.facebook.com\/GoodsenseBaltic","article_modified_time":"2023-06-14T13:07:23+00:00","og_image":[{"width":1964,"height":1964,"url":"https:\/\/goodsensebaltic.ee\/wp-content\/uploads\/2022\/09\/Elektritostuk-.jpeg","type":"image\/jpeg"}],"twitter_card":"summary_large_image","twitter_misc":{"Est. reading time":"1 minute"},"schema":{"@context":"https:\/\/schema.org","@graph":[{"@type":"WebPage","@id":"https:\/\/goodsensebaltic.ee\/en\/product\/goodsense-fb18-electric-forklift\/","url":"https:\/\/goodsensebaltic.ee\/en\/product\/goodsense-fb18-electric-forklift\/","name":"Goodsense FB18 Electric Forklift - Goodsense Baltic","isPartOf":{"@id":"https:\/\/goodsensebaltic.ee\/#website"},"primaryImageOfPage":{"@id":"https:\/\/goodsensebaltic.ee\/en\/product\/goodsense-fb18-electric-forklift\/#primaryimage"},"image":{"@id":"https:\/\/goodsensebaltic.ee\/en\/product\/goodsense-fb18-electric-forklift\/#primaryimage"},"thumbnailUrl":"https:\/\/goodsensebaltic.ee\/wp-content\/uploads\/2022\/05\/Goodsense-FB18-Elektritostuk-1-scaled.jpg","datePublished":"2022-05-02T10:14:31+00:00","dateModified":"2023-06-14T13:07:23+00:00","breadcrumb":{"@id":"https:\/\/goodsensebaltic.ee\/en\/product\/goodsense-fb18-electric-forklift\/#breadcrumb"},"inLanguage":"en-US","potentialAction":[{"@type":"ReadAction","target":["https:\/\/goodsensebaltic.ee\/en\/product\/goodsense-fb18-electric-forklift\/"]}]},{"@type":"ImageObject","inLanguage":"en-US","@id":"https:\/\/goodsensebaltic.ee\/en\/product\/goodsense-fb18-electric-forklift\/#primaryimage","url":"https:\/\/goodsensebaltic.ee\/wp-content\/uploads\/2022\/05\/Goodsense-FB18-Elektritostuk-1-scaled.jpg","contentUrl":"https:\/\/goodsensebaltic.ee\/wp-content\/uploads\/2022\/05\/Goodsense-FB18-Elektritostuk-1-scaled.jpg","width":2560,"height":2560,"caption":"Goodsense FB18 Elektrit\u00f5stuk"},{"@type":"BreadcrumbList","@id":"https:\/\/goodsensebaltic.ee\/en\/product\/goodsense-fb18-electric-forklift\/#breadcrumb","itemListElement":[{"@type":"ListItem","position":1,"name":"Home","item":"https:\/\/goodsensebaltic.ee\/"},{"@type":"ListItem","position":2,"name":"Shop","item":"https:\/\/goodsensebaltic.ee\/en\/shop\/"},{"@type":"ListItem","position":3,"name":"Goodsense FB18 Electric Forklift"}]},{"@type":"WebSite","@id":"https:\/\/goodsensebaltic.ee\/#website","url":"https:\/\/goodsensebaltic.ee\/","name":"Goodsense Baltic","description":"Kahvelt\u00f5stukite ost ja m\u00fc\u00fck","publisher":{"@id":"https:\/\/goodsensebaltic.ee\/#organization"},"potentialAction":[{"@type":"SearchAction","target":{"@type":"EntryPoint","urlTemplate":"https:\/\/goodsensebaltic.ee\/?s={search_term_string}"},"query-input":{"@type":"PropertyValueSpecification","valueRequired":true,"valueName":"search_term_string"}}],"inLanguage":"en-US"},{"@type":"Organization","@id":"https:\/\/goodsensebaltic.ee\/#organization","name":"Goodsense Baltic","url":"https:\/\/goodsensebaltic.ee\/","logo":{"@type":"ImageObject","inLanguage":"en-US","@id":"https:\/\/goodsensebaltic.ee\/#\/schema\/logo\/image\/","url":"https:\/\/goodsensebaltic.ee\/wp-content\/uploads\/2022\/02\/Goodsense_Baltic_logo-01-1.svg","contentUrl":"https:\/\/goodsensebaltic.ee\/wp-content\/uploads\/2022\/02\/Goodsense_Baltic_logo-01-1.svg","width":988,"height":198,"caption":"Goodsense Baltic"},"image":{"@id":"https:\/\/goodsensebaltic.ee\/#\/schema\/logo\/image\/"},"sameAs":["https:\/\/www.facebook.com\/GoodsenseBaltic","https:\/\/www.linkedin.com\/company\/goodsense-baltic-o\/"]}]}},"_links":{"self":[{"href":"https:\/\/goodsensebaltic.ee\/en\/wp-json\/wp\/v2\/product\/7921","targetHints":{"allow":["GET"]}}],"collection":[{"href":"https:\/\/goodsensebaltic.ee\/en\/wp-json\/wp\/v2\/product"}],"about":[{"href":"https:\/\/goodsensebaltic.ee\/en\/wp-json\/wp\/v2\/types\/product"}],"version-history":[{"count":20,"href":"https:\/\/goodsensebaltic.ee\/en\/wp-json\/wp\/v2\/product\/7921\/revisions"}],"predecessor-version":[{"id":20120,"href":"https:\/\/goodsensebaltic.ee\/en\/wp-json\/wp\/v2\/product\/7921\/revisions\/20120"}],"wp:featuredmedia":[{"embeddable":true,"href":"https:\/\/goodsensebaltic.ee\/en\/wp-json\/wp\/v2\/media\/23450"}],"wp:attachment":[{"href":"https:\/\/goodsensebaltic.ee\/en\/wp-json\/wp\/v2\/media?parent=7921"}],"wp:term":[{"taxonomy":"product_brand","embeddable":true,"href":"https:\/\/goodsensebaltic.ee\/en\/wp-json\/wp\/v2\/product_brand?post=7921"},{"taxonomy":"product_cat","embeddable":true,"href":"https:\/\/goodsensebaltic.ee\/en\/wp-json\/wp\/v2\/product_cat?post=7921"},{"taxonomy":"product_tag","embeddable":true,"href":"https:\/\/goodsensebaltic.ee\/en\/wp-json\/wp\/v2\/product_tag?post=7921"}],"curies":[{"name":"wp","href":"https:\/\/api.w.org\/{rel}","templated":true}]}}