{"id":7985,"date":"2022-04-28T11:04:00","date_gmt":"2022-04-28T11:04:00","guid":{"rendered":"https:\/\/goodsensebaltic.ee\/toode\/goodsense-fd18-g-series\/"},"modified":"2023-06-14T13:03:43","modified_gmt":"2023-06-14T13:03:43","slug":"goodsense-fd18-g-series-diesel-forklift","status":"publish","type":"product","link":"https:\/\/goodsensebaltic.ee\/en\/product\/goodsense-fd18-g-series-diesel-forklift\/","title":{"rendered":"Goodsense FD18 G-Series Diesel Forklift"},"content":{"rendered":"<p>The most compact IC forklift in the GOODSENSE range, the 1.8 tonne diesel forklift is designed for demanding indoor and outdoor applications, suitable for the most demanding 24-hour logistics and distribution operations, offering low operating costs.<\/p>\n<ul>\n<li>A strong chassis and strong mast construction optimize load retention at high lifts with excellent visibility and rigidity<\/li>\n<li>The fully isolated transmission uses elastomeric mounts to minimize noise and vibration, and the drive axle&#8217;s full floating design increases reliability and reliability for longer service life<\/li>\n<li>Trouble-free hydraulic systems with leak-free O-ring seal fittings increase reliability and are non-mechanical<\/li>\n<li>The innovative cockpit design offers the driver easy access, excellent all-round visibility and conveniently located controls<\/li>\n<li>Simplified wiring and hydraulic layout provides increased access to components, reducing service time for unscheduled repairs and routine maintenance<\/li>\n<li>A number of accessories are available to match performance to application, including advanced hydraulic and cooling system options<\/li>\n<\/ul>\n<p>These engines are specifically designed for forklift use, with low fuel consumption, less noise and vibration, all features that improve the overall performance of the forklift.<\/p>\n<p><strong>PDF catalogue &#8211; <a href=\"https:\/\/goodsensebaltic.ee\/wp-content\/uploads\/2022\/04\/Goodsense-1-1.5T-Diiseltostukid.pdf\">Goodsense 1-1.8T Diisel trucks<\/a><\/strong><\/p>\n","protected":false},"excerpt":{"rendered":"<p>Goodsense 1.8T Lifting Capacity Diesel Forklift &#8211; Forklifts &#8211; Used and new forklifts &#8211; Forklift spare parts &#8211; Forklift for sale<\/p>\n","protected":false},"featured_media":18098,"template":"","meta":[],"product_brand":[],"product_cat":[146],"product_tag":[],"class_list":{"0":"post-7985","1":"product","2":"type-product","3":"status-publish","4":"has-post-thumbnail","6":"product_cat-diesel-forklifts","7":"pa_garantii-24-months-en","8":"pa_korgus-2040-mm-en","9":"pa_tostejoud-1t-2t-en","11":"first","12":"outofstock","13":"taxable","14":"shipping-taxable","15":"purchasable","16":"product-type-simple"},"yoast_head":"<!-- This site is optimized with the Yoast SEO plugin v27.0 - https:\/\/yoast.com\/product\/yoast-seo-wordpress\/ -->\n<title>Goodsense FD18 G-Series Diesel Forklift - Goodsense Baltic<\/title>\n<meta name=\"robots\" content=\"index, follow, max-snippet:-1, max-image-preview:large, max-video-preview:-1\" \/>\n<link rel=\"canonical\" href=\"https:\/\/goodsensebaltic.ee\/en\/product\/goodsense-fd18-g-series-diesel-forklift\/\" \/>\n<meta property=\"og:locale\" content=\"en_US\" \/>\n<meta property=\"og:type\" content=\"article\" \/>\n<meta property=\"og:title\" content=\"Goodsense FD18 G-Series Diesel Forklift - Goodsense Baltic\" \/>\n<meta property=\"og:description\" content=\"Goodsense 1.8T Lifting Capacity Diesel Forklift - Forklifts - Used and new forklifts - Forklift spare parts - Forklift for sale\" \/>\n<meta property=\"og:url\" content=\"https:\/\/goodsensebaltic.ee\/en\/product\/goodsense-fd18-g-series-diesel-forklift\/\" \/>\n<meta property=\"og:site_name\" content=\"Goodsense Baltic\" \/>\n<meta property=\"article:publisher\" content=\"https:\/\/www.facebook.com\/GoodsenseBaltic\" \/>\n<meta property=\"article:modified_time\" content=\"2023-06-14T13:03:43+00:00\" \/>\n<meta property=\"og:image\" content=\"https:\/\/goodsensebaltic.ee\/wp-content\/uploads\/2022\/04\/FD20-goodsense-diiseltostuk.png\" \/>\n\t<meta property=\"og:image:width\" content=\"430\" \/>\n\t<meta property=\"og:image:height\" content=\"430\" \/>\n\t<meta property=\"og:image:type\" content=\"image\/png\" \/>\n<meta name=\"twitter:card\" content=\"summary_large_image\" \/>\n<meta name=\"twitter:label1\" content=\"Est. reading time\" \/>\n\t<meta name=\"twitter:data1\" content=\"1 minute\" \/>\n<script type=\"application\/ld+json\" class=\"yoast-schema-graph\">{\"@context\":\"https:\/\/schema.org\",\"@graph\":[{\"@type\":\"WebPage\",\"@id\":\"https:\/\/goodsensebaltic.ee\/en\/product\/goodsense-fd18-g-series-diesel-forklift\/\",\"url\":\"https:\/\/goodsensebaltic.ee\/en\/product\/goodsense-fd18-g-series-diesel-forklift\/\",\"name\":\"Goodsense FD18 G-Series Diesel Forklift - Goodsense Baltic\",\"isPartOf\":{\"@id\":\"https:\/\/goodsensebaltic.ee\/#website\"},\"primaryImageOfPage\":{\"@id\":\"https:\/\/goodsensebaltic.ee\/en\/product\/goodsense-fd18-g-series-diesel-forklift\/#primaryimage\"},\"image\":{\"@id\":\"https:\/\/goodsensebaltic.ee\/en\/product\/goodsense-fd18-g-series-diesel-forklift\/#primaryimage\"},\"thumbnailUrl\":\"https:\/\/goodsensebaltic.ee\/wp-content\/uploads\/2022\/04\/FD20-goodsense-diiseltostuk.png\",\"datePublished\":\"2022-04-28T11:04:00+00:00\",\"dateModified\":\"2023-06-14T13:03:43+00:00\",\"breadcrumb\":{\"@id\":\"https:\/\/goodsensebaltic.ee\/en\/product\/goodsense-fd18-g-series-diesel-forklift\/#breadcrumb\"},\"inLanguage\":\"en-US\",\"potentialAction\":[{\"@type\":\"ReadAction\",\"target\":[\"https:\/\/goodsensebaltic.ee\/en\/product\/goodsense-fd18-g-series-diesel-forklift\/\"]}]},{\"@type\":\"ImageObject\",\"inLanguage\":\"en-US\",\"@id\":\"https:\/\/goodsensebaltic.ee\/en\/product\/goodsense-fd18-g-series-diesel-forklift\/#primaryimage\",\"url\":\"https:\/\/goodsensebaltic.ee\/wp-content\/uploads\/2022\/04\/FD20-goodsense-diiseltostuk.png\",\"contentUrl\":\"https:\/\/goodsensebaltic.ee\/wp-content\/uploads\/2022\/04\/FD20-goodsense-diiseltostuk.png\",\"width\":430,\"height\":430,\"caption\":\"FD20 goodsense diiselt\u00f5stuk\"},{\"@type\":\"BreadcrumbList\",\"@id\":\"https:\/\/goodsensebaltic.ee\/en\/product\/goodsense-fd18-g-series-diesel-forklift\/#breadcrumb\",\"itemListElement\":[{\"@type\":\"ListItem\",\"position\":1,\"name\":\"Home\",\"item\":\"https:\/\/goodsensebaltic.ee\/\"},{\"@type\":\"ListItem\",\"position\":2,\"name\":\"Shop\",\"item\":\"https:\/\/goodsensebaltic.ee\/en\/shop\/\"},{\"@type\":\"ListItem\",\"position\":3,\"name\":\"Goodsense FD18 G-Series Diesel Forklift\"}]},{\"@type\":\"WebSite\",\"@id\":\"https:\/\/goodsensebaltic.ee\/#website\",\"url\":\"https:\/\/goodsensebaltic.ee\/\",\"name\":\"Goodsense Baltic\",\"description\":\"Kahvelt\u00f5stukite ost ja m\u00fc\u00fck\",\"publisher\":{\"@id\":\"https:\/\/goodsensebaltic.ee\/#organization\"},\"potentialAction\":[{\"@type\":\"SearchAction\",\"target\":{\"@type\":\"EntryPoint\",\"urlTemplate\":\"https:\/\/goodsensebaltic.ee\/?s={search_term_string}\"},\"query-input\":{\"@type\":\"PropertyValueSpecification\",\"valueRequired\":true,\"valueName\":\"search_term_string\"}}],\"inLanguage\":\"en-US\"},{\"@type\":\"Organization\",\"@id\":\"https:\/\/goodsensebaltic.ee\/#organization\",\"name\":\"Goodsense Baltic\",\"url\":\"https:\/\/goodsensebaltic.ee\/\",\"logo\":{\"@type\":\"ImageObject\",\"inLanguage\":\"en-US\",\"@id\":\"https:\/\/goodsensebaltic.ee\/#\/schema\/logo\/image\/\",\"url\":\"https:\/\/goodsensebaltic.ee\/wp-content\/uploads\/2022\/02\/Goodsense_Baltic_logo-01-1.svg\",\"contentUrl\":\"https:\/\/goodsensebaltic.ee\/wp-content\/uploads\/2022\/02\/Goodsense_Baltic_logo-01-1.svg\",\"width\":988,\"height\":198,\"caption\":\"Goodsense Baltic\"},\"image\":{\"@id\":\"https:\/\/goodsensebaltic.ee\/#\/schema\/logo\/image\/\"},\"sameAs\":[\"https:\/\/www.facebook.com\/GoodsenseBaltic\",\"https:\/\/www.linkedin.com\/company\/goodsense-baltic-o\/\"]}]}<\/script>\n<!-- \/ Yoast SEO plugin. -->","yoast_head_json":{"title":"Goodsense FD18 G-Series Diesel Forklift - Goodsense Baltic","robots":{"index":"index","follow":"follow","max-snippet":"max-snippet:-1","max-image-preview":"max-image-preview:large","max-video-preview":"max-video-preview:-1"},"canonical":"https:\/\/goodsensebaltic.ee\/en\/product\/goodsense-fd18-g-series-diesel-forklift\/","og_locale":"en_US","og_type":"article","og_title":"Goodsense FD18 G-Series Diesel Forklift - Goodsense Baltic","og_description":"Goodsense 1.8T Lifting Capacity Diesel Forklift - Forklifts - Used and new forklifts - Forklift spare parts - Forklift for sale","og_url":"https:\/\/goodsensebaltic.ee\/en\/product\/goodsense-fd18-g-series-diesel-forklift\/","og_site_name":"Goodsense Baltic","article_publisher":"https:\/\/www.facebook.com\/GoodsenseBaltic","article_modified_time":"2023-06-14T13:03:43+00:00","og_image":[{"width":430,"height":430,"url":"https:\/\/goodsensebaltic.ee\/wp-content\/uploads\/2022\/04\/FD20-goodsense-diiseltostuk.png","type":"image\/png"}],"twitter_card":"summary_large_image","twitter_misc":{"Est. reading time":"1 minute"},"schema":{"@context":"https:\/\/schema.org","@graph":[{"@type":"WebPage","@id":"https:\/\/goodsensebaltic.ee\/en\/product\/goodsense-fd18-g-series-diesel-forklift\/","url":"https:\/\/goodsensebaltic.ee\/en\/product\/goodsense-fd18-g-series-diesel-forklift\/","name":"Goodsense FD18 G-Series Diesel Forklift - Goodsense Baltic","isPartOf":{"@id":"https:\/\/goodsensebaltic.ee\/#website"},"primaryImageOfPage":{"@id":"https:\/\/goodsensebaltic.ee\/en\/product\/goodsense-fd18-g-series-diesel-forklift\/#primaryimage"},"image":{"@id":"https:\/\/goodsensebaltic.ee\/en\/product\/goodsense-fd18-g-series-diesel-forklift\/#primaryimage"},"thumbnailUrl":"https:\/\/goodsensebaltic.ee\/wp-content\/uploads\/2022\/04\/FD20-goodsense-diiseltostuk.png","datePublished":"2022-04-28T11:04:00+00:00","dateModified":"2023-06-14T13:03:43+00:00","breadcrumb":{"@id":"https:\/\/goodsensebaltic.ee\/en\/product\/goodsense-fd18-g-series-diesel-forklift\/#breadcrumb"},"inLanguage":"en-US","potentialAction":[{"@type":"ReadAction","target":["https:\/\/goodsensebaltic.ee\/en\/product\/goodsense-fd18-g-series-diesel-forklift\/"]}]},{"@type":"ImageObject","inLanguage":"en-US","@id":"https:\/\/goodsensebaltic.ee\/en\/product\/goodsense-fd18-g-series-diesel-forklift\/#primaryimage","url":"https:\/\/goodsensebaltic.ee\/wp-content\/uploads\/2022\/04\/FD20-goodsense-diiseltostuk.png","contentUrl":"https:\/\/goodsensebaltic.ee\/wp-content\/uploads\/2022\/04\/FD20-goodsense-diiseltostuk.png","width":430,"height":430,"caption":"FD20 goodsense diiselt\u00f5stuk"},{"@type":"BreadcrumbList","@id":"https:\/\/goodsensebaltic.ee\/en\/product\/goodsense-fd18-g-series-diesel-forklift\/#breadcrumb","itemListElement":[{"@type":"ListItem","position":1,"name":"Home","item":"https:\/\/goodsensebaltic.ee\/"},{"@type":"ListItem","position":2,"name":"Shop","item":"https:\/\/goodsensebaltic.ee\/en\/shop\/"},{"@type":"ListItem","position":3,"name":"Goodsense FD18 G-Series Diesel Forklift"}]},{"@type":"WebSite","@id":"https:\/\/goodsensebaltic.ee\/#website","url":"https:\/\/goodsensebaltic.ee\/","name":"Goodsense Baltic","description":"Kahvelt\u00f5stukite ost ja m\u00fc\u00fck","publisher":{"@id":"https:\/\/goodsensebaltic.ee\/#organization"},"potentialAction":[{"@type":"SearchAction","target":{"@type":"EntryPoint","urlTemplate":"https:\/\/goodsensebaltic.ee\/?s={search_term_string}"},"query-input":{"@type":"PropertyValueSpecification","valueRequired":true,"valueName":"search_term_string"}}],"inLanguage":"en-US"},{"@type":"Organization","@id":"https:\/\/goodsensebaltic.ee\/#organization","name":"Goodsense Baltic","url":"https:\/\/goodsensebaltic.ee\/","logo":{"@type":"ImageObject","inLanguage":"en-US","@id":"https:\/\/goodsensebaltic.ee\/#\/schema\/logo\/image\/","url":"https:\/\/goodsensebaltic.ee\/wp-content\/uploads\/2022\/02\/Goodsense_Baltic_logo-01-1.svg","contentUrl":"https:\/\/goodsensebaltic.ee\/wp-content\/uploads\/2022\/02\/Goodsense_Baltic_logo-01-1.svg","width":988,"height":198,"caption":"Goodsense Baltic"},"image":{"@id":"https:\/\/goodsensebaltic.ee\/#\/schema\/logo\/image\/"},"sameAs":["https:\/\/www.facebook.com\/GoodsenseBaltic","https:\/\/www.linkedin.com\/company\/goodsense-baltic-o\/"]}]}},"_links":{"self":[{"href":"https:\/\/goodsensebaltic.ee\/en\/wp-json\/wp\/v2\/product\/7985","targetHints":{"allow":["GET"]}}],"collection":[{"href":"https:\/\/goodsensebaltic.ee\/en\/wp-json\/wp\/v2\/product"}],"about":[{"href":"https:\/\/goodsensebaltic.ee\/en\/wp-json\/wp\/v2\/types\/product"}],"version-history":[{"count":21,"href":"https:\/\/goodsensebaltic.ee\/en\/wp-json\/wp\/v2\/product\/7985\/revisions"}],"predecessor-version":[{"id":20512,"href":"https:\/\/goodsensebaltic.ee\/en\/wp-json\/wp\/v2\/product\/7985\/revisions\/20512"}],"wp:featuredmedia":[{"embeddable":true,"href":"https:\/\/goodsensebaltic.ee\/en\/wp-json\/wp\/v2\/media\/18098"}],"wp:attachment":[{"href":"https:\/\/goodsensebaltic.ee\/en\/wp-json\/wp\/v2\/media?parent=7985"}],"wp:term":[{"taxonomy":"product_brand","embeddable":true,"href":"https:\/\/goodsensebaltic.ee\/en\/wp-json\/wp\/v2\/product_brand?post=7985"},{"taxonomy":"product_cat","embeddable":true,"href":"https:\/\/goodsensebaltic.ee\/en\/wp-json\/wp\/v2\/product_cat?post=7985"},{"taxonomy":"product_tag","embeddable":true,"href":"https:\/\/goodsensebaltic.ee\/en\/wp-json\/wp\/v2\/product_tag?post=7985"}],"curies":[{"name":"wp","href":"https:\/\/api.w.org\/{rel}","templated":true}]}}