{"id":7991,"date":"2022-04-28T14:42:56","date_gmt":"2022-04-28T14:42:56","guid":{"rendered":"https:\/\/goodsensebaltic.ee\/toode\/goodsense-fd250-g-series\/"},"modified":"2024-12-03T11:18:16","modified_gmt":"2024-12-03T11:18:16","slug":"goodsense-fd250-g-series-diesel-forklift","status":"publish","type":"product","link":"https:\/\/goodsensebaltic.ee\/en\/product\/goodsense-fd250-g-series-diesel-forklift\/","title":{"rendered":"Goodsense FD250 G-Series Diesel Forklift"},"content":{"rendered":"<p>The FD250 diesel truck is designed to tackle the toughest jobs. With a focus on increasing reliability and reducing downtime, Goodsense diesel powered 25 tonne forklifts can significantly increase customer productivity.   <\/p>\n<ul>\n<li>The tilting design of the cab makes it easy to enter and maintain.<\/li>\n<li>An oil-cooled disc brake system lasts longer, provides better stopping power, and requires less maintenance over time.<\/li>\n<\/ul>\n<p><strong>PDF catalogue &#8211; <a href=\"https:\/\/goodsensebaltic.ee\/wp-content\/uploads\/2022\/04\/Goodsense-25-33T-Diiseltostukid.pdf\">Goodsense 25-33T Diesel forklifts<\/a><\/strong><\/p>\n","protected":false},"excerpt":{"rendered":"<p>Goodsense 25T Lifting Capacity Diesel Forklift &#8211; Forklifts &#8211; Used forklifts &#8211; Forklift spare parts<\/p>\n","protected":false},"featured_media":18181,"template":"","meta":[],"product_brand":[],"product_cat":[146],"product_tag":[],"class_list":{"0":"post-7991","1":"product","2":"type-product","3":"status-publish","4":"has-post-thumbnail","6":"product_cat-diesel-forklifts","7":"pa_garantii-24-months-en","8":"pa_korgus-4000-mm-en","9":"pa_tostejoud-1-6-t-2-en","11":"first","12":"outofstock","13":"taxable","14":"shipping-taxable","15":"purchasable","16":"product-type-simple"},"yoast_head":"<!-- This site is optimized with the Yoast SEO plugin v27.0 - https:\/\/yoast.com\/product\/yoast-seo-wordpress\/ -->\n<title>Goodsense FD250 G-Series Diesel Forklift - Goodsense Baltic<\/title>\n<meta name=\"description\" content=\"Goodsense Slide Lift. Diesel forklift for sale in Tallinn and Tartu. 25T capacity counterbalance hoists for sale. Possibility to add side sills, full tyres and cab.\" \/>\n<meta name=\"robots\" content=\"index, follow, max-snippet:-1, max-image-preview:large, max-video-preview:-1\" \/>\n<link rel=\"canonical\" href=\"https:\/\/goodsensebaltic.ee\/toode\/goodsense-fd250-g-seeria-diiseltostuk\/\" \/>\n<meta property=\"og:locale\" content=\"en_US\" \/>\n<meta property=\"og:type\" content=\"article\" \/>\n<meta property=\"og:title\" content=\"Goodsense FD250 G-Series Diesel Forklift - Goodsense Baltic\" \/>\n<meta property=\"og:description\" content=\"Goodsense Slide Lift. Diesel forklift for sale in Tallinn and Tartu. 25T capacity counterbalance hoists for sale. Possibility to add side sills, full tyres and cab.\" \/>\n<meta property=\"og:url\" content=\"https:\/\/goodsensebaltic.ee\/toode\/goodsense-fd250-g-seeria-diiseltostuk\/\" \/>\n<meta property=\"og:site_name\" content=\"Goodsense Baltic\" \/>\n<meta property=\"article:publisher\" content=\"https:\/\/www.facebook.com\/GoodsenseBaltic\" \/>\n<meta property=\"article:modified_time\" content=\"2024-12-03T11:18:16+00:00\" \/>\n<meta property=\"og:image\" content=\"https:\/\/goodsensebaltic.ee\/wp-content\/uploads\/2022\/04\/FD250-goodsense-diiseltostuk-1.png\" \/>\n\t<meta property=\"og:image:width\" content=\"1000\" \/>\n\t<meta property=\"og:image:height\" content=\"1000\" \/>\n\t<meta property=\"og:image:type\" content=\"image\/png\" \/>\n<meta name=\"twitter:card\" content=\"summary_large_image\" \/>\n<script type=\"application\/ld+json\" class=\"yoast-schema-graph\">{\"@context\":\"https:\/\/schema.org\",\"@graph\":[{\"@type\":\"WebPage\",\"@id\":\"https:\/\/goodsensebaltic.ee\/toode\/goodsense-fd250-g-seeria-diiseltostuk\/\",\"url\":\"https:\/\/goodsensebaltic.ee\/toode\/goodsense-fd250-g-seeria-diiseltostuk\/\",\"name\":\"Goodsense FD250 G-Series Diesel Forklift - Goodsense Baltic\",\"isPartOf\":{\"@id\":\"https:\/\/goodsensebaltic.ee\/#website\"},\"primaryImageOfPage\":{\"@id\":\"https:\/\/goodsensebaltic.ee\/toode\/goodsense-fd250-g-seeria-diiseltostuk\/#primaryimage\"},\"image\":{\"@id\":\"https:\/\/goodsensebaltic.ee\/toode\/goodsense-fd250-g-seeria-diiseltostuk\/#primaryimage\"},\"thumbnailUrl\":\"https:\/\/goodsensebaltic.ee\/wp-content\/uploads\/2022\/04\/FD250-goodsense-diiseltostuk-1.png\",\"datePublished\":\"2022-04-28T14:42:56+00:00\",\"dateModified\":\"2024-12-03T11:18:16+00:00\",\"description\":\"Goodsense Slide Lift. Diesel forklift for sale in Tallinn and Tartu. 25T capacity counterbalance hoists for sale. Possibility to add side sills, full tyres and cab.\",\"breadcrumb\":{\"@id\":\"https:\/\/goodsensebaltic.ee\/toode\/goodsense-fd250-g-seeria-diiseltostuk\/#breadcrumb\"},\"inLanguage\":\"en-US\",\"potentialAction\":[{\"@type\":\"ReadAction\",\"target\":[\"https:\/\/goodsensebaltic.ee\/toode\/goodsense-fd250-g-seeria-diiseltostuk\/\"]}]},{\"@type\":\"ImageObject\",\"inLanguage\":\"en-US\",\"@id\":\"https:\/\/goodsensebaltic.ee\/toode\/goodsense-fd250-g-seeria-diiseltostuk\/#primaryimage\",\"url\":\"https:\/\/goodsensebaltic.ee\/wp-content\/uploads\/2022\/04\/FD250-goodsense-diiseltostuk-1.png\",\"contentUrl\":\"https:\/\/goodsensebaltic.ee\/wp-content\/uploads\/2022\/04\/FD250-goodsense-diiseltostuk-1.png\",\"width\":1000,\"height\":1000,\"caption\":\"FD250 goodsense diiselt\u00f5stuk (1)\"},{\"@type\":\"BreadcrumbList\",\"@id\":\"https:\/\/goodsensebaltic.ee\/toode\/goodsense-fd250-g-seeria-diiseltostuk\/#breadcrumb\",\"itemListElement\":[{\"@type\":\"ListItem\",\"position\":1,\"name\":\"Home\",\"item\":\"https:\/\/goodsensebaltic.ee\/\"},{\"@type\":\"ListItem\",\"position\":2,\"name\":\"Shop\",\"item\":\"https:\/\/goodsensebaltic.ee\/en\/shop\/\"},{\"@type\":\"ListItem\",\"position\":3,\"name\":\"Goodsense FD250 G-Series Diesel Forklift\"}]},{\"@type\":\"WebSite\",\"@id\":\"https:\/\/goodsensebaltic.ee\/#website\",\"url\":\"https:\/\/goodsensebaltic.ee\/\",\"name\":\"Goodsense Baltic\",\"description\":\"Kahvelt\u00f5stukite ost ja m\u00fc\u00fck\",\"publisher\":{\"@id\":\"https:\/\/goodsensebaltic.ee\/#organization\"},\"potentialAction\":[{\"@type\":\"SearchAction\",\"target\":{\"@type\":\"EntryPoint\",\"urlTemplate\":\"https:\/\/goodsensebaltic.ee\/?s={search_term_string}\"},\"query-input\":{\"@type\":\"PropertyValueSpecification\",\"valueRequired\":true,\"valueName\":\"search_term_string\"}}],\"inLanguage\":\"en-US\"},{\"@type\":\"Organization\",\"@id\":\"https:\/\/goodsensebaltic.ee\/#organization\",\"name\":\"Goodsense Baltic\",\"url\":\"https:\/\/goodsensebaltic.ee\/\",\"logo\":{\"@type\":\"ImageObject\",\"inLanguage\":\"en-US\",\"@id\":\"https:\/\/goodsensebaltic.ee\/#\/schema\/logo\/image\/\",\"url\":\"https:\/\/goodsensebaltic.ee\/wp-content\/uploads\/2022\/02\/Goodsense_Baltic_logo-01-1.svg\",\"contentUrl\":\"https:\/\/goodsensebaltic.ee\/wp-content\/uploads\/2022\/02\/Goodsense_Baltic_logo-01-1.svg\",\"width\":988,\"height\":198,\"caption\":\"Goodsense Baltic\"},\"image\":{\"@id\":\"https:\/\/goodsensebaltic.ee\/#\/schema\/logo\/image\/\"},\"sameAs\":[\"https:\/\/www.facebook.com\/GoodsenseBaltic\",\"https:\/\/www.linkedin.com\/company\/goodsense-baltic-o\/\"]}]}<\/script>\n<!-- \/ Yoast SEO plugin. -->","yoast_head_json":{"title":"Goodsense FD250 G-Series Diesel Forklift - Goodsense Baltic","description":"Goodsense Slide Lift. Diesel forklift for sale in Tallinn and Tartu. 25T capacity counterbalance hoists for sale. Possibility to add side sills, full tyres and cab.","robots":{"index":"index","follow":"follow","max-snippet":"max-snippet:-1","max-image-preview":"max-image-preview:large","max-video-preview":"max-video-preview:-1"},"canonical":"https:\/\/goodsensebaltic.ee\/toode\/goodsense-fd250-g-seeria-diiseltostuk\/","og_locale":"en_US","og_type":"article","og_title":"Goodsense FD250 G-Series Diesel Forklift - Goodsense Baltic","og_description":"Goodsense Slide Lift. Diesel forklift for sale in Tallinn and Tartu. 25T capacity counterbalance hoists for sale. Possibility to add side sills, full tyres and cab.","og_url":"https:\/\/goodsensebaltic.ee\/toode\/goodsense-fd250-g-seeria-diiseltostuk\/","og_site_name":"Goodsense Baltic","article_publisher":"https:\/\/www.facebook.com\/GoodsenseBaltic","article_modified_time":"2024-12-03T11:18:16+00:00","og_image":[{"width":1000,"height":1000,"url":"https:\/\/goodsensebaltic.ee\/wp-content\/uploads\/2022\/04\/FD250-goodsense-diiseltostuk-1.png","type":"image\/png"}],"twitter_card":"summary_large_image","schema":{"@context":"https:\/\/schema.org","@graph":[{"@type":"WebPage","@id":"https:\/\/goodsensebaltic.ee\/toode\/goodsense-fd250-g-seeria-diiseltostuk\/","url":"https:\/\/goodsensebaltic.ee\/toode\/goodsense-fd250-g-seeria-diiseltostuk\/","name":"Goodsense FD250 G-Series Diesel Forklift - Goodsense Baltic","isPartOf":{"@id":"https:\/\/goodsensebaltic.ee\/#website"},"primaryImageOfPage":{"@id":"https:\/\/goodsensebaltic.ee\/toode\/goodsense-fd250-g-seeria-diiseltostuk\/#primaryimage"},"image":{"@id":"https:\/\/goodsensebaltic.ee\/toode\/goodsense-fd250-g-seeria-diiseltostuk\/#primaryimage"},"thumbnailUrl":"https:\/\/goodsensebaltic.ee\/wp-content\/uploads\/2022\/04\/FD250-goodsense-diiseltostuk-1.png","datePublished":"2022-04-28T14:42:56+00:00","dateModified":"2024-12-03T11:18:16+00:00","description":"Goodsense Slide Lift. Diesel forklift for sale in Tallinn and Tartu. 25T capacity counterbalance hoists for sale. Possibility to add side sills, full tyres and cab.","breadcrumb":{"@id":"https:\/\/goodsensebaltic.ee\/toode\/goodsense-fd250-g-seeria-diiseltostuk\/#breadcrumb"},"inLanguage":"en-US","potentialAction":[{"@type":"ReadAction","target":["https:\/\/goodsensebaltic.ee\/toode\/goodsense-fd250-g-seeria-diiseltostuk\/"]}]},{"@type":"ImageObject","inLanguage":"en-US","@id":"https:\/\/goodsensebaltic.ee\/toode\/goodsense-fd250-g-seeria-diiseltostuk\/#primaryimage","url":"https:\/\/goodsensebaltic.ee\/wp-content\/uploads\/2022\/04\/FD250-goodsense-diiseltostuk-1.png","contentUrl":"https:\/\/goodsensebaltic.ee\/wp-content\/uploads\/2022\/04\/FD250-goodsense-diiseltostuk-1.png","width":1000,"height":1000,"caption":"FD250 goodsense diiselt\u00f5stuk (1)"},{"@type":"BreadcrumbList","@id":"https:\/\/goodsensebaltic.ee\/toode\/goodsense-fd250-g-seeria-diiseltostuk\/#breadcrumb","itemListElement":[{"@type":"ListItem","position":1,"name":"Home","item":"https:\/\/goodsensebaltic.ee\/"},{"@type":"ListItem","position":2,"name":"Shop","item":"https:\/\/goodsensebaltic.ee\/en\/shop\/"},{"@type":"ListItem","position":3,"name":"Goodsense FD250 G-Series Diesel Forklift"}]},{"@type":"WebSite","@id":"https:\/\/goodsensebaltic.ee\/#website","url":"https:\/\/goodsensebaltic.ee\/","name":"Goodsense Baltic","description":"Kahvelt\u00f5stukite ost ja m\u00fc\u00fck","publisher":{"@id":"https:\/\/goodsensebaltic.ee\/#organization"},"potentialAction":[{"@type":"SearchAction","target":{"@type":"EntryPoint","urlTemplate":"https:\/\/goodsensebaltic.ee\/?s={search_term_string}"},"query-input":{"@type":"PropertyValueSpecification","valueRequired":true,"valueName":"search_term_string"}}],"inLanguage":"en-US"},{"@type":"Organization","@id":"https:\/\/goodsensebaltic.ee\/#organization","name":"Goodsense Baltic","url":"https:\/\/goodsensebaltic.ee\/","logo":{"@type":"ImageObject","inLanguage":"en-US","@id":"https:\/\/goodsensebaltic.ee\/#\/schema\/logo\/image\/","url":"https:\/\/goodsensebaltic.ee\/wp-content\/uploads\/2022\/02\/Goodsense_Baltic_logo-01-1.svg","contentUrl":"https:\/\/goodsensebaltic.ee\/wp-content\/uploads\/2022\/02\/Goodsense_Baltic_logo-01-1.svg","width":988,"height":198,"caption":"Goodsense Baltic"},"image":{"@id":"https:\/\/goodsensebaltic.ee\/#\/schema\/logo\/image\/"},"sameAs":["https:\/\/www.facebook.com\/GoodsenseBaltic","https:\/\/www.linkedin.com\/company\/goodsense-baltic-o\/"]}]}},"_links":{"self":[{"href":"https:\/\/goodsensebaltic.ee\/en\/wp-json\/wp\/v2\/product\/7991","targetHints":{"allow":["GET"]}}],"collection":[{"href":"https:\/\/goodsensebaltic.ee\/en\/wp-json\/wp\/v2\/product"}],"about":[{"href":"https:\/\/goodsensebaltic.ee\/en\/wp-json\/wp\/v2\/types\/product"}],"version-history":[{"count":24,"href":"https:\/\/goodsensebaltic.ee\/en\/wp-json\/wp\/v2\/product\/7991\/revisions"}],"predecessor-version":[{"id":23661,"href":"https:\/\/goodsensebaltic.ee\/en\/wp-json\/wp\/v2\/product\/7991\/revisions\/23661"}],"wp:featuredmedia":[{"embeddable":true,"href":"https:\/\/goodsensebaltic.ee\/en\/wp-json\/wp\/v2\/media\/18181"}],"wp:attachment":[{"href":"https:\/\/goodsensebaltic.ee\/en\/wp-json\/wp\/v2\/media?parent=7991"}],"wp:term":[{"taxonomy":"product_brand","embeddable":true,"href":"https:\/\/goodsensebaltic.ee\/en\/wp-json\/wp\/v2\/product_brand?post=7991"},{"taxonomy":"product_cat","embeddable":true,"href":"https:\/\/goodsensebaltic.ee\/en\/wp-json\/wp\/v2\/product_cat?post=7991"},{"taxonomy":"product_tag","embeddable":true,"href":"https:\/\/goodsensebaltic.ee\/en\/wp-json\/wp\/v2\/product_tag?post=7991"}],"curies":[{"name":"wp","href":"https:\/\/api.w.org\/{rel}","templated":true}]}}